{"id":1663,"date":"2021-06-18T18:06:54","date_gmt":"2021-06-18T18:06:54","guid":{"rendered":"http:\/\/kerry.pecon.ca\/?page_id=1663"},"modified":"2025-06-18T14:49:50","modified_gmt":"2025-06-18T14:49:50","slug":"avertissement","status":"publish","type":"page","link":"https:\/\/ca.kln.com\/fr\/disclaimer\/","title":{"rendered":"Avertissement"},"content":{"rendered":"<div class=\"wpb-content-wrapper\"><div class=\"vc_row wpb_row vc_row-fluid dt-default\" style=\"margin-top: 0px;margin-bottom: 0px\"><div class=\"wpb_column vc_column_container vc_col-sm-12\" id=\"left_column\"><div class=\"vc_column-inner vc_custom_1745245807956\"><div class=\"wpb_wrapper\">\n\t<div class=\"wpb_text_column wpb_content_element\" >\n\t\t<div class=\"wpb_wrapper\">\n\t\t\t<h2 style=\"text-align: center;\">Avertissement<\/h2>\n<p>Les informations contenues sur ce site web sont fournies \u00e0 titre de r\u00e9f\u00e9rence et \u00e0 des fins d\u2019information g\u00e9n\u00e9rale uniquement et ne doivent pas \u00eatre utilis\u00e9es comme base pour des d\u00e9cisions d\u2019investissement.<\/p>\n<p>Les informations figurant sur ce site web, y compris, sans limitation, les cours des actions, les donn\u00e9es de march\u00e9 et les analyses d\u2019analystes, sont fournies \u00e0 titre de r\u00e9f\u00e9rence et \u00e0 des fins d\u2019information g\u00e9n\u00e9rale uniquement et ne doivent pas \u00eatre utilis\u00e9es comme base pour des d\u00e9cisions d\u2019investissement. Aucune des informations, analyses ou opinions pr\u00e9sent\u00e9es sur ce site ne constitue une offre ou un conseil, ni une sollicitation, recommandation ou suggestion de la part de KLN Network Limited (la \u00ab Soci\u00e9t\u00e9 \u00bb), de ses filiales, soci\u00e9t\u00e9s associ\u00e9es ou affili\u00e9es (collectivement le \u00ab Groupe \u00bb) ou de leurs administrateurs, employ\u00e9s, agents, repr\u00e9sentants ou associ\u00e9s respectifs (collectivement les \u00ab Repr\u00e9sentants du Groupe \u00bb) en vue d\u2019acheter, de vendre ou de traiter autrement des titres, actions, contrats \u00e0 terme, options ou autres instruments financiers d\u00e9riv\u00e9s, ni la fourniture de conseils en investissement.<\/p>\n<p>La Soci\u00e9t\u00e9, le Groupe ainsi que les Repr\u00e9sentants du Groupe d\u00e9clinent toute responsabilit\u00e9 et ne garantissent en aucun cas l\u2019exactitude, la validit\u00e9, l\u2019actualit\u00e9, l\u2019exhaustivit\u00e9 et\/ou la fiabilit\u00e9 de toute information, y compris, sans limitation, les informations sur les cours des actions, les donn\u00e9es, analyses ou opinions affich\u00e9es sur ce site web ou sur d\u2019autres sites li\u00e9s \u00e0 ce site (les \u00ab Contenus \u00bb). De plus, la Soci\u00e9t\u00e9, le Groupe et les Repr\u00e9sentants du Groupe renoncent \u00e0 toute responsabilit\u00e9 pour toute perte et\/ou tout dommage de quelque nature que ce soit (qu\u2019il soit fond\u00e9 sur un contrat, un d\u00e9lit ou autre, et qu\u2019il soit direct, indirect, sp\u00e9cial, cons\u00e9cutif, accessoire ou autre) r\u00e9sultant de ou li\u00e9 \u00e0 tout retard, inexactitude, omission, incompl\u00e9tude ou autre des Contenus, ou \u00e0 la transmission ou \u00e0 l\u2019inaccessibilit\u00e9 de ceux-ci, ainsi qu\u2019\u00e0 toute action entreprise en se fondant sur ces informations.<\/p>\n\n\t\t<\/div>\n\t<\/div>\n<\/div><\/div><\/div><\/div><\/div>","protected":false},"excerpt":{"rendered":"<p>Clause de non-responsabilit\u00e9 Les informations contenues dans ce site Web sont fournies \u00e0 titre de r\u00e9f\u00e9rence et d'information g\u00e9n\u00e9rale uniquement et ne doivent pas \u00eatre utilis\u00e9es pour prendre des d\u00e9cisions d'investissement. Les informations contenues dans ce site, y compris, mais sans s'y limiter, le cours des actions, les donn\u00e9es du march\u00e9 et la couverture des analystes, sont fournies \u00e0 titre de r\u00e9f\u00e9rence et d'information g\u00e9n\u00e9rale uniquement et ne doivent pas \u00eatre utilis\u00e9es pour prendre des d\u00e9cisions d'investissement...<\/p>","protected":false},"author":5,"featured_media":0,"parent":0,"menu_order":0,"comment_status":"closed","ping_status":"open","template":"","meta":{"footnotes":"","_wp_rev_ctl_limit":""},"class_list":["post-1663","page","type-page","status-publish","hentry","description-off"],"yoast_head":"<!-- This site is optimized with the Yoast SEO Premium plugin v25.3 (Yoast SEO v27.3) - https:\/\/yoast.com\/product\/yoast-seo-premium-wordpress\/ -->\n<title>Disclaimer - KLN<\/title>\n<meta name=\"description\" content=\"Review our website disclaimer outlining terms of use, liability limitations, and legal responsibilities related to the content and services provided on this site.\" \/>\n<meta name=\"robots\" content=\"index, follow, max-snippet:-1, max-image-preview:large, max-video-preview:-1\" \/>\n<link rel=\"canonical\" href=\"https:\/\/ca.kln.com\/fr\/avertissement\/\" \/>\n<meta property=\"og:locale\" content=\"fr_CA\" \/>\n<meta property=\"og:type\" content=\"article\" \/>\n<meta property=\"og:title\" content=\"Disclaimer\" \/>\n<meta property=\"og:description\" content=\"Review our website disclaimer outlining terms of use, liability limitations, and legal responsibilities related to the content and services provided on this site.\" \/>\n<meta property=\"og:url\" content=\"https:\/\/ca.kln.com\/fr\/avertissement\/\" \/>\n<meta property=\"og:site_name\" content=\"KLN\" \/>\n<meta property=\"article:modified_time\" content=\"2025-06-18T14:49:50+00:00\" \/>\n<meta name=\"twitter:card\" content=\"summary_large_image\" \/>\n<meta name=\"twitter:label1\" content=\"Estimation du temps de lecture\" \/>\n\t<meta name=\"twitter:data1\" content=\"2 minutes\" \/>\n<script type=\"application\/ld+json\" class=\"yoast-schema-graph\">{\"@context\":\"https:\\\/\\\/schema.org\",\"@graph\":[{\"@type\":\"WebPage\",\"@id\":\"https:\\\/\\\/ca.kln.com\\\/disclaimer\\\/\",\"url\":\"https:\\\/\\\/ca.kln.com\\\/disclaimer\\\/\",\"name\":\"Disclaimer - KLN\",\"isPartOf\":{\"@id\":\"https:\\\/\\\/ca.kln.com\\\/#website\"},\"datePublished\":\"2021-06-18T18:06:54+00:00\",\"dateModified\":\"2025-06-18T14:49:50+00:00\",\"description\":\"Review our website disclaimer outlining terms of use, liability limitations, and legal responsibilities related to the content and services provided on this site.\",\"breadcrumb\":{\"@id\":\"https:\\\/\\\/ca.kln.com\\\/disclaimer\\\/#breadcrumb\"},\"inLanguage\":\"fr-CA\",\"potentialAction\":[{\"@type\":\"ReadAction\",\"target\":[\"https:\\\/\\\/ca.kln.com\\\/disclaimer\\\/\"]}]},{\"@type\":\"BreadcrumbList\",\"@id\":\"https:\\\/\\\/ca.kln.com\\\/disclaimer\\\/#breadcrumb\",\"itemListElement\":[{\"@type\":\"ListItem\",\"position\":1,\"name\":\"Home\",\"item\":\"https:\\\/\\\/ca.kln.com\\\/\"},{\"@type\":\"ListItem\",\"position\":2,\"name\":\"Disclaimer\"}]},{\"@type\":\"WebSite\",\"@id\":\"https:\\\/\\\/ca.kln.com\\\/#website\",\"url\":\"https:\\\/\\\/ca.kln.com\\\/\",\"name\":\"KLN\",\"description\":\"\",\"publisher\":{\"@id\":\"https:\\\/\\\/ca.kln.com\\\/#organization\"},\"potentialAction\":[{\"@type\":\"SearchAction\",\"target\":{\"@type\":\"EntryPoint\",\"urlTemplate\":\"https:\\\/\\\/ca.kln.com\\\/?s={search_term_string}\"},\"query-input\":{\"@type\":\"PropertyValueSpecification\",\"valueRequired\":true,\"valueName\":\"search_term_string\"}}],\"inLanguage\":\"fr-CA\"},{\"@type\":\"Organization\",\"@id\":\"https:\\\/\\\/ca.kln.com\\\/#organization\",\"name\":\"KLN\",\"url\":\"https:\\\/\\\/ca.kln.com\\\/\",\"logo\":{\"@type\":\"ImageObject\",\"inLanguage\":\"fr-CA\",\"@id\":\"https:\\\/\\\/ca.kln.com\\\/#\\\/schema\\\/logo\\\/image\\\/\",\"url\":\"https:\\\/\\\/ca.kln.com\\\/wp-content\\\/uploads\\\/2025\\\/04\\\/kln-logo.jpg\",\"contentUrl\":\"https:\\\/\\\/ca.kln.com\\\/wp-content\\\/uploads\\\/2025\\\/04\\\/kln-logo.jpg\",\"width\":200,\"height\":79,\"caption\":\"KLN\"},\"image\":{\"@id\":\"https:\\\/\\\/ca.kln.com\\\/#\\\/schema\\\/logo\\\/image\\\/\"}}]}<\/script>\n<!-- \/ Yoast SEO Premium plugin. -->","yoast_head_json":{"title":"Avertissement - KLN","description":"Consultez notre clause de non-responsabilit\u00e9 sur le site, pr\u00e9cisant les conditions d\u2019utilisation, les limitations de responsabilit\u00e9 et les obligations l\u00e9gales li\u00e9es aux contenus et services propos\u00e9s.","robots":{"index":"index","follow":"follow","max-snippet":"max-snippet:-1","max-image-preview":"max-image-preview:large","max-video-preview":"max-video-preview:-1"},"canonical":"https:\/\/ca.kln.com\/fr\/avertissement\/","og_locale":"fr_CA","og_type":"article","og_title":"Disclaimer","og_description":"Review our website disclaimer outlining terms of use, liability limitations, and legal responsibilities related to the content and services provided on this site.","og_url":"https:\/\/ca.kln.com\/fr\/avertissement\/","og_site_name":"KLN","article_modified_time":"2025-06-18T14:49:50+00:00","twitter_card":"summary_large_image","twitter_misc":{"Estimation du temps de lecture":"2 minutes"},"schema":{"@context":"https:\/\/schema.org","@graph":[{"@type":"WebPage","@id":"https:\/\/ca.kln.com\/disclaimer\/","url":"https:\/\/ca.kln.com\/disclaimer\/","name":"Avertissement - KLN","isPartOf":{"@id":"https:\/\/ca.kln.com\/#website"},"datePublished":"2021-06-18T18:06:54+00:00","dateModified":"2025-06-18T14:49:50+00:00","description":"Consultez notre clause de non-responsabilit\u00e9 sur le site, pr\u00e9cisant les conditions d\u2019utilisation, les limitations de responsabilit\u00e9 et les obligations l\u00e9gales li\u00e9es aux contenus et services propos\u00e9s.","breadcrumb":{"@id":"https:\/\/ca.kln.com\/disclaimer\/#breadcrumb"},"inLanguage":"fr-CA","potentialAction":[{"@type":"ReadAction","target":["https:\/\/ca.kln.com\/disclaimer\/"]}]},{"@type":"BreadcrumbList","@id":"https:\/\/ca.kln.com\/disclaimer\/#breadcrumb","itemListElement":[{"@type":"ListItem","position":1,"name":"Home","item":"https:\/\/ca.kln.com\/"},{"@type":"ListItem","position":2,"name":"Disclaimer"}]},{"@type":"WebSite","@id":"https:\/\/ca.kln.com\/#website","url":"https:\/\/ca.kln.com\/","name":"KLN","description":"","publisher":{"@id":"https:\/\/ca.kln.com\/#organization"},"potentialAction":[{"@type":"SearchAction","target":{"@type":"EntryPoint","urlTemplate":"https:\/\/ca.kln.com\/?s={search_term_string}"},"query-input":{"@type":"PropertyValueSpecification","valueRequired":true,"valueName":"search_term_string"}}],"inLanguage":"fr-CA"},{"@type":"Organization","@id":"https:\/\/ca.kln.com\/#organization","name":"KLN","url":"https:\/\/ca.kln.com\/","logo":{"@type":"ImageObject","inLanguage":"fr-CA","@id":"https:\/\/ca.kln.com\/#\/schema\/logo\/image\/","url":"https:\/\/ca.kln.com\/wp-content\/uploads\/2025\/04\/kln-logo.jpg","contentUrl":"https:\/\/ca.kln.com\/wp-content\/uploads\/2025\/04\/kln-logo.jpg","width":200,"height":79,"caption":"KLN"},"image":{"@id":"https:\/\/ca.kln.com\/#\/schema\/logo\/image\/"}}]}},"_links":{"self":[{"href":"https:\/\/ca.kln.com\/fr\/wp-json\/wp\/v2\/pages\/1663","targetHints":{"allow":["GET"]}}],"collection":[{"href":"https:\/\/ca.kln.com\/fr\/wp-json\/wp\/v2\/pages"}],"about":[{"href":"https:\/\/ca.kln.com\/fr\/wp-json\/wp\/v2\/types\/page"}],"author":[{"embeddable":true,"href":"https:\/\/ca.kln.com\/fr\/wp-json\/wp\/v2\/users\/5"}],"replies":[{"embeddable":true,"href":"https:\/\/ca.kln.com\/fr\/wp-json\/wp\/v2\/comments?post=1663"}],"version-history":[{"count":7,"href":"https:\/\/ca.kln.com\/fr\/wp-json\/wp\/v2\/pages\/1663\/revisions"}],"predecessor-version":[{"id":4517,"href":"https:\/\/ca.kln.com\/fr\/wp-json\/wp\/v2\/pages\/1663\/revisions\/4517"}],"wp:attachment":[{"href":"https:\/\/ca.kln.com\/fr\/wp-json\/wp\/v2\/media?parent=1663"}],"curies":[{"name":"wp","href":"https:\/\/api.w.org\/{rel}","templated":true}]}}