{"id":1671,"date":"2021-06-18T18:16:59","date_gmt":"2021-06-18T18:16:59","guid":{"rendered":"http:\/\/kerry.pecon.ca\/?page_id=1671"},"modified":"2025-06-18T14:50:09","modified_gmt":"2025-06-18T14:50:09","slug":"telecharger-les-conditions-generales-standard-de-klis","status":"publish","type":"page","link":"https:\/\/ca.kln.com\/fr\/trading-terms\/","title":{"rendered":"Conditions commerciales"},"content":{"rendered":"<div class=\"wpb-content-wrapper\"><div class=\"vc_row wpb_row vc_row-fluid dt-default\" style=\"margin-top: 0px;margin-bottom: 0px\"><div class=\"wpb_column vc_column_container vc_col-sm-12\"><div class=\"vc_column-inner vc_custom_1729960423305\"><div class=\"wpb_wrapper\">\n\t<div class=\"wpb_text_column wpb_content_element\" >\n\t\t<div class=\"wpb_wrapper\">\n\t\t\t<h2 style=\"text-align: center;\">T\u00e9l\u00e9charger les Conditions G\u00e9n\u00e9rales Standard de KLIS<\/h2>\n\n\t\t<\/div>\n\t<\/div>\n<div class=\"vc_btn3-container vc_btn3-center vc_custom_1729960452969\" ><a class=\"vc_general vc_btn3 vc_btn3-size-lg vc_btn3-shape-rounded vc_btn3-style-modern vc_btn3-icon-left vc_btn3-color-warning\" href=\"\/wp-content\/uploads\/2025\/01\/KLIS-TC538.pdf\" title=\"\" target=\"_blank\"><i class=\"vc_btn3-icon far fa-file-pdf\"><\/i> Conditions g\u00e9n\u00e9rales<\/a><\/div><\/div><\/div><\/div><\/div><br \/>\n<div class=\"vc_row wpb_row vc_row-fluid dt-default\" style=\"margin-top: 0px;margin-bottom: 0px\"><div class=\"wpb_column vc_column_container vc_col-sm-12\"><div class=\"vc_column-inner vc_custom_1729960423305\"><div class=\"wpb_wrapper\">\n\t<div class=\"wpb_text_column wpb_content_element\" >\n\t\t<div class=\"wpb_wrapper\">\n\t\t\t<h2 style=\"text-align: center;\">T\u00e9l\u00e9charger les Conditions G\u00e9n\u00e9rales Standard de KEX<\/h2>\n\n\t\t<\/div>\n\t<\/div>\n<div class=\"vc_btn3-container vc_btn3-center vc_custom_1729960452969\" ><a class=\"vc_general vc_btn3 vc_btn3-size-lg vc_btn3-shape-rounded vc_btn3-style-modern vc_btn3-icon-left vc_btn3-color-warning\" href=\"\/wp-content\/uploads\/2025\/01\/KEX_Standard_Trading_Terms_and_Conditions_verson-Dec-24.pdf\" title=\"\" target=\"_blank\"><i class=\"vc_btn3-icon far fa-file-pdf\"><\/i> Conditions g\u00e9n\u00e9rales<\/a><\/div><\/div><\/div><\/div><\/div>\n<\/div>","protected":false},"excerpt":{"rendered":"<p>T\u00e9l\u00e9charger les conditions g\u00e9n\u00e9rales de KLIS T\u00e9l\u00e9charger les conditions g\u00e9n\u00e9rales de KEX T\u00e9l\u00e9charger les conditions g\u00e9n\u00e9rales de KEX<\/p>","protected":false},"author":5,"featured_media":0,"parent":0,"menu_order":0,"comment_status":"closed","ping_status":"open","template":"","meta":{"footnotes":"","_wp_rev_ctl_limit":""},"class_list":["post-1671","page","type-page","status-publish","hentry","description-off"],"yoast_head":"<!-- This site is optimized with the Yoast SEO Premium plugin v25.3 (Yoast SEO v27.3) - https:\/\/yoast.com\/product\/yoast-seo-premium-wordpress\/ -->\n<title>Trading Terms - KLN<\/title>\n<meta name=\"description\" content=\"Understand our trading terms covering service agreements, payment conditions, liability, and operational policies. Clear guidelines for all logistics transactions and partnerships.\" \/>\n<meta name=\"robots\" content=\"index, follow, max-snippet:-1, max-image-preview:large, max-video-preview:-1\" \/>\n<link rel=\"canonical\" href=\"https:\/\/ca.kln.com\/fr\/telecharger-les-conditions-generales-standard-de-klis\/\" \/>\n<meta property=\"og:locale\" content=\"fr_CA\" \/>\n<meta property=\"og:type\" content=\"article\" \/>\n<meta property=\"og:title\" content=\"Trading Terms\" \/>\n<meta property=\"og:description\" content=\"Understand our trading terms covering service agreements, payment conditions, liability, and operational policies. Clear guidelines for all logistics transactions and partnerships.\" \/>\n<meta property=\"og:url\" content=\"https:\/\/ca.kln.com\/fr\/telecharger-les-conditions-generales-standard-de-klis\/\" \/>\n<meta property=\"og:site_name\" content=\"KLN\" \/>\n<meta property=\"article:modified_time\" content=\"2025-06-18T14:50:09+00:00\" \/>\n<meta name=\"twitter:card\" content=\"summary_large_image\" \/>\n<meta name=\"twitter:label1\" content=\"Estimation du temps de lecture\" \/>\n\t<meta name=\"twitter:data1\" content=\"1 minute\" \/>\n<script type=\"application\/ld+json\" class=\"yoast-schema-graph\">{\"@context\":\"https:\\\/\\\/schema.org\",\"@graph\":[{\"@type\":\"WebPage\",\"@id\":\"https:\\\/\\\/ca.kln.com\\\/trading-terms\\\/\",\"url\":\"https:\\\/\\\/ca.kln.com\\\/trading-terms\\\/\",\"name\":\"Trading Terms - KLN\",\"isPartOf\":{\"@id\":\"https:\\\/\\\/ca.kln.com\\\/#website\"},\"datePublished\":\"2021-06-18T18:16:59+00:00\",\"dateModified\":\"2025-06-18T14:50:09+00:00\",\"description\":\"Understand our trading terms covering service agreements, payment conditions, liability, and operational policies. Clear guidelines for all logistics transactions and partnerships.\",\"breadcrumb\":{\"@id\":\"https:\\\/\\\/ca.kln.com\\\/trading-terms\\\/#breadcrumb\"},\"inLanguage\":\"fr-CA\",\"potentialAction\":[{\"@type\":\"ReadAction\",\"target\":[\"https:\\\/\\\/ca.kln.com\\\/trading-terms\\\/\"]}]},{\"@type\":\"BreadcrumbList\",\"@id\":\"https:\\\/\\\/ca.kln.com\\\/trading-terms\\\/#breadcrumb\",\"itemListElement\":[{\"@type\":\"ListItem\",\"position\":1,\"name\":\"Home\",\"item\":\"https:\\\/\\\/ca.kln.com\\\/\"},{\"@type\":\"ListItem\",\"position\":2,\"name\":\"Trading Terms\"}]},{\"@type\":\"WebSite\",\"@id\":\"https:\\\/\\\/ca.kln.com\\\/#website\",\"url\":\"https:\\\/\\\/ca.kln.com\\\/\",\"name\":\"KLN\",\"description\":\"\",\"publisher\":{\"@id\":\"https:\\\/\\\/ca.kln.com\\\/#organization\"},\"potentialAction\":[{\"@type\":\"SearchAction\",\"target\":{\"@type\":\"EntryPoint\",\"urlTemplate\":\"https:\\\/\\\/ca.kln.com\\\/?s={search_term_string}\"},\"query-input\":{\"@type\":\"PropertyValueSpecification\",\"valueRequired\":true,\"valueName\":\"search_term_string\"}}],\"inLanguage\":\"fr-CA\"},{\"@type\":\"Organization\",\"@id\":\"https:\\\/\\\/ca.kln.com\\\/#organization\",\"name\":\"KLN\",\"url\":\"https:\\\/\\\/ca.kln.com\\\/\",\"logo\":{\"@type\":\"ImageObject\",\"inLanguage\":\"fr-CA\",\"@id\":\"https:\\\/\\\/ca.kln.com\\\/#\\\/schema\\\/logo\\\/image\\\/\",\"url\":\"https:\\\/\\\/ca.kln.com\\\/wp-content\\\/uploads\\\/2025\\\/04\\\/kln-logo.jpg\",\"contentUrl\":\"https:\\\/\\\/ca.kln.com\\\/wp-content\\\/uploads\\\/2025\\\/04\\\/kln-logo.jpg\",\"width\":200,\"height\":79,\"caption\":\"KLN\"},\"image\":{\"@id\":\"https:\\\/\\\/ca.kln.com\\\/#\\\/schema\\\/logo\\\/image\\\/\"}}]}<\/script>\n<!-- \/ Yoast SEO Premium plugin. -->","yoast_head_json":{"title":"T\u00e9l\u00e9charger les Conditions G\u00e9n\u00e9rales Standard de KLIS - KLN","description":"D\u00e9couvrez nos conditions commerciales couvrant les accords de service, modalit\u00e9s de paiement, responsabilit\u00e9s et politiques op\u00e9rationnelles. Des directives claires pour toutes les transactions et partenariats logistiques.","robots":{"index":"index","follow":"follow","max-snippet":"max-snippet:-1","max-image-preview":"max-image-preview:large","max-video-preview":"max-video-preview:-1"},"canonical":"https:\/\/ca.kln.com\/fr\/telecharger-les-conditions-generales-standard-de-klis\/","og_locale":"fr_CA","og_type":"article","og_title":"Trading Terms","og_description":"Understand our trading terms covering service agreements, payment conditions, liability, and operational policies. Clear guidelines for all logistics transactions and partnerships.","og_url":"https:\/\/ca.kln.com\/fr\/telecharger-les-conditions-generales-standard-de-klis\/","og_site_name":"KLN","article_modified_time":"2025-06-18T14:50:09+00:00","twitter_card":"summary_large_image","twitter_misc":{"Estimation du temps de lecture":"1 minute"},"schema":{"@context":"https:\/\/schema.org","@graph":[{"@type":"WebPage","@id":"https:\/\/ca.kln.com\/trading-terms\/","url":"https:\/\/ca.kln.com\/trading-terms\/","name":"T\u00e9l\u00e9charger les Conditions G\u00e9n\u00e9rales Standard de KLIS - KLN","isPartOf":{"@id":"https:\/\/ca.kln.com\/#website"},"datePublished":"2021-06-18T18:16:59+00:00","dateModified":"2025-06-18T14:50:09+00:00","description":"D\u00e9couvrez nos conditions commerciales couvrant les accords de service, modalit\u00e9s de paiement, responsabilit\u00e9s et politiques op\u00e9rationnelles. Des directives claires pour toutes les transactions et partenariats logistiques.","breadcrumb":{"@id":"https:\/\/ca.kln.com\/trading-terms\/#breadcrumb"},"inLanguage":"fr-CA","potentialAction":[{"@type":"ReadAction","target":["https:\/\/ca.kln.com\/trading-terms\/"]}]},{"@type":"BreadcrumbList","@id":"https:\/\/ca.kln.com\/trading-terms\/#breadcrumb","itemListElement":[{"@type":"ListItem","position":1,"name":"Home","item":"https:\/\/ca.kln.com\/"},{"@type":"ListItem","position":2,"name":"Trading Terms"}]},{"@type":"WebSite","@id":"https:\/\/ca.kln.com\/#website","url":"https:\/\/ca.kln.com\/","name":"KLN","description":"","publisher":{"@id":"https:\/\/ca.kln.com\/#organization"},"potentialAction":[{"@type":"SearchAction","target":{"@type":"EntryPoint","urlTemplate":"https:\/\/ca.kln.com\/?s={search_term_string}"},"query-input":{"@type":"PropertyValueSpecification","valueRequired":true,"valueName":"search_term_string"}}],"inLanguage":"fr-CA"},{"@type":"Organization","@id":"https:\/\/ca.kln.com\/#organization","name":"KLN","url":"https:\/\/ca.kln.com\/","logo":{"@type":"ImageObject","inLanguage":"fr-CA","@id":"https:\/\/ca.kln.com\/#\/schema\/logo\/image\/","url":"https:\/\/ca.kln.com\/wp-content\/uploads\/2025\/04\/kln-logo.jpg","contentUrl":"https:\/\/ca.kln.com\/wp-content\/uploads\/2025\/04\/kln-logo.jpg","width":200,"height":79,"caption":"KLN"},"image":{"@id":"https:\/\/ca.kln.com\/#\/schema\/logo\/image\/"}}]}},"_links":{"self":[{"href":"https:\/\/ca.kln.com\/fr\/wp-json\/wp\/v2\/pages\/1671","targetHints":{"allow":["GET"]}}],"collection":[{"href":"https:\/\/ca.kln.com\/fr\/wp-json\/wp\/v2\/pages"}],"about":[{"href":"https:\/\/ca.kln.com\/fr\/wp-json\/wp\/v2\/types\/page"}],"author":[{"embeddable":true,"href":"https:\/\/ca.kln.com\/fr\/wp-json\/wp\/v2\/users\/5"}],"replies":[{"embeddable":true,"href":"https:\/\/ca.kln.com\/fr\/wp-json\/wp\/v2\/comments?post=1671"}],"version-history":[{"count":12,"href":"https:\/\/ca.kln.com\/fr\/wp-json\/wp\/v2\/pages\/1671\/revisions"}],"predecessor-version":[{"id":4457,"href":"https:\/\/ca.kln.com\/fr\/wp-json\/wp\/v2\/pages\/1671\/revisions\/4457"}],"wp:attachment":[{"href":"https:\/\/ca.kln.com\/fr\/wp-json\/wp\/v2\/media?parent=1671"}],"curies":[{"name":"wp","href":"https:\/\/api.w.org\/{rel}","templated":true}]}}