{"id":1682,"date":"2021-06-18T18:26:55","date_gmt":"2021-06-18T18:26:55","guid":{"rendered":"http:\/\/kerry.pecon.ca\/?page_id=1682"},"modified":"2025-06-18T14:52:48","modified_gmt":"2025-06-18T14:52:48","slug":"politiques","status":"publish","type":"page","link":"https:\/\/ca.kln.com\/fr\/policy\/","title":{"rendered":"Politiques"},"content":{"rendered":"<div class=\"wpb-content-wrapper\"><div class=\"vc_row wpb_row vc_row-fluid dt-default\" style=\"margin-top: 0px;margin-bottom: 0px\"><div class=\"wpb_column vc_column_container vc_col-sm-12\" id=\"left_column\"><div class=\"vc_column-inner vc_custom_1745246067524\"><div class=\"wpb_wrapper\">\n\t<div class=\"wpb_text_column wpb_content_element\" >\n\t\t<div class=\"wpb_wrapper\">\n\t\t\t<h2 style=\"text-align: center;\">Politiques<\/h2>\n<p>Le Comit\u00e9 ex\u00e9cutif mondial a examin\u00e9 et approuv\u00e9 les politiques d\u2019entreprise auxquelles la haute direction s\u2019engage \u00e0 se conformer, tout en am\u00e9liorant continuellement l\u2019efficacit\u00e9 du syst\u00e8me de gestion int\u00e9gr\u00e9 et en fournissant un cadre pour l\u2019\u00e9tablissement et la r\u00e9vision des objectifs et cibles de performance. Afin de garantir que ces politiques d\u2019entreprise soient bien communiqu\u00e9es au sein de la soci\u00e9t\u00e9 et comprises par les parties int\u00e9ress\u00e9es, nous avons le plaisir de les publier ci-dessous. Nous invitons les parties int\u00e9ress\u00e9es \u00e0 formuler leurs commentaires sur l\u2019application de ces politiques ainsi que sur leur contenu.<\/p>\n\n\t\t<\/div>\n\t<\/div>\n<\/div><\/div><\/div><\/div>\n<\/div>","protected":false},"excerpt":{"rendered":"<p>Politiques Le Comit\u00e9 ex\u00e9cutif mondial a examin\u00e9 et approuv\u00e9 les politiques d'entreprise que la direction g\u00e9n\u00e9rale s'engage \u00e0 respecter et \u00e0 am\u00e9liorer continuellement l'efficacit\u00e9 du syst\u00e8me de gestion int\u00e9gr\u00e9 et qui fournissent un cadre pour l'\u00e9tablissement et la r\u00e9vision des objectifs de performance et des cibles. Pour s'assurer que les politiques de l'entreprise sont bien communiqu\u00e9es au sein de l'entreprise et comprises...<\/p>","protected":false},"author":5,"featured_media":0,"parent":0,"menu_order":0,"comment_status":"closed","ping_status":"open","template":"","meta":{"footnotes":"","_wp_rev_ctl_limit":""},"class_list":["post-1682","page","type-page","status-publish","hentry","description-off"],"yoast_head":"<!-- This site is optimized with the Yoast SEO Premium plugin v25.3 (Yoast SEO v27.3) - https:\/\/yoast.com\/product\/yoast-seo-premium-wordpress\/ -->\n<title>Policies - KLN<\/title>\n<meta name=\"description\" content=\"Explore our company policies covering compliance, data security, operational procedures, and ethical standards to ensure transparency and trust in all logistics services.\" \/>\n<meta name=\"robots\" content=\"index, follow, max-snippet:-1, max-image-preview:large, max-video-preview:-1\" \/>\n<link rel=\"canonical\" href=\"https:\/\/ca.kln.com\/fr\/politiques\/\" \/>\n<meta property=\"og:locale\" content=\"fr_CA\" \/>\n<meta property=\"og:type\" content=\"article\" \/>\n<meta property=\"og:title\" content=\"Policies\" \/>\n<meta property=\"og:description\" content=\"Explore our company policies covering compliance, data security, operational procedures, and ethical standards to ensure transparency and trust in all logistics services.\" \/>\n<meta property=\"og:url\" content=\"https:\/\/ca.kln.com\/fr\/politiques\/\" \/>\n<meta property=\"og:site_name\" content=\"KLN\" \/>\n<meta property=\"article:modified_time\" content=\"2025-06-18T14:52:48+00:00\" \/>\n<meta name=\"twitter:card\" content=\"summary_large_image\" \/>\n<meta name=\"twitter:label1\" content=\"Estimation du temps de lecture\" \/>\n\t<meta name=\"twitter:data1\" content=\"1 minute\" \/>\n<script type=\"application\/ld+json\" class=\"yoast-schema-graph\">{\"@context\":\"https:\\\/\\\/schema.org\",\"@graph\":[{\"@type\":\"WebPage\",\"@id\":\"https:\\\/\\\/ca.kln.com\\\/policy\\\/\",\"url\":\"https:\\\/\\\/ca.kln.com\\\/policy\\\/\",\"name\":\"Policies - KLN\",\"isPartOf\":{\"@id\":\"https:\\\/\\\/ca.kln.com\\\/#website\"},\"datePublished\":\"2021-06-18T18:26:55+00:00\",\"dateModified\":\"2025-06-18T14:52:48+00:00\",\"description\":\"Explore our company policies covering compliance, data security, operational procedures, and ethical standards to ensure transparency and trust in all logistics services.\",\"breadcrumb\":{\"@id\":\"https:\\\/\\\/ca.kln.com\\\/policy\\\/#breadcrumb\"},\"inLanguage\":\"fr-CA\",\"potentialAction\":[{\"@type\":\"ReadAction\",\"target\":[\"https:\\\/\\\/ca.kln.com\\\/policy\\\/\"]}]},{\"@type\":\"BreadcrumbList\",\"@id\":\"https:\\\/\\\/ca.kln.com\\\/policy\\\/#breadcrumb\",\"itemListElement\":[{\"@type\":\"ListItem\",\"position\":1,\"name\":\"Home\",\"item\":\"https:\\\/\\\/ca.kln.com\\\/\"},{\"@type\":\"ListItem\",\"position\":2,\"name\":\"Policies\"}]},{\"@type\":\"WebSite\",\"@id\":\"https:\\\/\\\/ca.kln.com\\\/#website\",\"url\":\"https:\\\/\\\/ca.kln.com\\\/\",\"name\":\"KLN\",\"description\":\"\",\"publisher\":{\"@id\":\"https:\\\/\\\/ca.kln.com\\\/#organization\"},\"potentialAction\":[{\"@type\":\"SearchAction\",\"target\":{\"@type\":\"EntryPoint\",\"urlTemplate\":\"https:\\\/\\\/ca.kln.com\\\/?s={search_term_string}\"},\"query-input\":{\"@type\":\"PropertyValueSpecification\",\"valueRequired\":true,\"valueName\":\"search_term_string\"}}],\"inLanguage\":\"fr-CA\"},{\"@type\":\"Organization\",\"@id\":\"https:\\\/\\\/ca.kln.com\\\/#organization\",\"name\":\"KLN\",\"url\":\"https:\\\/\\\/ca.kln.com\\\/\",\"logo\":{\"@type\":\"ImageObject\",\"inLanguage\":\"fr-CA\",\"@id\":\"https:\\\/\\\/ca.kln.com\\\/#\\\/schema\\\/logo\\\/image\\\/\",\"url\":\"https:\\\/\\\/ca.kln.com\\\/wp-content\\\/uploads\\\/2025\\\/04\\\/kln-logo.jpg\",\"contentUrl\":\"https:\\\/\\\/ca.kln.com\\\/wp-content\\\/uploads\\\/2025\\\/04\\\/kln-logo.jpg\",\"width\":200,\"height\":79,\"caption\":\"KLN\"},\"image\":{\"@id\":\"https:\\\/\\\/ca.kln.com\\\/#\\\/schema\\\/logo\\\/image\\\/\"}}]}<\/script>\n<!-- \/ Yoast SEO Premium plugin. -->","yoast_head_json":{"title":"Politiques - KLN","description":"D\u00e9couvrez nos politiques d\u2019entreprise couvrant la conformit\u00e9, la s\u00e9curit\u00e9 des donn\u00e9es, les proc\u00e9dures op\u00e9rationnelles et les normes \u00e9thiques, afin d\u2019assurer transparence et confiance dans tous nos services logistiques.","robots":{"index":"index","follow":"follow","max-snippet":"max-snippet:-1","max-image-preview":"max-image-preview:large","max-video-preview":"max-video-preview:-1"},"canonical":"https:\/\/ca.kln.com\/fr\/politiques\/","og_locale":"fr_CA","og_type":"article","og_title":"Policies","og_description":"Explore our company policies covering compliance, data security, operational procedures, and ethical standards to ensure transparency and trust in all logistics services.","og_url":"https:\/\/ca.kln.com\/fr\/politiques\/","og_site_name":"KLN","article_modified_time":"2025-06-18T14:52:48+00:00","twitter_card":"summary_large_image","twitter_misc":{"Estimation du temps de lecture":"1 minute"},"schema":{"@context":"https:\/\/schema.org","@graph":[{"@type":"WebPage","@id":"https:\/\/ca.kln.com\/policy\/","url":"https:\/\/ca.kln.com\/policy\/","name":"Politiques - KLN","isPartOf":{"@id":"https:\/\/ca.kln.com\/#website"},"datePublished":"2021-06-18T18:26:55+00:00","dateModified":"2025-06-18T14:52:48+00:00","description":"D\u00e9couvrez nos politiques d\u2019entreprise couvrant la conformit\u00e9, la s\u00e9curit\u00e9 des donn\u00e9es, les proc\u00e9dures op\u00e9rationnelles et les normes \u00e9thiques, afin d\u2019assurer transparence et confiance dans tous nos services logistiques.","breadcrumb":{"@id":"https:\/\/ca.kln.com\/policy\/#breadcrumb"},"inLanguage":"fr-CA","potentialAction":[{"@type":"ReadAction","target":["https:\/\/ca.kln.com\/policy\/"]}]},{"@type":"BreadcrumbList","@id":"https:\/\/ca.kln.com\/policy\/#breadcrumb","itemListElement":[{"@type":"ListItem","position":1,"name":"Home","item":"https:\/\/ca.kln.com\/"},{"@type":"ListItem","position":2,"name":"Policies"}]},{"@type":"WebSite","@id":"https:\/\/ca.kln.com\/#website","url":"https:\/\/ca.kln.com\/","name":"KLN","description":"","publisher":{"@id":"https:\/\/ca.kln.com\/#organization"},"potentialAction":[{"@type":"SearchAction","target":{"@type":"EntryPoint","urlTemplate":"https:\/\/ca.kln.com\/?s={search_term_string}"},"query-input":{"@type":"PropertyValueSpecification","valueRequired":true,"valueName":"search_term_string"}}],"inLanguage":"fr-CA"},{"@type":"Organization","@id":"https:\/\/ca.kln.com\/#organization","name":"KLN","url":"https:\/\/ca.kln.com\/","logo":{"@type":"ImageObject","inLanguage":"fr-CA","@id":"https:\/\/ca.kln.com\/#\/schema\/logo\/image\/","url":"https:\/\/ca.kln.com\/wp-content\/uploads\/2025\/04\/kln-logo.jpg","contentUrl":"https:\/\/ca.kln.com\/wp-content\/uploads\/2025\/04\/kln-logo.jpg","width":200,"height":79,"caption":"KLN"},"image":{"@id":"https:\/\/ca.kln.com\/#\/schema\/logo\/image\/"}}]}},"_links":{"self":[{"href":"https:\/\/ca.kln.com\/fr\/wp-json\/wp\/v2\/pages\/1682","targetHints":{"allow":["GET"]}}],"collection":[{"href":"https:\/\/ca.kln.com\/fr\/wp-json\/wp\/v2\/pages"}],"about":[{"href":"https:\/\/ca.kln.com\/fr\/wp-json\/wp\/v2\/types\/page"}],"author":[{"embeddable":true,"href":"https:\/\/ca.kln.com\/fr\/wp-json\/wp\/v2\/users\/5"}],"replies":[{"embeddable":true,"href":"https:\/\/ca.kln.com\/fr\/wp-json\/wp\/v2\/comments?post=1682"}],"version-history":[{"count":4,"href":"https:\/\/ca.kln.com\/fr\/wp-json\/wp\/v2\/pages\/1682\/revisions"}],"predecessor-version":[{"id":4524,"href":"https:\/\/ca.kln.com\/fr\/wp-json\/wp\/v2\/pages\/1682\/revisions\/4524"}],"wp:attachment":[{"href":"https:\/\/ca.kln.com\/fr\/wp-json\/wp\/v2\/media?parent=1682"}],"curies":[{"name":"wp","href":"https:\/\/api.w.org\/{rel}","templated":true}]}}