{"id":1684,"date":"2021-06-18T18:27:43","date_gmt":"2021-06-18T18:27:43","guid":{"rendered":"http:\/\/kerry.pecon.ca\/?page_id=1684"},"modified":"2025-06-18T14:53:04","modified_gmt":"2025-06-18T14:53:04","slug":"declaration-de-politique-qualite","status":"publish","type":"page","link":"https:\/\/ca.kln.com\/fr\/quality-policy-statement\/","title":{"rendered":"D\u00e9claration de politique qualit\u00e9"},"content":{"rendered":"<div class=\"wpb-content-wrapper\"><div class=\"vc_row wpb_row vc_row-fluid dt-default\" style=\"margin-top: 0px;margin-bottom: 0px\"><div class=\"wpb_column vc_column_container vc_col-sm-12\" id=\"left_column\"><div class=\"vc_column-inner vc_custom_1745246102559\"><div class=\"wpb_wrapper\">\n\t<div class=\"wpb_text_column wpb_content_element\" >\n\t\t<div class=\"wpb_wrapper\">\n\t\t\t<h2 style=\"text-align: center;\">D\u00e9claration de politique qualit\u00e9<\/h2>\n<h4><strong>Mesurer la performance, am\u00e9liorer la qualit\u00e9<\/strong><\/h4>\n<p>Par \u00ab Mesurer la performance \u00bb, nous entendons que l\u2019entreprise invite, \u00e9value et surveille r\u00e9guli\u00e8rement et constamment les retours sur la satisfaction client afin de mesurer notre performance par rapport aux exigences prescrites et de v\u00e9rifier notre capacit\u00e9 \u00e0 r\u00e9pondre aux besoins et attentes des clients ainsi que des parties int\u00e9ress\u00e9es.<\/p>\n<p>\u00ab Am\u00e9liorer la qualit\u00e9 \u00bb d\u00e9signe le processus continu par lequel l\u2019entreprise fixe syst\u00e9matiquement des objectifs et des r\u00e9f\u00e9rences, reconna\u00eet les meilleures pratiques et met en \u0153uvre des programmes d\u2019am\u00e9lioration continue de la qualit\u00e9, ce qui signifie satisfaire les exigences des clients au moindre co\u00fbt et en tout temps.<\/p>\n<p>Cette politique a \u00e9t\u00e9 approuv\u00e9e par le Comit\u00e9 ex\u00e9cutif mondial. Elle sera revue et, si n\u00e9cessaire, r\u00e9vis\u00e9e chaque ann\u00e9e afin de rester \u00e0 jour, puis publi\u00e9e sur notre site web d\u2019entreprise. Nous invitons les parties int\u00e9ress\u00e9es \u00e0 formuler leurs commentaires sur l\u2019application de cette politique ainsi que sur son contenu.<\/p>\n\n\t\t<\/div>\n\t<\/div>\n<\/div><\/div><\/div><\/div>\n<\/div>","protected":false},"excerpt":{"rendered":"<p>D\u00e9claration de politique de qualit\u00e9 Mesurer les performances, am\u00e9liorer la qualit\u00e9 Par \u201cmesurer les performances\u201d, nous entendons que l'entreprise sollicite, \u00e9value et contr\u00f4le r\u00e9guli\u00e8rement et constamment le retour d'information sur la satisfaction des clients afin de mesurer ses performances par rapport aux exigences prescrites et de s'assurer de sa capacit\u00e9 \u00e0 r\u00e9pondre aux besoins et aux attentes des clients et des parties int\u00e9ress\u00e9es. Par \u201cam\u00e9liorer la qualit\u00e9\u201d, nous entendons le processus continu...<\/p>","protected":false},"author":5,"featured_media":0,"parent":0,"menu_order":0,"comment_status":"closed","ping_status":"open","template":"","meta":{"footnotes":"","_wp_rev_ctl_limit":""},"class_list":["post-1684","page","type-page","status-publish","hentry","description-off"],"yoast_head":"<!-- This site is optimized with the Yoast SEO Premium plugin v25.3 (Yoast SEO v27.3) - https:\/\/yoast.com\/product\/yoast-seo-premium-wordpress\/ -->\n<title>Quality Policy Statement - KLN<\/title>\n<meta name=\"description\" content=\"Our quality policy reflects a commitment to continuous improvement, customer satisfaction, and operational excellence across all logistics services and global supply chain operations.\" \/>\n<meta name=\"robots\" content=\"index, follow, max-snippet:-1, max-image-preview:large, max-video-preview:-1\" \/>\n<link rel=\"canonical\" href=\"https:\/\/ca.kln.com\/fr\/declaration-de-politique-qualite\/\" \/>\n<meta property=\"og:locale\" content=\"fr_CA\" \/>\n<meta property=\"og:type\" content=\"article\" \/>\n<meta property=\"og:title\" content=\"Quality Policy Statement\" \/>\n<meta property=\"og:description\" content=\"Our quality policy reflects a commitment to continuous improvement, customer satisfaction, and operational excellence across all logistics services and global supply chain operations.\" \/>\n<meta property=\"og:url\" content=\"https:\/\/ca.kln.com\/fr\/declaration-de-politique-qualite\/\" \/>\n<meta property=\"og:site_name\" content=\"KLN\" \/>\n<meta property=\"article:modified_time\" content=\"2025-06-18T14:53:04+00:00\" \/>\n<meta name=\"twitter:card\" content=\"summary_large_image\" \/>\n<meta name=\"twitter:label1\" content=\"Estimation du temps de lecture\" \/>\n\t<meta name=\"twitter:data1\" content=\"1 minute\" \/>\n<script type=\"application\/ld+json\" class=\"yoast-schema-graph\">{\"@context\":\"https:\\\/\\\/schema.org\",\"@graph\":[{\"@type\":\"WebPage\",\"@id\":\"https:\\\/\\\/ca.kln.com\\\/quality-policy-statement\\\/\",\"url\":\"https:\\\/\\\/ca.kln.com\\\/quality-policy-statement\\\/\",\"name\":\"Quality Policy Statement - KLN\",\"isPartOf\":{\"@id\":\"https:\\\/\\\/ca.kln.com\\\/#website\"},\"datePublished\":\"2021-06-18T18:27:43+00:00\",\"dateModified\":\"2025-06-18T14:53:04+00:00\",\"description\":\"Our quality policy reflects a commitment to continuous improvement, customer satisfaction, and operational excellence across all logistics services and global supply chain operations.\",\"breadcrumb\":{\"@id\":\"https:\\\/\\\/ca.kln.com\\\/quality-policy-statement\\\/#breadcrumb\"},\"inLanguage\":\"fr-CA\",\"potentialAction\":[{\"@type\":\"ReadAction\",\"target\":[\"https:\\\/\\\/ca.kln.com\\\/quality-policy-statement\\\/\"]}]},{\"@type\":\"BreadcrumbList\",\"@id\":\"https:\\\/\\\/ca.kln.com\\\/quality-policy-statement\\\/#breadcrumb\",\"itemListElement\":[{\"@type\":\"ListItem\",\"position\":1,\"name\":\"Home\",\"item\":\"https:\\\/\\\/ca.kln.com\\\/\"},{\"@type\":\"ListItem\",\"position\":2,\"name\":\"Quality Policy Statement\"}]},{\"@type\":\"WebSite\",\"@id\":\"https:\\\/\\\/ca.kln.com\\\/#website\",\"url\":\"https:\\\/\\\/ca.kln.com\\\/\",\"name\":\"KLN\",\"description\":\"\",\"publisher\":{\"@id\":\"https:\\\/\\\/ca.kln.com\\\/#organization\"},\"potentialAction\":[{\"@type\":\"SearchAction\",\"target\":{\"@type\":\"EntryPoint\",\"urlTemplate\":\"https:\\\/\\\/ca.kln.com\\\/?s={search_term_string}\"},\"query-input\":{\"@type\":\"PropertyValueSpecification\",\"valueRequired\":true,\"valueName\":\"search_term_string\"}}],\"inLanguage\":\"fr-CA\"},{\"@type\":\"Organization\",\"@id\":\"https:\\\/\\\/ca.kln.com\\\/#organization\",\"name\":\"KLN\",\"url\":\"https:\\\/\\\/ca.kln.com\\\/\",\"logo\":{\"@type\":\"ImageObject\",\"inLanguage\":\"fr-CA\",\"@id\":\"https:\\\/\\\/ca.kln.com\\\/#\\\/schema\\\/logo\\\/image\\\/\",\"url\":\"https:\\\/\\\/ca.kln.com\\\/wp-content\\\/uploads\\\/2025\\\/04\\\/kln-logo.jpg\",\"contentUrl\":\"https:\\\/\\\/ca.kln.com\\\/wp-content\\\/uploads\\\/2025\\\/04\\\/kln-logo.jpg\",\"width\":200,\"height\":79,\"caption\":\"KLN\"},\"image\":{\"@id\":\"https:\\\/\\\/ca.kln.com\\\/#\\\/schema\\\/logo\\\/image\\\/\"}}]}<\/script>\n<!-- \/ Yoast SEO Premium plugin. -->","yoast_head_json":{"title":"D\u00e9claration de politique qualit\u00e9 - KLN","description":"Notre politique qualit\u00e9 refl\u00e8te un engagement envers l\u2019am\u00e9lioration continue, la satisfaction client et l\u2019excellence op\u00e9rationnelle dans tous les services logistiques et les op\u00e9rations de la cha\u00eene d\u2019approvisionnement mondiale.","robots":{"index":"index","follow":"follow","max-snippet":"max-snippet:-1","max-image-preview":"max-image-preview:large","max-video-preview":"max-video-preview:-1"},"canonical":"https:\/\/ca.kln.com\/fr\/declaration-de-politique-qualite\/","og_locale":"fr_CA","og_type":"article","og_title":"Quality Policy Statement","og_description":"Our quality policy reflects a commitment to continuous improvement, customer satisfaction, and operational excellence across all logistics services and global supply chain operations.","og_url":"https:\/\/ca.kln.com\/fr\/declaration-de-politique-qualite\/","og_site_name":"KLN","article_modified_time":"2025-06-18T14:53:04+00:00","twitter_card":"summary_large_image","twitter_misc":{"Estimation du temps de lecture":"1 minute"},"schema":{"@context":"https:\/\/schema.org","@graph":[{"@type":"WebPage","@id":"https:\/\/ca.kln.com\/quality-policy-statement\/","url":"https:\/\/ca.kln.com\/quality-policy-statement\/","name":"D\u00e9claration de politique qualit\u00e9 - KLN","isPartOf":{"@id":"https:\/\/ca.kln.com\/#website"},"datePublished":"2021-06-18T18:27:43+00:00","dateModified":"2025-06-18T14:53:04+00:00","description":"Notre politique qualit\u00e9 refl\u00e8te un engagement envers l\u2019am\u00e9lioration continue, la satisfaction client et l\u2019excellence op\u00e9rationnelle dans tous les services logistiques et les op\u00e9rations de la cha\u00eene d\u2019approvisionnement mondiale.","breadcrumb":{"@id":"https:\/\/ca.kln.com\/quality-policy-statement\/#breadcrumb"},"inLanguage":"fr-CA","potentialAction":[{"@type":"ReadAction","target":["https:\/\/ca.kln.com\/quality-policy-statement\/"]}]},{"@type":"BreadcrumbList","@id":"https:\/\/ca.kln.com\/quality-policy-statement\/#breadcrumb","itemListElement":[{"@type":"ListItem","position":1,"name":"Home","item":"https:\/\/ca.kln.com\/"},{"@type":"ListItem","position":2,"name":"Quality Policy Statement"}]},{"@type":"WebSite","@id":"https:\/\/ca.kln.com\/#website","url":"https:\/\/ca.kln.com\/","name":"KLN","description":"","publisher":{"@id":"https:\/\/ca.kln.com\/#organization"},"potentialAction":[{"@type":"SearchAction","target":{"@type":"EntryPoint","urlTemplate":"https:\/\/ca.kln.com\/?s={search_term_string}"},"query-input":{"@type":"PropertyValueSpecification","valueRequired":true,"valueName":"search_term_string"}}],"inLanguage":"fr-CA"},{"@type":"Organization","@id":"https:\/\/ca.kln.com\/#organization","name":"KLN","url":"https:\/\/ca.kln.com\/","logo":{"@type":"ImageObject","inLanguage":"fr-CA","@id":"https:\/\/ca.kln.com\/#\/schema\/logo\/image\/","url":"https:\/\/ca.kln.com\/wp-content\/uploads\/2025\/04\/kln-logo.jpg","contentUrl":"https:\/\/ca.kln.com\/wp-content\/uploads\/2025\/04\/kln-logo.jpg","width":200,"height":79,"caption":"KLN"},"image":{"@id":"https:\/\/ca.kln.com\/#\/schema\/logo\/image\/"}}]}},"_links":{"self":[{"href":"https:\/\/ca.kln.com\/fr\/wp-json\/wp\/v2\/pages\/1684","targetHints":{"allow":["GET"]}}],"collection":[{"href":"https:\/\/ca.kln.com\/fr\/wp-json\/wp\/v2\/pages"}],"about":[{"href":"https:\/\/ca.kln.com\/fr\/wp-json\/wp\/v2\/types\/page"}],"author":[{"embeddable":true,"href":"https:\/\/ca.kln.com\/fr\/wp-json\/wp\/v2\/users\/5"}],"replies":[{"embeddable":true,"href":"https:\/\/ca.kln.com\/fr\/wp-json\/wp\/v2\/comments?post=1684"}],"version-history":[{"count":3,"href":"https:\/\/ca.kln.com\/fr\/wp-json\/wp\/v2\/pages\/1684\/revisions"}],"predecessor-version":[{"id":4526,"href":"https:\/\/ca.kln.com\/fr\/wp-json\/wp\/v2\/pages\/1684\/revisions\/4526"}],"wp:attachment":[{"href":"https:\/\/ca.kln.com\/fr\/wp-json\/wp\/v2\/media?parent=1684"}],"curies":[{"name":"wp","href":"https:\/\/api.w.org\/{rel}","templated":true}]}}