{"id":1686,"date":"2021-06-18T18:28:34","date_gmt":"2021-06-18T18:28:34","guid":{"rendered":"http:\/\/kerry.pecon.ca\/?page_id=1686"},"modified":"2025-06-18T14:53:21","modified_gmt":"2025-06-18T14:53:21","slug":"declaration-de-politique-environnementale","status":"publish","type":"page","link":"https:\/\/ca.kln.com\/fr\/environmental-policy-statement\/","title":{"rendered":"D\u00e9claration de politique environnementale"},"content":{"rendered":"<div class=\"wpb-content-wrapper\"><div class=\"vc_row wpb_row vc_row-fluid dt-default\" style=\"margin-top: 0px;margin-bottom: 0px\"><div class=\"wpb_column vc_column_container vc_col-sm-12\" id=\"left_column\"><div class=\"vc_column-inner vc_custom_1745245832163\"><div class=\"wpb_wrapper\">\n\t<div class=\"wpb_text_column wpb_content_element\" >\n\t\t<div class=\"wpb_wrapper\">\n\t\t\t<h2 style=\"text-align: center;\">D\u00e9claration de politique environnementale<\/h2>\n<p>Chez KLN, la conservation et l\u2019am\u00e9lioration continue de l\u2019environnement sont une priorit\u00e9. Nous nous effor\u00e7ons de d\u00e9velopper et de g\u00e9rer un syst\u00e8me de management environnemental qui fixe des normes \u00e9lev\u00e9es en mati\u00e8re de pr\u00e9vention de la pollution, de pr\u00e9servation des ressources et de conformit\u00e9 r\u00e9glementaire.<\/p>\n<p>Nous attendons de chaque employ\u00e9 et sous-traitant qu\u2019il adh\u00e8re \u00e0 cette politique et contribue \u00e0 atteindre nos objectifs en :<\/p>\n<ul class=\"me_ul\">\n<li>am\u00e9liorant continuellement et efficacement notre performance environnementale ;<\/li>\n<li>respectant et d\u00e9passant les normes impos\u00e9es par les r\u00e8glements environnementaux applicables ;<\/li>\n<li>remplissant toutes les exigences environnementales prescrites par l\u2019entreprise ;<\/li>\n<li>promouvant des politiques et pratiques environnementales responsables au sein de l\u2019entreprise ;<\/li>\n<li>fixant et r\u00e9visant des objectifs environnementaux ;<\/li>\n<li>conservant les ressources et maximisant l\u2019efficacit\u00e9 \u00e9nerg\u00e9tique ;<\/li>\n<li>r\u00e9duisant les d\u00e9chets autant que possible ;<\/li>\n<li>r\u00e9utilisant ou recyclant les d\u00e9chets lorsque cela est appropri\u00e9 et r\u00e9glementant le traitement et l\u2019\u00e9limination des d\u00e9chets r\u00e9siduels ;<\/li>\n<li>r\u00e9duisant et pr\u00e9venant la pollution autant que possible ;<\/li>\n<li>minimisant les \u00e9missions polluantes des v\u00e9hicules ;<\/li>\n<li>limitant les impacts environnementaux n\u00e9gatifs li\u00e9s \u00e0 la mise hors service et \u00e0 l\u2019\u00e9limination des actifs ;<\/li>\n<li>sensibilisant nos collaborateurs et sous-traitants aux enjeux environnementaux ;<\/li>\n<li>encourageant les bonnes pratiques environnementales au niveau des d\u00e9partements comme au niveau individuel ;<\/li>\n<li>communiquant efficacement nos performances environnementales aux parties prenantes.<\/li>\n<\/ul>\n<p>Cette politique a \u00e9t\u00e9 approuv\u00e9e par le Comit\u00e9 ex\u00e9cutif mondial. Elle sera revue et, si n\u00e9cessaire, r\u00e9vis\u00e9e chaque ann\u00e9e afin de rester \u00e0 jour, puis publi\u00e9e sur notre site web d\u2019entreprise. Nous invitons les parties int\u00e9ress\u00e9es \u00e0 formuler leurs commentaires sur l\u2019application de cette politique ainsi que sur son contenu.<\/p>\n\n\t\t<\/div>\n\t<\/div>\n<\/div><\/div><\/div><\/div>\n<\/div>","protected":false},"excerpt":{"rendered":"<p>D\u00e9claration de politique environnementale Chez KLN, la conservation et l'am\u00e9lioration continue de l'environnement sont une priorit\u00e9. Nous nous effor\u00e7ons de d\u00e9velopper et d'appliquer un syst\u00e8me de gestion de l'environnement qui fixe des normes \u00e9lev\u00e9es en mati\u00e8re de pr\u00e9vention de la pollution, de pr\u00e9servation des ressources et de respect de la l\u00e9gislation. Nous attendons de chaque employ\u00e9 et de chaque entrepreneur qu'il adh\u00e8re \u00e0 cette politique et qu'il nous aide \u00e0 atteindre nos objectifs en...<\/p>","protected":false},"author":5,"featured_media":0,"parent":0,"menu_order":0,"comment_status":"closed","ping_status":"open","template":"","meta":{"footnotes":"","_wp_rev_ctl_limit":""},"class_list":["post-1686","page","type-page","status-publish","hentry","description-off"],"yoast_head":"<!-- This site is optimized with the Yoast SEO Premium plugin v25.3 (Yoast SEO v27.3) - https:\/\/yoast.com\/product\/yoast-seo-premium-wordpress\/ -->\n<title>Environmental Policy Statement - KLN<\/title>\n<meta name=\"description\" content=\"Discover our commitment to environmental responsibility through sustainable logistics practices, emissions reduction, waste minimization, and eco-friendly supply chain solutions.\" \/>\n<meta name=\"robots\" content=\"index, follow, max-snippet:-1, max-image-preview:large, max-video-preview:-1\" \/>\n<link rel=\"canonical\" href=\"https:\/\/ca.kln.com\/fr\/declaration-de-politique-environnementale\/\" \/>\n<meta property=\"og:locale\" content=\"fr_CA\" \/>\n<meta property=\"og:type\" content=\"article\" \/>\n<meta property=\"og:title\" content=\"Environmental Policy Statement\" \/>\n<meta property=\"og:description\" content=\"Discover our commitment to environmental responsibility through sustainable logistics practices, emissions reduction, waste minimization, and eco-friendly supply chain solutions.\" \/>\n<meta property=\"og:url\" content=\"https:\/\/ca.kln.com\/fr\/declaration-de-politique-environnementale\/\" \/>\n<meta property=\"og:site_name\" content=\"KLN\" \/>\n<meta property=\"article:modified_time\" content=\"2025-06-18T14:53:21+00:00\" \/>\n<meta name=\"twitter:card\" content=\"summary_large_image\" \/>\n<meta name=\"twitter:label1\" content=\"Estimation du temps de lecture\" \/>\n\t<meta name=\"twitter:data1\" content=\"1 minute\" \/>\n<script type=\"application\/ld+json\" class=\"yoast-schema-graph\">{\"@context\":\"https:\\\/\\\/schema.org\",\"@graph\":[{\"@type\":\"WebPage\",\"@id\":\"https:\\\/\\\/ca.kln.com\\\/environmental-policy-statement\\\/\",\"url\":\"https:\\\/\\\/ca.kln.com\\\/environmental-policy-statement\\\/\",\"name\":\"Environmental Policy Statement - KLN\",\"isPartOf\":{\"@id\":\"https:\\\/\\\/ca.kln.com\\\/#website\"},\"datePublished\":\"2021-06-18T18:28:34+00:00\",\"dateModified\":\"2025-06-18T14:53:21+00:00\",\"description\":\"Discover our commitment to environmental responsibility through sustainable logistics practices, emissions reduction, waste minimization, and eco-friendly supply chain solutions.\",\"breadcrumb\":{\"@id\":\"https:\\\/\\\/ca.kln.com\\\/environmental-policy-statement\\\/#breadcrumb\"},\"inLanguage\":\"fr-CA\",\"potentialAction\":[{\"@type\":\"ReadAction\",\"target\":[\"https:\\\/\\\/ca.kln.com\\\/environmental-policy-statement\\\/\"]}]},{\"@type\":\"BreadcrumbList\",\"@id\":\"https:\\\/\\\/ca.kln.com\\\/environmental-policy-statement\\\/#breadcrumb\",\"itemListElement\":[{\"@type\":\"ListItem\",\"position\":1,\"name\":\"Home\",\"item\":\"https:\\\/\\\/ca.kln.com\\\/\"},{\"@type\":\"ListItem\",\"position\":2,\"name\":\"Environmental Policy Statement\"}]},{\"@type\":\"WebSite\",\"@id\":\"https:\\\/\\\/ca.kln.com\\\/#website\",\"url\":\"https:\\\/\\\/ca.kln.com\\\/\",\"name\":\"KLN\",\"description\":\"\",\"publisher\":{\"@id\":\"https:\\\/\\\/ca.kln.com\\\/#organization\"},\"potentialAction\":[{\"@type\":\"SearchAction\",\"target\":{\"@type\":\"EntryPoint\",\"urlTemplate\":\"https:\\\/\\\/ca.kln.com\\\/?s={search_term_string}\"},\"query-input\":{\"@type\":\"PropertyValueSpecification\",\"valueRequired\":true,\"valueName\":\"search_term_string\"}}],\"inLanguage\":\"fr-CA\"},{\"@type\":\"Organization\",\"@id\":\"https:\\\/\\\/ca.kln.com\\\/#organization\",\"name\":\"KLN\",\"url\":\"https:\\\/\\\/ca.kln.com\\\/\",\"logo\":{\"@type\":\"ImageObject\",\"inLanguage\":\"fr-CA\",\"@id\":\"https:\\\/\\\/ca.kln.com\\\/#\\\/schema\\\/logo\\\/image\\\/\",\"url\":\"https:\\\/\\\/ca.kln.com\\\/wp-content\\\/uploads\\\/2025\\\/04\\\/kln-logo.jpg\",\"contentUrl\":\"https:\\\/\\\/ca.kln.com\\\/wp-content\\\/uploads\\\/2025\\\/04\\\/kln-logo.jpg\",\"width\":200,\"height\":79,\"caption\":\"KLN\"},\"image\":{\"@id\":\"https:\\\/\\\/ca.kln.com\\\/#\\\/schema\\\/logo\\\/image\\\/\"}}]}<\/script>\n<!-- \/ Yoast SEO Premium plugin. -->","yoast_head_json":{"title":"D\u00e9claration de politique environnementale - KLN","description":"D\u00e9couvrez notre engagement en faveur de la responsabilit\u00e9 environnementale \u00e0 travers des pratiques logistiques durables, la r\u00e9duction des \u00e9missions, la minimisation des d\u00e9chets et des solutions \u00e9cologiques pour la cha\u00eene d\u2019approvisionnement.","robots":{"index":"index","follow":"follow","max-snippet":"max-snippet:-1","max-image-preview":"max-image-preview:large","max-video-preview":"max-video-preview:-1"},"canonical":"https:\/\/ca.kln.com\/fr\/declaration-de-politique-environnementale\/","og_locale":"fr_CA","og_type":"article","og_title":"Environmental Policy Statement","og_description":"Discover our commitment to environmental responsibility through sustainable logistics practices, emissions reduction, waste minimization, and eco-friendly supply chain solutions.","og_url":"https:\/\/ca.kln.com\/fr\/declaration-de-politique-environnementale\/","og_site_name":"KLN","article_modified_time":"2025-06-18T14:53:21+00:00","twitter_card":"summary_large_image","twitter_misc":{"Estimation du temps de lecture":"1 minute"},"schema":{"@context":"https:\/\/schema.org","@graph":[{"@type":"WebPage","@id":"https:\/\/ca.kln.com\/environmental-policy-statement\/","url":"https:\/\/ca.kln.com\/environmental-policy-statement\/","name":"D\u00e9claration de politique environnementale - KLN","isPartOf":{"@id":"https:\/\/ca.kln.com\/#website"},"datePublished":"2021-06-18T18:28:34+00:00","dateModified":"2025-06-18T14:53:21+00:00","description":"D\u00e9couvrez notre engagement en faveur de la responsabilit\u00e9 environnementale \u00e0 travers des pratiques logistiques durables, la r\u00e9duction des \u00e9missions, la minimisation des d\u00e9chets et des solutions \u00e9cologiques pour la cha\u00eene d\u2019approvisionnement.","breadcrumb":{"@id":"https:\/\/ca.kln.com\/environmental-policy-statement\/#breadcrumb"},"inLanguage":"fr-CA","potentialAction":[{"@type":"ReadAction","target":["https:\/\/ca.kln.com\/environmental-policy-statement\/"]}]},{"@type":"BreadcrumbList","@id":"https:\/\/ca.kln.com\/environmental-policy-statement\/#breadcrumb","itemListElement":[{"@type":"ListItem","position":1,"name":"Home","item":"https:\/\/ca.kln.com\/"},{"@type":"ListItem","position":2,"name":"Environmental Policy Statement"}]},{"@type":"WebSite","@id":"https:\/\/ca.kln.com\/#website","url":"https:\/\/ca.kln.com\/","name":"KLN","description":"","publisher":{"@id":"https:\/\/ca.kln.com\/#organization"},"potentialAction":[{"@type":"SearchAction","target":{"@type":"EntryPoint","urlTemplate":"https:\/\/ca.kln.com\/?s={search_term_string}"},"query-input":{"@type":"PropertyValueSpecification","valueRequired":true,"valueName":"search_term_string"}}],"inLanguage":"fr-CA"},{"@type":"Organization","@id":"https:\/\/ca.kln.com\/#organization","name":"KLN","url":"https:\/\/ca.kln.com\/","logo":{"@type":"ImageObject","inLanguage":"fr-CA","@id":"https:\/\/ca.kln.com\/#\/schema\/logo\/image\/","url":"https:\/\/ca.kln.com\/wp-content\/uploads\/2025\/04\/kln-logo.jpg","contentUrl":"https:\/\/ca.kln.com\/wp-content\/uploads\/2025\/04\/kln-logo.jpg","width":200,"height":79,"caption":"KLN"},"image":{"@id":"https:\/\/ca.kln.com\/#\/schema\/logo\/image\/"}}]}},"_links":{"self":[{"href":"https:\/\/ca.kln.com\/fr\/wp-json\/wp\/v2\/pages\/1686","targetHints":{"allow":["GET"]}}],"collection":[{"href":"https:\/\/ca.kln.com\/fr\/wp-json\/wp\/v2\/pages"}],"about":[{"href":"https:\/\/ca.kln.com\/fr\/wp-json\/wp\/v2\/types\/page"}],"author":[{"embeddable":true,"href":"https:\/\/ca.kln.com\/fr\/wp-json\/wp\/v2\/users\/5"}],"replies":[{"embeddable":true,"href":"https:\/\/ca.kln.com\/fr\/wp-json\/wp\/v2\/comments?post=1686"}],"version-history":[{"count":3,"href":"https:\/\/ca.kln.com\/fr\/wp-json\/wp\/v2\/pages\/1686\/revisions"}],"predecessor-version":[{"id":4518,"href":"https:\/\/ca.kln.com\/fr\/wp-json\/wp\/v2\/pages\/1686\/revisions\/4518"}],"wp:attachment":[{"href":"https:\/\/ca.kln.com\/fr\/wp-json\/wp\/v2\/media?parent=1686"}],"curies":[{"name":"wp","href":"https:\/\/api.w.org\/{rel}","templated":true}]}}