{"id":1688,"date":"2021-06-18T18:29:43","date_gmt":"2021-06-18T18:29:43","guid":{"rendered":"http:\/\/kerry.pecon.ca\/?page_id=1688"},"modified":"2025-06-18T14:53:42","modified_gmt":"2025-06-18T14:53:42","slug":"declaration-de-politique-sante-et-securite-au-travail","status":"publish","type":"page","link":"https:\/\/ca.kln.com\/fr\/occupational-health-and-safety-policy-statement\/","title":{"rendered":"D\u00e9claration de politique sant\u00e9 et s\u00e9curit\u00e9 au travail"},"content":{"rendered":"<div class=\"wpb-content-wrapper\"><div class=\"vc_row wpb_row vc_row-fluid dt-default\" style=\"margin-top: 0px;margin-bottom: 0px\"><div class=\"wpb_column vc_column_container vc_col-sm-12\" id=\"left_column\"><div class=\"vc_column-inner vc_custom_1745246044454\"><div class=\"wpb_wrapper\">\n\t<div class=\"wpb_text_column wpb_content_element\" >\n\t\t<div class=\"wpb_wrapper\">\n\t\t\t<h2 style=\"text-align: center;\">D\u00e9claration de politique sant\u00e9 et s\u00e9curit\u00e9 au travail<\/h2>\n<p>La sant\u00e9 et la s\u00e9curit\u00e9 au travail font partie int\u00e9grante des activit\u00e9s de KLN. Nous visons l\u2019excellence en offrant un environnement de travail s\u00fbr et sain, et nous demandons \u00e0 chaque employ\u00e9, sous-traitant et visiteur de contribuer \u00e0 atteindre nos objectifs en :<\/p>\n<ul class=\"me_ul\">\n<li>Fournir des conditions de travail s\u00fbres et saines pour pr\u00e9venir les blessures et maladies professionnelles ;<\/li>\n<li>Identifier les opportunit\u00e9s d\u2019am\u00e9lioration continue de notre syst\u00e8me de sant\u00e9 et s\u00e9curit\u00e9 au travail ;<\/li>\n<li>\u00c9liminer les dangers et r\u00e9duire les risques li\u00e9s \u00e0 la sant\u00e9 et s\u00e9curit\u00e9 au travail ;<\/li>\n<li>Respecter et d\u00e9passer les normes impos\u00e9es par toutes les r\u00e9glementations applicables en mati\u00e8re de sant\u00e9 et s\u00e9curit\u00e9 au travail ;<\/li>\n<li>Remplir toutes les exigences en sant\u00e9 et s\u00e9curit\u00e9 au travail prescrites par l\u2019entreprise et les parties prenantes ;<\/li>\n<li>Fixer et r\u00e9viser les objectifs en mati\u00e8re de sant\u00e9 et s\u00e9curit\u00e9 au travail ;<\/li>\n<li>Documenter, mettre en \u0153uvre et maintenir le syst\u00e8me de gestion sant\u00e9 et s\u00e9curit\u00e9 au travail conforme \u00e0 la norme ISO 45001 ;<\/li>\n<li>R\u00e9viser constamment le syst\u00e8me de gestion dans les p\u00e9rim\u00e8tres d\u00e9finis afin d\u2019en assurer la pertinence et l\u2019ad\u00e9quation ;<\/li>\n<li>Instaurer une culture positive de sant\u00e9 et s\u00e9curit\u00e9 et mettre en place des processus de consultation et de participation des employ\u00e9s ;<\/li>\n<li>Fournir les informations, instructions et formations n\u00e9cessaires pour permettre \u00e0 tous les collaborateurs d\u2019ex\u00e9cuter leurs t\u00e2ches de mani\u00e8re comp\u00e9tente et s\u00e9curitaire ;<\/li>\n<li>S\u00e9lectionner des sous-traitants comp\u00e9tents et surveiller leur performance afin de garantir le respect des normes en sant\u00e9 et s\u00e9curit\u00e9 au travail ;<\/li>\n<li>Communiquer efficacement avec les personnes employ\u00e9es par les sous-traitants pour les sensibiliser \u00e0 leurs obligations individuelles en mati\u00e8re de sant\u00e9 et s\u00e9curit\u00e9 au travail.<\/li>\n<\/ul>\n<p>Cette politique a \u00e9t\u00e9 approuv\u00e9e par le Comit\u00e9 ex\u00e9cutif mondial. Elle sera revue et, si n\u00e9cessaire, r\u00e9vis\u00e9e chaque ann\u00e9e afin de rester \u00e0 jour, puis publi\u00e9e sur notre site web d\u2019entreprise. Nous invitons les parties int\u00e9ress\u00e9es \u00e0 formuler leurs commentaires sur l\u2019application de cette politique ainsi que sur son contenu.<\/p>\n\n\t\t<\/div>\n\t<\/div>\n<\/div><\/div><\/div><\/div>\n<\/div>","protected":false},"excerpt":{"rendered":"<p>Sant\u00e9 et s\u00e9curit\u00e9 au travail D\u00e9claration de politique g\u00e9n\u00e9rale La sant\u00e9 et la s\u00e9curit\u00e9 au travail font partie int\u00e9grante des activit\u00e9s de KLN. Nous visons haut pour offrir un lieu de travail s\u00fbr et sain, et nous demandons \u00e0 chaque employ\u00e9, entrepreneur et invit\u00e9 de nous aider \u00e0 atteindre nos objectifs en : offrant des conditions de travail s\u00fbres et saines pour pr\u00e9venir les blessures et la mauvaise sant\u00e9 li\u00e9es au travail ; en identifiant...<\/p>","protected":false},"author":5,"featured_media":0,"parent":0,"menu_order":0,"comment_status":"closed","ping_status":"open","template":"","meta":{"footnotes":"","_wp_rev_ctl_limit":""},"class_list":["post-1688","page","type-page","status-publish","hentry","description-off"],"yoast_head":"<!-- This site is optimized with the Yoast SEO Premium plugin v25.3 (Yoast SEO v27.3) - https:\/\/yoast.com\/product\/yoast-seo-premium-wordpress\/ -->\n<title>Occupational Health and Safety Policy Statement - KLN<\/title>\n<meta name=\"description\" content=\"We prioritize employee well-being with a strong occupational health and safety policy. Our commitment includes risk prevention, compliance, training, and continuous safety improvement.\" \/>\n<meta name=\"robots\" content=\"index, follow, max-snippet:-1, max-image-preview:large, max-video-preview:-1\" \/>\n<link rel=\"canonical\" href=\"https:\/\/ca.kln.com\/fr\/declaration-de-politique-sante-et-securite-au-travail\/\" \/>\n<meta property=\"og:locale\" content=\"fr_CA\" \/>\n<meta property=\"og:type\" content=\"article\" \/>\n<meta property=\"og:title\" content=\"Occupational Health and Safety Policy Statement\" \/>\n<meta property=\"og:description\" content=\"We prioritize employee well-being with a strong occupational health and safety policy. Our commitment includes risk prevention, compliance, training, and continuous safety improvement.\" \/>\n<meta property=\"og:url\" content=\"https:\/\/ca.kln.com\/fr\/declaration-de-politique-sante-et-securite-au-travail\/\" \/>\n<meta property=\"og:site_name\" content=\"KLN\" \/>\n<meta property=\"article:modified_time\" content=\"2025-06-18T14:53:42+00:00\" \/>\n<meta name=\"twitter:card\" content=\"summary_large_image\" \/>\n<meta name=\"twitter:label1\" content=\"Estimation du temps de lecture\" \/>\n\t<meta name=\"twitter:data1\" content=\"2 minutes\" \/>\n<script type=\"application\/ld+json\" class=\"yoast-schema-graph\">{\"@context\":\"https:\\\/\\\/schema.org\",\"@graph\":[{\"@type\":\"WebPage\",\"@id\":\"https:\\\/\\\/ca.kln.com\\\/occupational-health-and-safety-policy-statement\\\/\",\"url\":\"https:\\\/\\\/ca.kln.com\\\/occupational-health-and-safety-policy-statement\\\/\",\"name\":\"Occupational Health and Safety Policy Statement - KLN\",\"isPartOf\":{\"@id\":\"https:\\\/\\\/ca.kln.com\\\/#website\"},\"datePublished\":\"2021-06-18T18:29:43+00:00\",\"dateModified\":\"2025-06-18T14:53:42+00:00\",\"description\":\"We prioritize employee well-being with a strong occupational health and safety policy. Our commitment includes risk prevention, compliance, training, and continuous safety improvement.\",\"breadcrumb\":{\"@id\":\"https:\\\/\\\/ca.kln.com\\\/occupational-health-and-safety-policy-statement\\\/#breadcrumb\"},\"inLanguage\":\"fr-CA\",\"potentialAction\":[{\"@type\":\"ReadAction\",\"target\":[\"https:\\\/\\\/ca.kln.com\\\/occupational-health-and-safety-policy-statement\\\/\"]}]},{\"@type\":\"BreadcrumbList\",\"@id\":\"https:\\\/\\\/ca.kln.com\\\/occupational-health-and-safety-policy-statement\\\/#breadcrumb\",\"itemListElement\":[{\"@type\":\"ListItem\",\"position\":1,\"name\":\"Home\",\"item\":\"https:\\\/\\\/ca.kln.com\\\/\"},{\"@type\":\"ListItem\",\"position\":2,\"name\":\"Occupational Health and Safety Policy Statement\"}]},{\"@type\":\"WebSite\",\"@id\":\"https:\\\/\\\/ca.kln.com\\\/#website\",\"url\":\"https:\\\/\\\/ca.kln.com\\\/\",\"name\":\"KLN\",\"description\":\"\",\"publisher\":{\"@id\":\"https:\\\/\\\/ca.kln.com\\\/#organization\"},\"potentialAction\":[{\"@type\":\"SearchAction\",\"target\":{\"@type\":\"EntryPoint\",\"urlTemplate\":\"https:\\\/\\\/ca.kln.com\\\/?s={search_term_string}\"},\"query-input\":{\"@type\":\"PropertyValueSpecification\",\"valueRequired\":true,\"valueName\":\"search_term_string\"}}],\"inLanguage\":\"fr-CA\"},{\"@type\":\"Organization\",\"@id\":\"https:\\\/\\\/ca.kln.com\\\/#organization\",\"name\":\"KLN\",\"url\":\"https:\\\/\\\/ca.kln.com\\\/\",\"logo\":{\"@type\":\"ImageObject\",\"inLanguage\":\"fr-CA\",\"@id\":\"https:\\\/\\\/ca.kln.com\\\/#\\\/schema\\\/logo\\\/image\\\/\",\"url\":\"https:\\\/\\\/ca.kln.com\\\/wp-content\\\/uploads\\\/2025\\\/04\\\/kln-logo.jpg\",\"contentUrl\":\"https:\\\/\\\/ca.kln.com\\\/wp-content\\\/uploads\\\/2025\\\/04\\\/kln-logo.jpg\",\"width\":200,\"height\":79,\"caption\":\"KLN\"},\"image\":{\"@id\":\"https:\\\/\\\/ca.kln.com\\\/#\\\/schema\\\/logo\\\/image\\\/\"}}]}<\/script>\n<!-- \/ Yoast SEO Premium plugin. -->","yoast_head_json":{"title":"D\u00e9claration de politique sant\u00e9 et s\u00e9curit\u00e9 au travail - KLN","description":"Nous accordons la priorit\u00e9 au bien-\u00eatre des employ\u00e9s gr\u00e2ce \u00e0 une politique rigoureuse de sant\u00e9 et s\u00e9curit\u00e9 au travail. Notre engagement comprend la pr\u00e9vention des risques, la conformit\u00e9, la formation et l\u2019am\u00e9lioration continue de la s\u00e9curit\u00e9.","robots":{"index":"index","follow":"follow","max-snippet":"max-snippet:-1","max-image-preview":"max-image-preview:large","max-video-preview":"max-video-preview:-1"},"canonical":"https:\/\/ca.kln.com\/fr\/declaration-de-politique-sante-et-securite-au-travail\/","og_locale":"fr_CA","og_type":"article","og_title":"Occupational Health and Safety Policy Statement","og_description":"We prioritize employee well-being with a strong occupational health and safety policy. Our commitment includes risk prevention, compliance, training, and continuous safety improvement.","og_url":"https:\/\/ca.kln.com\/fr\/declaration-de-politique-sante-et-securite-au-travail\/","og_site_name":"KLN","article_modified_time":"2025-06-18T14:53:42+00:00","twitter_card":"summary_large_image","twitter_misc":{"Estimation du temps de lecture":"2 minutes"},"schema":{"@context":"https:\/\/schema.org","@graph":[{"@type":"WebPage","@id":"https:\/\/ca.kln.com\/occupational-health-and-safety-policy-statement\/","url":"https:\/\/ca.kln.com\/occupational-health-and-safety-policy-statement\/","name":"D\u00e9claration de politique sant\u00e9 et s\u00e9curit\u00e9 au travail - KLN","isPartOf":{"@id":"https:\/\/ca.kln.com\/#website"},"datePublished":"2021-06-18T18:29:43+00:00","dateModified":"2025-06-18T14:53:42+00:00","description":"Nous accordons la priorit\u00e9 au bien-\u00eatre des employ\u00e9s gr\u00e2ce \u00e0 une politique rigoureuse de sant\u00e9 et s\u00e9curit\u00e9 au travail. Notre engagement comprend la pr\u00e9vention des risques, la conformit\u00e9, la formation et l\u2019am\u00e9lioration continue de la s\u00e9curit\u00e9.","breadcrumb":{"@id":"https:\/\/ca.kln.com\/occupational-health-and-safety-policy-statement\/#breadcrumb"},"inLanguage":"fr-CA","potentialAction":[{"@type":"ReadAction","target":["https:\/\/ca.kln.com\/occupational-health-and-safety-policy-statement\/"]}]},{"@type":"BreadcrumbList","@id":"https:\/\/ca.kln.com\/occupational-health-and-safety-policy-statement\/#breadcrumb","itemListElement":[{"@type":"ListItem","position":1,"name":"Home","item":"https:\/\/ca.kln.com\/"},{"@type":"ListItem","position":2,"name":"Occupational Health and Safety Policy Statement"}]},{"@type":"WebSite","@id":"https:\/\/ca.kln.com\/#website","url":"https:\/\/ca.kln.com\/","name":"KLN","description":"","publisher":{"@id":"https:\/\/ca.kln.com\/#organization"},"potentialAction":[{"@type":"SearchAction","target":{"@type":"EntryPoint","urlTemplate":"https:\/\/ca.kln.com\/?s={search_term_string}"},"query-input":{"@type":"PropertyValueSpecification","valueRequired":true,"valueName":"search_term_string"}}],"inLanguage":"fr-CA"},{"@type":"Organization","@id":"https:\/\/ca.kln.com\/#organization","name":"KLN","url":"https:\/\/ca.kln.com\/","logo":{"@type":"ImageObject","inLanguage":"fr-CA","@id":"https:\/\/ca.kln.com\/#\/schema\/logo\/image\/","url":"https:\/\/ca.kln.com\/wp-content\/uploads\/2025\/04\/kln-logo.jpg","contentUrl":"https:\/\/ca.kln.com\/wp-content\/uploads\/2025\/04\/kln-logo.jpg","width":200,"height":79,"caption":"KLN"},"image":{"@id":"https:\/\/ca.kln.com\/#\/schema\/logo\/image\/"}}]}},"_links":{"self":[{"href":"https:\/\/ca.kln.com\/fr\/wp-json\/wp\/v2\/pages\/1688","targetHints":{"allow":["GET"]}}],"collection":[{"href":"https:\/\/ca.kln.com\/fr\/wp-json\/wp\/v2\/pages"}],"about":[{"href":"https:\/\/ca.kln.com\/fr\/wp-json\/wp\/v2\/types\/page"}],"author":[{"embeddable":true,"href":"https:\/\/ca.kln.com\/fr\/wp-json\/wp\/v2\/users\/5"}],"replies":[{"embeddable":true,"href":"https:\/\/ca.kln.com\/fr\/wp-json\/wp\/v2\/comments?post=1688"}],"version-history":[{"count":4,"href":"https:\/\/ca.kln.com\/fr\/wp-json\/wp\/v2\/pages\/1688\/revisions"}],"predecessor-version":[{"id":4523,"href":"https:\/\/ca.kln.com\/fr\/wp-json\/wp\/v2\/pages\/1688\/revisions\/4523"}],"wp:attachment":[{"href":"https:\/\/ca.kln.com\/fr\/wp-json\/wp\/v2\/media?parent=1688"}],"curies":[{"name":"wp","href":"https:\/\/api.w.org\/{rel}","templated":true}]}}