{"id":1690,"date":"2021-06-18T18:30:35","date_gmt":"2021-06-18T18:30:35","guid":{"rendered":"http:\/\/kerry.pecon.ca\/?page_id=1690"},"modified":"2025-06-18T14:54:07","modified_gmt":"2025-06-18T14:54:07","slug":"declaration-de-politique-sur-les-sanctions","status":"publish","type":"page","link":"https:\/\/ca.kln.com\/fr\/sanctions-policy-statement\/","title":{"rendered":"D\u00e9claration de politique sur les sanctions"},"content":{"rendered":"<div class=\"wpb-content-wrapper\"><div class=\"vc_row wpb_row vc_row-fluid dt-default\" style=\"margin-top: 0px;margin-bottom: 0px\"><div class=\"wpb_column vc_column_container vc_col-sm-12\" id=\"left_column\"><div class=\"vc_column-inner vc_custom_1745246112415\"><div class=\"wpb_wrapper\">\n\t<div class=\"wpb_text_column wpb_content_element\" >\n\t\t<div class=\"wpb_wrapper\">\n\t\t\t<h2 style=\"text-align: center;\">D\u00e9claration de politique sur les sanctions<\/h2>\n<ol class=\"sanction-policy\">\n<li>KLN s\u2019engage \u00e0 respecter les lois et r\u00e8glements relatifs aux sanctions \u00e9conomiques et commerciales des Nations Unies (ONU), de l\u2019Union europ\u00e9enne (UE), des \u00c9tats-Unis d\u2019Am\u00e9rique (USA), ainsi que toutes les lois et r\u00e9glementations applicables en mati\u00e8re de sanctions (y compris les contr\u00f4les \u00e0 l\u2019importation et \u00e0 l\u2019exportation) dans les juridictions o\u00f9 nous op\u00e9rons.<\/li>\n<li>Cette politique d\u00e9finit les normes minimales auxquelles KLN doit se conformer pour satisfaire ces obligations. Cela inclut :\n<ol type=\"a\">\n<li>Le contr\u00f4le des clients et des transactions par rapport aux listes mondiales de sanctions ;<\/li>\n<li>L\u2019interdiction ou la restriction des activit\u00e9s commerciales, des transactions ou de l\u2019\u00e9tablissement de relations clients que nous estimons susceptibles de violer les lois de sanctions applicables, directement ou indirectement, ou impliquant des personnes, entit\u00e9s ou navires figurant sur une liste officielle de sanctions ;<\/li>\n<li>Le blocage ou le refus des activit\u00e9s commerciales ou transactions lorsque la loi nous y oblige.<\/li>\n<\/ol>\n<\/li>\n<li>Selon une approche bas\u00e9e sur les risques, nous contr\u00f4lons les clients et transactions via des listes de sanctions mondiales (incluant notamment celles de l\u2019ONU, de l\u2019UE et des USA). Compte tenu du volume des transactions et de la complexit\u00e9 \u00e9volutive des sanctions, ce contr\u00f4le est automatis\u00e9 via des syst\u00e8mes informatiques assist\u00e9s par des solutions de conformit\u00e9 fournies par des prestataires tiers r\u00e9put\u00e9s, offrant des bases de donn\u00e9es mises \u00e0 jour et des services de filtrage. Le contr\u00f4le s\u2019effectue automatiquement lors de l\u2019ouverture de compte, la cr\u00e9ation et l\u2019ex\u00e9cution de transactions, ainsi que dans d\u2019autres situations jug\u00e9es appropri\u00e9es selon la politique.<\/li>\n<li>Nous interdisons ou limitons les activit\u00e9s, transactions ou relations clients qui pourraient violer les lois de sanctions applicables ou impliquer des entit\u00e9s list\u00e9es.<\/li>\n<li>Nous ne tol\u00e9rons aucune violation de cette politique pouvant compromettre l\u2019int\u00e9grit\u00e9 du groupe. Toute transaction suspecte doit \u00eatre signal\u00e9e au responsable d\u00e9sign\u00e9 du bureau local, puis, si n\u00e9cessaire, aux instances r\u00e9gionales et mondiales. Le cas \u00e9ch\u00e9ant, nous rapporterons les violations aux autorit\u00e9s de r\u00e9gulation comp\u00e9tentes.<\/li>\n<li>L\u2019efficacit\u00e9 de cette politique sera r\u00e9guli\u00e8rement surveill\u00e9e. Les proc\u00e9dures et pratiques seront revues, et des directives pratiques suppl\u00e9mentaires pourront \u00eatre \u00e9mises afin d\u2019assurer le respect continu des lois et r\u00e8glements en mati\u00e8re de sanctions.<\/li>\n<\/ol>\n\n\t\t<\/div>\n\t<\/div>\n<\/div><\/div><\/div><\/div>\n<\/div>","protected":false},"excerpt":{"rendered":"<p>D\u00e9claration de politique de sanctions KLN s'engage \u00e0 respecter les lois et r\u00e8glements relatifs aux sanctions \u00e9conomiques et commerciales des Nations Unies (ONU), de l'Union europ\u00e9enne (UE), des \u00c9tats-Unis d'Am\u00e9rique (US), ainsi que toutes les lois et r\u00e8glements relatifs aux sanctions applicables (y compris les r\u00e8glements relatifs au contr\u00f4le des importations et des exportations) dans les juridictions dans lesquelles nous op\u00e9rons. Cette politique d\u00e9finit...<\/p>","protected":false},"author":5,"featured_media":0,"parent":0,"menu_order":0,"comment_status":"closed","ping_status":"open","template":"","meta":{"footnotes":"","_wp_rev_ctl_limit":""},"class_list":["post-1690","page","type-page","status-publish","hentry","description-off"],"yoast_head":"<!-- This site is optimized with the Yoast SEO Premium plugin v25.3 (Yoast SEO v27.3) - https:\/\/yoast.com\/product\/yoast-seo-premium-wordpress\/ -->\n<title>Sanctions Policy Statement - KLN<\/title>\n<meta name=\"description\" content=\"We adhere to international sanctions laws and trade compliance regulations. Our sanctions policy ensures responsible logistics operations aligned with legal and ethical standards.\" \/>\n<meta name=\"robots\" content=\"index, follow, max-snippet:-1, max-image-preview:large, max-video-preview:-1\" \/>\n<link rel=\"canonical\" href=\"https:\/\/ca.kln.com\/fr\/declaration-de-politique-sur-les-sanctions\/\" \/>\n<meta property=\"og:locale\" content=\"fr_CA\" \/>\n<meta property=\"og:type\" content=\"article\" \/>\n<meta property=\"og:title\" content=\"Sanctions Policy Statement\" \/>\n<meta property=\"og:description\" content=\"We adhere to international sanctions laws and trade compliance regulations. Our sanctions policy ensures responsible logistics operations aligned with legal and ethical standards.\" \/>\n<meta property=\"og:url\" content=\"https:\/\/ca.kln.com\/fr\/declaration-de-politique-sur-les-sanctions\/\" \/>\n<meta property=\"og:site_name\" content=\"KLN\" \/>\n<meta property=\"article:modified_time\" content=\"2025-06-18T14:54:07+00:00\" \/>\n<meta name=\"twitter:card\" content=\"summary_large_image\" \/>\n<meta name=\"twitter:label1\" content=\"Estimation du temps de lecture\" \/>\n\t<meta name=\"twitter:data1\" content=\"2 minutes\" \/>\n<script type=\"application\/ld+json\" class=\"yoast-schema-graph\">{\"@context\":\"https:\\\/\\\/schema.org\",\"@graph\":[{\"@type\":\"WebPage\",\"@id\":\"https:\\\/\\\/ca.kln.com\\\/sanctions-policy-statement\\\/\",\"url\":\"https:\\\/\\\/ca.kln.com\\\/sanctions-policy-statement\\\/\",\"name\":\"Sanctions Policy Statement - KLN\",\"isPartOf\":{\"@id\":\"https:\\\/\\\/ca.kln.com\\\/#website\"},\"datePublished\":\"2021-06-18T18:30:35+00:00\",\"dateModified\":\"2025-06-18T14:54:07+00:00\",\"description\":\"We adhere to international sanctions laws and trade compliance regulations. Our sanctions policy ensures responsible logistics operations aligned with legal and ethical standards.\",\"breadcrumb\":{\"@id\":\"https:\\\/\\\/ca.kln.com\\\/sanctions-policy-statement\\\/#breadcrumb\"},\"inLanguage\":\"fr-CA\",\"potentialAction\":[{\"@type\":\"ReadAction\",\"target\":[\"https:\\\/\\\/ca.kln.com\\\/sanctions-policy-statement\\\/\"]}]},{\"@type\":\"BreadcrumbList\",\"@id\":\"https:\\\/\\\/ca.kln.com\\\/sanctions-policy-statement\\\/#breadcrumb\",\"itemListElement\":[{\"@type\":\"ListItem\",\"position\":1,\"name\":\"Home\",\"item\":\"https:\\\/\\\/ca.kln.com\\\/\"},{\"@type\":\"ListItem\",\"position\":2,\"name\":\"Sanctions Policy Statement\"}]},{\"@type\":\"WebSite\",\"@id\":\"https:\\\/\\\/ca.kln.com\\\/#website\",\"url\":\"https:\\\/\\\/ca.kln.com\\\/\",\"name\":\"KLN\",\"description\":\"\",\"publisher\":{\"@id\":\"https:\\\/\\\/ca.kln.com\\\/#organization\"},\"potentialAction\":[{\"@type\":\"SearchAction\",\"target\":{\"@type\":\"EntryPoint\",\"urlTemplate\":\"https:\\\/\\\/ca.kln.com\\\/?s={search_term_string}\"},\"query-input\":{\"@type\":\"PropertyValueSpecification\",\"valueRequired\":true,\"valueName\":\"search_term_string\"}}],\"inLanguage\":\"fr-CA\"},{\"@type\":\"Organization\",\"@id\":\"https:\\\/\\\/ca.kln.com\\\/#organization\",\"name\":\"KLN\",\"url\":\"https:\\\/\\\/ca.kln.com\\\/\",\"logo\":{\"@type\":\"ImageObject\",\"inLanguage\":\"fr-CA\",\"@id\":\"https:\\\/\\\/ca.kln.com\\\/#\\\/schema\\\/logo\\\/image\\\/\",\"url\":\"https:\\\/\\\/ca.kln.com\\\/wp-content\\\/uploads\\\/2025\\\/04\\\/kln-logo.jpg\",\"contentUrl\":\"https:\\\/\\\/ca.kln.com\\\/wp-content\\\/uploads\\\/2025\\\/04\\\/kln-logo.jpg\",\"width\":200,\"height\":79,\"caption\":\"KLN\"},\"image\":{\"@id\":\"https:\\\/\\\/ca.kln.com\\\/#\\\/schema\\\/logo\\\/image\\\/\"}}]}<\/script>\n<!-- \/ Yoast SEO Premium plugin. -->","yoast_head_json":{"title":"D\u00e9claration de politique sur les sanctions - KLN","description":"Nous respectons les lois internationales sur les sanctions et les r\u00e8glements de conformit\u00e9 commerciale. Notre politique sur les sanctions garantit des op\u00e9rations logistiques responsables, conformes aux normes l\u00e9gales et \u00e9thiques.","robots":{"index":"index","follow":"follow","max-snippet":"max-snippet:-1","max-image-preview":"max-image-preview:large","max-video-preview":"max-video-preview:-1"},"canonical":"https:\/\/ca.kln.com\/fr\/declaration-de-politique-sur-les-sanctions\/","og_locale":"fr_CA","og_type":"article","og_title":"Sanctions Policy Statement","og_description":"We adhere to international sanctions laws and trade compliance regulations. Our sanctions policy ensures responsible logistics operations aligned with legal and ethical standards.","og_url":"https:\/\/ca.kln.com\/fr\/declaration-de-politique-sur-les-sanctions\/","og_site_name":"KLN","article_modified_time":"2025-06-18T14:54:07+00:00","twitter_card":"summary_large_image","twitter_misc":{"Estimation du temps de lecture":"2 minutes"},"schema":{"@context":"https:\/\/schema.org","@graph":[{"@type":"WebPage","@id":"https:\/\/ca.kln.com\/sanctions-policy-statement\/","url":"https:\/\/ca.kln.com\/sanctions-policy-statement\/","name":"D\u00e9claration de politique sur les sanctions - KLN","isPartOf":{"@id":"https:\/\/ca.kln.com\/#website"},"datePublished":"2021-06-18T18:30:35+00:00","dateModified":"2025-06-18T14:54:07+00:00","description":"Nous respectons les lois internationales sur les sanctions et les r\u00e8glements de conformit\u00e9 commerciale. Notre politique sur les sanctions garantit des op\u00e9rations logistiques responsables, conformes aux normes l\u00e9gales et \u00e9thiques.","breadcrumb":{"@id":"https:\/\/ca.kln.com\/sanctions-policy-statement\/#breadcrumb"},"inLanguage":"fr-CA","potentialAction":[{"@type":"ReadAction","target":["https:\/\/ca.kln.com\/sanctions-policy-statement\/"]}]},{"@type":"BreadcrumbList","@id":"https:\/\/ca.kln.com\/sanctions-policy-statement\/#breadcrumb","itemListElement":[{"@type":"ListItem","position":1,"name":"Home","item":"https:\/\/ca.kln.com\/"},{"@type":"ListItem","position":2,"name":"Sanctions Policy Statement"}]},{"@type":"WebSite","@id":"https:\/\/ca.kln.com\/#website","url":"https:\/\/ca.kln.com\/","name":"KLN","description":"","publisher":{"@id":"https:\/\/ca.kln.com\/#organization"},"potentialAction":[{"@type":"SearchAction","target":{"@type":"EntryPoint","urlTemplate":"https:\/\/ca.kln.com\/?s={search_term_string}"},"query-input":{"@type":"PropertyValueSpecification","valueRequired":true,"valueName":"search_term_string"}}],"inLanguage":"fr-CA"},{"@type":"Organization","@id":"https:\/\/ca.kln.com\/#organization","name":"KLN","url":"https:\/\/ca.kln.com\/","logo":{"@type":"ImageObject","inLanguage":"fr-CA","@id":"https:\/\/ca.kln.com\/#\/schema\/logo\/image\/","url":"https:\/\/ca.kln.com\/wp-content\/uploads\/2025\/04\/kln-logo.jpg","contentUrl":"https:\/\/ca.kln.com\/wp-content\/uploads\/2025\/04\/kln-logo.jpg","width":200,"height":79,"caption":"KLN"},"image":{"@id":"https:\/\/ca.kln.com\/#\/schema\/logo\/image\/"}}]}},"_links":{"self":[{"href":"https:\/\/ca.kln.com\/fr\/wp-json\/wp\/v2\/pages\/1690","targetHints":{"allow":["GET"]}}],"collection":[{"href":"https:\/\/ca.kln.com\/fr\/wp-json\/wp\/v2\/pages"}],"about":[{"href":"https:\/\/ca.kln.com\/fr\/wp-json\/wp\/v2\/types\/page"}],"author":[{"embeddable":true,"href":"https:\/\/ca.kln.com\/fr\/wp-json\/wp\/v2\/users\/5"}],"replies":[{"embeddable":true,"href":"https:\/\/ca.kln.com\/fr\/wp-json\/wp\/v2\/comments?post=1690"}],"version-history":[{"count":4,"href":"https:\/\/ca.kln.com\/fr\/wp-json\/wp\/v2\/pages\/1690\/revisions"}],"predecessor-version":[{"id":4527,"href":"https:\/\/ca.kln.com\/fr\/wp-json\/wp\/v2\/pages\/1690\/revisions\/4527"}],"wp:attachment":[{"href":"https:\/\/ca.kln.com\/fr\/wp-json\/wp\/v2\/media?parent=1690"}],"curies":[{"name":"wp","href":"https:\/\/api.w.org\/{rel}","templated":true}]}}