{"id":1692,"date":"2021-06-18T18:31:28","date_gmt":"2021-06-18T18:31:28","guid":{"rendered":"http:\/\/kerry.pecon.ca\/?page_id=1692"},"modified":"2025-06-18T14:54:32","modified_gmt":"2025-06-18T14:54:32","slug":"declaration-de-politique-de-gestion-de-la-securite-de-linformation","status":"publish","type":"page","link":"https:\/\/ca.kln.com\/fr\/information-security-management-policy-statement\/","title":{"rendered":"D\u00e9claration de politique de gestion de la s\u00e9curit\u00e9 de l\u2019information"},"content":{"rendered":"<div class=\"wpb-content-wrapper\"><div class=\"vc_row wpb_row vc_row-fluid dt-default\" style=\"margin-top: 0px;margin-bottom: 0px\"><div class=\"wpb_column vc_column_container vc_col-sm-12\" id=\"left_column\"><div class=\"vc_column-inner vc_custom_1745245909136\"><div class=\"wpb_wrapper\">\n\t<div class=\"wpb_text_column wpb_content_element\" >\n\t\t<div class=\"wpb_wrapper\">\n\t\t\t<h2 style=\"text-align: center;\">D\u00e9claration de politique de gestion de la s\u00e9curit\u00e9 de l\u2019information<\/h2>\n<p>Le syst\u00e8me de gestion de la s\u00e9curit\u00e9 de l\u2019information fait partie int\u00e9grante des op\u00e9rations de KLN. Nous nous effor\u00e7ons d\u2019assurer l\u2019int\u00e9grit\u00e9 de toutes les informations que nous diffusons, produisons, g\u00e9rons ou stockons, en les traitant conform\u00e9ment \u00e0 des proc\u00e9dures rigoureuses de confidentialit\u00e9. Cette politique vise \u00e0 prot\u00e9ger nos actifs informationnels contre toute menace interne, externe, d\u00e9lib\u00e9r\u00e9e ou accidentelle. Pour appliquer cette politique, nous nous engageons \u00e0 :<\/p>\n<ul class=\"me_ul\">\n<li>garantir que toutes les informations, y compris les donn\u00e9es internes, tierces, personnelles et \u00e9lectroniques, soient trait\u00e9es avec une confidentialit\u00e9 totale ;<\/li>\n<li>maintenir l\u2019int\u00e9grit\u00e9 de toutes ces informations ;<\/li>\n<li>assurer que notre syst\u00e8me d\u2019information et les donn\u00e9es qu\u2019il contient r\u00e9pondent aux besoins de nos activit\u00e9s principales et de soutien ;<\/li>\n<li>respecter toutes les exigences l\u00e9gales et r\u00e9glementaires applicables ;<\/li>\n<li>prot\u00e9ger la s\u00e9curit\u00e9 de nos actifs informationnels gr\u00e2ce \u00e0 une gestion efficace de la continuit\u00e9 des activit\u00e9s ;<\/li>\n<li>rendre l\u2019information accessible au personnel et au public avec un minimum de perturbations ;<\/li>\n<li>sensibiliser le personnel \u00e0 la gestion de la s\u00e9curit\u00e9 de l\u2019information par la formation et l\u2019\u00e9ducation ;<\/li>\n<li>mettre en place un contr\u00f4le d\u2019acc\u00e8s fiable pour prot\u00e9ger notre syst\u00e8me d\u2019information contre tout acc\u00e8s non autoris\u00e9.<\/li>\n<\/ul>\n<p>Conform\u00e9ment \u00e0 cette politique :<\/p>\n<ul class=\"me_ul\">\n<li>Toute violation de la s\u00e9curit\u00e9 de l\u2019information, r\u00e9elle ou suspect\u00e9e, sera signal\u00e9e et investigu\u00e9e par les personnes habilit\u00e9es, notamment l\u2019administrateur syst\u00e8me et l\u2019enqu\u00eateur d\u2019incidents ;<\/li>\n<li>Le Comit\u00e9 de gestion de la s\u00e9curit\u00e9 de l\u2019information est responsable de la documentation et de la maintenance du syst\u00e8me de gestion de la s\u00e9curit\u00e9 de l\u2019information (SGSI) ;<\/li>\n<li>Les documents relatifs \u00e0 la s\u00e9curit\u00e9 de l\u2019information, y compris les politiques, proc\u00e9dures et directives, seront disponibles en version papier et en ligne via un syst\u00e8me intranet pour soutenir la politique SGSI ;<\/li>\n<li>Tous les responsables doivent mettre en \u0153uvre cette politique au sein de leurs unit\u00e9s et veiller \u00e0 ce que chaque collaborateur s\u2019y conforme.<\/li>\n<\/ul>\n<p>Cette politique a \u00e9t\u00e9 approuv\u00e9e par le Comit\u00e9 ex\u00e9cutif mondial. Elle sera revue et, si n\u00e9cessaire, r\u00e9vis\u00e9e chaque ann\u00e9e afin de rester \u00e0 jour, puis publi\u00e9e sur notre site web d\u2019entreprise. Nous invitons les parties int\u00e9ress\u00e9es \u00e0 formuler leurs commentaires sur l\u2019application de cette politique ainsi que sur son contenu.<\/p>\n\n\t\t<\/div>\n\t<\/div>\n<\/div><\/div><\/div><\/div>\n<\/div>","protected":false},"excerpt":{"rendered":"<p>D\u00e9claration de politique de gestion de la s\u00e9curit\u00e9 de l'information Le syst\u00e8me de gestion de la s\u00e9curit\u00e9 de l'information fait partie int\u00e9grante des activit\u00e9s de la KLN. Nous nous effor\u00e7ons d'assurer l'int\u00e9grit\u00e9 de toutes les informations que nous diffusons, produisons, g\u00e9rons ou stockons, et qui sont d\u00fbment trait\u00e9es dans le cadre de proc\u00e9dures de confidentialit\u00e9 solides. Cette politique vise \u00e0 prot\u00e9ger nos actifs informationnels contre toute menace interne, externe, d\u00e9lib\u00e9r\u00e9e ou accidentelle. Afin de poursuivre...<\/p>","protected":false},"author":5,"featured_media":0,"parent":0,"menu_order":0,"comment_status":"closed","ping_status":"open","template":"","meta":{"footnotes":"","_wp_rev_ctl_limit":""},"class_list":["post-1692","page","type-page","status-publish","hentry","description-off"],"yoast_head":"<!-- This site is optimized with the Yoast SEO Premium plugin v25.3 (Yoast SEO v27.3) - https:\/\/yoast.com\/product\/yoast-seo-premium-wordpress\/ -->\n<title>Information Security Management Policy Statement - KLN<\/title>\n<meta name=\"description\" content=\"Our information security policy ensures the confidentiality, integrity, and availability of data across all logistics systems. We implement strict controls to safeguard digital assets and client information.\" \/>\n<meta name=\"robots\" content=\"index, follow, max-snippet:-1, max-image-preview:large, max-video-preview:-1\" \/>\n<link rel=\"canonical\" href=\"https:\/\/ca.kln.com\/fr\/declaration-de-politique-de-gestion-de-la-securite-de-linformation\/\" \/>\n<meta property=\"og:locale\" content=\"fr_CA\" \/>\n<meta property=\"og:type\" content=\"article\" \/>\n<meta property=\"og:title\" content=\"Information Security Management Policy Statement\" \/>\n<meta property=\"og:description\" content=\"Our information security policy ensures the confidentiality, integrity, and availability of data across all logistics systems. We implement strict controls to safeguard digital assets and client information.\" \/>\n<meta property=\"og:url\" content=\"https:\/\/ca.kln.com\/fr\/declaration-de-politique-de-gestion-de-la-securite-de-linformation\/\" \/>\n<meta property=\"og:site_name\" content=\"KLN\" \/>\n<meta property=\"article:modified_time\" content=\"2025-06-18T14:54:32+00:00\" \/>\n<meta name=\"twitter:card\" content=\"summary_large_image\" \/>\n<meta name=\"twitter:label1\" content=\"Estimation du temps de lecture\" \/>\n\t<meta name=\"twitter:data1\" content=\"2 minutes\" \/>\n<script type=\"application\/ld+json\" class=\"yoast-schema-graph\">{\"@context\":\"https:\\\/\\\/schema.org\",\"@graph\":[{\"@type\":\"WebPage\",\"@id\":\"https:\\\/\\\/ca.kln.com\\\/information-security-management-policy-statement\\\/\",\"url\":\"https:\\\/\\\/ca.kln.com\\\/information-security-management-policy-statement\\\/\",\"name\":\"Information Security Management Policy Statement - KLN\",\"isPartOf\":{\"@id\":\"https:\\\/\\\/ca.kln.com\\\/#website\"},\"datePublished\":\"2021-06-18T18:31:28+00:00\",\"dateModified\":\"2025-06-18T14:54:32+00:00\",\"description\":\"Our information security policy ensures the confidentiality, integrity, and availability of data across all logistics systems. We implement strict controls to safeguard digital assets and client information.\",\"breadcrumb\":{\"@id\":\"https:\\\/\\\/ca.kln.com\\\/information-security-management-policy-statement\\\/#breadcrumb\"},\"inLanguage\":\"fr-CA\",\"potentialAction\":[{\"@type\":\"ReadAction\",\"target\":[\"https:\\\/\\\/ca.kln.com\\\/information-security-management-policy-statement\\\/\"]}]},{\"@type\":\"BreadcrumbList\",\"@id\":\"https:\\\/\\\/ca.kln.com\\\/information-security-management-policy-statement\\\/#breadcrumb\",\"itemListElement\":[{\"@type\":\"ListItem\",\"position\":1,\"name\":\"Home\",\"item\":\"https:\\\/\\\/ca.kln.com\\\/\"},{\"@type\":\"ListItem\",\"position\":2,\"name\":\"Information Security Management Policy Statement\"}]},{\"@type\":\"WebSite\",\"@id\":\"https:\\\/\\\/ca.kln.com\\\/#website\",\"url\":\"https:\\\/\\\/ca.kln.com\\\/\",\"name\":\"KLN\",\"description\":\"\",\"publisher\":{\"@id\":\"https:\\\/\\\/ca.kln.com\\\/#organization\"},\"potentialAction\":[{\"@type\":\"SearchAction\",\"target\":{\"@type\":\"EntryPoint\",\"urlTemplate\":\"https:\\\/\\\/ca.kln.com\\\/?s={search_term_string}\"},\"query-input\":{\"@type\":\"PropertyValueSpecification\",\"valueRequired\":true,\"valueName\":\"search_term_string\"}}],\"inLanguage\":\"fr-CA\"},{\"@type\":\"Organization\",\"@id\":\"https:\\\/\\\/ca.kln.com\\\/#organization\",\"name\":\"KLN\",\"url\":\"https:\\\/\\\/ca.kln.com\\\/\",\"logo\":{\"@type\":\"ImageObject\",\"inLanguage\":\"fr-CA\",\"@id\":\"https:\\\/\\\/ca.kln.com\\\/#\\\/schema\\\/logo\\\/image\\\/\",\"url\":\"https:\\\/\\\/ca.kln.com\\\/wp-content\\\/uploads\\\/2025\\\/04\\\/kln-logo.jpg\",\"contentUrl\":\"https:\\\/\\\/ca.kln.com\\\/wp-content\\\/uploads\\\/2025\\\/04\\\/kln-logo.jpg\",\"width\":200,\"height\":79,\"caption\":\"KLN\"},\"image\":{\"@id\":\"https:\\\/\\\/ca.kln.com\\\/#\\\/schema\\\/logo\\\/image\\\/\"}}]}<\/script>\n<!-- \/ Yoast SEO Premium plugin. -->","yoast_head_json":{"title":"D\u00e9claration de politique de gestion de la s\u00e9curit\u00e9 de l\u2019information - KLN","description":"Notre politique de s\u00e9curit\u00e9 de l\u2019information garantit la confidentialit\u00e9, l\u2019int\u00e9grit\u00e9 et la disponibilit\u00e9 des donn\u00e9es dans tous les syst\u00e8mes logistiques. Nous mettons en place des contr\u00f4les stricts pour prot\u00e9ger les actifs num\u00e9riques et les informations clients.","robots":{"index":"index","follow":"follow","max-snippet":"max-snippet:-1","max-image-preview":"max-image-preview:large","max-video-preview":"max-video-preview:-1"},"canonical":"https:\/\/ca.kln.com\/fr\/declaration-de-politique-de-gestion-de-la-securite-de-linformation\/","og_locale":"fr_CA","og_type":"article","og_title":"Information Security Management Policy Statement","og_description":"Our information security policy ensures the confidentiality, integrity, and availability of data across all logistics systems. We implement strict controls to safeguard digital assets and client information.","og_url":"https:\/\/ca.kln.com\/fr\/declaration-de-politique-de-gestion-de-la-securite-de-linformation\/","og_site_name":"KLN","article_modified_time":"2025-06-18T14:54:32+00:00","twitter_card":"summary_large_image","twitter_misc":{"Estimation du temps de lecture":"2 minutes"},"schema":{"@context":"https:\/\/schema.org","@graph":[{"@type":"WebPage","@id":"https:\/\/ca.kln.com\/information-security-management-policy-statement\/","url":"https:\/\/ca.kln.com\/information-security-management-policy-statement\/","name":"D\u00e9claration de politique de gestion de la s\u00e9curit\u00e9 de l\u2019information - KLN","isPartOf":{"@id":"https:\/\/ca.kln.com\/#website"},"datePublished":"2021-06-18T18:31:28+00:00","dateModified":"2025-06-18T14:54:32+00:00","description":"Notre politique de s\u00e9curit\u00e9 de l\u2019information garantit la confidentialit\u00e9, l\u2019int\u00e9grit\u00e9 et la disponibilit\u00e9 des donn\u00e9es dans tous les syst\u00e8mes logistiques. Nous mettons en place des contr\u00f4les stricts pour prot\u00e9ger les actifs num\u00e9riques et les informations clients.","breadcrumb":{"@id":"https:\/\/ca.kln.com\/information-security-management-policy-statement\/#breadcrumb"},"inLanguage":"fr-CA","potentialAction":[{"@type":"ReadAction","target":["https:\/\/ca.kln.com\/information-security-management-policy-statement\/"]}]},{"@type":"BreadcrumbList","@id":"https:\/\/ca.kln.com\/information-security-management-policy-statement\/#breadcrumb","itemListElement":[{"@type":"ListItem","position":1,"name":"Home","item":"https:\/\/ca.kln.com\/"},{"@type":"ListItem","position":2,"name":"Information Security Management Policy Statement"}]},{"@type":"WebSite","@id":"https:\/\/ca.kln.com\/#website","url":"https:\/\/ca.kln.com\/","name":"KLN","description":"","publisher":{"@id":"https:\/\/ca.kln.com\/#organization"},"potentialAction":[{"@type":"SearchAction","target":{"@type":"EntryPoint","urlTemplate":"https:\/\/ca.kln.com\/?s={search_term_string}"},"query-input":{"@type":"PropertyValueSpecification","valueRequired":true,"valueName":"search_term_string"}}],"inLanguage":"fr-CA"},{"@type":"Organization","@id":"https:\/\/ca.kln.com\/#organization","name":"KLN","url":"https:\/\/ca.kln.com\/","logo":{"@type":"ImageObject","inLanguage":"fr-CA","@id":"https:\/\/ca.kln.com\/#\/schema\/logo\/image\/","url":"https:\/\/ca.kln.com\/wp-content\/uploads\/2025\/04\/kln-logo.jpg","contentUrl":"https:\/\/ca.kln.com\/wp-content\/uploads\/2025\/04\/kln-logo.jpg","width":200,"height":79,"caption":"KLN"},"image":{"@id":"https:\/\/ca.kln.com\/#\/schema\/logo\/image\/"}}]}},"_links":{"self":[{"href":"https:\/\/ca.kln.com\/fr\/wp-json\/wp\/v2\/pages\/1692","targetHints":{"allow":["GET"]}}],"collection":[{"href":"https:\/\/ca.kln.com\/fr\/wp-json\/wp\/v2\/pages"}],"about":[{"href":"https:\/\/ca.kln.com\/fr\/wp-json\/wp\/v2\/types\/page"}],"author":[{"embeddable":true,"href":"https:\/\/ca.kln.com\/fr\/wp-json\/wp\/v2\/users\/5"}],"replies":[{"embeddable":true,"href":"https:\/\/ca.kln.com\/fr\/wp-json\/wp\/v2\/comments?post=1692"}],"version-history":[{"count":3,"href":"https:\/\/ca.kln.com\/fr\/wp-json\/wp\/v2\/pages\/1692\/revisions"}],"predecessor-version":[{"id":4521,"href":"https:\/\/ca.kln.com\/fr\/wp-json\/wp\/v2\/pages\/1692\/revisions\/4521"}],"wp:attachment":[{"href":"https:\/\/ca.kln.com\/fr\/wp-json\/wp\/v2\/media?parent=1692"}],"curies":[{"name":"wp","href":"https:\/\/api.w.org\/{rel}","templated":true}]}}