{"id":1694,"date":"2021-06-18T18:32:13","date_gmt":"2021-06-18T18:32:13","guid":{"rendered":"http:\/\/kerry.pecon.ca\/?page_id=1694"},"modified":"2025-06-18T14:54:48","modified_gmt":"2025-06-18T14:54:48","slug":"declaration-de-politique-de-securite","status":"publish","type":"page","link":"https:\/\/ca.kln.com\/fr\/security-policy-statement\/","title":{"rendered":"D\u00e9claration de politique de s\u00e9curit\u00e9"},"content":{"rendered":"<div class=\"wpb-content-wrapper\"><div class=\"vc_row wpb_row vc_row-fluid dt-default\" style=\"margin-top: 0px;margin-bottom: 0px\"><div class=\"wpb_column vc_column_container vc_col-sm-12\" id=\"left_column\"><div class=\"vc_column-inner vc_custom_1745246120439\"><div class=\"wpb_wrapper\">\n\t<div class=\"wpb_text_column wpb_content_element\" >\n\t\t<div class=\"wpb_wrapper\">\n\t\t\t<h2 style=\"text-align: center;\">D\u00e9claration de politique de s\u00e9curit\u00e9<\/h2>\n<p>KLN s\u2019engage \u00e0 prot\u00e9ger ses employ\u00e9s, ses biens, ses informations, sa r\u00e9putation ainsi que les actifs de ses clients contre les menaces potentielles au sein de la cha\u00eene d\u2019approvisionnement. Cette politique s\u2019appuie sur les valeurs fondamentales de l\u2019entreprise, son code de conduite, son \u00e9thique professionnelle et les normes de s\u00e9curit\u00e9 de la cha\u00eene d\u2019approvisionnement, et guide nos op\u00e9rations tout au long de cette cha\u00eene. Toutes les activit\u00e9s de s\u00e9curit\u00e9 doivent respecter les principes g\u00e9n\u00e9raux suivants :<\/p>\n<ul class=\"me_ul\">\n<li>Tous les employ\u00e9s et sous-traitants doivent toujours \u00eatre conscients des aspects li\u00e9s \u00e0 la s\u00e9curit\u00e9 des activit\u00e9s de l\u2019entreprise et en assumer la responsabilit\u00e9 ;<\/li>\n<li>Des analyses de menaces et des \u00e9valuations des risques doivent \u00eatre r\u00e9alis\u00e9es r\u00e9guli\u00e8rement ;<\/li>\n<li>Les proc\u00e9dures et directives de s\u00e9curit\u00e9 doivent \u00eatre int\u00e9gr\u00e9es de mani\u00e8re fluide aux activit\u00e9s commerciales ;<\/li>\n<li>La pr\u00e9vention des incidents doit \u00eatre la priorit\u00e9 absolue ;<\/li>\n<li>Des plans de pr\u00e9paration et de r\u00e9ponse doivent \u00eatre \u00e9labor\u00e9s et test\u00e9s pour g\u00e9rer rapidement et efficacement les risques \u00e9valu\u00e9s ;<\/li>\n<li>Les mesures et proc\u00e9dures de s\u00e9curit\u00e9 doivent faire l\u2019objet d\u2019inspections, validations et v\u00e9rifications r\u00e9guli\u00e8res par des auditeurs de s\u00e9curit\u00e9 afin de maintenir des standards \u00e9lev\u00e9s pour les op\u00e9rations de KLN dans le monde ;<\/li>\n<li>Le niveau de professionnalisme, de connaissance et d\u2019int\u00e9grit\u00e9 du personnel impliqu\u00e9 dans les questions de s\u00e9curit\u00e9 doit \u00eatre strictement contr\u00f4l\u00e9 ;<\/li>\n<li>Des plans de formation appropri\u00e9s, des contr\u00f4les clients, ainsi que des proc\u00e9dures de recrutement, de contractualisation et de cessation doivent \u00eatre mis en place et appliqu\u00e9s ;<\/li>\n<li>Tous les incidents, y compris les violations de s\u00e9curit\u00e9 et les irr\u00e9gularit\u00e9s, doivent \u00eatre signal\u00e9s et enregistr\u00e9s. Des actions correctives doivent \u00eatre prises et suivies par des v\u00e9rifications r\u00e9guli\u00e8res afin d\u2019am\u00e9liorer le niveau global de s\u00e9curit\u00e9.<\/li>\n<\/ul>\n<p>Cette politique a \u00e9t\u00e9 approuv\u00e9e par le Comit\u00e9 ex\u00e9cutif mondial. Elle sera revue et, si n\u00e9cessaire, r\u00e9vis\u00e9e chaque ann\u00e9e afin de rester \u00e0 jour, puis publi\u00e9e sur notre site web d\u2019entreprise. Nous invitons les parties int\u00e9ress\u00e9es \u00e0 formuler leurs commentaires sur l\u2019application de cette politique ainsi que sur son contenu.<\/p>\n\n\t\t<\/div>\n\t<\/div>\n<\/div><\/div><\/div><\/div>\n<\/div>","protected":false},"excerpt":{"rendered":"<p>D\u00e9claration de politique de s\u00e9curit\u00e9 KLN s'engage \u00e0 prot\u00e9ger ses employ\u00e9s, ses biens, ses informations, sa r\u00e9putation et les actifs de ses clients contre les menaces potentielles dans la cha\u00eene d'approvisionnement. Cette politique est guid\u00e9e par les valeurs fondamentales de l'entreprise, le code de conduite, l'\u00e9thique commerciale et les normes de s\u00e9curit\u00e9 de la cha\u00eene d'approvisionnement, et elle fa\u00e7onne la mani\u00e8re dont nous op\u00e9rons tout au long de la cha\u00eene d'approvisionnement.....<\/p>","protected":false},"author":5,"featured_media":0,"parent":0,"menu_order":0,"comment_status":"closed","ping_status":"open","template":"","meta":{"footnotes":"","_wp_rev_ctl_limit":""},"class_list":["post-1694","page","type-page","status-publish","hentry","description-off"],"yoast_head":"<!-- This site is optimized with the Yoast SEO Premium plugin v25.3 (Yoast SEO v27.3) - https:\/\/yoast.com\/product\/yoast-seo-premium-wordpress\/ -->\n<title>Security Policy Statement - KLN<\/title>\n<meta name=\"description\" content=\"Our security policy outlines measures to protect personnel, cargo, facilities, and information. We uphold the highest standards to ensure safe, secure logistics and supply chain operations.\" \/>\n<meta name=\"robots\" content=\"index, follow, max-snippet:-1, max-image-preview:large, max-video-preview:-1\" \/>\n<link rel=\"canonical\" href=\"https:\/\/ca.kln.com\/fr\/declaration-de-politique-de-securite\/\" \/>\n<meta property=\"og:locale\" content=\"fr_CA\" \/>\n<meta property=\"og:type\" content=\"article\" \/>\n<meta property=\"og:title\" content=\"Security Policy Statement\" \/>\n<meta property=\"og:description\" content=\"Our security policy outlines measures to protect personnel, cargo, facilities, and information. We uphold the highest standards to ensure safe, secure logistics and supply chain operations.\" \/>\n<meta property=\"og:url\" content=\"https:\/\/ca.kln.com\/fr\/declaration-de-politique-de-securite\/\" \/>\n<meta property=\"og:site_name\" content=\"KLN\" \/>\n<meta property=\"article:modified_time\" content=\"2025-06-18T14:54:48+00:00\" \/>\n<meta name=\"twitter:card\" content=\"summary_large_image\" \/>\n<meta name=\"twitter:label1\" content=\"Estimation du temps de lecture\" \/>\n\t<meta name=\"twitter:data1\" content=\"2 minutes\" \/>\n<script type=\"application\/ld+json\" class=\"yoast-schema-graph\">{\"@context\":\"https:\\\/\\\/schema.org\",\"@graph\":[{\"@type\":\"WebPage\",\"@id\":\"https:\\\/\\\/ca.kln.com\\\/security-policy-statement\\\/\",\"url\":\"https:\\\/\\\/ca.kln.com\\\/security-policy-statement\\\/\",\"name\":\"Security Policy Statement - KLN\",\"isPartOf\":{\"@id\":\"https:\\\/\\\/ca.kln.com\\\/#website\"},\"datePublished\":\"2021-06-18T18:32:13+00:00\",\"dateModified\":\"2025-06-18T14:54:48+00:00\",\"description\":\"Our security policy outlines measures to protect personnel, cargo, facilities, and information. We uphold the highest standards to ensure safe, secure logistics and supply chain operations.\",\"breadcrumb\":{\"@id\":\"https:\\\/\\\/ca.kln.com\\\/security-policy-statement\\\/#breadcrumb\"},\"inLanguage\":\"fr-CA\",\"potentialAction\":[{\"@type\":\"ReadAction\",\"target\":[\"https:\\\/\\\/ca.kln.com\\\/security-policy-statement\\\/\"]}]},{\"@type\":\"BreadcrumbList\",\"@id\":\"https:\\\/\\\/ca.kln.com\\\/security-policy-statement\\\/#breadcrumb\",\"itemListElement\":[{\"@type\":\"ListItem\",\"position\":1,\"name\":\"Home\",\"item\":\"https:\\\/\\\/ca.kln.com\\\/\"},{\"@type\":\"ListItem\",\"position\":2,\"name\":\"Security Policy Statement\"}]},{\"@type\":\"WebSite\",\"@id\":\"https:\\\/\\\/ca.kln.com\\\/#website\",\"url\":\"https:\\\/\\\/ca.kln.com\\\/\",\"name\":\"KLN\",\"description\":\"\",\"publisher\":{\"@id\":\"https:\\\/\\\/ca.kln.com\\\/#organization\"},\"potentialAction\":[{\"@type\":\"SearchAction\",\"target\":{\"@type\":\"EntryPoint\",\"urlTemplate\":\"https:\\\/\\\/ca.kln.com\\\/?s={search_term_string}\"},\"query-input\":{\"@type\":\"PropertyValueSpecification\",\"valueRequired\":true,\"valueName\":\"search_term_string\"}}],\"inLanguage\":\"fr-CA\"},{\"@type\":\"Organization\",\"@id\":\"https:\\\/\\\/ca.kln.com\\\/#organization\",\"name\":\"KLN\",\"url\":\"https:\\\/\\\/ca.kln.com\\\/\",\"logo\":{\"@type\":\"ImageObject\",\"inLanguage\":\"fr-CA\",\"@id\":\"https:\\\/\\\/ca.kln.com\\\/#\\\/schema\\\/logo\\\/image\\\/\",\"url\":\"https:\\\/\\\/ca.kln.com\\\/wp-content\\\/uploads\\\/2025\\\/04\\\/kln-logo.jpg\",\"contentUrl\":\"https:\\\/\\\/ca.kln.com\\\/wp-content\\\/uploads\\\/2025\\\/04\\\/kln-logo.jpg\",\"width\":200,\"height\":79,\"caption\":\"KLN\"},\"image\":{\"@id\":\"https:\\\/\\\/ca.kln.com\\\/#\\\/schema\\\/logo\\\/image\\\/\"}}]}<\/script>\n<!-- \/ Yoast SEO Premium plugin. -->","yoast_head_json":{"title":"D\u00e9claration de politique de s\u00e9curit\u00e9 - KLN","description":"Notre politique de s\u00e9curit\u00e9 d\u00e9finit les mesures visant \u00e0 prot\u00e9ger le personnel, les cargaisons, les installations et les informations. Nous respectons les normes les plus strictes pour garantir des op\u00e9rations logistiques et de cha\u00eene d\u2019approvisionnement s\u00fbres et s\u00e9curis\u00e9es.","robots":{"index":"index","follow":"follow","max-snippet":"max-snippet:-1","max-image-preview":"max-image-preview:large","max-video-preview":"max-video-preview:-1"},"canonical":"https:\/\/ca.kln.com\/fr\/declaration-de-politique-de-securite\/","og_locale":"fr_CA","og_type":"article","og_title":"Security Policy Statement","og_description":"Our security policy outlines measures to protect personnel, cargo, facilities, and information. We uphold the highest standards to ensure safe, secure logistics and supply chain operations.","og_url":"https:\/\/ca.kln.com\/fr\/declaration-de-politique-de-securite\/","og_site_name":"KLN","article_modified_time":"2025-06-18T14:54:48+00:00","twitter_card":"summary_large_image","twitter_misc":{"Estimation du temps de lecture":"2 minutes"},"schema":{"@context":"https:\/\/schema.org","@graph":[{"@type":"WebPage","@id":"https:\/\/ca.kln.com\/security-policy-statement\/","url":"https:\/\/ca.kln.com\/security-policy-statement\/","name":"D\u00e9claration de politique de s\u00e9curit\u00e9 - KLN","isPartOf":{"@id":"https:\/\/ca.kln.com\/#website"},"datePublished":"2021-06-18T18:32:13+00:00","dateModified":"2025-06-18T14:54:48+00:00","description":"Notre politique de s\u00e9curit\u00e9 d\u00e9finit les mesures visant \u00e0 prot\u00e9ger le personnel, les cargaisons, les installations et les informations. Nous respectons les normes les plus strictes pour garantir des op\u00e9rations logistiques et de cha\u00eene d\u2019approvisionnement s\u00fbres et s\u00e9curis\u00e9es.","breadcrumb":{"@id":"https:\/\/ca.kln.com\/security-policy-statement\/#breadcrumb"},"inLanguage":"fr-CA","potentialAction":[{"@type":"ReadAction","target":["https:\/\/ca.kln.com\/security-policy-statement\/"]}]},{"@type":"BreadcrumbList","@id":"https:\/\/ca.kln.com\/security-policy-statement\/#breadcrumb","itemListElement":[{"@type":"ListItem","position":1,"name":"Home","item":"https:\/\/ca.kln.com\/"},{"@type":"ListItem","position":2,"name":"Security Policy Statement"}]},{"@type":"WebSite","@id":"https:\/\/ca.kln.com\/#website","url":"https:\/\/ca.kln.com\/","name":"KLN","description":"","publisher":{"@id":"https:\/\/ca.kln.com\/#organization"},"potentialAction":[{"@type":"SearchAction","target":{"@type":"EntryPoint","urlTemplate":"https:\/\/ca.kln.com\/?s={search_term_string}"},"query-input":{"@type":"PropertyValueSpecification","valueRequired":true,"valueName":"search_term_string"}}],"inLanguage":"fr-CA"},{"@type":"Organization","@id":"https:\/\/ca.kln.com\/#organization","name":"KLN","url":"https:\/\/ca.kln.com\/","logo":{"@type":"ImageObject","inLanguage":"fr-CA","@id":"https:\/\/ca.kln.com\/#\/schema\/logo\/image\/","url":"https:\/\/ca.kln.com\/wp-content\/uploads\/2025\/04\/kln-logo.jpg","contentUrl":"https:\/\/ca.kln.com\/wp-content\/uploads\/2025\/04\/kln-logo.jpg","width":200,"height":79,"caption":"KLN"},"image":{"@id":"https:\/\/ca.kln.com\/#\/schema\/logo\/image\/"}}]}},"_links":{"self":[{"href":"https:\/\/ca.kln.com\/fr\/wp-json\/wp\/v2\/pages\/1694","targetHints":{"allow":["GET"]}}],"collection":[{"href":"https:\/\/ca.kln.com\/fr\/wp-json\/wp\/v2\/pages"}],"about":[{"href":"https:\/\/ca.kln.com\/fr\/wp-json\/wp\/v2\/types\/page"}],"author":[{"embeddable":true,"href":"https:\/\/ca.kln.com\/fr\/wp-json\/wp\/v2\/users\/5"}],"replies":[{"embeddable":true,"href":"https:\/\/ca.kln.com\/fr\/wp-json\/wp\/v2\/comments?post=1694"}],"version-history":[{"count":4,"href":"https:\/\/ca.kln.com\/fr\/wp-json\/wp\/v2\/pages\/1694\/revisions"}],"predecessor-version":[{"id":4528,"href":"https:\/\/ca.kln.com\/fr\/wp-json\/wp\/v2\/pages\/1694\/revisions\/4528"}],"wp:attachment":[{"href":"https:\/\/ca.kln.com\/fr\/wp-json\/wp\/v2\/media?parent=1694"}],"curies":[{"name":"wp","href":"https:\/\/api.w.org\/{rel}","templated":true}]}}