{"id":1696,"date":"2021-06-18T18:33:30","date_gmt":"2021-06-18T18:33:30","guid":{"rendered":"http:\/\/kerry.pecon.ca\/?page_id=1696"},"modified":"2025-06-18T14:55:10","modified_gmt":"2025-06-18T14:55:10","slug":"declaration-de-politique-de-gestion-de-la-continuite-des-activites","status":"publish","type":"page","link":"https:\/\/ca.kln.com\/fr\/business-continuity-management-policy-statement\/","title":{"rendered":"D\u00e9claration de politique de gestion de la continuit\u00e9 des activit\u00e9s"},"content":{"rendered":"<div class=\"wpb-content-wrapper\"><div class=\"vc_row wpb_row vc_row-fluid dt-default\" style=\"margin-top: 0px;margin-bottom: 0px\"><div class=\"wpb_column vc_column_container vc_col-sm-12\" id=\"left_column\"><div class=\"vc_column-inner vc_custom_1745245743554\"><div class=\"wpb_wrapper\">\n\t<div class=\"wpb_text_column wpb_content_element\" >\n\t\t<div class=\"wpb_wrapper\">\n\t\t\t<h2 style=\"text-align: center;\">D\u00e9claration de politique de gestion de la continuit\u00e9 des activit\u00e9s<\/h2>\n<p>KLN s\u2019engage \u00e0 mettre en \u0153uvre une gestion de la continuit\u00e9 des activit\u00e9s (\u00ab GCA \u00bb) bas\u00e9e sur les bonnes pratiques du BCI et la norme internationale ISO 22301:2012. Nous nous effor\u00e7ons de d\u00e9velopper un syst\u00e8me de GCA afin d\u2019am\u00e9liorer la r\u00e9silience globale de l\u2019entreprise en cas de perturbation majeure des activit\u00e9s. Nous pr\u00e9parerons et maintiendrons des plans de continuit\u00e9 des activit\u00e9s (\u00ab PCA \u00bb) pour assurer, dans la mesure du raisonnable, la reprise des capacit\u00e9s op\u00e9rationnelles et la poursuite de la livraison de nos produits et services essentiels en situation d\u2019urgence.<\/p>\n<p>Cette politique a \u00e9t\u00e9 approuv\u00e9e par le Comit\u00e9 ex\u00e9cutif mondial. Elle sera revue et, si n\u00e9cessaire, r\u00e9vis\u00e9e chaque ann\u00e9e afin de rester \u00e0 jour, puis publi\u00e9e sur notre site web d\u2019entreprise. Nous invitons les parties int\u00e9ress\u00e9es \u00e0 formuler leurs commentaires sur l\u2019application de cette politique ainsi que sur son contenu.<\/p>\n\n\t\t<\/div>\n\t<\/div>\n<\/div><\/div><\/div><\/div>\n<\/div>","protected":false},"excerpt":{"rendered":"<p>D\u00e9claration de politique de gestion de la continuit\u00e9 des activit\u00e9s La KLN s'est engag\u00e9e \u00e0 mettre en \u0153uvre une gestion de la continuit\u00e9 des activit\u00e9s (\u201cBCM\u201d) bas\u00e9e sur les lignes directrices de bonnes pratiques du BCI et sur la norme internationale ISO22301:2012. Nous nous effor\u00e7ons de d\u00e9velopper un syst\u00e8me de gestion de la continuit\u00e9 des activit\u00e9s afin d'am\u00e9liorer la r\u00e9silience de l'ensemble de l'entreprise en cas de perturbation importante des activit\u00e9s. Nous pr\u00e9parerons et tiendrons \u00e0 jour des plans de continuit\u00e9 des activit\u00e9s (\u201cBCP\u201d) pour...<\/p>","protected":false},"author":5,"featured_media":0,"parent":0,"menu_order":0,"comment_status":"closed","ping_status":"open","template":"","meta":{"footnotes":"","_wp_rev_ctl_limit":""},"class_list":["post-1696","page","type-page","status-publish","hentry","description-off"],"yoast_head":"<!-- This site is optimized with the Yoast SEO Premium plugin v25.3 (Yoast SEO v27.3) - https:\/\/yoast.com\/product\/yoast-seo-premium-wordpress\/ -->\n<title>Business Continuity Management Policy Statement - KLN<\/title>\n<meta name=\"description\" content=\"Our business continuity policy safeguards logistics operations against disruptions. We ensure preparedness, rapid recovery, and minimal service impact through proactive risk management.\" \/>\n<meta name=\"robots\" content=\"index, follow, max-snippet:-1, max-image-preview:large, max-video-preview:-1\" \/>\n<link rel=\"canonical\" href=\"https:\/\/ca.kln.com\/fr\/declaration-de-politique-de-gestion-de-la-continuite-des-activites\/\" \/>\n<meta property=\"og:locale\" content=\"fr_CA\" \/>\n<meta property=\"og:type\" content=\"article\" \/>\n<meta property=\"og:title\" content=\"Business Continuity Management Policy Statement\" \/>\n<meta property=\"og:description\" content=\"Our business continuity policy safeguards logistics operations against disruptions. We ensure preparedness, rapid recovery, and minimal service impact through proactive risk management.\" \/>\n<meta property=\"og:url\" content=\"https:\/\/ca.kln.com\/fr\/declaration-de-politique-de-gestion-de-la-continuite-des-activites\/\" \/>\n<meta property=\"og:site_name\" content=\"KLN\" \/>\n<meta property=\"article:modified_time\" content=\"2025-06-18T14:55:10+00:00\" \/>\n<meta name=\"twitter:card\" content=\"summary_large_image\" \/>\n<meta name=\"twitter:label1\" content=\"Estimation du temps de lecture\" \/>\n\t<meta name=\"twitter:data1\" content=\"1 minute\" \/>\n<script type=\"application\/ld+json\" class=\"yoast-schema-graph\">{\"@context\":\"https:\\\/\\\/schema.org\",\"@graph\":[{\"@type\":\"WebPage\",\"@id\":\"https:\\\/\\\/ca.kln.com\\\/business-continuity-management-policy-statement\\\/\",\"url\":\"https:\\\/\\\/ca.kln.com\\\/business-continuity-management-policy-statement\\\/\",\"name\":\"Business Continuity Management Policy Statement - KLN\",\"isPartOf\":{\"@id\":\"https:\\\/\\\/ca.kln.com\\\/#website\"},\"datePublished\":\"2021-06-18T18:33:30+00:00\",\"dateModified\":\"2025-06-18T14:55:10+00:00\",\"description\":\"Our business continuity policy safeguards logistics operations against disruptions. We ensure preparedness, rapid recovery, and minimal service impact through proactive risk management.\",\"breadcrumb\":{\"@id\":\"https:\\\/\\\/ca.kln.com\\\/business-continuity-management-policy-statement\\\/#breadcrumb\"},\"inLanguage\":\"fr-CA\",\"potentialAction\":[{\"@type\":\"ReadAction\",\"target\":[\"https:\\\/\\\/ca.kln.com\\\/business-continuity-management-policy-statement\\\/\"]}]},{\"@type\":\"BreadcrumbList\",\"@id\":\"https:\\\/\\\/ca.kln.com\\\/business-continuity-management-policy-statement\\\/#breadcrumb\",\"itemListElement\":[{\"@type\":\"ListItem\",\"position\":1,\"name\":\"Home\",\"item\":\"https:\\\/\\\/ca.kln.com\\\/\"},{\"@type\":\"ListItem\",\"position\":2,\"name\":\"Business Continuity Management Policy Statement\"}]},{\"@type\":\"WebSite\",\"@id\":\"https:\\\/\\\/ca.kln.com\\\/#website\",\"url\":\"https:\\\/\\\/ca.kln.com\\\/\",\"name\":\"KLN\",\"description\":\"\",\"publisher\":{\"@id\":\"https:\\\/\\\/ca.kln.com\\\/#organization\"},\"potentialAction\":[{\"@type\":\"SearchAction\",\"target\":{\"@type\":\"EntryPoint\",\"urlTemplate\":\"https:\\\/\\\/ca.kln.com\\\/?s={search_term_string}\"},\"query-input\":{\"@type\":\"PropertyValueSpecification\",\"valueRequired\":true,\"valueName\":\"search_term_string\"}}],\"inLanguage\":\"fr-CA\"},{\"@type\":\"Organization\",\"@id\":\"https:\\\/\\\/ca.kln.com\\\/#organization\",\"name\":\"KLN\",\"url\":\"https:\\\/\\\/ca.kln.com\\\/\",\"logo\":{\"@type\":\"ImageObject\",\"inLanguage\":\"fr-CA\",\"@id\":\"https:\\\/\\\/ca.kln.com\\\/#\\\/schema\\\/logo\\\/image\\\/\",\"url\":\"https:\\\/\\\/ca.kln.com\\\/wp-content\\\/uploads\\\/2025\\\/04\\\/kln-logo.jpg\",\"contentUrl\":\"https:\\\/\\\/ca.kln.com\\\/wp-content\\\/uploads\\\/2025\\\/04\\\/kln-logo.jpg\",\"width\":200,\"height\":79,\"caption\":\"KLN\"},\"image\":{\"@id\":\"https:\\\/\\\/ca.kln.com\\\/#\\\/schema\\\/logo\\\/image\\\/\"}}]}<\/script>\n<!-- \/ Yoast SEO Premium plugin. -->","yoast_head_json":{"title":"D\u00e9claration de politique de gestion de la continuit\u00e9 des activit\u00e9s - KLN","description":"Notre politique de continuit\u00e9 des activit\u00e9s prot\u00e8ge les op\u00e9rations logistiques contre les interruptions. Nous garantissons la pr\u00e9paration, une reprise rapide et un impact minimal sur le service gr\u00e2ce \u00e0 une gestion proactive des risques.","robots":{"index":"index","follow":"follow","max-snippet":"max-snippet:-1","max-image-preview":"max-image-preview:large","max-video-preview":"max-video-preview:-1"},"canonical":"https:\/\/ca.kln.com\/fr\/declaration-de-politique-de-gestion-de-la-continuite-des-activites\/","og_locale":"fr_CA","og_type":"article","og_title":"Business Continuity Management Policy Statement","og_description":"Our business continuity policy safeguards logistics operations against disruptions. We ensure preparedness, rapid recovery, and minimal service impact through proactive risk management.","og_url":"https:\/\/ca.kln.com\/fr\/declaration-de-politique-de-gestion-de-la-continuite-des-activites\/","og_site_name":"KLN","article_modified_time":"2025-06-18T14:55:10+00:00","twitter_card":"summary_large_image","twitter_misc":{"Estimation du temps de lecture":"1 minute"},"schema":{"@context":"https:\/\/schema.org","@graph":[{"@type":"WebPage","@id":"https:\/\/ca.kln.com\/business-continuity-management-policy-statement\/","url":"https:\/\/ca.kln.com\/business-continuity-management-policy-statement\/","name":"D\u00e9claration de politique de gestion de la continuit\u00e9 des activit\u00e9s - KLN","isPartOf":{"@id":"https:\/\/ca.kln.com\/#website"},"datePublished":"2021-06-18T18:33:30+00:00","dateModified":"2025-06-18T14:55:10+00:00","description":"Notre politique de continuit\u00e9 des activit\u00e9s prot\u00e8ge les op\u00e9rations logistiques contre les interruptions. Nous garantissons la pr\u00e9paration, une reprise rapide et un impact minimal sur le service gr\u00e2ce \u00e0 une gestion proactive des risques.","breadcrumb":{"@id":"https:\/\/ca.kln.com\/business-continuity-management-policy-statement\/#breadcrumb"},"inLanguage":"fr-CA","potentialAction":[{"@type":"ReadAction","target":["https:\/\/ca.kln.com\/business-continuity-management-policy-statement\/"]}]},{"@type":"BreadcrumbList","@id":"https:\/\/ca.kln.com\/business-continuity-management-policy-statement\/#breadcrumb","itemListElement":[{"@type":"ListItem","position":1,"name":"Home","item":"https:\/\/ca.kln.com\/"},{"@type":"ListItem","position":2,"name":"Business Continuity Management Policy Statement"}]},{"@type":"WebSite","@id":"https:\/\/ca.kln.com\/#website","url":"https:\/\/ca.kln.com\/","name":"KLN","description":"","publisher":{"@id":"https:\/\/ca.kln.com\/#organization"},"potentialAction":[{"@type":"SearchAction","target":{"@type":"EntryPoint","urlTemplate":"https:\/\/ca.kln.com\/?s={search_term_string}"},"query-input":{"@type":"PropertyValueSpecification","valueRequired":true,"valueName":"search_term_string"}}],"inLanguage":"fr-CA"},{"@type":"Organization","@id":"https:\/\/ca.kln.com\/#organization","name":"KLN","url":"https:\/\/ca.kln.com\/","logo":{"@type":"ImageObject","inLanguage":"fr-CA","@id":"https:\/\/ca.kln.com\/#\/schema\/logo\/image\/","url":"https:\/\/ca.kln.com\/wp-content\/uploads\/2025\/04\/kln-logo.jpg","contentUrl":"https:\/\/ca.kln.com\/wp-content\/uploads\/2025\/04\/kln-logo.jpg","width":200,"height":79,"caption":"KLN"},"image":{"@id":"https:\/\/ca.kln.com\/#\/schema\/logo\/image\/"}}]}},"_links":{"self":[{"href":"https:\/\/ca.kln.com\/fr\/wp-json\/wp\/v2\/pages\/1696","targetHints":{"allow":["GET"]}}],"collection":[{"href":"https:\/\/ca.kln.com\/fr\/wp-json\/wp\/v2\/pages"}],"about":[{"href":"https:\/\/ca.kln.com\/fr\/wp-json\/wp\/v2\/types\/page"}],"author":[{"embeddable":true,"href":"https:\/\/ca.kln.com\/fr\/wp-json\/wp\/v2\/users\/5"}],"replies":[{"embeddable":true,"href":"https:\/\/ca.kln.com\/fr\/wp-json\/wp\/v2\/comments?post=1696"}],"version-history":[{"count":3,"href":"https:\/\/ca.kln.com\/fr\/wp-json\/wp\/v2\/pages\/1696\/revisions"}],"predecessor-version":[{"id":4515,"href":"https:\/\/ca.kln.com\/fr\/wp-json\/wp\/v2\/pages\/1696\/revisions\/4515"}],"wp:attachment":[{"href":"https:\/\/ca.kln.com\/fr\/wp-json\/wp\/v2\/media?parent=1696"}],"curies":[{"name":"wp","href":"https:\/\/api.w.org\/{rel}","templated":true}]}}