{"id":1698,"date":"2021-06-18T18:34:15","date_gmt":"2021-06-18T18:34:15","guid":{"rendered":"http:\/\/kerry.pecon.ca\/?page_id=1698"},"modified":"2025-06-18T14:55:28","modified_gmt":"2025-06-18T14:55:28","slug":"declaration-de-politique-5s","status":"publish","type":"page","link":"https:\/\/ca.kln.com\/fr\/5s-policy-statement\/","title":{"rendered":"D\u00e9claration de politique 5S"},"content":{"rendered":"<div class=\"wpb-content-wrapper\"><div class=\"vc_row wpb_row vc_row-fluid dt-default\" style=\"margin-top: 0px;margin-bottom: 0px\"><div class=\"wpb_column vc_column_container vc_col-sm-12\" id=\"left_column\"><div class=\"vc_column-inner vc_custom_1745245717895\"><div class=\"wpb_wrapper\">\n\t<div class=\"wpb_text_column wpb_content_element\" >\n\t\t<div class=\"wpb_wrapper\">\n\t\t\t<h2 style=\"text-align: center;\">D\u00e9claration de politique 5S<\/h2>\n<p>KLN s\u2019engage \u00e0 promouvoir le d\u00e9veloppement durable de l\u2019entreprise et l\u2019am\u00e9lioration continue. Nous visons \u00e0 atteindre les objectifs suivants gr\u00e2ce \u00e0 la m\u00e9thode 5S :<\/p>\n<ul class=\"me_ul\">\n<li>Renforcer l\u2019esprit d\u2019\u00e9quipe<\/li>\n<li>Cr\u00e9er une culture d\u2019am\u00e9lioration continue<\/li>\n<li>Am\u00e9liorer la qualit\u00e9 des services clients<\/li>\n<li>Offrir un environnement de travail s\u00fbr<\/li>\n<li>R\u00e9duire les pannes de machines<\/li>\n<li>Assurer la capacit\u00e9 de continuit\u00e9 des activit\u00e9s<\/li>\n<li>Am\u00e9liorer l\u2019efficacit\u00e9 globale<\/li>\n<li>Minimiser la consommation des ressources op\u00e9rationnelles<\/li>\n<li>\u00c9conomiser l\u2019\u00e9nergie pour prot\u00e9ger l\u2019environnement<\/li>\n<li>Renforcer le contr\u00f4le de s\u00e9curit\u00e9 en logistique<\/li>\n<\/ul>\n<p>Cette politique a \u00e9t\u00e9 approuv\u00e9e par le Comit\u00e9 ex\u00e9cutif mondial. Elle sera revue et, si n\u00e9cessaire, r\u00e9vis\u00e9e chaque ann\u00e9e afin de rester \u00e0 jour, puis publi\u00e9e sur notre site web d\u2019entreprise. Nous invitons les parties int\u00e9ress\u00e9es \u00e0 formuler leurs commentaires sur l\u2019application de cette politique ainsi que sur son contenu.<\/p>\n\n\t\t<\/div>\n\t<\/div>\n<\/div><\/div><\/div><\/div>\n<\/div>","protected":false},"excerpt":{"rendered":"<p>D\u00e9claration de politique 5S KLN s'engage \u00e0 promouvoir le d\u00e9veloppement durable et l'am\u00e9lioration continue de l'entreprise. Nous visons \u00e0 atteindre les objectifs suivants gr\u00e2ce aux 5S : Renforcer l'esprit d'\u00e9quipe Cr\u00e9er une culture d'am\u00e9lioration continue Am\u00e9liorer la qualit\u00e9 des services \u00e0 la client\u00e8le Fournir un lieu de travail s\u00fbr R\u00e9duire les pannes de machines Assurer la capacit\u00e9 de continuit\u00e9 de l'entreprise....<\/p>","protected":false},"author":5,"featured_media":0,"parent":0,"menu_order":0,"comment_status":"closed","ping_status":"open","template":"","meta":{"footnotes":"","_wp_rev_ctl_limit":""},"class_list":["post-1698","page","type-page","status-publish","hentry","description-off"],"yoast_head":"<!-- This site is optimized with the Yoast SEO Premium plugin v25.3 (Yoast SEO v27.3) - https:\/\/yoast.com\/product\/yoast-seo-premium-wordpress\/ -->\n<title>5S Policy Statement - KLN<\/title>\n<meta name=\"description\" content=\"Our 5S policy promotes a clean, organized, and efficient work environment through Sort, Set in Order, Shine, Standardize, and Sustain\u2014enhancing productivity and safety in logistics operations.\" \/>\n<meta name=\"robots\" content=\"index, follow, max-snippet:-1, max-image-preview:large, max-video-preview:-1\" \/>\n<link rel=\"canonical\" href=\"https:\/\/ca.kln.com\/fr\/declaration-de-politique-5s\/\" \/>\n<meta property=\"og:locale\" content=\"fr_CA\" \/>\n<meta property=\"og:type\" content=\"article\" \/>\n<meta property=\"og:title\" content=\"5S Policy Statement\" \/>\n<meta property=\"og:description\" content=\"Our 5S policy promotes a clean, organized, and efficient work environment through Sort, Set in Order, Shine, Standardize, and Sustain\u2014enhancing productivity and safety in logistics operations.\" \/>\n<meta property=\"og:url\" content=\"https:\/\/ca.kln.com\/fr\/declaration-de-politique-5s\/\" \/>\n<meta property=\"og:site_name\" content=\"KLN\" \/>\n<meta property=\"article:modified_time\" content=\"2025-06-18T14:55:28+00:00\" \/>\n<meta name=\"twitter:card\" content=\"summary_large_image\" \/>\n<meta name=\"twitter:label1\" content=\"Estimation du temps de lecture\" \/>\n\t<meta name=\"twitter:data1\" content=\"1 minute\" \/>\n<script type=\"application\/ld+json\" class=\"yoast-schema-graph\">{\"@context\":\"https:\\\/\\\/schema.org\",\"@graph\":[{\"@type\":\"WebPage\",\"@id\":\"https:\\\/\\\/ca.kln.com\\\/5s-policy-statement\\\/\",\"url\":\"https:\\\/\\\/ca.kln.com\\\/5s-policy-statement\\\/\",\"name\":\"5S Policy Statement - KLN\",\"isPartOf\":{\"@id\":\"https:\\\/\\\/ca.kln.com\\\/#website\"},\"datePublished\":\"2021-06-18T18:34:15+00:00\",\"dateModified\":\"2025-06-18T14:55:28+00:00\",\"description\":\"Our 5S policy promotes a clean, organized, and efficient work environment through Sort, Set in Order, Shine, Standardize, and Sustain\u2014enhancing productivity and safety in logistics operations.\",\"breadcrumb\":{\"@id\":\"https:\\\/\\\/ca.kln.com\\\/5s-policy-statement\\\/#breadcrumb\"},\"inLanguage\":\"fr-CA\",\"potentialAction\":[{\"@type\":\"ReadAction\",\"target\":[\"https:\\\/\\\/ca.kln.com\\\/5s-policy-statement\\\/\"]}]},{\"@type\":\"BreadcrumbList\",\"@id\":\"https:\\\/\\\/ca.kln.com\\\/5s-policy-statement\\\/#breadcrumb\",\"itemListElement\":[{\"@type\":\"ListItem\",\"position\":1,\"name\":\"Home\",\"item\":\"https:\\\/\\\/ca.kln.com\\\/\"},{\"@type\":\"ListItem\",\"position\":2,\"name\":\"5S Policy Statement\"}]},{\"@type\":\"WebSite\",\"@id\":\"https:\\\/\\\/ca.kln.com\\\/#website\",\"url\":\"https:\\\/\\\/ca.kln.com\\\/\",\"name\":\"KLN\",\"description\":\"\",\"publisher\":{\"@id\":\"https:\\\/\\\/ca.kln.com\\\/#organization\"},\"potentialAction\":[{\"@type\":\"SearchAction\",\"target\":{\"@type\":\"EntryPoint\",\"urlTemplate\":\"https:\\\/\\\/ca.kln.com\\\/?s={search_term_string}\"},\"query-input\":{\"@type\":\"PropertyValueSpecification\",\"valueRequired\":true,\"valueName\":\"search_term_string\"}}],\"inLanguage\":\"fr-CA\"},{\"@type\":\"Organization\",\"@id\":\"https:\\\/\\\/ca.kln.com\\\/#organization\",\"name\":\"KLN\",\"url\":\"https:\\\/\\\/ca.kln.com\\\/\",\"logo\":{\"@type\":\"ImageObject\",\"inLanguage\":\"fr-CA\",\"@id\":\"https:\\\/\\\/ca.kln.com\\\/#\\\/schema\\\/logo\\\/image\\\/\",\"url\":\"https:\\\/\\\/ca.kln.com\\\/wp-content\\\/uploads\\\/2025\\\/04\\\/kln-logo.jpg\",\"contentUrl\":\"https:\\\/\\\/ca.kln.com\\\/wp-content\\\/uploads\\\/2025\\\/04\\\/kln-logo.jpg\",\"width\":200,\"height\":79,\"caption\":\"KLN\"},\"image\":{\"@id\":\"https:\\\/\\\/ca.kln.com\\\/#\\\/schema\\\/logo\\\/image\\\/\"}}]}<\/script>\n<!-- \/ Yoast SEO Premium plugin. -->","yoast_head_json":{"title":"D\u00e9claration de politique 5S - KLN","description":"Notre politique 5S favorise un environnement de travail propre, organis\u00e9 et efficace gr\u00e2ce aux principes Trier, Ranger, Nettoyer, Standardiser et Maintenir \u2014 am\u00e9liorant la productivit\u00e9 et la s\u00e9curit\u00e9 dans les op\u00e9rations logistiques.","robots":{"index":"index","follow":"follow","max-snippet":"max-snippet:-1","max-image-preview":"max-image-preview:large","max-video-preview":"max-video-preview:-1"},"canonical":"https:\/\/ca.kln.com\/fr\/declaration-de-politique-5s\/","og_locale":"fr_CA","og_type":"article","og_title":"5S Policy Statement","og_description":"Our 5S policy promotes a clean, organized, and efficient work environment through Sort, Set in Order, Shine, Standardize, and Sustain\u2014enhancing productivity and safety in logistics operations.","og_url":"https:\/\/ca.kln.com\/fr\/declaration-de-politique-5s\/","og_site_name":"KLN","article_modified_time":"2025-06-18T14:55:28+00:00","twitter_card":"summary_large_image","twitter_misc":{"Estimation du temps de lecture":"1 minute"},"schema":{"@context":"https:\/\/schema.org","@graph":[{"@type":"WebPage","@id":"https:\/\/ca.kln.com\/5s-policy-statement\/","url":"https:\/\/ca.kln.com\/5s-policy-statement\/","name":"D\u00e9claration de politique 5S - KLN","isPartOf":{"@id":"https:\/\/ca.kln.com\/#website"},"datePublished":"2021-06-18T18:34:15+00:00","dateModified":"2025-06-18T14:55:28+00:00","description":"Notre politique 5S favorise un environnement de travail propre, organis\u00e9 et efficace gr\u00e2ce aux principes Trier, Ranger, Nettoyer, Standardiser et Maintenir \u2014 am\u00e9liorant la productivit\u00e9 et la s\u00e9curit\u00e9 dans les op\u00e9rations logistiques.","breadcrumb":{"@id":"https:\/\/ca.kln.com\/5s-policy-statement\/#breadcrumb"},"inLanguage":"fr-CA","potentialAction":[{"@type":"ReadAction","target":["https:\/\/ca.kln.com\/5s-policy-statement\/"]}]},{"@type":"BreadcrumbList","@id":"https:\/\/ca.kln.com\/5s-policy-statement\/#breadcrumb","itemListElement":[{"@type":"ListItem","position":1,"name":"Home","item":"https:\/\/ca.kln.com\/"},{"@type":"ListItem","position":2,"name":"5S Policy Statement"}]},{"@type":"WebSite","@id":"https:\/\/ca.kln.com\/#website","url":"https:\/\/ca.kln.com\/","name":"KLN","description":"","publisher":{"@id":"https:\/\/ca.kln.com\/#organization"},"potentialAction":[{"@type":"SearchAction","target":{"@type":"EntryPoint","urlTemplate":"https:\/\/ca.kln.com\/?s={search_term_string}"},"query-input":{"@type":"PropertyValueSpecification","valueRequired":true,"valueName":"search_term_string"}}],"inLanguage":"fr-CA"},{"@type":"Organization","@id":"https:\/\/ca.kln.com\/#organization","name":"KLN","url":"https:\/\/ca.kln.com\/","logo":{"@type":"ImageObject","inLanguage":"fr-CA","@id":"https:\/\/ca.kln.com\/#\/schema\/logo\/image\/","url":"https:\/\/ca.kln.com\/wp-content\/uploads\/2025\/04\/kln-logo.jpg","contentUrl":"https:\/\/ca.kln.com\/wp-content\/uploads\/2025\/04\/kln-logo.jpg","width":200,"height":79,"caption":"KLN"},"image":{"@id":"https:\/\/ca.kln.com\/#\/schema\/logo\/image\/"}}]}},"_links":{"self":[{"href":"https:\/\/ca.kln.com\/fr\/wp-json\/wp\/v2\/pages\/1698","targetHints":{"allow":["GET"]}}],"collection":[{"href":"https:\/\/ca.kln.com\/fr\/wp-json\/wp\/v2\/pages"}],"about":[{"href":"https:\/\/ca.kln.com\/fr\/wp-json\/wp\/v2\/types\/page"}],"author":[{"embeddable":true,"href":"https:\/\/ca.kln.com\/fr\/wp-json\/wp\/v2\/users\/5"}],"replies":[{"embeddable":true,"href":"https:\/\/ca.kln.com\/fr\/wp-json\/wp\/v2\/comments?post=1698"}],"version-history":[{"count":4,"href":"https:\/\/ca.kln.com\/fr\/wp-json\/wp\/v2\/pages\/1698\/revisions"}],"predecessor-version":[{"id":4514,"href":"https:\/\/ca.kln.com\/fr\/wp-json\/wp\/v2\/pages\/1698\/revisions\/4514"}],"wp:attachment":[{"href":"https:\/\/ca.kln.com\/fr\/wp-json\/wp\/v2\/media?parent=1698"}],"curies":[{"name":"wp","href":"https:\/\/api.w.org\/{rel}","templated":true}]}}