{"id":1700,"date":"2021-06-18T18:35:04","date_gmt":"2021-06-18T18:35:04","guid":{"rendered":"http:\/\/kerry.pecon.ca\/?page_id=1700"},"modified":"2025-06-18T14:55:41","modified_gmt":"2025-06-18T14:55:41","slug":"declaration-de-politique-de-gestion-de-lentreposage-du-vin","status":"publish","type":"page","link":"https:\/\/ca.kln.com\/fr\/wine-storage-management-policy-statement\/","title":{"rendered":"D\u00e9claration de politique de gestion de l\u2019entreposage du vin"},"content":{"rendered":"<div class=\"wpb-content-wrapper\"><div class=\"vc_row wpb_row vc_row-fluid dt-default\" style=\"margin-top: 0px;margin-bottom: 0px\"><div class=\"wpb_column vc_column_container vc_col-sm-12\" id=\"left_column\"><div class=\"vc_column-inner vc_custom_1745246248192\"><div class=\"wpb_wrapper\">\n\t<div class=\"wpb_text_column wpb_content_element\" >\n\t\t<div class=\"wpb_wrapper\">\n\t\t\t<h2 style=\"text-align: center;\">D\u00e9claration de politique de gestion de l\u2019entreposage du vin<\/h2>\n<p>KLN s\u2019engage \u00e0 maintenir et am\u00e9liorer le Syst\u00e8me de Gestion de l\u2019Entreposage du Vin (\u00ab SGEV \u00bb) tant pour les vins fins que pour les vins commerciaux, en int\u00e9grant les meilleures pratiques applicables, y compris les exigences de certification et le code de bonnes pratiques d\u00e9finis par le syst\u00e8me HKQAA Wine Storage Management Systems. Notre vice-pr\u00e9sident et directeur g\u00e9n\u00e9ral, qui est le repr\u00e9sentant de la direction, veille \u00e0 la mise en \u0153uvre efficace et au maintien du SGEV, et \u00e9tablit des indicateurs de performance pour d\u00e9montrer l\u2019atteinte des objectifs d\u00e9finis ci-dessous.<\/p>\n<p>Il est de la responsabilit\u00e9 de chaque employ\u00e9 et sous-traitant de respecter cette politique et de contribuer \u00e0 atteindre les objectifs suivants :<\/p>\n<ul class=\"me_ul\">\n<li>Am\u00e9liorer continuellement et efficacement notre performance dans les activit\u00e9s d\u2019entreposage et de livraison du vin ;<\/li>\n<li>Respecter et d\u00e9passer les exigences de certification standard et le code de bonnes pratiques du syst\u00e8me HKQAA Wine Storage Management Systems ainsi que toutes les exigences l\u00e9gales applicables ;<\/li>\n<li>Promouvoir de bonnes pratiques d\u2019entreposage et de livraison du vin au sein de l\u2019entreprise et de l\u2019industrie ;<\/li>\n<li>\u00c9tablir et r\u00e9viser le Plan de gestion de l\u2019entreposage du vin et ses objectifs ;<\/li>\n<li>Identifier et minimiser les risques pouvant causer toute forme de perte et\/ou de dommage du vin en entrep\u00f4t ou en transit ;<\/li>\n<li>Pr\u00e9venir tout acc\u00e8s non autoris\u00e9 aux caves \u00e0 vin et aux moyens de transport ;<\/li>\n<li>Mettre en place un programme de maintenance pr\u00e9ventive afin de minimiser les pannes des \u00e9quipements, v\u00e9hicules, interruptions des services logistiques et coupures de courant ;<\/li>\n<li>R\u00e9duire les impacts environnementaux n\u00e9gatifs sur le vin, tels que les fluctuations de temp\u00e9rature et d\u2019humidit\u00e9 relative, l\u2019exposition aux rayons UV et les vibrations continues ;<\/li>\n<li>Sensibiliser les collaborateurs et sous-traitants au syst\u00e8me de gestion de l\u2019entreposage du vin (SGEV) ;<\/li>\n<li>\u00c9tablir des plans d\u2019action de contingence \u00e0 d\u00e9clencher en cas de coupure de courant, panne m\u00e9canique ou autres perturbations ;<\/li>\n<li>Employer du personnel comp\u00e9tent et fournir une formation ou un enseignement ad\u00e9quat.<\/li>\n<\/ul>\n<p>Cette politique a \u00e9t\u00e9 approuv\u00e9e par le Comit\u00e9 ex\u00e9cutif mondial et sera revue annuellement afin d\u2019en assurer la mise \u00e0 jour. Nous invitons toutes les parties int\u00e9ress\u00e9es \u00e0 formuler leurs commentaires sur l\u2019application et le contenu de cette politique.<\/p>\n\n\t\t<\/div>\n\t<\/div>\n<\/div><\/div><\/div><\/div>\n<\/div>","protected":false},"excerpt":{"rendered":"<p>D\u00e9claration de politique de gestion du stockage du vin KLN s'engage \u00e0 maintenir et \u00e0 am\u00e9liorer le syst\u00e8me de gestion du stockage du vin (\u201cWSMS\u201d) pour les vins fins et les vins commerciaux en introduisant les meilleures pratiques applicables, y compris les exigences de certification et le code de pratique dans les syst\u00e8mes de gestion du stockage du vin de la HKQAA. Notre vice-pr\u00e9sident et directeur g\u00e9n\u00e9ral, qui...<\/p>","protected":false},"author":5,"featured_media":0,"parent":0,"menu_order":0,"comment_status":"closed","ping_status":"open","template":"","meta":{"footnotes":"","_wp_rev_ctl_limit":""},"class_list":["post-1700","page","type-page","status-publish","hentry","description-off"],"yoast_head":"<!-- This site is optimized with the Yoast SEO Premium plugin v25.3 (Yoast SEO v27.3) - https:\/\/yoast.com\/product\/yoast-seo-premium-wordpress\/ -->\n<title>Wine Storage Management Policy Statement - KLN<\/title>\n<meta name=\"description\" content=\"Our wine storage policy ensures optimal conditions for preservation and quality. We provide temperature-controlled facilities, secure handling, and expert logistics for fine wine management.\" \/>\n<meta name=\"robots\" content=\"index, follow, max-snippet:-1, max-image-preview:large, max-video-preview:-1\" \/>\n<link rel=\"canonical\" href=\"https:\/\/ca.kln.com\/fr\/declaration-de-politique-de-gestion-de-lentreposage-du-vin\/\" \/>\n<meta property=\"og:locale\" content=\"fr_CA\" \/>\n<meta property=\"og:type\" content=\"article\" \/>\n<meta property=\"og:title\" content=\"Wine Storage Management Policy Statement\" \/>\n<meta property=\"og:description\" content=\"Our wine storage policy ensures optimal conditions for preservation and quality. We provide temperature-controlled facilities, secure handling, and expert logistics for fine wine management.\" \/>\n<meta property=\"og:url\" content=\"https:\/\/ca.kln.com\/fr\/declaration-de-politique-de-gestion-de-lentreposage-du-vin\/\" \/>\n<meta property=\"og:site_name\" content=\"KLN\" \/>\n<meta property=\"article:modified_time\" content=\"2025-06-18T14:55:41+00:00\" \/>\n<meta name=\"twitter:card\" content=\"summary_large_image\" \/>\n<meta name=\"twitter:label1\" content=\"Estimation du temps de lecture\" \/>\n\t<meta name=\"twitter:data1\" content=\"2 minutes\" \/>\n<script type=\"application\/ld+json\" class=\"yoast-schema-graph\">{\"@context\":\"https:\\\/\\\/schema.org\",\"@graph\":[{\"@type\":\"WebPage\",\"@id\":\"https:\\\/\\\/ca.kln.com\\\/wine-storage-management-policy-statement\\\/\",\"url\":\"https:\\\/\\\/ca.kln.com\\\/wine-storage-management-policy-statement\\\/\",\"name\":\"Wine Storage Management Policy Statement - KLN\",\"isPartOf\":{\"@id\":\"https:\\\/\\\/ca.kln.com\\\/#website\"},\"datePublished\":\"2021-06-18T18:35:04+00:00\",\"dateModified\":\"2025-06-18T14:55:41+00:00\",\"description\":\"Our wine storage policy ensures optimal conditions for preservation and quality. We provide temperature-controlled facilities, secure handling, and expert logistics for fine wine management.\",\"breadcrumb\":{\"@id\":\"https:\\\/\\\/ca.kln.com\\\/wine-storage-management-policy-statement\\\/#breadcrumb\"},\"inLanguage\":\"fr-CA\",\"potentialAction\":[{\"@type\":\"ReadAction\",\"target\":[\"https:\\\/\\\/ca.kln.com\\\/wine-storage-management-policy-statement\\\/\"]}]},{\"@type\":\"BreadcrumbList\",\"@id\":\"https:\\\/\\\/ca.kln.com\\\/wine-storage-management-policy-statement\\\/#breadcrumb\",\"itemListElement\":[{\"@type\":\"ListItem\",\"position\":1,\"name\":\"Home\",\"item\":\"https:\\\/\\\/ca.kln.com\\\/\"},{\"@type\":\"ListItem\",\"position\":2,\"name\":\"Wine Storage Management Policy Statement\"}]},{\"@type\":\"WebSite\",\"@id\":\"https:\\\/\\\/ca.kln.com\\\/#website\",\"url\":\"https:\\\/\\\/ca.kln.com\\\/\",\"name\":\"KLN\",\"description\":\"\",\"publisher\":{\"@id\":\"https:\\\/\\\/ca.kln.com\\\/#organization\"},\"potentialAction\":[{\"@type\":\"SearchAction\",\"target\":{\"@type\":\"EntryPoint\",\"urlTemplate\":\"https:\\\/\\\/ca.kln.com\\\/?s={search_term_string}\"},\"query-input\":{\"@type\":\"PropertyValueSpecification\",\"valueRequired\":true,\"valueName\":\"search_term_string\"}}],\"inLanguage\":\"fr-CA\"},{\"@type\":\"Organization\",\"@id\":\"https:\\\/\\\/ca.kln.com\\\/#organization\",\"name\":\"KLN\",\"url\":\"https:\\\/\\\/ca.kln.com\\\/\",\"logo\":{\"@type\":\"ImageObject\",\"inLanguage\":\"fr-CA\",\"@id\":\"https:\\\/\\\/ca.kln.com\\\/#\\\/schema\\\/logo\\\/image\\\/\",\"url\":\"https:\\\/\\\/ca.kln.com\\\/wp-content\\\/uploads\\\/2025\\\/04\\\/kln-logo.jpg\",\"contentUrl\":\"https:\\\/\\\/ca.kln.com\\\/wp-content\\\/uploads\\\/2025\\\/04\\\/kln-logo.jpg\",\"width\":200,\"height\":79,\"caption\":\"KLN\"},\"image\":{\"@id\":\"https:\\\/\\\/ca.kln.com\\\/#\\\/schema\\\/logo\\\/image\\\/\"}}]}<\/script>\n<!-- \/ Yoast SEO Premium plugin. -->","yoast_head_json":{"title":"D\u00e9claration de politique g\u00e9n\u00e9rale sur la gestion du stockage du vin - KLN","description":"Notre politique d\u2019entreposage du vin garantit des conditions optimales de conservation et de qualit\u00e9. Nous proposons des installations \u00e0 temp\u00e9rature contr\u00f4l\u00e9e, une manutention s\u00e9curis\u00e9e et une logistique experte pour la gestion des vins fins.","robots":{"index":"index","follow":"follow","max-snippet":"max-snippet:-1","max-image-preview":"max-image-preview:large","max-video-preview":"max-video-preview:-1"},"canonical":"https:\/\/ca.kln.com\/fr\/declaration-de-politique-de-gestion-de-lentreposage-du-vin\/","og_locale":"fr_CA","og_type":"article","og_title":"Wine Storage Management Policy Statement","og_description":"Our wine storage policy ensures optimal conditions for preservation and quality. We provide temperature-controlled facilities, secure handling, and expert logistics for fine wine management.","og_url":"https:\/\/ca.kln.com\/fr\/declaration-de-politique-de-gestion-de-lentreposage-du-vin\/","og_site_name":"KLN","article_modified_time":"2025-06-18T14:55:41+00:00","twitter_card":"summary_large_image","twitter_misc":{"Estimation du temps de lecture":"2 minutes"},"schema":{"@context":"https:\/\/schema.org","@graph":[{"@type":"WebPage","@id":"https:\/\/ca.kln.com\/wine-storage-management-policy-statement\/","url":"https:\/\/ca.kln.com\/wine-storage-management-policy-statement\/","name":"D\u00e9claration de politique g\u00e9n\u00e9rale sur la gestion du stockage du vin - KLN","isPartOf":{"@id":"https:\/\/ca.kln.com\/#website"},"datePublished":"2021-06-18T18:35:04+00:00","dateModified":"2025-06-18T14:55:41+00:00","description":"Notre politique d\u2019entreposage du vin garantit des conditions optimales de conservation et de qualit\u00e9. Nous proposons des installations \u00e0 temp\u00e9rature contr\u00f4l\u00e9e, une manutention s\u00e9curis\u00e9e et une logistique experte pour la gestion des vins fins.","breadcrumb":{"@id":"https:\/\/ca.kln.com\/wine-storage-management-policy-statement\/#breadcrumb"},"inLanguage":"fr-CA","potentialAction":[{"@type":"ReadAction","target":["https:\/\/ca.kln.com\/wine-storage-management-policy-statement\/"]}]},{"@type":"BreadcrumbList","@id":"https:\/\/ca.kln.com\/wine-storage-management-policy-statement\/#breadcrumb","itemListElement":[{"@type":"ListItem","position":1,"name":"Home","item":"https:\/\/ca.kln.com\/"},{"@type":"ListItem","position":2,"name":"Wine Storage Management Policy Statement"}]},{"@type":"WebSite","@id":"https:\/\/ca.kln.com\/#website","url":"https:\/\/ca.kln.com\/","name":"KLN","description":"","publisher":{"@id":"https:\/\/ca.kln.com\/#organization"},"potentialAction":[{"@type":"SearchAction","target":{"@type":"EntryPoint","urlTemplate":"https:\/\/ca.kln.com\/?s={search_term_string}"},"query-input":{"@type":"PropertyValueSpecification","valueRequired":true,"valueName":"search_term_string"}}],"inLanguage":"fr-CA"},{"@type":"Organization","@id":"https:\/\/ca.kln.com\/#organization","name":"KLN","url":"https:\/\/ca.kln.com\/","logo":{"@type":"ImageObject","inLanguage":"fr-CA","@id":"https:\/\/ca.kln.com\/#\/schema\/logo\/image\/","url":"https:\/\/ca.kln.com\/wp-content\/uploads\/2025\/04\/kln-logo.jpg","contentUrl":"https:\/\/ca.kln.com\/wp-content\/uploads\/2025\/04\/kln-logo.jpg","width":200,"height":79,"caption":"KLN"},"image":{"@id":"https:\/\/ca.kln.com\/#\/schema\/logo\/image\/"}}]}},"_links":{"self":[{"href":"https:\/\/ca.kln.com\/fr\/wp-json\/wp\/v2\/pages\/1700","targetHints":{"allow":["GET"]}}],"collection":[{"href":"https:\/\/ca.kln.com\/fr\/wp-json\/wp\/v2\/pages"}],"about":[{"href":"https:\/\/ca.kln.com\/fr\/wp-json\/wp\/v2\/types\/page"}],"author":[{"embeddable":true,"href":"https:\/\/ca.kln.com\/fr\/wp-json\/wp\/v2\/users\/5"}],"replies":[{"embeddable":true,"href":"https:\/\/ca.kln.com\/fr\/wp-json\/wp\/v2\/comments?post=1700"}],"version-history":[{"count":3,"href":"https:\/\/ca.kln.com\/fr\/wp-json\/wp\/v2\/pages\/1700\/revisions"}],"predecessor-version":[{"id":4534,"href":"https:\/\/ca.kln.com\/fr\/wp-json\/wp\/v2\/pages\/1700\/revisions\/4534"}],"wp:attachment":[{"href":"https:\/\/ca.kln.com\/fr\/wp-json\/wp\/v2\/media?parent=1700"}],"curies":[{"name":"wp","href":"https:\/\/api.w.org\/{rel}","templated":true}]}}