{"id":1702,"date":"2021-06-18T18:36:53","date_gmt":"2021-06-18T18:36:53","guid":{"rendered":"http:\/\/kerry.pecon.ca\/?page_id=1702"},"modified":"2025-06-18T14:56:06","modified_gmt":"2025-06-18T14:56:06","slug":"declaration-de-politique-du-systeme-de-management-de-la-qualite-pour-la-fourniture-de-produits-pharmaceutiques-et-dispositifs-medicaux","status":"publish","type":"page","link":"https:\/\/ca.kln.com\/fr\/policy-statement-of-quality-management-system-for-the-supply-of-pharmaceuticals-and-medical-devices\/","title":{"rendered":"D\u00e9claration de politique du syst\u00e8me de management de la qualit\u00e9 pour la fourniture de produits pharmaceutiques et dispositifs m\u00e9dicaux"},"content":{"rendered":"<div class=\"wpb-content-wrapper\"><div class=\"vc_row wpb_row vc_row-fluid dt-default\" style=\"margin-top: 0px;margin-bottom: 0px\"><div class=\"wpb_column vc_column_container vc_col-sm-12\" id=\"left_column\"><div class=\"vc_column-inner vc_custom_1745246086130\"><div class=\"wpb_wrapper\">\n\t<div class=\"wpb_text_column wpb_content_element\" >\n\t\t<div class=\"wpb_wrapper\">\n\t\t\t<h2 style=\"text-align: center;\">D\u00e9claration de politique du syst\u00e8me de management de la qualit\u00e9 pour la fourniture de produits pharmaceutiques et dispositifs m\u00e9dicaux<\/h2>\n<p>La qualit\u00e9 est l\u2019une des principales priorit\u00e9s et engagements de notre haute direction. Nous nous effor\u00e7ons de d\u00e9velopper et de g\u00e9rer un syst\u00e8me de management de la qualit\u00e9 qui fixe des normes \u00e9lev\u00e9es et les meilleures pratiques conformes aux exigences obligatoires relatives \u00e0 la fourniture de produits pharmaceutiques et de dispositifs m\u00e9dicaux. Nous attendons de chaque employ\u00e9 et sous-traitant qu\u2019il respecte cette politique et contribue \u00e0 atteindre nos objectifs en :<\/p>\n<ul class=\"me_ul\">\n<li>am\u00e9liorer continuellement et efficacement notre performance en assurance qualit\u00e9 ;<\/li>\n<li>respecter les normes impos\u00e9es par les r\u00e8glements applicables ;<\/li>\n<li>garantir la s\u00e9curit\u00e9, la qualit\u00e9, l\u2019efficacit\u00e9 et l\u2019ad\u00e9quation des produits \u00e0 leur usage pr\u00e9vu ;<\/li>\n<li>satisfaire aux exigences internes prescrites par l\u2019entreprise ;<\/li>\n<li>promouvoir la politique qualit\u00e9 et les bonnes pratiques au sein de l\u2019entreprise ;<\/li>\n<li>d\u00e9finir et r\u00e9viser des objectifs qualit\u00e9 mesurables ;<\/li>\n<li>minimiser les co\u00fbts li\u00e9s \u00e0 la qualit\u00e9 dans la mesure du possible ;<\/li>\n<li>renforcer la sensibilisation interne aux situations \u00e0 risque ;<\/li>\n<li>r\u00e9aliser des \u00e9valuations des risques et mettre en \u0153uvre une gestion efficace des risques ;<\/li>\n<li>surveiller les risques r\u00e9siduels ;<\/li>\n<li>r\u00e9duire et pr\u00e9venir la contamination, la contamination crois\u00e9e, la contrefa\u00e7on et les erreurs de produit autant que possible ;<\/li>\n<li>limiter les risques de rappel de produits ;<\/li>\n<li>minimiser les effets ind\u00e9sirables possibles chez le consommateur apr\u00e8s utilisation de nos produits ;<\/li>\n<li>promouvoir les \u00ab bonnes pratiques de distribution \u00bb tant au niveau d\u00e9partemental qu\u2019individuel ;<\/li>\n<li>communiquer efficacement nos performances qualit\u00e9 aux parties prenantes ;<\/li>\n<li>revoir la performance globale du syst\u00e8me de management de la qualit\u00e9 et son adaptation continue.<\/li>\n<\/ul>\n<p>Cette politique a \u00e9t\u00e9 approuv\u00e9e par le Comit\u00e9 ex\u00e9cutif mondial. Elle sera revue et, si n\u00e9cessaire, r\u00e9vis\u00e9e chaque ann\u00e9e afin de rester \u00e0 jour, puis publi\u00e9e sur notre site web d\u2019entreprise. Nous invitons les parties int\u00e9ress\u00e9es \u00e0 formuler leurs commentaires sur l\u2019application de cette politique ainsi que sur son contenu.<\/p>\n\n\t\t<\/div>\n\t<\/div>\n<\/div><\/div><\/div><\/div>\n<\/div>","protected":false},"excerpt":{"rendered":"<p>D\u00e9claration de principe du syst\u00e8me de gestion de la qualit\u00e9 pour la fourniture de produits pharmaceutiques et de dispositifs m\u00e9dicaux La qualit\u00e9 est l'une des principales priorit\u00e9s et l'un des principaux engagements de notre direction g\u00e9n\u00e9rale. Nous nous effor\u00e7ons de d\u00e9velopper et d'appliquer un syst\u00e8me de gestion de la qualit\u00e9 qui fixe des normes \u00e9lev\u00e9es et les meilleures pratiques conformes aux exigences obligatoires en mati\u00e8re de fourniture de produits pharmaceutiques...<\/p>","protected":false},"author":5,"featured_media":0,"parent":0,"menu_order":0,"comment_status":"closed","ping_status":"open","template":"","meta":{"footnotes":"","_wp_rev_ctl_limit":""},"class_list":["post-1702","page","type-page","status-publish","hentry","description-off"],"yoast_head":"<!-- This site is optimized with the Yoast SEO Premium plugin v25.3 (Yoast SEO v27.3) - https:\/\/yoast.com\/product\/yoast-seo-premium-wordpress\/ -->\n<title>Policy Statement of Quality Management System for the Supply of Pharmaceuticals and Medical Devices - KLN<\/title>\n<meta name=\"description\" content=\"Our quality management policy ensures safe, compliant logistics for pharmaceuticals and medical devices. Aligned with GxP standards, we maintain integrity, traceability, and regulatory compliance.\" \/>\n<meta name=\"robots\" content=\"index, follow, max-snippet:-1, max-image-preview:large, max-video-preview:-1\" \/>\n<link rel=\"canonical\" href=\"https:\/\/ca.kln.com\/fr\/declaration-de-politique-du-systeme-de-management-de-la-qualite-pour-la-fourniture-de-produits-pharmaceutiques-et-dispositifs-medicaux\/\" \/>\n<meta property=\"og:locale\" content=\"fr_CA\" \/>\n<meta property=\"og:type\" content=\"article\" \/>\n<meta property=\"og:title\" content=\"Policy Statement of Quality Management System for the Supply of Pharmaceuticals and Medical Devices\" \/>\n<meta property=\"og:description\" content=\"Our quality management policy ensures safe, compliant logistics for pharmaceuticals and medical devices. Aligned with GxP standards, we maintain integrity, traceability, and regulatory compliance.\" \/>\n<meta property=\"og:url\" content=\"https:\/\/ca.kln.com\/fr\/declaration-de-politique-du-systeme-de-management-de-la-qualite-pour-la-fourniture-de-produits-pharmaceutiques-et-dispositifs-medicaux\/\" \/>\n<meta property=\"og:site_name\" content=\"KLN\" \/>\n<meta property=\"article:modified_time\" content=\"2025-06-18T14:56:06+00:00\" \/>\n<meta name=\"twitter:card\" content=\"summary_large_image\" \/>\n<meta name=\"twitter:label1\" content=\"Estimation du temps de lecture\" \/>\n\t<meta name=\"twitter:data1\" content=\"2 minutes\" \/>\n<script type=\"application\/ld+json\" class=\"yoast-schema-graph\">{\"@context\":\"https:\\\/\\\/schema.org\",\"@graph\":[{\"@type\":\"WebPage\",\"@id\":\"https:\\\/\\\/ca.kln.com\\\/policy-statement-of-quality-management-system-for-the-supply-of-pharmaceuticals-and-medical-devices\\\/\",\"url\":\"https:\\\/\\\/ca.kln.com\\\/policy-statement-of-quality-management-system-for-the-supply-of-pharmaceuticals-and-medical-devices\\\/\",\"name\":\"Policy Statement of Quality Management System for the Supply of Pharmaceuticals and Medical Devices - KLN\",\"isPartOf\":{\"@id\":\"https:\\\/\\\/ca.kln.com\\\/#website\"},\"datePublished\":\"2021-06-18T18:36:53+00:00\",\"dateModified\":\"2025-06-18T14:56:06+00:00\",\"description\":\"Our quality management policy ensures safe, compliant logistics for pharmaceuticals and medical devices. Aligned with GxP standards, we maintain integrity, traceability, and regulatory compliance.\",\"breadcrumb\":{\"@id\":\"https:\\\/\\\/ca.kln.com\\\/policy-statement-of-quality-management-system-for-the-supply-of-pharmaceuticals-and-medical-devices\\\/#breadcrumb\"},\"inLanguage\":\"fr-CA\",\"potentialAction\":[{\"@type\":\"ReadAction\",\"target\":[\"https:\\\/\\\/ca.kln.com\\\/policy-statement-of-quality-management-system-for-the-supply-of-pharmaceuticals-and-medical-devices\\\/\"]}]},{\"@type\":\"BreadcrumbList\",\"@id\":\"https:\\\/\\\/ca.kln.com\\\/policy-statement-of-quality-management-system-for-the-supply-of-pharmaceuticals-and-medical-devices\\\/#breadcrumb\",\"itemListElement\":[{\"@type\":\"ListItem\",\"position\":1,\"name\":\"Home\",\"item\":\"https:\\\/\\\/ca.kln.com\\\/\"},{\"@type\":\"ListItem\",\"position\":2,\"name\":\"Policy Statement of Quality Management System for the Supply of Pharmaceuticals and Medical Devices\"}]},{\"@type\":\"WebSite\",\"@id\":\"https:\\\/\\\/ca.kln.com\\\/#website\",\"url\":\"https:\\\/\\\/ca.kln.com\\\/\",\"name\":\"KLN\",\"description\":\"\",\"publisher\":{\"@id\":\"https:\\\/\\\/ca.kln.com\\\/#organization\"},\"potentialAction\":[{\"@type\":\"SearchAction\",\"target\":{\"@type\":\"EntryPoint\",\"urlTemplate\":\"https:\\\/\\\/ca.kln.com\\\/?s={search_term_string}\"},\"query-input\":{\"@type\":\"PropertyValueSpecification\",\"valueRequired\":true,\"valueName\":\"search_term_string\"}}],\"inLanguage\":\"fr-CA\"},{\"@type\":\"Organization\",\"@id\":\"https:\\\/\\\/ca.kln.com\\\/#organization\",\"name\":\"KLN\",\"url\":\"https:\\\/\\\/ca.kln.com\\\/\",\"logo\":{\"@type\":\"ImageObject\",\"inLanguage\":\"fr-CA\",\"@id\":\"https:\\\/\\\/ca.kln.com\\\/#\\\/schema\\\/logo\\\/image\\\/\",\"url\":\"https:\\\/\\\/ca.kln.com\\\/wp-content\\\/uploads\\\/2025\\\/04\\\/kln-logo.jpg\",\"contentUrl\":\"https:\\\/\\\/ca.kln.com\\\/wp-content\\\/uploads\\\/2025\\\/04\\\/kln-logo.jpg\",\"width\":200,\"height\":79,\"caption\":\"KLN\"},\"image\":{\"@id\":\"https:\\\/\\\/ca.kln.com\\\/#\\\/schema\\\/logo\\\/image\\\/\"}}]}<\/script>\n<!-- \/ Yoast SEO Premium plugin. -->","yoast_head_json":{"title":"D\u00e9claration de politique du syst\u00e8me de management de la qualit\u00e9 pour la fourniture de produits pharmaceutiques et dispositifs m\u00e9dicaux - KLN","description":"Notre politique de gestion de la qualit\u00e9 garantit une logistique s\u00fbre et conforme pour les produits pharmaceutiques et les dispositifs m\u00e9dicaux. Align\u00e9s sur les normes GxP, nous assurons l\u2019int\u00e9grit\u00e9, la tra\u00e7abilit\u00e9 et la conformit\u00e9 r\u00e9glementaire.","robots":{"index":"index","follow":"follow","max-snippet":"max-snippet:-1","max-image-preview":"max-image-preview:large","max-video-preview":"max-video-preview:-1"},"canonical":"https:\/\/ca.kln.com\/fr\/declaration-de-politique-du-systeme-de-management-de-la-qualite-pour-la-fourniture-de-produits-pharmaceutiques-et-dispositifs-medicaux\/","og_locale":"fr_CA","og_type":"article","og_title":"Policy Statement of Quality Management System for the Supply of Pharmaceuticals and Medical Devices","og_description":"Our quality management policy ensures safe, compliant logistics for pharmaceuticals and medical devices. Aligned with GxP standards, we maintain integrity, traceability, and regulatory compliance.","og_url":"https:\/\/ca.kln.com\/fr\/declaration-de-politique-du-systeme-de-management-de-la-qualite-pour-la-fourniture-de-produits-pharmaceutiques-et-dispositifs-medicaux\/","og_site_name":"KLN","article_modified_time":"2025-06-18T14:56:06+00:00","twitter_card":"summary_large_image","twitter_misc":{"Estimation du temps de lecture":"2 minutes"},"schema":{"@context":"https:\/\/schema.org","@graph":[{"@type":"WebPage","@id":"https:\/\/ca.kln.com\/policy-statement-of-quality-management-system-for-the-supply-of-pharmaceuticals-and-medical-devices\/","url":"https:\/\/ca.kln.com\/policy-statement-of-quality-management-system-for-the-supply-of-pharmaceuticals-and-medical-devices\/","name":"D\u00e9claration de politique du syst\u00e8me de management de la qualit\u00e9 pour la fourniture de produits pharmaceutiques et dispositifs m\u00e9dicaux - KLN","isPartOf":{"@id":"https:\/\/ca.kln.com\/#website"},"datePublished":"2021-06-18T18:36:53+00:00","dateModified":"2025-06-18T14:56:06+00:00","description":"Notre politique de gestion de la qualit\u00e9 garantit une logistique s\u00fbre et conforme pour les produits pharmaceutiques et les dispositifs m\u00e9dicaux. Align\u00e9s sur les normes GxP, nous assurons l\u2019int\u00e9grit\u00e9, la tra\u00e7abilit\u00e9 et la conformit\u00e9 r\u00e9glementaire.","breadcrumb":{"@id":"https:\/\/ca.kln.com\/policy-statement-of-quality-management-system-for-the-supply-of-pharmaceuticals-and-medical-devices\/#breadcrumb"},"inLanguage":"fr-CA","potentialAction":[{"@type":"ReadAction","target":["https:\/\/ca.kln.com\/policy-statement-of-quality-management-system-for-the-supply-of-pharmaceuticals-and-medical-devices\/"]}]},{"@type":"BreadcrumbList","@id":"https:\/\/ca.kln.com\/policy-statement-of-quality-management-system-for-the-supply-of-pharmaceuticals-and-medical-devices\/#breadcrumb","itemListElement":[{"@type":"ListItem","position":1,"name":"Home","item":"https:\/\/ca.kln.com\/"},{"@type":"ListItem","position":2,"name":"Policy Statement of Quality Management System for the Supply of Pharmaceuticals and Medical Devices"}]},{"@type":"WebSite","@id":"https:\/\/ca.kln.com\/#website","url":"https:\/\/ca.kln.com\/","name":"KLN","description":"","publisher":{"@id":"https:\/\/ca.kln.com\/#organization"},"potentialAction":[{"@type":"SearchAction","target":{"@type":"EntryPoint","urlTemplate":"https:\/\/ca.kln.com\/?s={search_term_string}"},"query-input":{"@type":"PropertyValueSpecification","valueRequired":true,"valueName":"search_term_string"}}],"inLanguage":"fr-CA"},{"@type":"Organization","@id":"https:\/\/ca.kln.com\/#organization","name":"KLN","url":"https:\/\/ca.kln.com\/","logo":{"@type":"ImageObject","inLanguage":"fr-CA","@id":"https:\/\/ca.kln.com\/#\/schema\/logo\/image\/","url":"https:\/\/ca.kln.com\/wp-content\/uploads\/2025\/04\/kln-logo.jpg","contentUrl":"https:\/\/ca.kln.com\/wp-content\/uploads\/2025\/04\/kln-logo.jpg","width":200,"height":79,"caption":"KLN"},"image":{"@id":"https:\/\/ca.kln.com\/#\/schema\/logo\/image\/"}}]}},"_links":{"self":[{"href":"https:\/\/ca.kln.com\/fr\/wp-json\/wp\/v2\/pages\/1702","targetHints":{"allow":["GET"]}}],"collection":[{"href":"https:\/\/ca.kln.com\/fr\/wp-json\/wp\/v2\/pages"}],"about":[{"href":"https:\/\/ca.kln.com\/fr\/wp-json\/wp\/v2\/types\/page"}],"author":[{"embeddable":true,"href":"https:\/\/ca.kln.com\/fr\/wp-json\/wp\/v2\/users\/5"}],"replies":[{"embeddable":true,"href":"https:\/\/ca.kln.com\/fr\/wp-json\/wp\/v2\/comments?post=1702"}],"version-history":[{"count":3,"href":"https:\/\/ca.kln.com\/fr\/wp-json\/wp\/v2\/pages\/1702\/revisions"}],"predecessor-version":[{"id":4525,"href":"https:\/\/ca.kln.com\/fr\/wp-json\/wp\/v2\/pages\/1702\/revisions\/4525"}],"wp:attachment":[{"href":"https:\/\/ca.kln.com\/fr\/wp-json\/wp\/v2\/media?parent=1702"}],"curies":[{"name":"wp","href":"https:\/\/api.w.org\/{rel}","templated":true}]}}