{"id":1704,"date":"2021-06-18T18:37:39","date_gmt":"2021-06-18T18:37:39","guid":{"rendered":"http:\/\/kerry.pecon.ca\/?page_id=1704"},"modified":"2025-06-18T14:56:22","modified_gmt":"2025-06-18T14:56:22","slug":"declaration-de-politique-de-securite-alimentaire","status":"publish","type":"page","link":"https:\/\/ca.kln.com\/fr\/food-safety-policy-statement\/","title":{"rendered":"D\u00e9claration de politique de s\u00e9curit\u00e9 alimentaire"},"content":{"rendered":"<div class=\"wpb-content-wrapper\"><div class=\"vc_row wpb_row vc_row-fluid dt-default\" style=\"margin-top: 0px;margin-bottom: 0px\"><div class=\"wpb_column vc_column_container vc_col-sm-12\" id=\"left_column\"><div class=\"vc_column-inner vc_custom_1745245859124\"><div class=\"wpb_wrapper\">\n\t<div class=\"wpb_text_column wpb_content_element\" >\n\t\t<div class=\"wpb_wrapper\">\n\t\t\t<h2 style=\"text-align: center;\">D\u00e9claration de politique de s\u00e9curit\u00e9 alimentaire<\/h2>\n<p>La haute direction de KLN reconna\u00eet l\u2019importance de la s\u00e9curit\u00e9 alimentaire tout au long de la cha\u00eene d\u2019approvisionnement alimentaire, en particulier \u00e0 toutes les \u00e9tapes o\u00f9 KLN intervient dans l\u2019approvisionnement, l\u2019entreposage, la manutention, la transformation et la distribution des aliments. Chaque personne au sein de l\u2019organisation partage la responsabilit\u00e9 collective de la s\u00e9curit\u00e9 alimentaire et a l\u2019obligation morale de prot\u00e9ger ses coll\u00e8gues, nos clients et les consommateurs. Une culture positive de la s\u00e9curit\u00e9 alimentaire est encourag\u00e9e au sein de l\u2019organisation. KLN s\u2019engage \u00e0 prendre toutes les mesures et pr\u00e9cautions n\u00e9cessaires et \u00e0 exercer sa diligence raisonnable pour prot\u00e9ger et pr\u00e9server la cha\u00eene alimentaire humaine sous sa responsabilit\u00e9.<\/p>\n<p>Pour assurer les meilleures pratiques, KLN a mis en place le syst\u00e8me HACCP (Analyse des dangers \u2013 points critiques pour leur ma\u00eetrise), reconnu internationalement, ainsi que le syst\u00e8me de gestion de la s\u00e9curit\u00e9 alimentaire ISO 22000. Pour atteindre nos objectifs, nous :<\/p>\n<ul class=\"me_ul\">\n<li>Appliquons les connaissances en technologie alimentaire, les sciences et les meilleures pratiques industrielles \u00e0 notre contexte ;<\/li>\n<li>R\u00e9alisons r\u00e9guli\u00e8rement l\u2019identification des dangers, la d\u00e9termination des points critiques de contr\u00f4le et la mise en \u0153uvre rapide de mesures efficaces de contr\u00f4le et de suivi ;<\/li>\n<li>Respectons les exigences r\u00e9glementaires et les exigences convenues avec les clients ;<\/li>\n<li>D\u00e9finissons les objectifs de s\u00e9curit\u00e9 alimentaire et les r\u00e9visons continuellement pour assurer une conformit\u00e9 constante ;<\/li>\n<li>Communiquons, mettons en \u0153uvre et maintenons cette politique \u00e0 tous les niveaux de l\u2019entreprise ;<\/li>\n<li>Employons du personnel comp\u00e9tent, des sous-traitants fiables et s\u00e9lectionnons des fournisseurs r\u00e9put\u00e9s ;<\/li>\n<li>Fournissons \u00e0 notre personnel des informations, formations, instructions, outils et \u00e9quipements ad\u00e9quats pour exercer leur travail de mani\u00e8re hygi\u00e9nique et professionnelle ;<\/li>\n<li>Promouvons l\u2019hygi\u00e8ne personnelle et la propret\u00e9 aupr\u00e8s de nos employ\u00e9s, sous-traitants, fournisseurs et visiteurs ;<\/li>\n<li>D\u00e9veloppons et cherchons \u00e0 am\u00e9liorer continuellement nos processus afin de garantir la fourniture de produits alimentaires s\u00fbrs gr\u00e2ce \u00e0 un syst\u00e8me de gestion de la s\u00e9curit\u00e9 alimentaire efficace, adapt\u00e9 et efficient.<\/li>\n<\/ul>\n<p>Cette politique a \u00e9t\u00e9 approuv\u00e9e par le Comit\u00e9 ex\u00e9cutif mondial. Elle sera revue et, si n\u00e9cessaire, r\u00e9vis\u00e9e chaque ann\u00e9e afin de rester \u00e0 jour, puis publi\u00e9e sur notre site web d\u2019entreprise. Nous invitons les parties int\u00e9ress\u00e9es \u00e0 formuler leurs commentaires sur l\u2019application de cette politique ainsi que sur son contenu.<\/p>\n\n\t\t<\/div>\n\t<\/div>\n<\/div><\/div><\/div><\/div>\n<\/div>","protected":false},"excerpt":{"rendered":"<p>D\u00e9claration de politique de s\u00e9curit\u00e9 alimentaire La direction de KLN reconna\u00eet l'importance de la s\u00e9curit\u00e9 alimentaire tout au long de la cha\u00eene d'approvisionnement alimentaire, en particulier \u00e0 tous les stades o\u00f9 KLN proc\u00e8de \u00e0 l'approvisionnement, au stockage, \u00e0 la manipulation, au traitement et \u00e0 la distribution des denr\u00e9es alimentaires. Chaque membre de l'organisation a la responsabilit\u00e9 collective de la s\u00e9curit\u00e9 alimentaire et a l'obligation morale de se prot\u00e9ger les uns les autres, de prot\u00e9ger nos clients et...<\/p>","protected":false},"author":5,"featured_media":0,"parent":0,"menu_order":0,"comment_status":"closed","ping_status":"open","template":"","meta":{"footnotes":"","_wp_rev_ctl_limit":""},"class_list":["post-1704","page","type-page","status-publish","hentry","description-off"],"yoast_head":"<!-- This site is optimized with the Yoast SEO Premium plugin v25.3 (Yoast SEO v27.3) - https:\/\/yoast.com\/product\/yoast-seo-premium-wordpress\/ -->\n<title>Food Safety Policy Statement - KLN<\/title>\n<meta name=\"description\" content=\"Our food safety policy ensures safe handling, storage, and transport of food products. We comply with international standards to protect quality, freshness, and consumer health.\" \/>\n<meta name=\"robots\" content=\"index, follow, max-snippet:-1, max-image-preview:large, max-video-preview:-1\" \/>\n<link rel=\"canonical\" href=\"https:\/\/ca.kln.com\/fr\/declaration-de-politique-de-securite-alimentaire\/\" \/>\n<meta property=\"og:locale\" content=\"fr_CA\" \/>\n<meta property=\"og:type\" content=\"article\" \/>\n<meta property=\"og:title\" content=\"Food Safety Policy Statement\" \/>\n<meta property=\"og:description\" content=\"Our food safety policy ensures safe handling, storage, and transport of food products. We comply with international standards to protect quality, freshness, and consumer health.\" \/>\n<meta property=\"og:url\" content=\"https:\/\/ca.kln.com\/fr\/declaration-de-politique-de-securite-alimentaire\/\" \/>\n<meta property=\"og:site_name\" content=\"KLN\" \/>\n<meta property=\"article:modified_time\" content=\"2025-06-18T14:56:22+00:00\" \/>\n<meta name=\"twitter:card\" content=\"summary_large_image\" \/>\n<meta name=\"twitter:label1\" content=\"Estimation du temps de lecture\" \/>\n\t<meta name=\"twitter:data1\" content=\"2 minutes\" \/>\n<script type=\"application\/ld+json\" class=\"yoast-schema-graph\">{\"@context\":\"https:\\\/\\\/schema.org\",\"@graph\":[{\"@type\":\"WebPage\",\"@id\":\"https:\\\/\\\/ca.kln.com\\\/food-safety-policy-statement\\\/\",\"url\":\"https:\\\/\\\/ca.kln.com\\\/food-safety-policy-statement\\\/\",\"name\":\"Food Safety Policy Statement - KLN\",\"isPartOf\":{\"@id\":\"https:\\\/\\\/ca.kln.com\\\/#website\"},\"datePublished\":\"2021-06-18T18:37:39+00:00\",\"dateModified\":\"2025-06-18T14:56:22+00:00\",\"description\":\"Our food safety policy ensures safe handling, storage, and transport of food products. We comply with international standards to protect quality, freshness, and consumer health.\",\"breadcrumb\":{\"@id\":\"https:\\\/\\\/ca.kln.com\\\/food-safety-policy-statement\\\/#breadcrumb\"},\"inLanguage\":\"fr-CA\",\"potentialAction\":[{\"@type\":\"ReadAction\",\"target\":[\"https:\\\/\\\/ca.kln.com\\\/food-safety-policy-statement\\\/\"]}]},{\"@type\":\"BreadcrumbList\",\"@id\":\"https:\\\/\\\/ca.kln.com\\\/food-safety-policy-statement\\\/#breadcrumb\",\"itemListElement\":[{\"@type\":\"ListItem\",\"position\":1,\"name\":\"Home\",\"item\":\"https:\\\/\\\/ca.kln.com\\\/\"},{\"@type\":\"ListItem\",\"position\":2,\"name\":\"Food Safety Policy Statement\"}]},{\"@type\":\"WebSite\",\"@id\":\"https:\\\/\\\/ca.kln.com\\\/#website\",\"url\":\"https:\\\/\\\/ca.kln.com\\\/\",\"name\":\"KLN\",\"description\":\"\",\"publisher\":{\"@id\":\"https:\\\/\\\/ca.kln.com\\\/#organization\"},\"potentialAction\":[{\"@type\":\"SearchAction\",\"target\":{\"@type\":\"EntryPoint\",\"urlTemplate\":\"https:\\\/\\\/ca.kln.com\\\/?s={search_term_string}\"},\"query-input\":{\"@type\":\"PropertyValueSpecification\",\"valueRequired\":true,\"valueName\":\"search_term_string\"}}],\"inLanguage\":\"fr-CA\"},{\"@type\":\"Organization\",\"@id\":\"https:\\\/\\\/ca.kln.com\\\/#organization\",\"name\":\"KLN\",\"url\":\"https:\\\/\\\/ca.kln.com\\\/\",\"logo\":{\"@type\":\"ImageObject\",\"inLanguage\":\"fr-CA\",\"@id\":\"https:\\\/\\\/ca.kln.com\\\/#\\\/schema\\\/logo\\\/image\\\/\",\"url\":\"https:\\\/\\\/ca.kln.com\\\/wp-content\\\/uploads\\\/2025\\\/04\\\/kln-logo.jpg\",\"contentUrl\":\"https:\\\/\\\/ca.kln.com\\\/wp-content\\\/uploads\\\/2025\\\/04\\\/kln-logo.jpg\",\"width\":200,\"height\":79,\"caption\":\"KLN\"},\"image\":{\"@id\":\"https:\\\/\\\/ca.kln.com\\\/#\\\/schema\\\/logo\\\/image\\\/\"}}]}<\/script>\n<!-- \/ Yoast SEO Premium plugin. -->","yoast_head_json":{"title":"D\u00e9claration de politique de s\u00e9curit\u00e9 alimentaire - KLN","description":"Notre politique de s\u00e9curit\u00e9 alimentaire garantit une manipulation, un stockage et un transport s\u00fbrs des produits alimentaires. Nous respectons les normes internationales afin de prot\u00e9ger la qualit\u00e9, la fra\u00eecheur et la sant\u00e9 des consommateurs.","robots":{"index":"index","follow":"follow","max-snippet":"max-snippet:-1","max-image-preview":"max-image-preview:large","max-video-preview":"max-video-preview:-1"},"canonical":"https:\/\/ca.kln.com\/fr\/declaration-de-politique-de-securite-alimentaire\/","og_locale":"fr_CA","og_type":"article","og_title":"Food Safety Policy Statement","og_description":"Our food safety policy ensures safe handling, storage, and transport of food products. We comply with international standards to protect quality, freshness, and consumer health.","og_url":"https:\/\/ca.kln.com\/fr\/declaration-de-politique-de-securite-alimentaire\/","og_site_name":"KLN","article_modified_time":"2025-06-18T14:56:22+00:00","twitter_card":"summary_large_image","twitter_misc":{"Estimation du temps de lecture":"2 minutes"},"schema":{"@context":"https:\/\/schema.org","@graph":[{"@type":"WebPage","@id":"https:\/\/ca.kln.com\/food-safety-policy-statement\/","url":"https:\/\/ca.kln.com\/food-safety-policy-statement\/","name":"D\u00e9claration de politique de s\u00e9curit\u00e9 alimentaire - KLN","isPartOf":{"@id":"https:\/\/ca.kln.com\/#website"},"datePublished":"2021-06-18T18:37:39+00:00","dateModified":"2025-06-18T14:56:22+00:00","description":"Notre politique de s\u00e9curit\u00e9 alimentaire garantit une manipulation, un stockage et un transport s\u00fbrs des produits alimentaires. Nous respectons les normes internationales afin de prot\u00e9ger la qualit\u00e9, la fra\u00eecheur et la sant\u00e9 des consommateurs.","breadcrumb":{"@id":"https:\/\/ca.kln.com\/food-safety-policy-statement\/#breadcrumb"},"inLanguage":"fr-CA","potentialAction":[{"@type":"ReadAction","target":["https:\/\/ca.kln.com\/food-safety-policy-statement\/"]}]},{"@type":"BreadcrumbList","@id":"https:\/\/ca.kln.com\/food-safety-policy-statement\/#breadcrumb","itemListElement":[{"@type":"ListItem","position":1,"name":"Home","item":"https:\/\/ca.kln.com\/"},{"@type":"ListItem","position":2,"name":"Food Safety Policy Statement"}]},{"@type":"WebSite","@id":"https:\/\/ca.kln.com\/#website","url":"https:\/\/ca.kln.com\/","name":"KLN","description":"","publisher":{"@id":"https:\/\/ca.kln.com\/#organization"},"potentialAction":[{"@type":"SearchAction","target":{"@type":"EntryPoint","urlTemplate":"https:\/\/ca.kln.com\/?s={search_term_string}"},"query-input":{"@type":"PropertyValueSpecification","valueRequired":true,"valueName":"search_term_string"}}],"inLanguage":"fr-CA"},{"@type":"Organization","@id":"https:\/\/ca.kln.com\/#organization","name":"KLN","url":"https:\/\/ca.kln.com\/","logo":{"@type":"ImageObject","inLanguage":"fr-CA","@id":"https:\/\/ca.kln.com\/#\/schema\/logo\/image\/","url":"https:\/\/ca.kln.com\/wp-content\/uploads\/2025\/04\/kln-logo.jpg","contentUrl":"https:\/\/ca.kln.com\/wp-content\/uploads\/2025\/04\/kln-logo.jpg","width":200,"height":79,"caption":"KLN"},"image":{"@id":"https:\/\/ca.kln.com\/#\/schema\/logo\/image\/"}}]}},"_links":{"self":[{"href":"https:\/\/ca.kln.com\/fr\/wp-json\/wp\/v2\/pages\/1704","targetHints":{"allow":["GET"]}}],"collection":[{"href":"https:\/\/ca.kln.com\/fr\/wp-json\/wp\/v2\/pages"}],"about":[{"href":"https:\/\/ca.kln.com\/fr\/wp-json\/wp\/v2\/types\/page"}],"author":[{"embeddable":true,"href":"https:\/\/ca.kln.com\/fr\/wp-json\/wp\/v2\/users\/5"}],"replies":[{"embeddable":true,"href":"https:\/\/ca.kln.com\/fr\/wp-json\/wp\/v2\/comments?post=1704"}],"version-history":[{"count":4,"href":"https:\/\/ca.kln.com\/fr\/wp-json\/wp\/v2\/pages\/1704\/revisions"}],"predecessor-version":[{"id":4520,"href":"https:\/\/ca.kln.com\/fr\/wp-json\/wp\/v2\/pages\/1704\/revisions\/4520"}],"wp:attachment":[{"href":"https:\/\/ca.kln.com\/fr\/wp-json\/wp\/v2\/media?parent=1704"}],"curies":[{"name":"wp","href":"https:\/\/api.w.org\/{rel}","templated":true}]}}