{"id":1706,"date":"2021-06-18T18:38:26","date_gmt":"2021-06-18T18:38:26","guid":{"rendered":"http:\/\/kerry.pecon.ca\/?page_id=1706"},"modified":"2025-06-18T14:56:34","modified_gmt":"2025-06-18T14:56:34","slug":"declaration-de-politique-sur-le-changement-climatique","status":"publish","type":"page","link":"https:\/\/ca.kln.com\/fr\/climate-change-policy-statement\/","title":{"rendered":"D\u00e9claration de politique sur le changement climatique"},"content":{"rendered":"<div class=\"wpb-content-wrapper\"><div class=\"vc_row wpb_row vc_row-fluid dt-default\" style=\"margin-top: 0px;margin-bottom: 0px\"><div class=\"wpb_column vc_column_container vc_col-sm-12\" id=\"left_column\"><div class=\"vc_column-inner vc_custom_1745245765658\"><div class=\"wpb_wrapper\">\n\t<div class=\"wpb_text_column wpb_content_element\" >\n\t\t<div class=\"wpb_wrapper\">\n\t\t\t<h2 style=\"text-align: center;\">D\u00e9claration de politique sur le changement climatique<\/h2>\n<p>Le r\u00e9seau KLN reconna\u00eet que le changement climatique pr\u00e9sente \u00e0 la fois des risques et des opportunit\u00e9s pour l\u2019entreprise. Nous nous engageons \u00e0 identifier et g\u00e9rer les impacts li\u00e9s au changement climatique et \u00e0 d\u00e9velopper des strat\u00e9gies conformes aux pratiques mondiales et sectorielles. Nos employ\u00e9s et parties prenantes de la cha\u00eene de valeur doivent contribuer \u00e0 atteindre nos objectifs en respectant cette politique.<\/p>\n<p>Att\u00e9nuation \u2013 Pour r\u00e9duire les \u00e9missions de gaz \u00e0 effet de serre dans l\u2019atmosph\u00e8re, nous nous engageons \u00e0 :<\/p>\n<ul>\n<li>mesurer et maintenir un inventaire des \u00e9missions de carbone afin de d\u00e9velopper des strat\u00e9gies et fixer des objectifs ;<\/li>\n<li>accro\u00eetre l\u2019utilisation des \u00e9nergies renouvelables et des sources d\u2019\u00e9nergie \u00e0 faible \u00e9mission de carbone lorsque cela est possible ;<\/li>\n<li>int\u00e9grer les consid\u00e9rations environnementales dans les processus d\u2019approvisionnement et promouvoir l\u2019utilisation de produits et services \u00e0 faible \u00e9mission de carbone et \u00e0 haute efficacit\u00e9 \u00e9nerg\u00e9tique ;<\/li>\n<li>explorer les opportunit\u00e9s de compensation des \u00e9missions de carbone ;<\/li>\n<li>sensibiliser et engager les employ\u00e9s, fournisseurs et clients \u00e0 r\u00e9duire leurs \u00e9missions de carbone dans leurs activit\u00e9s quotidiennes et promouvoir une culture bas carbone lorsque cela est possible.<\/li>\n<\/ul>\n<p>Adaptation \u2013 Pour assurer que nos op\u00e9rations s\u2019adaptent aux changements climatiques, nous allons :<\/p>\n<ul>\n<li>\u00e9valuer les risques et opportunit\u00e9s li\u00e9s au climat et identifier les actions de r\u00e9ponse en les int\u00e9grant dans le syst\u00e8me de gestion des risques et les plans de gestion de crise ;<\/li>\n<li>am\u00e9liorer les processus op\u00e9rationnels pour r\u00e9pondre aux risques climatiques, y compris les risques physiques et les risques li\u00e9s \u00e0 la transition ;<\/li>\n<li>renforcer la sensibilisation des employ\u00e9s au changement climatique ainsi qu\u2019\u00e0 la gestion des situations d\u2019urgence.<\/li>\n<\/ul>\n<p>R\u00e9silience \u2013 Pour am\u00e9liorer notre capacit\u00e9 \u00e0 rebondir rapidement face aux impacts du changement climatique, nous allons :<\/p>\n<ul>\n<li>suivre les tendances climatiques mondiales et locales, et am\u00e9liorer notre connaissance des meilleures pratiques disponibles et applicables \u00e0 KLN et \u00e0 notre cha\u00eene de valeur ;<\/li>\n<li>veiller \u00e0 ce que les informations et ressources pertinentes soient disponibles pour surveiller et r\u00e9viser r\u00e9guli\u00e8rement les impacts du changement climatique sur nos op\u00e9rations, ainsi que nos strat\u00e9gies d\u2019att\u00e9nuation et d\u2019adaptation ;<\/li>\n<li>communiquer avec les fournisseurs et clients sur les risques, opportunit\u00e9s et strat\u00e9gies climatiques de KLN afin d\u2019identifier des actions r\u00e9alisables et d\u2019aider \u00e0 renforcer leur r\u00e9silience face aux futurs enjeux climatiques.<\/li>\n<\/ul>\n<p>Communication \u2013 Pour assurer une communication transparente avec les parties prenantes, nous nous engageons \u00e0 :<\/p>\n<ul>\n<li>divulguer les informations relatives au climat de mani\u00e8re transparente et en temps utile via le rapport Environnemental, Social et de Gouvernance (ESG) et le site web de l\u2019entreprise.<\/li>\n<\/ul>\n<p>Nous tiendrons compte du d\u00e9veloppement de nos activit\u00e9s, de nos ressources, de nos capacit\u00e9s et de la disponibilit\u00e9 des technologies, tout en nous effor\u00e7ant de mettre en \u0153uvre les strat\u00e9gies et pratiques mentionn\u00e9es ci-dessus. Le Comit\u00e9 ex\u00e9cutif mondial collabore \u00e9troitement avec les diff\u00e9rentes unit\u00e9s op\u00e9rationnelles selon les besoins, et il est responsable de la mise en \u0153uvre, du suivi de cette politique ainsi que du reporting aupr\u00e8s du conseil d\u2019administration.<\/p>\n<p>Cette politique a \u00e9t\u00e9 approuv\u00e9e par le Comit\u00e9 ex\u00e9cutif mondial. Elle sera revue et, si n\u00e9cessaire, r\u00e9vis\u00e9e chaque ann\u00e9e afin de rester \u00e0 jour, puis publi\u00e9e sur le site web de notre entreprise. Nous invitons les parties int\u00e9ress\u00e9es \u00e0 formuler leurs commentaires sur l\u2019application de cette politique ainsi que sur son contenu.<\/p>\n\n\t\t<\/div>\n\t<\/div>\n<\/div><\/div><\/div><\/div>\n<\/div>","protected":false},"excerpt":{"rendered":"<p>D\u00e9claration de politique sur le changement climatique KLN Network reconna\u00eet que le changement climatique pr\u00e9sente des risques et des opportunit\u00e9s pour l'entreprise. Nous nous engageons \u00e0 identifier et \u00e0 g\u00e9rer les impacts li\u00e9s au changement climatique et \u00e0 d\u00e9velopper des strat\u00e9gies conformes aux pratiques mondiales et sectorielles. Nos employ\u00e9s et les parties prenantes de la cha\u00eene de valeur doivent nous aider \u00e0 atteindre nos objectifs en suivant cette politique....<\/p>","protected":false},"author":5,"featured_media":0,"parent":0,"menu_order":0,"comment_status":"closed","ping_status":"open","template":"","meta":{"footnotes":"","_wp_rev_ctl_limit":""},"class_list":["post-1706","page","type-page","status-publish","hentry","description-off"],"yoast_head":"<!-- This site is optimized with the Yoast SEO Premium plugin v25.3 (Yoast SEO v27.3) - https:\/\/yoast.com\/product\/yoast-seo-premium-wordpress\/ -->\n<title>Climate Change Policy Statement - KLN<\/title>\n<meta name=\"description\" content=\"Our climate change policy drives sustainable logistics through carbon reduction, energy efficiency, and eco-friendly practices\u2014supporting a low-impact global supply chain.\" \/>\n<meta name=\"robots\" content=\"index, follow, max-snippet:-1, max-image-preview:large, max-video-preview:-1\" \/>\n<link rel=\"canonical\" href=\"https:\/\/ca.kln.com\/fr\/declaration-de-politique-sur-le-changement-climatique\/\" \/>\n<meta property=\"og:locale\" content=\"fr_CA\" \/>\n<meta property=\"og:type\" content=\"article\" \/>\n<meta property=\"og:title\" content=\"Climate Change Policy Statement\" \/>\n<meta property=\"og:description\" content=\"Our climate change policy drives sustainable logistics through carbon reduction, energy efficiency, and eco-friendly practices\u2014supporting a low-impact global supply chain.\" \/>\n<meta property=\"og:url\" content=\"https:\/\/ca.kln.com\/fr\/declaration-de-politique-sur-le-changement-climatique\/\" \/>\n<meta property=\"og:site_name\" content=\"KLN\" \/>\n<meta property=\"article:modified_time\" content=\"2025-06-18T14:56:34+00:00\" \/>\n<meta name=\"twitter:card\" content=\"summary_large_image\" \/>\n<meta name=\"twitter:label1\" content=\"Estimation du temps de lecture\" \/>\n\t<meta name=\"twitter:data1\" content=\"2 minutes\" \/>\n<script type=\"application\/ld+json\" class=\"yoast-schema-graph\">{\"@context\":\"https:\\\/\\\/schema.org\",\"@graph\":[{\"@type\":\"WebPage\",\"@id\":\"https:\\\/\\\/ca.kln.com\\\/climate-change-policy-statement\\\/\",\"url\":\"https:\\\/\\\/ca.kln.com\\\/climate-change-policy-statement\\\/\",\"name\":\"Climate Change Policy Statement - KLN\",\"isPartOf\":{\"@id\":\"https:\\\/\\\/ca.kln.com\\\/#website\"},\"datePublished\":\"2021-06-18T18:38:26+00:00\",\"dateModified\":\"2025-06-18T14:56:34+00:00\",\"description\":\"Our climate change policy drives sustainable logistics through carbon reduction, energy efficiency, and eco-friendly practices\u2014supporting a low-impact global supply chain.\",\"breadcrumb\":{\"@id\":\"https:\\\/\\\/ca.kln.com\\\/climate-change-policy-statement\\\/#breadcrumb\"},\"inLanguage\":\"fr-CA\",\"potentialAction\":[{\"@type\":\"ReadAction\",\"target\":[\"https:\\\/\\\/ca.kln.com\\\/climate-change-policy-statement\\\/\"]}]},{\"@type\":\"BreadcrumbList\",\"@id\":\"https:\\\/\\\/ca.kln.com\\\/climate-change-policy-statement\\\/#breadcrumb\",\"itemListElement\":[{\"@type\":\"ListItem\",\"position\":1,\"name\":\"Home\",\"item\":\"https:\\\/\\\/ca.kln.com\\\/\"},{\"@type\":\"ListItem\",\"position\":2,\"name\":\"Climate Change Policy Statement\"}]},{\"@type\":\"WebSite\",\"@id\":\"https:\\\/\\\/ca.kln.com\\\/#website\",\"url\":\"https:\\\/\\\/ca.kln.com\\\/\",\"name\":\"KLN\",\"description\":\"\",\"publisher\":{\"@id\":\"https:\\\/\\\/ca.kln.com\\\/#organization\"},\"potentialAction\":[{\"@type\":\"SearchAction\",\"target\":{\"@type\":\"EntryPoint\",\"urlTemplate\":\"https:\\\/\\\/ca.kln.com\\\/?s={search_term_string}\"},\"query-input\":{\"@type\":\"PropertyValueSpecification\",\"valueRequired\":true,\"valueName\":\"search_term_string\"}}],\"inLanguage\":\"fr-CA\"},{\"@type\":\"Organization\",\"@id\":\"https:\\\/\\\/ca.kln.com\\\/#organization\",\"name\":\"KLN\",\"url\":\"https:\\\/\\\/ca.kln.com\\\/\",\"logo\":{\"@type\":\"ImageObject\",\"inLanguage\":\"fr-CA\",\"@id\":\"https:\\\/\\\/ca.kln.com\\\/#\\\/schema\\\/logo\\\/image\\\/\",\"url\":\"https:\\\/\\\/ca.kln.com\\\/wp-content\\\/uploads\\\/2025\\\/04\\\/kln-logo.jpg\",\"contentUrl\":\"https:\\\/\\\/ca.kln.com\\\/wp-content\\\/uploads\\\/2025\\\/04\\\/kln-logo.jpg\",\"width\":200,\"height\":79,\"caption\":\"KLN\"},\"image\":{\"@id\":\"https:\\\/\\\/ca.kln.com\\\/#\\\/schema\\\/logo\\\/image\\\/\"}}]}<\/script>\n<!-- \/ Yoast SEO Premium plugin. -->","yoast_head_json":{"title":"D\u00e9claration de politique sur le changement climatique - KLN","description":"Notre politique sur le changement climatique favorise une logistique durable gr\u00e2ce \u00e0 la r\u00e9duction des \u00e9missions de carbone, l\u2019efficacit\u00e9 \u00e9nerg\u00e9tique et des pratiques \u00e9cologiques, soutenant ainsi une cha\u00eene d\u2019approvisionnement mondiale \u00e0 faible impact.","robots":{"index":"index","follow":"follow","max-snippet":"max-snippet:-1","max-image-preview":"max-image-preview:large","max-video-preview":"max-video-preview:-1"},"canonical":"https:\/\/ca.kln.com\/fr\/declaration-de-politique-sur-le-changement-climatique\/","og_locale":"fr_CA","og_type":"article","og_title":"Climate Change Policy Statement","og_description":"Our climate change policy drives sustainable logistics through carbon reduction, energy efficiency, and eco-friendly practices\u2014supporting a low-impact global supply chain.","og_url":"https:\/\/ca.kln.com\/fr\/declaration-de-politique-sur-le-changement-climatique\/","og_site_name":"KLN","article_modified_time":"2025-06-18T14:56:34+00:00","twitter_card":"summary_large_image","twitter_misc":{"Estimation du temps de lecture":"2 minutes"},"schema":{"@context":"https:\/\/schema.org","@graph":[{"@type":"WebPage","@id":"https:\/\/ca.kln.com\/climate-change-policy-statement\/","url":"https:\/\/ca.kln.com\/climate-change-policy-statement\/","name":"D\u00e9claration de politique sur le changement climatique - KLN","isPartOf":{"@id":"https:\/\/ca.kln.com\/#website"},"datePublished":"2021-06-18T18:38:26+00:00","dateModified":"2025-06-18T14:56:34+00:00","description":"Notre politique sur le changement climatique favorise une logistique durable gr\u00e2ce \u00e0 la r\u00e9duction des \u00e9missions de carbone, l\u2019efficacit\u00e9 \u00e9nerg\u00e9tique et des pratiques \u00e9cologiques, soutenant ainsi une cha\u00eene d\u2019approvisionnement mondiale \u00e0 faible impact.","breadcrumb":{"@id":"https:\/\/ca.kln.com\/climate-change-policy-statement\/#breadcrumb"},"inLanguage":"fr-CA","potentialAction":[{"@type":"ReadAction","target":["https:\/\/ca.kln.com\/climate-change-policy-statement\/"]}]},{"@type":"BreadcrumbList","@id":"https:\/\/ca.kln.com\/climate-change-policy-statement\/#breadcrumb","itemListElement":[{"@type":"ListItem","position":1,"name":"Home","item":"https:\/\/ca.kln.com\/"},{"@type":"ListItem","position":2,"name":"Climate Change Policy Statement"}]},{"@type":"WebSite","@id":"https:\/\/ca.kln.com\/#website","url":"https:\/\/ca.kln.com\/","name":"KLN","description":"","publisher":{"@id":"https:\/\/ca.kln.com\/#organization"},"potentialAction":[{"@type":"SearchAction","target":{"@type":"EntryPoint","urlTemplate":"https:\/\/ca.kln.com\/?s={search_term_string}"},"query-input":{"@type":"PropertyValueSpecification","valueRequired":true,"valueName":"search_term_string"}}],"inLanguage":"fr-CA"},{"@type":"Organization","@id":"https:\/\/ca.kln.com\/#organization","name":"KLN","url":"https:\/\/ca.kln.com\/","logo":{"@type":"ImageObject","inLanguage":"fr-CA","@id":"https:\/\/ca.kln.com\/#\/schema\/logo\/image\/","url":"https:\/\/ca.kln.com\/wp-content\/uploads\/2025\/04\/kln-logo.jpg","contentUrl":"https:\/\/ca.kln.com\/wp-content\/uploads\/2025\/04\/kln-logo.jpg","width":200,"height":79,"caption":"KLN"},"image":{"@id":"https:\/\/ca.kln.com\/#\/schema\/logo\/image\/"}}]}},"_links":{"self":[{"href":"https:\/\/ca.kln.com\/fr\/wp-json\/wp\/v2\/pages\/1706","targetHints":{"allow":["GET"]}}],"collection":[{"href":"https:\/\/ca.kln.com\/fr\/wp-json\/wp\/v2\/pages"}],"about":[{"href":"https:\/\/ca.kln.com\/fr\/wp-json\/wp\/v2\/types\/page"}],"author":[{"embeddable":true,"href":"https:\/\/ca.kln.com\/fr\/wp-json\/wp\/v2\/users\/5"}],"replies":[{"embeddable":true,"href":"https:\/\/ca.kln.com\/fr\/wp-json\/wp\/v2\/comments?post=1706"}],"version-history":[{"count":3,"href":"https:\/\/ca.kln.com\/fr\/wp-json\/wp\/v2\/pages\/1706\/revisions"}],"predecessor-version":[{"id":4516,"href":"https:\/\/ca.kln.com\/fr\/wp-json\/wp\/v2\/pages\/1706\/revisions\/4516"}],"wp:attachment":[{"href":"https:\/\/ca.kln.com\/fr\/wp-json\/wp\/v2\/media?parent=1706"}],"curies":[{"name":"wp","href":"https:\/\/api.w.org\/{rel}","templated":true}]}}