{"id":1708,"date":"2021-06-18T18:39:19","date_gmt":"2021-06-18T18:39:19","guid":{"rendered":"http:\/\/kerry.pecon.ca\/?page_id=1708"},"modified":"2025-06-18T14:56:47","modified_gmt":"2025-06-18T14:56:47","slug":"declaration-de-politique-de-responsabilite-sociale","status":"publish","type":"page","link":"https:\/\/ca.kln.com\/fr\/social-responsibility-policy-statement\/","title":{"rendered":"D\u00e9claration de politique de responsabilit\u00e9 sociale"},"content":{"rendered":"<div class=\"wpb-content-wrapper\"><div class=\"vc_row wpb_row vc_row-fluid dt-default\" style=\"margin-top: 0px;margin-bottom: 0px\"><div class=\"wpb_column vc_column_container vc_col-sm-12\" id=\"left_column\"><div class=\"vc_column-inner vc_custom_1745246151523\"><div class=\"wpb_wrapper\">\n\t<div class=\"wpb_text_column wpb_content_element\" >\n\t\t<div class=\"wpb_wrapper\">\n\t\t\t<h2 style=\"text-align: center;\">D\u00e9claration de politique de responsabilit\u00e9 sociale<\/h2>\n<p>Chez KLN, nous nous engageons \u00e0 assumer nos responsabilit\u00e9s sociales d\u2019entreprise conform\u00e9ment \u00e0 la norme SA8000. Il est de la responsabilit\u00e9 de chaque employ\u00e9 et sous-traitant de respecter cette politique. Nous attendons \u00e9galement de tous nos fournisseurs, fabricants et prestataires de services, ainsi que de leurs filiales, affili\u00e9s et sous-traitants, qu\u2019ils prennent les m\u00eames engagements d\u00e9crits ci-dessous :<\/p>\n<ul class=\"me_ul\">\n<li>Aucun travail d\u2019enfant ne sera employ\u00e9 ;<\/li>\n<li>Aucun travail involontaire, forc\u00e9 ou obligatoire ne sera utilis\u00e9 ;<\/li>\n<li>Aucune punition corporelle, menace de violence, coercition ou toute autre forme de harc\u00e8lement, abus ou intimidation physique, sexuelle, psychologique ou verbale ne sera tol\u00e9r\u00e9e ;<\/li>\n<li>Chaque employ\u00e9 doit \u00eatre trait\u00e9 avec dignit\u00e9 et respect ;<\/li>\n<li>Aucune discrimination dans les pratiques d\u2019embauche et d\u2019emploi, y compris en mati\u00e8re de salaire, avantages, avancement, discipline, licenciement ou retraite, fond\u00e9e sur la race, la religion, l\u2019\u00e2ge, la nationalit\u00e9, l\u2019origine sociale ou ethnique, l\u2019orientation sexuelle, le sexe, l\u2019\u00e9tat civil, les opinions politiques, le handicap ou toute autre cat\u00e9gorie prot\u00e9g\u00e9e par la loi ;<\/li>\n<li>Respecter le droit des employ\u00e9s \u00e0 s\u2019associer, s\u2019organiser et n\u00e9gocier collectivement de mani\u00e8re l\u00e9gale et pacifique, sans p\u00e9nalit\u00e9 ni ing\u00e9rence ;<\/li>\n<li>Fournir aux employ\u00e9s un environnement de travail s\u00fbr et sain conforme \u00e0 toutes les lois et r\u00e8glements applicables, incluant au minimum un acc\u00e8s raisonnable \u00e0 l\u2019eau potable, des installations sanitaires, la s\u00e9curit\u00e9 incendie, ainsi qu\u2019un \u00e9clairage et une ventilation ad\u00e9quats ;<\/li>\n<li>Aucune repr\u00e9saille ne sera prise contre un employ\u00e9 signalant de bonne foi un abus, une intimidation, une discrimination, un harc\u00e8lement ou toute violation de la loi, ou aidant \u00e0 l\u2019enqu\u00eate relative \u00e0 un tel signalement ;<\/li>\n<li>Respecter toutes les lois et r\u00e8glements applicables en mati\u00e8re de salaires et horaires, et fournir les avantages l\u00e9galement obligatoires ;<\/li>\n<li>Respecter toutes les lois et r\u00e9glementations environnementales applicables ;<\/li>\n<li>Continuer \u00e0 \u00e9valuer nos op\u00e9rations commerciales pour am\u00e9liorer l\u2019efficacit\u00e9 des processus et r\u00e9duire nos impacts environnementaux ;<\/li>\n<li>Fournir des ressources pour encourager et faciliter la participation des employ\u00e9s au b\u00e9n\u00e9volat, aux services communautaires et aux activit\u00e9s caritatives ;<\/li>\n<li>Respecter toutes les lois relatives \u00e0 la corruption, notamment les lois contre la corruption, l\u2019extorsion et autres formes de corruption ;<\/li>\n<li>Se conformer \u00e0 toutes les lois, r\u00e9glementations, trait\u00e9s et normes industrielles locales, nationales et internationales applicables, y compris, sans limitation, celles concernant la fourniture de produits ou services, la tarification, la vente et la distribution des produits et\/ou services concern\u00e9s ;<\/li>\n<li>Communiquer cette politique \u00e0 tous les employ\u00e9s et afficher une copie de cette politique dans un endroit accessible en permanence aux employ\u00e9s.<\/li>\n<\/ul>\n<p>Cette politique a \u00e9t\u00e9 approuv\u00e9e par le Comit\u00e9 ex\u00e9cutif mondial. Elle sera revue et, si n\u00e9cessaire, r\u00e9vis\u00e9e chaque ann\u00e9e afin de rester \u00e0 jour, puis publi\u00e9e sur notre site web d\u2019entreprise. Nous invitons les parties int\u00e9ress\u00e9es \u00e0 formuler leurs commentaires sur l\u2019application de cette politique ainsi que sur son contenu.<\/p>\n\n\t\t<\/div>\n\t<\/div>\n<\/div><\/div><\/div><\/div>\n<\/div>","protected":false},"excerpt":{"rendered":"<p>D\u00e9claration de politique de responsabilit\u00e9 sociale Chez KLN, nous nous engageons \u00e0 assumer nos responsabilit\u00e9s sociales d'entreprise conform\u00e9ment \u00e0 la norme SA8000. Il incombe \u00e0 chaque employ\u00e9 et \u00e0 chaque contractant d'adh\u00e9rer \u00e0 cette politique. Nous attendons de tous nos fournisseurs, fabricants et prestataires de services, ainsi que de leurs filiales, soci\u00e9t\u00e9s affili\u00e9es et sous-traitants, qu'ils prennent les m\u00eames engagements...<\/p>","protected":false},"author":5,"featured_media":0,"parent":0,"menu_order":0,"comment_status":"closed","ping_status":"open","template":"","meta":{"footnotes":"","_wp_rev_ctl_limit":""},"class_list":["post-1708","page","type-page","status-publish","hentry","description-off"],"yoast_head":"<!-- This site is optimized with the Yoast SEO Premium plugin v25.3 (Yoast SEO v27.3) - https:\/\/yoast.com\/product\/yoast-seo-premium-wordpress\/ -->\n<title>Social Responsibility Policy Statement - KLN<\/title>\n<meta name=\"description\" content=\"Our social responsibility policy reflects our commitment to ethical practices, community engagement, diversity, and sustainability throughout our global logistics operations.\" \/>\n<meta name=\"robots\" content=\"index, follow, max-snippet:-1, max-image-preview:large, max-video-preview:-1\" \/>\n<link rel=\"canonical\" href=\"https:\/\/ca.kln.com\/fr\/declaration-de-politique-de-responsabilite-sociale\/\" \/>\n<meta property=\"og:locale\" content=\"fr_CA\" \/>\n<meta property=\"og:type\" content=\"article\" \/>\n<meta property=\"og:title\" content=\"Social Responsibility Policy Statement\" \/>\n<meta property=\"og:description\" content=\"Our social responsibility policy reflects our commitment to ethical practices, community engagement, diversity, and sustainability throughout our global logistics operations.\" \/>\n<meta property=\"og:url\" content=\"https:\/\/ca.kln.com\/fr\/declaration-de-politique-de-responsabilite-sociale\/\" \/>\n<meta property=\"og:site_name\" content=\"KLN\" \/>\n<meta property=\"article:modified_time\" content=\"2025-06-18T14:56:47+00:00\" \/>\n<meta name=\"twitter:card\" content=\"summary_large_image\" \/>\n<meta name=\"twitter:label1\" content=\"Estimation du temps de lecture\" \/>\n\t<meta name=\"twitter:data1\" content=\"2 minutes\" \/>\n<script type=\"application\/ld+json\" class=\"yoast-schema-graph\">{\"@context\":\"https:\\\/\\\/schema.org\",\"@graph\":[{\"@type\":\"WebPage\",\"@id\":\"https:\\\/\\\/ca.kln.com\\\/social-responsibility-policy-statement\\\/\",\"url\":\"https:\\\/\\\/ca.kln.com\\\/social-responsibility-policy-statement\\\/\",\"name\":\"Social Responsibility Policy Statement - KLN\",\"isPartOf\":{\"@id\":\"https:\\\/\\\/ca.kln.com\\\/#website\"},\"datePublished\":\"2021-06-18T18:39:19+00:00\",\"dateModified\":\"2025-06-18T14:56:47+00:00\",\"description\":\"Our social responsibility policy reflects our commitment to ethical practices, community engagement, diversity, and sustainability throughout our global logistics operations.\",\"breadcrumb\":{\"@id\":\"https:\\\/\\\/ca.kln.com\\\/social-responsibility-policy-statement\\\/#breadcrumb\"},\"inLanguage\":\"fr-CA\",\"potentialAction\":[{\"@type\":\"ReadAction\",\"target\":[\"https:\\\/\\\/ca.kln.com\\\/social-responsibility-policy-statement\\\/\"]}]},{\"@type\":\"BreadcrumbList\",\"@id\":\"https:\\\/\\\/ca.kln.com\\\/social-responsibility-policy-statement\\\/#breadcrumb\",\"itemListElement\":[{\"@type\":\"ListItem\",\"position\":1,\"name\":\"Home\",\"item\":\"https:\\\/\\\/ca.kln.com\\\/\"},{\"@type\":\"ListItem\",\"position\":2,\"name\":\"Social Responsibility Policy Statement\"}]},{\"@type\":\"WebSite\",\"@id\":\"https:\\\/\\\/ca.kln.com\\\/#website\",\"url\":\"https:\\\/\\\/ca.kln.com\\\/\",\"name\":\"KLN\",\"description\":\"\",\"publisher\":{\"@id\":\"https:\\\/\\\/ca.kln.com\\\/#organization\"},\"potentialAction\":[{\"@type\":\"SearchAction\",\"target\":{\"@type\":\"EntryPoint\",\"urlTemplate\":\"https:\\\/\\\/ca.kln.com\\\/?s={search_term_string}\"},\"query-input\":{\"@type\":\"PropertyValueSpecification\",\"valueRequired\":true,\"valueName\":\"search_term_string\"}}],\"inLanguage\":\"fr-CA\"},{\"@type\":\"Organization\",\"@id\":\"https:\\\/\\\/ca.kln.com\\\/#organization\",\"name\":\"KLN\",\"url\":\"https:\\\/\\\/ca.kln.com\\\/\",\"logo\":{\"@type\":\"ImageObject\",\"inLanguage\":\"fr-CA\",\"@id\":\"https:\\\/\\\/ca.kln.com\\\/#\\\/schema\\\/logo\\\/image\\\/\",\"url\":\"https:\\\/\\\/ca.kln.com\\\/wp-content\\\/uploads\\\/2025\\\/04\\\/kln-logo.jpg\",\"contentUrl\":\"https:\\\/\\\/ca.kln.com\\\/wp-content\\\/uploads\\\/2025\\\/04\\\/kln-logo.jpg\",\"width\":200,\"height\":79,\"caption\":\"KLN\"},\"image\":{\"@id\":\"https:\\\/\\\/ca.kln.com\\\/#\\\/schema\\\/logo\\\/image\\\/\"}}]}<\/script>\n<!-- \/ Yoast SEO Premium plugin. -->","yoast_head_json":{"title":"D\u00e9claration de politique de responsabilit\u00e9 sociale - KLN","description":"Notre politique de responsabilit\u00e9 sociale refl\u00e8te notre engagement envers des pratiques \u00e9thiques, l\u2019implication communautaire, la diversit\u00e9 et le d\u00e9veloppement durable dans l\u2019ensemble de nos op\u00e9rations logistiques mondiales.","robots":{"index":"index","follow":"follow","max-snippet":"max-snippet:-1","max-image-preview":"max-image-preview:large","max-video-preview":"max-video-preview:-1"},"canonical":"https:\/\/ca.kln.com\/fr\/declaration-de-politique-de-responsabilite-sociale\/","og_locale":"fr_CA","og_type":"article","og_title":"Social Responsibility Policy Statement","og_description":"Our social responsibility policy reflects our commitment to ethical practices, community engagement, diversity, and sustainability throughout our global logistics operations.","og_url":"https:\/\/ca.kln.com\/fr\/declaration-de-politique-de-responsabilite-sociale\/","og_site_name":"KLN","article_modified_time":"2025-06-18T14:56:47+00:00","twitter_card":"summary_large_image","twitter_misc":{"Estimation du temps de lecture":"2 minutes"},"schema":{"@context":"https:\/\/schema.org","@graph":[{"@type":"WebPage","@id":"https:\/\/ca.kln.com\/social-responsibility-policy-statement\/","url":"https:\/\/ca.kln.com\/social-responsibility-policy-statement\/","name":"D\u00e9claration de politique de responsabilit\u00e9 sociale - KLN","isPartOf":{"@id":"https:\/\/ca.kln.com\/#website"},"datePublished":"2021-06-18T18:39:19+00:00","dateModified":"2025-06-18T14:56:47+00:00","description":"Notre politique de responsabilit\u00e9 sociale refl\u00e8te notre engagement envers des pratiques \u00e9thiques, l\u2019implication communautaire, la diversit\u00e9 et le d\u00e9veloppement durable dans l\u2019ensemble de nos op\u00e9rations logistiques mondiales.","breadcrumb":{"@id":"https:\/\/ca.kln.com\/social-responsibility-policy-statement\/#breadcrumb"},"inLanguage":"fr-CA","potentialAction":[{"@type":"ReadAction","target":["https:\/\/ca.kln.com\/social-responsibility-policy-statement\/"]}]},{"@type":"BreadcrumbList","@id":"https:\/\/ca.kln.com\/social-responsibility-policy-statement\/#breadcrumb","itemListElement":[{"@type":"ListItem","position":1,"name":"Home","item":"https:\/\/ca.kln.com\/"},{"@type":"ListItem","position":2,"name":"Social Responsibility Policy Statement"}]},{"@type":"WebSite","@id":"https:\/\/ca.kln.com\/#website","url":"https:\/\/ca.kln.com\/","name":"KLN","description":"","publisher":{"@id":"https:\/\/ca.kln.com\/#organization"},"potentialAction":[{"@type":"SearchAction","target":{"@type":"EntryPoint","urlTemplate":"https:\/\/ca.kln.com\/?s={search_term_string}"},"query-input":{"@type":"PropertyValueSpecification","valueRequired":true,"valueName":"search_term_string"}}],"inLanguage":"fr-CA"},{"@type":"Organization","@id":"https:\/\/ca.kln.com\/#organization","name":"KLN","url":"https:\/\/ca.kln.com\/","logo":{"@type":"ImageObject","inLanguage":"fr-CA","@id":"https:\/\/ca.kln.com\/#\/schema\/logo\/image\/","url":"https:\/\/ca.kln.com\/wp-content\/uploads\/2025\/04\/kln-logo.jpg","contentUrl":"https:\/\/ca.kln.com\/wp-content\/uploads\/2025\/04\/kln-logo.jpg","width":200,"height":79,"caption":"KLN"},"image":{"@id":"https:\/\/ca.kln.com\/#\/schema\/logo\/image\/"}}]}},"_links":{"self":[{"href":"https:\/\/ca.kln.com\/fr\/wp-json\/wp\/v2\/pages\/1708","targetHints":{"allow":["GET"]}}],"collection":[{"href":"https:\/\/ca.kln.com\/fr\/wp-json\/wp\/v2\/pages"}],"about":[{"href":"https:\/\/ca.kln.com\/fr\/wp-json\/wp\/v2\/types\/page"}],"author":[{"embeddable":true,"href":"https:\/\/ca.kln.com\/fr\/wp-json\/wp\/v2\/users\/5"}],"replies":[{"embeddable":true,"href":"https:\/\/ca.kln.com\/fr\/wp-json\/wp\/v2\/comments?post=1708"}],"version-history":[{"count":3,"href":"https:\/\/ca.kln.com\/fr\/wp-json\/wp\/v2\/pages\/1708\/revisions"}],"predecessor-version":[{"id":4529,"href":"https:\/\/ca.kln.com\/fr\/wp-json\/wp\/v2\/pages\/1708\/revisions\/4529"}],"wp:attachment":[{"href":"https:\/\/ca.kln.com\/fr\/wp-json\/wp\/v2\/media?parent=1708"}],"curies":[{"name":"wp","href":"https:\/\/api.w.org\/{rel}","templated":true}]}}