{"id":1741,"date":"2021-06-28T18:02:47","date_gmt":"2021-06-28T18:02:47","guid":{"rendered":"http:\/\/kerry.pecon.ca\/?page_id=1741"},"modified":"2025-04-21T14:21:59","modified_gmt":"2025-04-21T14:21:59","slug":"reseau-2","status":"publish","type":"page","link":"https:\/\/ca.kln.com\/fr\/network\/","title":{"rendered":"R\u00e9seau"},"content":{"rendered":"<div class=\"wpb-content-wrapper\"><div class=\"vc_row wpb_row vc_row-fluid dt-default\" style=\"margin-top: 0px;margin-bottom: 0px\"><div class=\"wpb_column vc_column_container vc_col-sm-12\"><div class=\"vc_column-inner\"><div class=\"wpb_wrapper\"><div id=\"ultimate-heading-565069da60bf6dc13\" class=\"uvc-heading ult-adjust-bottom-margin ultimate-heading-565069da60bf6dc13 uvc-506  uvc-heading-default-font-sizes\" data-hspacer=\"line_only\"  data-halign=\"left\" style=\"text-align:left\"><div class=\"uvc-main-heading ult-responsive\"  data-ultimate-target='.uvc-heading.ultimate-heading-565069da60bf6dc13 h2'  data-responsive-json-new='{\"font-size\":\"\",\"line-height\":\"\"}' ><h2 style=\"--font-weight:theme;\">Bienvenue sur le r\u00e9seau KLN Canada<\/h2><\/div><div class=\"uvc-heading-spacer line_only\" style=\"topheight:1px;\"><span class=\"uvc-headings-line\" style=\"border-style:solid;border-bottom-width:1px;border-color:#ccc;width:autopx;\"><\/span><\/div><div class=\"uvc-sub-heading ult-responsive\"  data-ultimate-target='.uvc-heading.ultimate-heading-565069da60bf6dc13 .uvc-sub-heading '  data-responsive-json-new='{\"font-size\":\"\",\"line-height\":\"desktop:30px;\"}'  style=\"font-weight:normal;margin-top:25px;\">KLN est sp\u00e9cialis\u00e9e dans le fret a\u00e9rien et maritime de l'Asie vers le Canada, avec des programmes de consolidation depuis les principaux ports d'Asie vers l'est du Canada.<\/p>\n<p>Nous sommes un pionnier du concept de solutions \u00e0 passerelles multiples. Des ann\u00e9es d'exp\u00e9rience et de solides relations avec les principaux transporteurs a\u00e9riens, maritimes et routiers nous permettent d'optimiser les cha\u00eenes d'approvisionnement en termes de rapidit\u00e9, de co\u00fbt et d'\u00e9quipement.<\/div><\/div><div class=\"vc_empty_space\"   style=\"height: 50px\"><span class=\"vc_empty_space_inner\"><\/span><\/div><div class=\"vc_row wpb_row vc_inner vc_row-fluid\"><div class=\"wpb_column vc_column_container vc_col-sm-4\" id=\"left_column\"><div class=\"vc_column-inner\"><div class=\"wpb_wrapper\">\n\t<div class=\"wpb_text_column wpb_content_element\" >\n\t\t<div class=\"wpb_wrapper\">\n\t\t\t<p><span style=\"color: #ff6600;\"><strong>Lachine - KLN Integrated Solutions Inc.<\/strong><\/span><\/p>\n<p>9942 Chemin de la Cote-de-Liesse<br \/>\nLachine<br \/>\nQu\u00e9bec H8T 1A1<br \/>\nCanada<\/p>\n<div class=\"symbol-text-row\"><span class=\"col\">1 514 822 4448<\/span><\/div>\n<div class=\"symbol-text-row\"><span class=\"col\">1 514 636 5976<\/span><\/div>\n<div class=\"symbol-text-row\"><span class=\"col\"><a href=\"mailto:contact.canada@kln.com\" target=\"_blank\" rel=\"noopener noreferrer\">contact.canada@kln.com<\/a><\/span><\/div>\n\n\t\t<\/div>\n\t<\/div>\n<\/div><\/div><\/div><div class=\"wpb_column vc_column_container vc_col-sm-4\"><div class=\"vc_column-inner\"><div class=\"wpb_wrapper\">\n\t<div class=\"wpb_text_column wpb_content_element\" >\n\t\t<div class=\"wpb_wrapper\">\n\t\t\t<p><span style=\"color: #ff6600;\"><strong>Montr\u00e9al - KLN ( Canada ) Inc.<\/strong><\/span><\/p>\n<p>1425 Transcanadienne<br \/>\nSuite 150<br \/>\nDorval, Qu\u00e9bec<br \/>\nH9P 2W9<br \/>\nCanada<\/p>\n<div class=\"symbol-text-row\"><span class=\"col\">+514 420 0282<\/span><\/div>\n<div class=\"symbol-text-row\"><span class=\"col\">+514 420 0322<\/span><\/div>\n<div class=\"symbol-text-row\"><span class=\"col\"><a href=\"mailto:contact.canada@kln.com\" target=\"_blank\" rel=\"noopener noreferrer\">contact.canada@kln.com<\/a><\/span><\/div>\n\n\t\t<\/div>\n\t<\/div>\n<\/div><\/div><\/div><div class=\"wpb_column vc_column_container vc_col-sm-4\"><div class=\"vc_column-inner\"><div class=\"wpb_wrapper\">\n\t<div class=\"wpb_text_column wpb_content_element\" >\n\t\t<div class=\"wpb_wrapper\">\n\t\t\t<p><span style=\"color: #ff6600;\"><strong>Toronto - KLN ( Canada ) Inc.<\/strong><\/span><\/p>\n<p>1450 Meyerside Drive<br \/>\nSuite 301, Mississauga<br \/>\nOntario L5T 2N5<br \/>\nCanada<\/p>\n<div class=\"symbol-text-row\"><span class=\"col\">+1 905 565 8788<\/span><\/div>\n<div class=\"symbol-text-row\"><span class=\"col\">+1 905 565 8783<\/span><\/div>\n<div class=\"symbol-text-row\"><span class=\"col\"><a href=\"mailto:contact.canada@kln.com\" target=\"_blank\" rel=\"noopener noreferrer\">contact.canada@kln.com<\/a><\/span><\/div>\n\n\t\t<\/div>\n\t<\/div>\n<\/div><\/div><\/div><\/div><\/div><\/div><\/div><\/div><div class=\"vc_row wpb_row vc_row-fluid dt-default\" style=\"margin-top: 0px;margin-bottom: 0px\"><div class=\"wpb_column vc_column_container vc_col-sm-12\"><div class=\"vc_column-inner\"><div class=\"wpb_wrapper\"><div class=\"vc_empty_space\"   style=\"height: 50px\"><span class=\"vc_empty_space_inner\"><\/span><\/div><div class=\"ubtn-ctn-left\"><a class=\"ubtn-link ult-adjust-bottom-margin ubtn-left ubtn-normal\" href=\"https:\/\/www.kln.com\/en\/network\/\" target=\"_blank\" rel=\"noopener\" ><button type=\"button\" id=\"ubtn-6134\"  class=\"ubtn ult-adjust-bottom-margin ult-responsive ubtn-normal ubtn-no-hover-bg  none  ubtn-left   tooltip-69da60bf6e3bb\"  data-hover=\"\" data-border-color=\"\" data-bg=\"#ed6d00\" data-hover-bg=\"\" data-border-hover=\"\" data-shadow-hover=\"\" data-shadow-click=\"none\" data-shadow=\"\" data-shd-shadow=\"\"  data-ultimate-target='#ubtn-6134'  data-responsive-json-new='{\"font-size\":\"desktop:16px;\",\"line-height\":\"\"}'  style=\"font-weight:normal;border:none;background: #ed6d00;color: #ffffff;\"><span class=\"ubtn-hover\" style=\"background-color:\"><\/span><span class=\"ubtn-data ubtn-text\" >Cliquez pour les bureaux internationaux<\/span><\/button><\/a><\/div><\/div><\/div><\/div><\/div>\n<\/div>","protected":false},"excerpt":{"rendered":"<p>Bienvenue \u00e0 KLN Canada NetworkKLN est sp\u00e9cialis\u00e9 dans le fret a\u00e9rien et maritime de l'Asie vers le Canada, avec des programmes de consolidation depuis les principaux ports d'Asie vers l'Est du Canada. Nous sommes un pionnier du concept de solutions \u00e0 passerelles multiples. Des ann\u00e9es d'exp\u00e9rience et de solides relations avec les principaux transporteurs a\u00e9riens, maritimes et routiers nous permettent d'optimiser...<\/p>","protected":false},"author":5,"featured_media":0,"parent":0,"menu_order":0,"comment_status":"closed","ping_status":"closed","template":"","meta":{"footnotes":"","_wp_rev_ctl_limit":""},"class_list":["post-1741","page","type-page","status-publish","hentry","description-off"],"yoast_head":"<!-- This site is optimized with the Yoast SEO Premium plugin v25.3 (Yoast SEO v27.3) - https:\/\/yoast.com\/product\/yoast-seo-premium-wordpress\/ -->\n<title>Network - KLN<\/title>\n<meta name=\"robots\" content=\"index, follow, max-snippet:-1, max-image-preview:large, max-video-preview:-1\" \/>\n<link rel=\"canonical\" href=\"https:\/\/ca.kln.com\/fr\/reseau-2\/\" \/>\n<meta property=\"og:locale\" content=\"fr_CA\" \/>\n<meta property=\"og:type\" content=\"article\" \/>\n<meta property=\"og:title\" content=\"Network\" \/>\n<meta property=\"og:url\" content=\"https:\/\/ca.kln.com\/fr\/reseau-2\/\" \/>\n<meta property=\"og:site_name\" content=\"KLN\" \/>\n<meta property=\"article:modified_time\" content=\"2025-04-21T14:21:59+00:00\" \/>\n<meta name=\"twitter:card\" content=\"summary_large_image\" \/>\n<meta name=\"twitter:label1\" content=\"Estimation du temps de lecture\" \/>\n\t<meta name=\"twitter:data1\" content=\"1 minute\" \/>\n<script type=\"application\/ld+json\" class=\"yoast-schema-graph\">{\"@context\":\"https:\\\/\\\/schema.org\",\"@graph\":[{\"@type\":\"WebPage\",\"@id\":\"https:\\\/\\\/ca.kln.com\\\/network\\\/\",\"url\":\"https:\\\/\\\/ca.kln.com\\\/network\\\/\",\"name\":\"Network - KLN\",\"isPartOf\":{\"@id\":\"https:\\\/\\\/ca.kln.com\\\/#website\"},\"datePublished\":\"2021-06-28T18:02:47+00:00\",\"dateModified\":\"2025-04-21T14:21:59+00:00\",\"breadcrumb\":{\"@id\":\"https:\\\/\\\/ca.kln.com\\\/network\\\/#breadcrumb\"},\"inLanguage\":\"fr-CA\",\"potentialAction\":[{\"@type\":\"ReadAction\",\"target\":[\"https:\\\/\\\/ca.kln.com\\\/network\\\/\"]}]},{\"@type\":\"BreadcrumbList\",\"@id\":\"https:\\\/\\\/ca.kln.com\\\/network\\\/#breadcrumb\",\"itemListElement\":[{\"@type\":\"ListItem\",\"position\":1,\"name\":\"Home\",\"item\":\"https:\\\/\\\/ca.kln.com\\\/\"},{\"@type\":\"ListItem\",\"position\":2,\"name\":\"Network\"}]},{\"@type\":\"WebSite\",\"@id\":\"https:\\\/\\\/ca.kln.com\\\/#website\",\"url\":\"https:\\\/\\\/ca.kln.com\\\/\",\"name\":\"KLN\",\"description\":\"\",\"publisher\":{\"@id\":\"https:\\\/\\\/ca.kln.com\\\/#organization\"},\"potentialAction\":[{\"@type\":\"SearchAction\",\"target\":{\"@type\":\"EntryPoint\",\"urlTemplate\":\"https:\\\/\\\/ca.kln.com\\\/?s={search_term_string}\"},\"query-input\":{\"@type\":\"PropertyValueSpecification\",\"valueRequired\":true,\"valueName\":\"search_term_string\"}}],\"inLanguage\":\"fr-CA\"},{\"@type\":\"Organization\",\"@id\":\"https:\\\/\\\/ca.kln.com\\\/#organization\",\"name\":\"KLN\",\"url\":\"https:\\\/\\\/ca.kln.com\\\/\",\"logo\":{\"@type\":\"ImageObject\",\"inLanguage\":\"fr-CA\",\"@id\":\"https:\\\/\\\/ca.kln.com\\\/#\\\/schema\\\/logo\\\/image\\\/\",\"url\":\"https:\\\/\\\/ca.kln.com\\\/wp-content\\\/uploads\\\/2025\\\/04\\\/kln-logo.jpg\",\"contentUrl\":\"https:\\\/\\\/ca.kln.com\\\/wp-content\\\/uploads\\\/2025\\\/04\\\/kln-logo.jpg\",\"width\":200,\"height\":79,\"caption\":\"KLN\"},\"image\":{\"@id\":\"https:\\\/\\\/ca.kln.com\\\/#\\\/schema\\\/logo\\\/image\\\/\"}}]}<\/script>\n<!-- \/ Yoast SEO Premium plugin. -->","yoast_head_json":{"title":"R\u00e9seau - KLN","robots":{"index":"index","follow":"follow","max-snippet":"max-snippet:-1","max-image-preview":"max-image-preview:large","max-video-preview":"max-video-preview:-1"},"canonical":"https:\/\/ca.kln.com\/fr\/reseau-2\/","og_locale":"fr_CA","og_type":"article","og_title":"Network","og_url":"https:\/\/ca.kln.com\/fr\/reseau-2\/","og_site_name":"KLN","article_modified_time":"2025-04-21T14:21:59+00:00","twitter_card":"summary_large_image","twitter_misc":{"Estimation du temps de lecture":"1 minute"},"schema":{"@context":"https:\/\/schema.org","@graph":[{"@type":"WebPage","@id":"https:\/\/ca.kln.com\/network\/","url":"https:\/\/ca.kln.com\/network\/","name":"R\u00e9seau - KLN","isPartOf":{"@id":"https:\/\/ca.kln.com\/#website"},"datePublished":"2021-06-28T18:02:47+00:00","dateModified":"2025-04-21T14:21:59+00:00","breadcrumb":{"@id":"https:\/\/ca.kln.com\/network\/#breadcrumb"},"inLanguage":"fr-CA","potentialAction":[{"@type":"ReadAction","target":["https:\/\/ca.kln.com\/network\/"]}]},{"@type":"BreadcrumbList","@id":"https:\/\/ca.kln.com\/network\/#breadcrumb","itemListElement":[{"@type":"ListItem","position":1,"name":"Home","item":"https:\/\/ca.kln.com\/"},{"@type":"ListItem","position":2,"name":"Network"}]},{"@type":"WebSite","@id":"https:\/\/ca.kln.com\/#website","url":"https:\/\/ca.kln.com\/","name":"KLN","description":"","publisher":{"@id":"https:\/\/ca.kln.com\/#organization"},"potentialAction":[{"@type":"SearchAction","target":{"@type":"EntryPoint","urlTemplate":"https:\/\/ca.kln.com\/?s={search_term_string}"},"query-input":{"@type":"PropertyValueSpecification","valueRequired":true,"valueName":"search_term_string"}}],"inLanguage":"fr-CA"},{"@type":"Organization","@id":"https:\/\/ca.kln.com\/#organization","name":"KLN","url":"https:\/\/ca.kln.com\/","logo":{"@type":"ImageObject","inLanguage":"fr-CA","@id":"https:\/\/ca.kln.com\/#\/schema\/logo\/image\/","url":"https:\/\/ca.kln.com\/wp-content\/uploads\/2025\/04\/kln-logo.jpg","contentUrl":"https:\/\/ca.kln.com\/wp-content\/uploads\/2025\/04\/kln-logo.jpg","width":200,"height":79,"caption":"KLN"},"image":{"@id":"https:\/\/ca.kln.com\/#\/schema\/logo\/image\/"}}]}},"_links":{"self":[{"href":"https:\/\/ca.kln.com\/fr\/wp-json\/wp\/v2\/pages\/1741","targetHints":{"allow":["GET"]}}],"collection":[{"href":"https:\/\/ca.kln.com\/fr\/wp-json\/wp\/v2\/pages"}],"about":[{"href":"https:\/\/ca.kln.com\/fr\/wp-json\/wp\/v2\/types\/page"}],"author":[{"embeddable":true,"href":"https:\/\/ca.kln.com\/fr\/wp-json\/wp\/v2\/users\/5"}],"replies":[{"embeddable":true,"href":"https:\/\/ca.kln.com\/fr\/wp-json\/wp\/v2\/comments?post=1741"}],"version-history":[{"count":171,"href":"https:\/\/ca.kln.com\/fr\/wp-json\/wp\/v2\/pages\/1741\/revisions"}],"predecessor-version":[{"id":4508,"href":"https:\/\/ca.kln.com\/fr\/wp-json\/wp\/v2\/pages\/1741\/revisions\/4508"}],"wp:attachment":[{"href":"https:\/\/ca.kln.com\/fr\/wp-json\/wp\/v2\/media?parent=1741"}],"curies":[{"name":"wp","href":"https:\/\/api.w.org\/{rel}","templated":true}]}}