{"id":2089,"date":"2024-05-05T15:43:05","date_gmt":"2024-05-05T15:43:05","guid":{"rendered":"http:\/\/kerry.pecon.ca\/?page_id=2089"},"modified":"2025-08-21T16:51:50","modified_gmt":"2025-08-21T16:51:50","slug":"reseau","status":"publish","type":"page","link":"https:\/\/ca.kln.com\/fr\/our-network\/","title":{"rendered":"Notre r\u00e9seau"},"content":{"rendered":"<div class=\"wpb-content-wrapper\"><div class=\"vc_row wpb_row vc_row-fluid dt-default\" style=\"margin-top: 0px;margin-bottom: 0px\"><div class=\"wpb_column vc_column_container vc_col-sm-12\"><div class=\"vc_column-inner\"><div class=\"wpb_wrapper\">\n\t<div class=\"wpb_text_column wpb_content_element\" >\n\t\t<div class=\"wpb_wrapper\">\n\t\t\t<p class=\"ai-optimize-8\">\n\n\t\t<\/div>\n\t<\/div>\n<\/div><\/div><\/div><\/div><div class=\"vc_row wpb_row vc_row-fluid dt-default\" style=\"margin-top: 0px;margin-bottom: 0px\"><div class=\"wpb_column vc_column_container vc_col-sm-12\"><div class=\"vc_column-inner\"><div class=\"wpb_wrapper\">\n\t<div class=\"wpb_text_column wpb_content_element\" >\n\t\t<div class=\"wpb_wrapper\">\n\t\t\t<p class=\"ai-optimize-8\">\n\n\t\t<\/div>\n\t<\/div>\n<\/div><\/div><\/div><\/div><div class=\"vc_row wpb_row vc_row-fluid dt-default\" style=\"margin-top: 0px;margin-bottom: 0px\"><div class=\"wpb_column vc_column_container vc_col-sm-12\"><div class=\"vc_column-inner\"><div class=\"wpb_wrapper\">\n\t<div class=\"wpb_text_column wpb_content_element\" >\n\t\t<div class=\"wpb_wrapper\">\n\t\t\t<p class=\"ai-optimize-30 ai-optimize-introduction\">\n\n\t\t<\/div>\n\t<\/div>\n<\/div><\/div><\/div><\/div><div data-vc-full-width=\"true\" data-vc-full-width-temp=\"true\" data-vc-full-width-init=\"false\" data-vc-stretch-content=\"true\" class=\"vc_row wpb_row vc_row-fluid vc_row-no-padding vc_row-o-full-height vc_row-o-columns-stretch vc_row-o-equal-height vc_row-flex\"><div class=\"wpb_column vc_column_container vc_col-sm-3 vc_col-has-fill\" id=\"left_column\"><div class=\"vc_column-inner vc_custom_1745244232092\"><div class=\"wpb_wrapper\"><div class=\"vc_empty_space\"   style=\"height: 32px\"><span class=\"vc_empty_space_inner\"><\/span><\/div>\n\t<div class=\"wpb_text_column wpb_content_element\" >\n\t\t<div class=\"wpb_wrapper\">\n\t\t\t<h1 class=\"ai-optimize-31\" style=\"font-size: 44px; font-family: Lato-Light, 'Microsoft JhengHei', Arial, sans-serif; font-weight: 300; letter-spacing: 1.5px; text-transform: uppercase; line-height: 1.1; margin-bottom: 0.8em; text-align: left; padding-left: 30px;\">ENTREPRISE<\/h1>\n<p class=\"ai-optimize-32\">\n\n\t\t<\/div>\n\t<\/div>\n\n\t<div class=\"wpb_text_column wpb_content_element\" >\n\t\t<div class=\"wpb_wrapper\">\n\t\t\t<div style=\"padding: 0 20px; font-size: 18px;\">Pr\u00e9sent dans plus de 60 pays et territoires, le r\u00e9seau KLN s\u2019est solidement implant\u00e9 dans la moiti\u00e9 des march\u00e9s \u00e9mergents mondiaux. Notre infrastructure diversifi\u00e9e, notre large couverture des principaux points d\u2019acc\u00e8s internationaux et notre expertise locale s\u2019\u00e9tendent \u00e0 travers la Chine continentale, l\u2019Inde, l\u2019Asie du Sud-Est, la CEI, le Moyen-Orient, l\u2019Am\u00e9rique latine et d\u2019autres r\u00e9gions.<\/div>\n<p class=\"ai-optimize-33\">\n\n\t\t<\/div>\n\t<\/div>\n<div class=\"vc_empty_space\"   style=\"height: 32px\"><span class=\"vc_empty_space_inner\"><\/span><\/div><\/div><\/div><\/div><div class=\"about_backgtound wpb_column vc_column_container vc_col-sm-9\"><div class=\"vc_column-inner\"><div class=\"wpb_wrapper\">\n\t<div class=\"wpb_raw_code wpb_raw_html wpb_content_element\" >\n\t\t<div class=\"wpb_wrapper\">\n\t\t\t<img decoding=\"async\" style=\"width: 100%; padding-bottom: 40px;\" src=\"\/wp-content\/uploads\/2025\/06\/our-networrk.jpg\" \/>\n<h2 style=\"translate: none; rotate: none; scale: none; transform: translate(0px, 0px); opacity: 1; font-size: 36px; font-family: 'Lato-Light', 'Microsoft JhengHei', Arial, sans-serif; font-weight: 300; letter-spacing: 1.5px; text-transform: uppercase; line-height: 1.1; padding: 15px;\">NOS BUREAUX<\/h2>\n<div style=\"position:relative;overflow:hidden;padding:0 45px 35px 45px\">\n<div class=\"vc_row wpb_row\">\n\t<div class=\"wpb_column vc_column_container vc_col-sm-3 vc_col-has-fill\">\n    \t<strong>KLN Logistics Canada Inc.<\/strong><\/span><br>9942 Chemin de la Cote-de-Liesse<br>Lachine, Qu\u00e9bec, <br>H8T 1A1<br><a href=\"tel:+15148224448\">+1 514 822 4448<\/a><br><br>\n\t<\/div>\n\t<div class=\"wpb_column vc_column_container vc_col-sm-3 vc_col-has-fill\">\n    \t<strong>KLN Logistics Canada Inc.<\/strong><\/span><br>1425 Transcanadienne, Suite 150<br>Dorval, Qu\u00e9bec, <br>H9P 2W9<br><a href=\"tel:+15148224448\">+1 514 822 4448<\/a><br><br>\n    <\/div>\n\t<div class=\"wpb_column vc_column_container vc_col-sm-3 vc_col-has-fill\">\n    \t<strong>KLN Logistics Canada Inc.<\/strong><\/span><br>1450 Meyerside Drive, Suite 301<br>Mississauga, Ontario, <br>L5T 2N5<br><a href=\"tel:+19055658788\">+1 905 565 8788<\/a><br><br>\n    <\/div>\n\t<div class=\"wpb_column vc_column_container vc_col-sm-3 vc_col-has-fill\">\n    \t<strong>KLN Logistics Canada Inc.<\/strong><\/span><br>13431 Maycrest Way #105<br>Richmond, BC <br>V6V 2M3<br><a href=\"tel:+17788320808\">+1 778 832 0808<\/a>  x 7126<br><br>\n    <\/div>            \n<\/div>\n<\/div>\n<h2 style=\"translate: none; rotate: none; scale: none; transform: translate(0px, 0px); opacity: 1; font-size: 36px; font-family: 'Lato-Light', 'Microsoft JhengHei', Arial, sans-serif; font-weight: 300; letter-spacing: 1.5px; text-transform: uppercase; line-height: 1.1; padding: 15px;\">R\u00c9SEAU MONDIAL<\/h2>\n<div style=\"padding: 0 20px; ;font-size: 18px; color: #7f7f7f\">\n\nKLN est un prestataire logistique tiers (3PL) bas\u00e9 en Asie, offrant une large gamme de solutions pour la cha\u00eene d\u2019approvisionnement, allant de la logistique int\u00e9gr\u00e9e, du transport international (a\u00e9rien, maritime, routier, ferroviaire et multimodal), du commerce \u00e9lectronique et de l\u2019express, jusqu\u2019\u00e0 la logistique de projets industriels et l\u2019investissement dans les infrastructures. Notre r\u00e9seau international nous permet de fournir sans faille des services remarquables pour toutes les solutions de cha\u00eene d\u2019approvisionnement n\u00e9cessaires.\n\n<\/div>\n<div style=\"padding: 20px 20px;\"><button style=\"padding: 20px; background: #ed6d00; text-transform: uppercase; color: #fff; border-radius: 4px; font-size: 20px; font-weight: 400; border: none;\"onclick=\"javascript:window.open('https:\/\/www.kln.com\/en\/network\/', '_blank');\">Visitez kln.com<\/button><\/div>\n\t\t<\/div>\n\t<\/div>\n<\/div><\/div><\/div><\/div><div class=\"vc_row-full-width vc_clearfix\"><\/div><div class=\"vc_row wpb_row vc_row-fluid dt-default\" style=\"margin-top: 0px;margin-bottom: 0px\"><div class=\"wpb_column vc_column_container vc_col-sm-12\"><div class=\"vc_column-inner\"><div class=\"wpb_wrapper\">\n\t<div class=\"wpb_text_column wpb_content_element\" >\n\t\t<div class=\"wpb_wrapper\">\n\t\t\t<p class=\"ai-optimize-9\">\n\n\t\t<\/div>\n\t<\/div>\n<\/div><\/div><\/div><\/div><div class=\"vc_row wpb_row vc_row-fluid dt-default\" style=\"margin-top: 0px;margin-bottom: 0px\"><div class=\"wpb_column vc_column_container vc_col-sm-12\"><div class=\"vc_column-inner\"><div class=\"wpb_wrapper\">\n\t<div class=\"wpb_text_column wpb_content_element\" >\n\t\t<div class=\"wpb_wrapper\">\n\t\t\t<p class=\"ai-optimize-9\">\n\n\t\t<\/div>\n\t<\/div>\n<\/div><\/div><\/div><\/div><div class=\"vc_row wpb_row vc_row-fluid dt-default\" style=\"margin-top: 0px;margin-bottom: 0px\"><div class=\"wpb_column vc_column_container vc_col-sm-12\"><div class=\"vc_column-inner\"><div class=\"wpb_wrapper\">\n\t<div class=\"wpb_text_column wpb_content_element\" >\n\t\t<div class=\"wpb_wrapper\">\n\t\t\t\n\t\t<\/div>\n\t<\/div>\n<\/div><\/div><\/div><\/div>\n<\/div>","protected":false},"excerpt":{"rendered":"<p>SOCI\u00c9T\u00c9 Avec une pr\u00e9sence mondiale dans 60 pays et territoires, KLN Network s'est solidement implant\u00e9 dans la moiti\u00e9 des march\u00e9s \u00e9mergents du monde. Notre infrastructure diversifi\u00e9e, notre couverture \u00e9tendue des passerelles internationales et notre expertise locale s'\u00e9tendent \u00e0 la Chine continentale, \u00e0 l'Inde, \u00e0 l'Asie du Sud-Est, \u00e0 la CEI, au Moyen-Orient, au LATAM et \u00e0 d'autres r\u00e9gions. NOS BUREAUX KLN...<\/p>","protected":false},"author":5,"featured_media":0,"parent":0,"menu_order":10,"comment_status":"closed","ping_status":"closed","template":"","meta":{"footnotes":"","_wp_rev_ctl_limit":""},"class_list":["post-2089","page","type-page","status-publish","hentry","description-off"],"yoast_head":"<!-- This site is optimized with the Yoast SEO Premium plugin v25.3 (Yoast SEO v27.3) - https:\/\/yoast.com\/product\/yoast-seo-premium-wordpress\/ -->\n<title>Our Network - KLN<\/title>\n<meta name=\"description\" content=\"Leverage our expansive logistics network spanning 60+ countries. With local teams, strategic hubs, and global infrastructure, we deliver reliable, scalable supply chain solutions.\" \/>\n<meta name=\"robots\" content=\"index, follow, max-snippet:-1, max-image-preview:large, max-video-preview:-1\" \/>\n<link rel=\"canonical\" href=\"https:\/\/ca.kln.com\/fr\/reseau\/\" \/>\n<meta property=\"og:locale\" content=\"fr_CA\" \/>\n<meta property=\"og:type\" content=\"article\" \/>\n<meta property=\"og:title\" content=\"Our Network\" \/>\n<meta property=\"og:description\" content=\"Leverage our expansive logistics network spanning 60+ countries. With local teams, strategic hubs, and global infrastructure, we deliver reliable, scalable supply chain solutions.\" \/>\n<meta property=\"og:url\" content=\"https:\/\/ca.kln.com\/fr\/reseau\/\" \/>\n<meta property=\"og:site_name\" content=\"KLN\" \/>\n<meta property=\"article:modified_time\" content=\"2025-08-21T16:51:50+00:00\" \/>\n<meta name=\"twitter:card\" content=\"summary_large_image\" \/>\n<meta name=\"twitter:label1\" content=\"Estimation du temps de lecture\" \/>\n\t<meta name=\"twitter:data1\" content=\"1 minute\" \/>\n<script type=\"application\/ld+json\" class=\"yoast-schema-graph\">{\"@context\":\"https:\\\/\\\/schema.org\",\"@graph\":[{\"@type\":\"WebPage\",\"@id\":\"https:\\\/\\\/ca.kln.com\\\/our-network\\\/\",\"url\":\"https:\\\/\\\/ca.kln.com\\\/our-network\\\/\",\"name\":\"Our Network - KLN\",\"isPartOf\":{\"@id\":\"https:\\\/\\\/ca.kln.com\\\/#website\"},\"datePublished\":\"2024-05-05T15:43:05+00:00\",\"dateModified\":\"2025-08-21T16:51:50+00:00\",\"description\":\"Leverage our expansive logistics network spanning 60+ countries. With local teams, strategic hubs, and global infrastructure, we deliver reliable, scalable supply chain solutions.\",\"breadcrumb\":{\"@id\":\"https:\\\/\\\/ca.kln.com\\\/our-network\\\/#breadcrumb\"},\"inLanguage\":\"fr-CA\",\"potentialAction\":[{\"@type\":\"ReadAction\",\"target\":[\"https:\\\/\\\/ca.kln.com\\\/our-network\\\/\"]}]},{\"@type\":\"BreadcrumbList\",\"@id\":\"https:\\\/\\\/ca.kln.com\\\/our-network\\\/#breadcrumb\",\"itemListElement\":[{\"@type\":\"ListItem\",\"position\":1,\"name\":\"Home\",\"item\":\"https:\\\/\\\/ca.kln.com\\\/\"},{\"@type\":\"ListItem\",\"position\":2,\"name\":\"Our Network\"}]},{\"@type\":\"WebSite\",\"@id\":\"https:\\\/\\\/ca.kln.com\\\/#website\",\"url\":\"https:\\\/\\\/ca.kln.com\\\/\",\"name\":\"KLN\",\"description\":\"\",\"publisher\":{\"@id\":\"https:\\\/\\\/ca.kln.com\\\/#organization\"},\"potentialAction\":[{\"@type\":\"SearchAction\",\"target\":{\"@type\":\"EntryPoint\",\"urlTemplate\":\"https:\\\/\\\/ca.kln.com\\\/?s={search_term_string}\"},\"query-input\":{\"@type\":\"PropertyValueSpecification\",\"valueRequired\":true,\"valueName\":\"search_term_string\"}}],\"inLanguage\":\"fr-CA\"},{\"@type\":\"Organization\",\"@id\":\"https:\\\/\\\/ca.kln.com\\\/#organization\",\"name\":\"KLN\",\"url\":\"https:\\\/\\\/ca.kln.com\\\/\",\"logo\":{\"@type\":\"ImageObject\",\"inLanguage\":\"fr-CA\",\"@id\":\"https:\\\/\\\/ca.kln.com\\\/#\\\/schema\\\/logo\\\/image\\\/\",\"url\":\"https:\\\/\\\/ca.kln.com\\\/wp-content\\\/uploads\\\/2025\\\/04\\\/kln-logo.jpg\",\"contentUrl\":\"https:\\\/\\\/ca.kln.com\\\/wp-content\\\/uploads\\\/2025\\\/04\\\/kln-logo.jpg\",\"width\":200,\"height\":79,\"caption\":\"KLN\"},\"image\":{\"@id\":\"https:\\\/\\\/ca.kln.com\\\/#\\\/schema\\\/logo\\\/image\\\/\"}}]}<\/script>\n<!-- \/ Yoast SEO Premium plugin. -->","yoast_head_json":{"title":"R\r\u00e9seau - KLN","description":"Tirez parti de notre vaste r\u00e9seau logistique couvrant plus de 60 pays. Avec des \u00e9quipes locales, des hubs strat\u00e9giques et une infrastructure mondiale, nous fournissons des solutions de cha\u00eene d\u2019approvisionnement fiables et \u00e9volutives.","robots":{"index":"index","follow":"follow","max-snippet":"max-snippet:-1","max-image-preview":"max-image-preview:large","max-video-preview":"max-video-preview:-1"},"canonical":"https:\/\/ca.kln.com\/fr\/reseau\/","og_locale":"fr_CA","og_type":"article","og_title":"Our Network","og_description":"Leverage our expansive logistics network spanning 60+ countries. With local teams, strategic hubs, and global infrastructure, we deliver reliable, scalable supply chain solutions.","og_url":"https:\/\/ca.kln.com\/fr\/reseau\/","og_site_name":"KLN","article_modified_time":"2025-08-21T16:51:50+00:00","twitter_card":"summary_large_image","twitter_misc":{"Estimation du temps de lecture":"1 minute"},"schema":{"@context":"https:\/\/schema.org","@graph":[{"@type":"WebPage","@id":"https:\/\/ca.kln.com\/our-network\/","url":"https:\/\/ca.kln.com\/our-network\/","name":"R\r\u00e9seau - KLN","isPartOf":{"@id":"https:\/\/ca.kln.com\/#website"},"datePublished":"2024-05-05T15:43:05+00:00","dateModified":"2025-08-21T16:51:50+00:00","description":"Tirez parti de notre vaste r\u00e9seau logistique couvrant plus de 60 pays. Avec des \u00e9quipes locales, des hubs strat\u00e9giques et une infrastructure mondiale, nous fournissons des solutions de cha\u00eene d\u2019approvisionnement fiables et \u00e9volutives.","breadcrumb":{"@id":"https:\/\/ca.kln.com\/our-network\/#breadcrumb"},"inLanguage":"fr-CA","potentialAction":[{"@type":"ReadAction","target":["https:\/\/ca.kln.com\/our-network\/"]}]},{"@type":"BreadcrumbList","@id":"https:\/\/ca.kln.com\/our-network\/#breadcrumb","itemListElement":[{"@type":"ListItem","position":1,"name":"Home","item":"https:\/\/ca.kln.com\/"},{"@type":"ListItem","position":2,"name":"Our Network"}]},{"@type":"WebSite","@id":"https:\/\/ca.kln.com\/#website","url":"https:\/\/ca.kln.com\/","name":"KLN","description":"","publisher":{"@id":"https:\/\/ca.kln.com\/#organization"},"potentialAction":[{"@type":"SearchAction","target":{"@type":"EntryPoint","urlTemplate":"https:\/\/ca.kln.com\/?s={search_term_string}"},"query-input":{"@type":"PropertyValueSpecification","valueRequired":true,"valueName":"search_term_string"}}],"inLanguage":"fr-CA"},{"@type":"Organization","@id":"https:\/\/ca.kln.com\/#organization","name":"KLN","url":"https:\/\/ca.kln.com\/","logo":{"@type":"ImageObject","inLanguage":"fr-CA","@id":"https:\/\/ca.kln.com\/#\/schema\/logo\/image\/","url":"https:\/\/ca.kln.com\/wp-content\/uploads\/2025\/04\/kln-logo.jpg","contentUrl":"https:\/\/ca.kln.com\/wp-content\/uploads\/2025\/04\/kln-logo.jpg","width":200,"height":79,"caption":"KLN"},"image":{"@id":"https:\/\/ca.kln.com\/#\/schema\/logo\/image\/"}}]}},"_links":{"self":[{"href":"https:\/\/ca.kln.com\/fr\/wp-json\/wp\/v2\/pages\/2089","targetHints":{"allow":["GET"]}}],"collection":[{"href":"https:\/\/ca.kln.com\/fr\/wp-json\/wp\/v2\/pages"}],"about":[{"href":"https:\/\/ca.kln.com\/fr\/wp-json\/wp\/v2\/types\/page"}],"author":[{"embeddable":true,"href":"https:\/\/ca.kln.com\/fr\/wp-json\/wp\/v2\/users\/5"}],"replies":[{"embeddable":true,"href":"https:\/\/ca.kln.com\/fr\/wp-json\/wp\/v2\/comments?post=2089"}],"version-history":[{"count":34,"href":"https:\/\/ca.kln.com\/fr\/wp-json\/wp\/v2\/pages\/2089\/revisions"}],"predecessor-version":[{"id":4713,"href":"https:\/\/ca.kln.com\/fr\/wp-json\/wp\/v2\/pages\/2089\/revisions\/4713"}],"wp:attachment":[{"href":"https:\/\/ca.kln.com\/fr\/wp-json\/wp\/v2\/media?parent=2089"}],"curies":[{"name":"wp","href":"https:\/\/api.w.org\/{rel}","templated":true}]}}