{"id":3045,"date":"2023-09-20T09:44:53","date_gmt":"2023-09-20T09:44:53","guid":{"rendered":"http:\/\/72.167.36.177\/?page_id=3045"},"modified":"2025-06-23T14:34:18","modified_gmt":"2025-06-23T14:34:18","slug":"logistique-integree","status":"publish","type":"page","link":"https:\/\/ca.kln.com\/fr\/integrated-logistics\/","title":{"rendered":"Logistique int\u00e9gr\u00e9e"},"content":{"rendered":"<div class=\"wpb-content-wrapper\"><div data-vc-full-width=\"true\" data-vc-full-width-temp=\"true\" data-vc-full-width-init=\"false\" data-vc-stretch-content=\"true\" class=\"vc_row wpb_row vc_row-fluid swap-on-mobl vc_row-no-padding vc_row-o-full-height vc_row-o-columns-stretch vc_row-o-equal-height vc_row-flex\"><div class=\"wpb_column vc_column_container vc_col-sm-3 vc_col-has-fill\"><div class=\"vc_column-inner vc_custom_1715772468859\"><div class=\"wpb_wrapper\"><div class=\"vc_empty_space\"   style=\"height: 32px\"><span class=\"vc_empty_space_inner\"><\/span><\/div><div id=\"mm\" class=\"vc_wp_custommenu wpb_content_element prd-pg-menu\"><div class=\"widget widget_nav_menu\"><h2 class=\"widgettitle\">Produits<\/h2><div class=\"menu-products-menu-container\"><ul id=\"menu-products-menu\" class=\"menu\"><li id=\"menu-item-3494\" class=\"menu-item menu-item-type-post_type menu-item-object-page menu-item-has-children menu-item-3494\"><a href=\"https:\/\/ca.kln.com\/fr\/integrated-logistics\/\">Logistique int\u00e9gr\u00e9e<\/a>\n<ul class=\"sub-menu\">\n\t<li id=\"menu-item-3499\" class=\"menu-item menu-item-type-post_type menu-item-object-page menu-item-3499\"><a href=\"https:\/\/ca.kln.com\/fr\/integrated-logistics\/value-added-services\/\">Services \u00e0 valeur ajout\u00e9e<\/a><\/li>\n\t<li id=\"menu-item-3507\" class=\"menu-item menu-item-type-post_type menu-item-object-page menu-item-3507\"><a href=\"https:\/\/ca.kln.com\/fr\/integrated-logistics\/worldwide-logistics-facilities\/\">Installations logistiques \u00e0 l\u2019\u00e9chelle mondiale<\/a><\/li>\n<\/ul>\n<\/li>\n<li id=\"menu-item-3508\" class=\"menu-item menu-item-type-post_type menu-item-object-page menu-item-has-children menu-item-3508\"><a href=\"https:\/\/ca.kln.com\/fr\/air-freight\/\">Fret a\u00e9rien<\/a>\n<ul class=\"sub-menu\">\n\t<li id=\"menu-item-3655\" class=\"menu-item menu-item-type-post_type menu-item-object-page menu-item-3655\"><a href=\"https:\/\/ca.kln.com\/fr\/air-freight\/air-charter\/\">Affr\u00e8tement a\u00e9rien<\/a><\/li>\n\t<li id=\"menu-item-3654\" class=\"menu-item menu-item-type-post_type menu-item-object-page menu-item-3654\"><a href=\"https:\/\/ca.kln.com\/fr\/air-freight\/sea-air-air-sea\/\">Mer-air &amp; air-mer<\/a><\/li>\n\t<li id=\"menu-item-3653\" class=\"menu-item menu-item-type-post_type menu-item-object-page menu-item-3653\"><a href=\"https:\/\/ca.kln.com\/fr\/air-freight\/consolidation\/\">Consolidation<\/a><\/li>\n<\/ul>\n<\/li>\n<li id=\"menu-item-3546\" class=\"menu-item menu-item-type-post_type menu-item-object-page menu-item-3546\"><a href=\"https:\/\/ca.kln.com\/fr\/brokerage\/\">Services de courtage<\/a><\/li>\n<li id=\"menu-item-3509\" class=\"menu-item menu-item-type-post_type menu-item-object-page menu-item-3509\"><a href=\"https:\/\/ca.kln.com\/fr\/land-freight\/\">Fret terrestre<\/a><\/li>\n<li id=\"menu-item-3510\" class=\"menu-item menu-item-type-post_type menu-item-object-page menu-item-has-children menu-item-3510\"><a href=\"https:\/\/ca.kln.com\/fr\/ocean-freight\/\">Fret maritime<\/a>\n<ul class=\"sub-menu\">\n\t<li id=\"menu-item-3529\" class=\"menu-item menu-item-type-post_type menu-item-object-page menu-item-3529\"><a href=\"https:\/\/ca.kln.com\/fr\/ocean-freight\/nvocc-for-fcl-lcl\/\">NVOCC pour FCL et LCL<\/a><\/li>\n\t<li id=\"menu-item-3533\" class=\"menu-item menu-item-type-post_type menu-item-object-page menu-item-3533\"><a href=\"https:\/\/ca.kln.com\/fr\/ocean-freight\/break-bulk\/\">Fret en lots s\u00e9par\u00e9s<\/a><\/li>\n\t<li id=\"menu-item-3538\" class=\"menu-item menu-item-type-post_type menu-item-object-page menu-item-3538\"><a href=\"https:\/\/ca.kln.com\/fr\/ocean-freight\/consolidation\/\">Consolidation<\/a><\/li>\n\t<li id=\"menu-item-3542\" class=\"menu-item menu-item-type-post_type menu-item-object-page menu-item-3542\"><a href=\"https:\/\/ca.kln.com\/fr\/ocean-freight\/booking-agent\/\">Agent de r\u00e9servation<\/a><\/li>\n<\/ul>\n<\/li>\n<li id=\"menu-item-3548\" class=\"menu-item menu-item-type-post_type menu-item-object-page menu-item-has-children menu-item-3548\"><a href=\"https:\/\/ca.kln.com\/fr\/e-commerce\/\">Commerce \u00e9lectronique<\/a>\n<ul class=\"sub-menu\">\n\t<li id=\"menu-item-3766\" class=\"menu-item menu-item-type-post_type menu-item-object-page menu-item-3766\"><a href=\"https:\/\/ca.kln.com\/fr\/e-commerce\/cross-border-logistics\/\">Logistique transfrontali\u00e8re<\/a><\/li>\n<\/ul>\n<\/li>\n<li id=\"menu-item-3550\" class=\"menu-item menu-item-type-post_type menu-item-object-page menu-item-3550\"><a href=\"https:\/\/ca.kln.com\/fr\/supply-chain-solutions\/\">Cha\u00eene d\u2019approvisionnement<\/a><\/li>\n<li id=\"menu-item-3920\" class=\"menu-item menu-item-type-post_type menu-item-object-page menu-item-3920\"><a href=\"https:\/\/ca.kln.com\/fr\/express\/\">Service express<\/a><\/li>\n<\/ul><\/div><\/div><\/div><\/div><\/div><\/div><div class=\"about_backgtound_2 wpb_column vc_column_container vc_col-sm-9 vc_col-has-fill\"><div class=\"vc_column-inner vc_custom_1750253058877\"><div class=\"wpb_wrapper\"><h1 style=\"color: #ffffff;text-align: left\" class=\"vc_custom_heading vc_do_custom_heading prd-pg-h1 vc_custom_1715772822029\" >Logistique int\u00e9gr\u00e9e<\/h1>\n\t<div class=\"wpb_text_column wpb_content_element  serv-pg-text\" >\n\t\t<div class=\"wpb_wrapper\">\n\t\t\t<p>KLN exploite plus de 60 millions de pieds carr\u00e9s d\u2019installations d\u2019entreposage en propri\u00e9t\u00e9, g\u00e9r\u00e9es et exploit\u00e9es, dont 1,2 million de pieds carr\u00e9s en Am\u00e9rique du Nord, une partie \u00e9tant sous douane.<\/p>\n\n\t\t<\/div>\n\t<\/div>\n\n\t<div class=\"wpb_raw_code wpb_raw_html wpb_content_element\" >\n\t\t<div class=\"wpb_wrapper\">\n\t\t\t<script>$( document ).ready(function() {t_m(\"menu-item-3494\");});<\/script>\n\t\t<\/div>\n\t<\/div>\n<div class=\"vc_tta-container\" data-vc-action=\"collapse\"><div class=\"vc_general vc_tta vc_tta-accordion vc_tta-color-grey vc_tta-style-classic vc_tta-shape-rounded vc_tta-o-shape-group vc_tta-controls-align-default vc_custom_1716524853877\"><div class=\"vc_tta-panels-container\"><div class=\"vc_tta-panels\"><div class=\"vc_tta-panel vc_active\" id=\"1716524441911-9fd1640a-7e4a\" data-vc-content=\".vc_tta-panel-body\"><div class=\"vc_tta-panel-heading\"><h4 class=\"vc_tta-panel-title vc_tta-controls-icon-position-left\"><a href=\"#1716524441911-9fd1640a-7e4a\" data-vc-accordion data-vc-container=\".vc_tta-container\"><span class=\"vc_tta-title-text\">FAK (Fret toutes marchandises)<\/span><i class=\"vc_tta-controls-icon vc_tta-controls-icon-plus\"><\/i><\/a><\/h4><\/div><div class=\"vc_tta-panel-body\">\n\t<div class=\"wpb_raw_code wpb_raw_html wpb_content_element\" >\n\t\t<div class=\"wpb_wrapper\">\n\t\t\tNous offrons \u00e0 nos clients des solutions de type \u201cFret toutes marchandises\u201d (FAK), permettant de regrouper plusieurs types de marchandises ou cat\u00e9gories d\u2019envois en un seul envoi, et ce, \u00e0 un tarif fixe.\n\t\t<\/div>\n\t<\/div>\n<\/div><\/div><div class=\"vc_tta-panel\" id=\"1716524441911-b712c62b-de3a\" data-vc-content=\".vc_tta-panel-body\"><div class=\"vc_tta-panel-heading\"><h4 class=\"vc_tta-panel-title vc_tta-controls-icon-position-left\"><a href=\"#1716524441911-b712c62b-de3a\" data-vc-accordion data-vc-container=\".vc_tta-container\"><span class=\"vc_tta-title-text\">Transbordement<\/span><i class=\"vc_tta-controls-icon vc_tta-controls-icon-plus\"><\/i><\/a><\/h4><\/div><div class=\"vc_tta-panel-body\">\n\t<div class=\"wpb_raw_code wpb_raw_html wpb_content_element\" >\n\t\t<div class=\"wpb_wrapper\">\n\t\t\tNos services de transbordement sophistiqu\u00e9s sont con\u00e7us pour r\u00e9duire les d\u00e9lais de livraison en d\u00e9chargeant et rechargeant les exp\u00e9ditions avec peu ou pas de stockage interm\u00e9diaire. Nos installations et syst\u00e8mes de transbordement sont continuellement optimis\u00e9s afin d\u2019assurer un transport rapide et rentable de vos marchandises.\n\t\t<\/div>\n\t<\/div>\n<\/div><\/div><div class=\"vc_tta-panel\" id=\"1716524527303-05bbfe36-9c22\" data-vc-content=\".vc_tta-panel-body\"><div class=\"vc_tta-panel-heading\"><h4 class=\"vc_tta-panel-title vc_tta-controls-icon-position-left\"><a href=\"#1716524527303-05bbfe36-9c22\" data-vc-accordion data-vc-container=\".vc_tta-container\"><span class=\"vc_tta-title-text\">Entreposage<\/span><i class=\"vc_tta-controls-icon vc_tta-controls-icon-plus\"><\/i><\/a><\/h4><\/div><div class=\"vc_tta-panel-body\">\n\t<div class=\"wpb_raw_code wpb_raw_html wpb_content_element\" >\n\t\t<div class=\"wpb_wrapper\">\n\t\t\tNos solutions d\u2019entreposage, de tri et de distribution r\u00e9pondent aux besoins d\u2019un large \u00e9ventail d\u2019industries.\n\t\t<\/div>\n\t<\/div>\n<\/div><\/div><div class=\"vc_tta-panel\" id=\"1716524546636-fd29013d-35d4\" data-vc-content=\".vc_tta-panel-body\"><div class=\"vc_tta-panel-heading\"><h4 class=\"vc_tta-panel-title vc_tta-controls-icon-position-left\"><a href=\"#1716524546636-fd29013d-35d4\" data-vc-accordion data-vc-container=\".vc_tta-container\"><span class=\"vc_tta-title-text\">Pr\u00e9positionnement de conteneurs<\/span><i class=\"vc_tta-controls-icon vc_tta-controls-icon-plus\"><\/i><\/a><\/h4><\/div><div class=\"vc_tta-panel-body\">\n\t<div class=\"wpb_raw_code wpb_raw_html wpb_content_element\" >\n\t\t<div class=\"wpb_wrapper\">\n\t\t\tNos installations d\u2019entreposage sont \u00e9quip\u00e9es pour la mise en attente de conteneurs, et nos syst\u00e8mes nous permettent de g\u00e9rer et d\u2019optimiser efficacement le flux de marchandises en tout temps.\n\t\t<\/div>\n\t<\/div>\n<\/div><\/div><div class=\"vc_tta-panel\" id=\"1716524711561-d3c1c1f7-d314\" data-vc-content=\".vc_tta-panel-body\"><div class=\"vc_tta-panel-heading\"><h4 class=\"vc_tta-panel-title vc_tta-controls-icon-position-left\"><a href=\"#1716524711561-d3c1c1f7-d314\" data-vc-accordion data-vc-container=\".vc_tta-container\"><span class=\"vc_tta-title-text\">D\u00e9potage de conteneur complet (FCL)<\/span><i class=\"vc_tta-controls-icon vc_tta-controls-icon-plus\"><\/i><\/a><\/h4><\/div><div class=\"vc_tta-panel-body\">\n\t<div class=\"wpb_raw_code wpb_raw_html wpb_content_element\" >\n\t\t<div class=\"wpb_wrapper\">\n\t\t\tNotre \u00e9quipe des op\u00e9rations poss\u00e8de une vaste exp\u00e9rience dans tous les aspects de la manutention de produits et du d\u00e9potage. Notre priorit\u00e9 est d\u2019assurer un d\u00e9chargement s\u00e9curitaire, soigneux et efficace de vos marchandises.\n\t\t<\/div>\n\t<\/div>\n<\/div><\/div><div class=\"vc_tta-panel\" id=\"1716524742608-e447e1c8-ff4e\" data-vc-content=\".vc_tta-panel-body\"><div class=\"vc_tta-panel-heading\"><h4 class=\"vc_tta-panel-title vc_tta-controls-icon-position-left\"><a href=\"#1716524742608-e447e1c8-ff4e\" data-vc-accordion data-vc-container=\".vc_tta-container\"><span class=\"vc_tta-title-text\">Transport partiel (LTL)<\/span><i class=\"vc_tta-controls-icon vc_tta-controls-icon-plus\"><\/i><\/a><\/h4><\/div><div class=\"vc_tta-panel-body\">\n\t<div class=\"wpb_raw_code wpb_raw_html wpb_content_element\" >\n\t\t<div class=\"wpb_wrapper\">\n\t\t\tNous offrons des services de transport partiel (LTL) efficaces \u00e0 l\u2019\u00e9chelle mondiale. Nos capacit\u00e9s en LTL incluent la collecte directe et la gestion du fret int\u00e9rieur. En op\u00e9rant sur les principales voies commerciales, nous assurons une capacit\u00e9 ad\u00e9quate, des livraisons ponctuelles et une flexibilit\u00e9 maximale. Nos experts en LTL prennent en charge chaque \u00e9tape, de la planification \u00e0 la livraison, afin de r\u00e9pondre pleinement \u00e0 vos besoins.\n\t\t<\/div>\n\t<\/div>\n<\/div><\/div><div class=\"vc_tta-panel\" id=\"1716524768750-60d6f4df-9f6a\" data-vc-content=\".vc_tta-panel-body\"><div class=\"vc_tta-panel-heading\"><h4 class=\"vc_tta-panel-title vc_tta-controls-icon-position-left\"><a href=\"#1716524768750-60d6f4df-9f6a\" data-vc-accordion data-vc-container=\".vc_tta-container\"><span class=\"vc_tta-title-text\">Transport longue distance par camion<\/span><i class=\"vc_tta-controls-icon vc_tta-controls-icon-plus\"><\/i><\/a><\/h4><\/div><div class=\"vc_tta-panel-body\">\n\t<div class=\"wpb_raw_code wpb_raw_html wpb_content_element\" >\n\t\t<div class=\"wpb_wrapper\">\n\t\t\tNous offrons un service de transport longue distance porte-\u00e0-porte de qualit\u00e9 sup\u00e9rieure \u00e0 l\u2019international. Notre \u00e9quipe exp\u00e9riment\u00e9e g\u00e8re la planification, la r\u00e9partition et le suivi afin d\u2019assurer des livraisons \u00e9conomiques. En tirant parti de notre solide r\u00e9seau, nous fournissons un soutien logistique incluant la pr\u00e9paration de commandes et la livraison du dernier kilom\u00e8tre.\n\t\t<\/div>\n\t<\/div>\n<\/div><\/div><div class=\"vc_tta-panel\" id=\"1716524788844-d25cb69c-427b\" data-vc-content=\".vc_tta-panel-body\"><div class=\"vc_tta-panel-heading\"><h4 class=\"vc_tta-panel-title vc_tta-controls-icon-position-left\"><a href=\"#1716524788844-d25cb69c-427b\" data-vc-accordion data-vc-container=\".vc_tta-container\"><span class=\"vc_tta-title-text\">Livraison du dernier kilom\u00e8tre<\/span><i class=\"vc_tta-controls-icon vc_tta-controls-icon-plus\"><\/i><\/a><\/h4><\/div><div class=\"vc_tta-panel-body\">\n\t<div class=\"wpb_raw_code wpb_raw_html wpb_content_element\" >\n\t\t<div class=\"wpb_wrapper\">\n\t\t\tEn tirant parti de notre vaste r\u00e9seau express, nous offrons une livraison du dernier kilom\u00e8tre rentable pour soutenir vos activit\u00e9s de commerce \u00e9lectronique, couvrant les mod\u00e8les B2B, B2C et B2B2C.\n\t\t<\/div>\n\t<\/div>\n<\/div><\/div><\/div><\/div><\/div><\/div><\/div><\/div><\/div><\/div><div class=\"vc_row-full-width vc_clearfix\"><\/div>\n<\/div>","protected":false},"excerpt":{"rendered":"<p>ProduitsLogistique int\u00e9gr\u00e9e Services \u00e0 valeur ajout\u00e9e Installations logistiques mondiales Fret a\u00e9rien Affr\u00e8tement a\u00e9rien Consolidation a\u00e9rienne et maritime Courtage Fret terrestre Fret maritime NVOCC pour FCL et LCL Marchandises en vrac Consolidation Agent de r\u00e9servation Commerce \u00e9lectronique Logistique transfrontali\u00e8re Solutions pour la cha\u00eene d'approvisionnement Express Logistique int\u00e9gr\u00e9e KLN exploite plus de 60 millions de pieds carr\u00e9s d'installations d'entreposage en propri\u00e9t\u00e9, en gestion et en exploitation....<\/p>","protected":false},"author":5,"featured_media":0,"parent":0,"menu_order":0,"comment_status":"closed","ping_status":"closed","template":"","meta":{"footnotes":"","_wp_rev_ctl_limit":""},"class_list":["post-3045","page","type-page","status-publish","hentry","description-off"],"yoast_head":"<!-- This site is optimized with the Yoast SEO Premium plugin v25.3 (Yoast SEO v27.3) - https:\/\/yoast.com\/product\/yoast-seo-premium-wordpress\/ -->\n<title>Integrated Logistics - KLN<\/title>\n<meta name=\"robots\" content=\"index, follow, max-snippet:-1, max-image-preview:large, max-video-preview:-1\" \/>\n<link rel=\"canonical\" href=\"https:\/\/ca.kln.com\/fr\/logistique-integree\/\" \/>\n<meta property=\"og:locale\" content=\"fr_CA\" \/>\n<meta property=\"og:type\" content=\"article\" \/>\n<meta property=\"og:title\" content=\"Integrated Logistics\" \/>\n<meta property=\"og:url\" content=\"https:\/\/ca.kln.com\/fr\/logistique-integree\/\" \/>\n<meta property=\"og:site_name\" content=\"KLN\" \/>\n<meta property=\"article:modified_time\" content=\"2025-06-23T14:34:18+00:00\" \/>\n<meta name=\"twitter:card\" content=\"summary_large_image\" \/>\n<meta name=\"twitter:label1\" content=\"Estimation du temps de lecture\" \/>\n\t<meta name=\"twitter:data1\" content=\"1 minute\" \/>\n<script type=\"application\/ld+json\" class=\"yoast-schema-graph\">{\"@context\":\"https:\\\/\\\/schema.org\",\"@graph\":[{\"@type\":\"WebPage\",\"@id\":\"https:\\\/\\\/ca.kln.com\\\/integrated-logistics\\\/\",\"url\":\"https:\\\/\\\/ca.kln.com\\\/integrated-logistics\\\/\",\"name\":\"Integrated Logistics - KLN\",\"isPartOf\":{\"@id\":\"https:\\\/\\\/ca.kln.com\\\/#website\"},\"datePublished\":\"2023-09-20T09:44:53+00:00\",\"dateModified\":\"2025-06-23T14:34:18+00:00\",\"breadcrumb\":{\"@id\":\"https:\\\/\\\/ca.kln.com\\\/integrated-logistics\\\/#breadcrumb\"},\"inLanguage\":\"fr-CA\",\"potentialAction\":[{\"@type\":\"ReadAction\",\"target\":[\"https:\\\/\\\/ca.kln.com\\\/integrated-logistics\\\/\"]}]},{\"@type\":\"BreadcrumbList\",\"@id\":\"https:\\\/\\\/ca.kln.com\\\/integrated-logistics\\\/#breadcrumb\",\"itemListElement\":[{\"@type\":\"ListItem\",\"position\":1,\"name\":\"Home\",\"item\":\"https:\\\/\\\/ca.kln.com\\\/\"},{\"@type\":\"ListItem\",\"position\":2,\"name\":\"Integrated Logistics\"}]},{\"@type\":\"WebSite\",\"@id\":\"https:\\\/\\\/ca.kln.com\\\/#website\",\"url\":\"https:\\\/\\\/ca.kln.com\\\/\",\"name\":\"KLN\",\"description\":\"\",\"publisher\":{\"@id\":\"https:\\\/\\\/ca.kln.com\\\/#organization\"},\"potentialAction\":[{\"@type\":\"SearchAction\",\"target\":{\"@type\":\"EntryPoint\",\"urlTemplate\":\"https:\\\/\\\/ca.kln.com\\\/?s={search_term_string}\"},\"query-input\":{\"@type\":\"PropertyValueSpecification\",\"valueRequired\":true,\"valueName\":\"search_term_string\"}}],\"inLanguage\":\"fr-CA\"},{\"@type\":\"Organization\",\"@id\":\"https:\\\/\\\/ca.kln.com\\\/#organization\",\"name\":\"KLN\",\"url\":\"https:\\\/\\\/ca.kln.com\\\/\",\"logo\":{\"@type\":\"ImageObject\",\"inLanguage\":\"fr-CA\",\"@id\":\"https:\\\/\\\/ca.kln.com\\\/#\\\/schema\\\/logo\\\/image\\\/\",\"url\":\"https:\\\/\\\/ca.kln.com\\\/wp-content\\\/uploads\\\/2025\\\/04\\\/kln-logo.jpg\",\"contentUrl\":\"https:\\\/\\\/ca.kln.com\\\/wp-content\\\/uploads\\\/2025\\\/04\\\/kln-logo.jpg\",\"width\":200,\"height\":79,\"caption\":\"KLN\"},\"image\":{\"@id\":\"https:\\\/\\\/ca.kln.com\\\/#\\\/schema\\\/logo\\\/image\\\/\"}}]}<\/script>\n<!-- \/ Yoast SEO Premium plugin. -->","yoast_head_json":{"title":"Logistique int\u00e9gr\u00e9e \u2013 KLN","robots":{"index":"index","follow":"follow","max-snippet":"max-snippet:-1","max-image-preview":"max-image-preview:large","max-video-preview":"max-video-preview:-1"},"canonical":"https:\/\/ca.kln.com\/fr\/logistique-integree\/","og_locale":"fr_CA","og_type":"article","og_title":"Integrated Logistics","og_url":"https:\/\/ca.kln.com\/fr\/logistique-integree\/","og_site_name":"KLN","article_modified_time":"2025-06-23T14:34:18+00:00","twitter_card":"summary_large_image","twitter_misc":{"Estimation du temps de lecture":"1 minute"},"schema":{"@context":"https:\/\/schema.org","@graph":[{"@type":"WebPage","@id":"https:\/\/ca.kln.com\/integrated-logistics\/","url":"https:\/\/ca.kln.com\/integrated-logistics\/","name":"Logistique int\u00e9gr\u00e9e \u2013 KLN","isPartOf":{"@id":"https:\/\/ca.kln.com\/#website"},"datePublished":"2023-09-20T09:44:53+00:00","dateModified":"2025-06-23T14:34:18+00:00","breadcrumb":{"@id":"https:\/\/ca.kln.com\/integrated-logistics\/#breadcrumb"},"inLanguage":"fr-CA","potentialAction":[{"@type":"ReadAction","target":["https:\/\/ca.kln.com\/integrated-logistics\/"]}]},{"@type":"BreadcrumbList","@id":"https:\/\/ca.kln.com\/integrated-logistics\/#breadcrumb","itemListElement":[{"@type":"ListItem","position":1,"name":"Home","item":"https:\/\/ca.kln.com\/"},{"@type":"ListItem","position":2,"name":"Integrated Logistics"}]},{"@type":"WebSite","@id":"https:\/\/ca.kln.com\/#website","url":"https:\/\/ca.kln.com\/","name":"KLN","description":"","publisher":{"@id":"https:\/\/ca.kln.com\/#organization"},"potentialAction":[{"@type":"SearchAction","target":{"@type":"EntryPoint","urlTemplate":"https:\/\/ca.kln.com\/?s={search_term_string}"},"query-input":{"@type":"PropertyValueSpecification","valueRequired":true,"valueName":"search_term_string"}}],"inLanguage":"fr-CA"},{"@type":"Organization","@id":"https:\/\/ca.kln.com\/#organization","name":"KLN","url":"https:\/\/ca.kln.com\/","logo":{"@type":"ImageObject","inLanguage":"fr-CA","@id":"https:\/\/ca.kln.com\/#\/schema\/logo\/image\/","url":"https:\/\/ca.kln.com\/wp-content\/uploads\/2025\/04\/kln-logo.jpg","contentUrl":"https:\/\/ca.kln.com\/wp-content\/uploads\/2025\/04\/kln-logo.jpg","width":200,"height":79,"caption":"KLN"},"image":{"@id":"https:\/\/ca.kln.com\/#\/schema\/logo\/image\/"}}]}},"_links":{"self":[{"href":"https:\/\/ca.kln.com\/fr\/wp-json\/wp\/v2\/pages\/3045","targetHints":{"allow":["GET"]}}],"collection":[{"href":"https:\/\/ca.kln.com\/fr\/wp-json\/wp\/v2\/pages"}],"about":[{"href":"https:\/\/ca.kln.com\/fr\/wp-json\/wp\/v2\/types\/page"}],"author":[{"embeddable":true,"href":"https:\/\/ca.kln.com\/fr\/wp-json\/wp\/v2\/users\/5"}],"replies":[{"embeddable":true,"href":"https:\/\/ca.kln.com\/fr\/wp-json\/wp\/v2\/comments?post=3045"}],"version-history":[{"count":76,"href":"https:\/\/ca.kln.com\/fr\/wp-json\/wp\/v2\/pages\/3045\/revisions"}],"predecessor-version":[{"id":4658,"href":"https:\/\/ca.kln.com\/fr\/wp-json\/wp\/v2\/pages\/3045\/revisions\/4658"}],"wp:attachment":[{"href":"https:\/\/ca.kln.com\/fr\/wp-json\/wp\/v2\/media?parent=3045"}],"curies":[{"name":"wp","href":"https:\/\/api.w.org\/{rel}","templated":true}]}}