{"id":306,"date":"2016-05-23T18:04:54","date_gmt":"2016-05-23T17:04:54","guid":{"rendered":"https:\/\/the7.io\/law\/?page_id=306"},"modified":"2025-06-26T13:34:23","modified_gmt":"2025-06-26T13:34:23","slug":"a-propos-de-nous","status":"publish","type":"page","link":"https:\/\/ca.kln.com\/fr\/about-us\/","title":{"rendered":"\u00c0 propos de nous"},"content":{"rendered":"<div class=\"wpb-content-wrapper\"><div data-vc-full-width=\"true\" data-vc-full-width-temp=\"true\" data-vc-full-width-init=\"false\" data-vc-stretch-content=\"true\" class=\"vc_row wpb_row vc_row-fluid vc_row-no-padding vc_row-o-full-height vc_row-o-columns-stretch vc_row-o-equal-height vc_row-flex\"><div class=\"wpb_column vc_column_container vc_col-sm-3 vc_col-has-fill\" id=\"left_column\"><div class=\"vc_column-inner vc_custom_1745244370340\"><div class=\"wpb_wrapper\"><div class=\"vc_empty_space\"   style=\"height: 32px\"><span class=\"vc_empty_space_inner\"><\/span><\/div>\n\t<div class=\"wpb_text_column wpb_content_element\" >\n\t\t<div class=\"wpb_wrapper\">\n\t\t\t<h1 style=\"font-size: 44px; font-family: Lato-Light, 'Microsoft JhengHei', Arial, sans-serif; font-weight: 300; letter-spacing: 1.5px; text-transform: uppercase; line-height: 1.1; margin-bottom: 0.8em; text-align: left; padding-left: 30px;\">ENTREPRISE<\/h1>\n\n\t\t<\/div>\n\t<\/div>\n\n\t<div class=\"wpb_text_column wpb_content_element\" >\n\t\t<div class=\"wpb_wrapper\">\n\t\t\t<div style=\"padding: 0 20px; font-size: 18px;\">Pr\u00e9sent dans plus de 60 pays et territoires, le r\u00e9seau KLN s\u2019est solidement implant\u00e9 dans la moiti\u00e9 des march\u00e9s \u00e9mergents mondiaux. Notre infrastructure diversifi\u00e9e, notre large couverture des principaux points d\u2019acc\u00e8s internationaux et notre expertise locale s\u2019\u00e9tendent \u00e0 travers la Chine continentale, l\u2019Inde, l\u2019Asie du Sud-Est, la CEI, le Moyen-Orient, l\u2019Am\u00e9rique latine et d\u2019autres r\u00e9gions.<\/div>\n\n\t\t<\/div>\n\t<\/div>\n<div class=\"vc_empty_space\"   style=\"height: 32px\"><span class=\"vc_empty_space_inner\"><\/span><\/div><\/div><\/div><\/div><div class=\"about_backgtound wpb_column vc_column_container vc_col-sm-9\"><div class=\"vc_column-inner\"><div class=\"wpb_wrapper\">\n\t<div class=\"wpb_text_column wpb_content_element\" id=\"left_column\">\n\t\t<div class=\"wpb_wrapper\">\n\t\t\t<p><img decoding=\"async\" style=\"width: 100%; padding-bottom: 40px;\" src=\"\/wp-content\/uploads\/2025\/06\/about-us.jpg\" \/><\/p>\n<h2 class=\"ai-optimize-6\" style=\"translate: none; rotate: none; scale: none; transform: translate(0px, 0px); opacity: 1; font-size: 36px; font-family: 'Lato-Light', 'Microsoft JhengHei', Arial, sans-serif; font-weight: 300; letter-spacing: 1.5px; text-transform: uppercase; line-height: 1.1; padding: 15px;\">\u00c0 PROPOS DE NOUS<\/h2>\n<div style=\"padding: 0 20px; font-size: 18px;\">\n<div>\n<p class=\"ai-optimize-7\">KLN (Canada) Inc. a \u00e9t\u00e9 fond\u00e9e en 2015 gr\u00e2ce \u00e0 une coentreprise entre l\u2019ancienne soci\u00e9t\u00e9 TLP (Total Logistics Partner) et KLN, une soci\u00e9t\u00e9 cot\u00e9e \u00e0 la Bourse de Hong Kong et leader des services logistiques en Asie.<\/p>\n<p class=\"ai-optimize-8\">Aujourd\u2019hui, KLN (Canada) Inc. est une filiale en propri\u00e9t\u00e9 exclusive de KLN. Fort de son exp\u00e9rience reconnue dans les partenariats bas\u00e9s sur des solutions, KLN Canada est pass\u00e9e d\u2019un prestataire sp\u00e9cialis\u00e9 en services de transit \u00e0 un int\u00e9grateur logistique \u00e0 service complet, avec les ajouts suivants :<\/p>\n<ul>\n<li class=\"ai-optimize-9\">KBC \u2013 Services de courtage KLN Canada Inc.<\/li>\n<li class=\"ai-optimize-10\">KLIS - KLN Logistics Canada Inc.<\/li>\n<li class=\"ai-optimize-11\">KEX - KLN Express<\/li>\n<li class=\"ai-optimize-12\">KLN - KLN Freight Canada Inc.<\/li>\n<\/ul>\n<p class=\"ai-optimize-13\">Notre \u00e9quipe d\u00e9vou\u00e9e de professionnels partage le m\u00eame engagement : offrir le meilleur \u00e0 nos clients.<\/p>\n<\/div>\n<\/div>\n\n\t\t<\/div>\n\t<\/div>\n<div class=\"vc_empty_space\"   style=\"height: 150px\"><span class=\"vc_empty_space_inner\"><\/span><\/div><\/div><\/div><\/div><\/div><div class=\"vc_row-full-width vc_clearfix\"><\/div>\n<\/div>","protected":false},"excerpt":{"rendered":"<p>SOCI\u00c9T\u00c9 Avec une pr\u00e9sence mondiale dans 60 pays et territoires, KLN Network s'est solidement implant\u00e9 dans la moiti\u00e9 des march\u00e9s \u00e9mergents du monde. Notre infrastructure diversifi\u00e9e, notre couverture \u00e9tendue des passerelles internationales et notre expertise locale s'\u00e9tendent \u00e0 la Chine continentale, \u00e0 l'Inde, \u00e0 l'Asie du Sud-Est, \u00e0 la CEI, au Moyen-Orient, au LATAM et \u00e0 d'autres r\u00e9gions. \u00c0 PROPOS DE NOUS KLN...<\/p>","protected":false},"author":5,"featured_media":0,"parent":0,"menu_order":10,"comment_status":"closed","ping_status":"closed","template":"","meta":{"footnotes":"","_wp_rev_ctl_limit":""},"class_list":["post-306","page","type-page","status-publish","hentry","description-off"],"yoast_head":"<!-- This site is optimized with the Yoast SEO Premium plugin v25.3 (Yoast SEO v27.3) - https:\/\/yoast.com\/product\/yoast-seo-premium-wordpress\/ -->\n<title>About Us | Trusted Global Logistics Partner with Local Expertise - KLN<\/title>\n<meta name=\"description\" content=\"Discover our mission, values, and commitment to delivering world-class logistics solutions. With decades of experience and a global network, we help businesses move smarter.\" \/>\n<meta name=\"robots\" content=\"index, follow, max-snippet:-1, max-image-preview:large, max-video-preview:-1\" \/>\n<link rel=\"canonical\" href=\"https:\/\/ca.kln.com\/fr\/a-propos-de-nous\/\" \/>\n<meta property=\"og:locale\" content=\"fr_CA\" \/>\n<meta property=\"og:type\" content=\"article\" \/>\n<meta property=\"og:title\" content=\"About Us\" \/>\n<meta property=\"og:description\" content=\"Discover our mission, values, and commitment to delivering world-class logistics solutions. With decades of experience and a global network, we help businesses move smarter.\" \/>\n<meta property=\"og:url\" content=\"https:\/\/ca.kln.com\/fr\/a-propos-de-nous\/\" \/>\n<meta property=\"og:site_name\" content=\"KLN\" \/>\n<meta property=\"article:modified_time\" content=\"2025-06-26T13:34:23+00:00\" \/>\n<meta name=\"twitter:card\" content=\"summary_large_image\" \/>\n<meta name=\"twitter:label1\" content=\"Estimation du temps de lecture\" \/>\n\t<meta name=\"twitter:data1\" content=\"1 minute\" \/>\n<script type=\"application\/ld+json\" class=\"yoast-schema-graph\">{\"@context\":\"https:\\\/\\\/schema.org\",\"@graph\":[{\"@type\":\"WebPage\",\"@id\":\"https:\\\/\\\/ca.kln.com\\\/about-us\\\/\",\"url\":\"https:\\\/\\\/ca.kln.com\\\/about-us\\\/\",\"name\":\"About Us | Trusted Global Logistics Partner with Local Expertise - KLN\",\"isPartOf\":{\"@id\":\"https:\\\/\\\/ca.kln.com\\\/#website\"},\"datePublished\":\"2016-05-23T17:04:54+00:00\",\"dateModified\":\"2025-06-26T13:34:23+00:00\",\"description\":\"Discover our mission, values, and commitment to delivering world-class logistics solutions. With decades of experience and a global network, we help businesses move smarter.\",\"breadcrumb\":{\"@id\":\"https:\\\/\\\/ca.kln.com\\\/about-us\\\/#breadcrumb\"},\"inLanguage\":\"fr-CA\",\"potentialAction\":[{\"@type\":\"ReadAction\",\"target\":[\"https:\\\/\\\/ca.kln.com\\\/about-us\\\/\"]}]},{\"@type\":\"BreadcrumbList\",\"@id\":\"https:\\\/\\\/ca.kln.com\\\/about-us\\\/#breadcrumb\",\"itemListElement\":[{\"@type\":\"ListItem\",\"position\":1,\"name\":\"Home\",\"item\":\"https:\\\/\\\/ca.kln.com\\\/\"},{\"@type\":\"ListItem\",\"position\":2,\"name\":\"About Us\"}]},{\"@type\":\"WebSite\",\"@id\":\"https:\\\/\\\/ca.kln.com\\\/#website\",\"url\":\"https:\\\/\\\/ca.kln.com\\\/\",\"name\":\"KLN\",\"description\":\"\",\"publisher\":{\"@id\":\"https:\\\/\\\/ca.kln.com\\\/#organization\"},\"potentialAction\":[{\"@type\":\"SearchAction\",\"target\":{\"@type\":\"EntryPoint\",\"urlTemplate\":\"https:\\\/\\\/ca.kln.com\\\/?s={search_term_string}\"},\"query-input\":{\"@type\":\"PropertyValueSpecification\",\"valueRequired\":true,\"valueName\":\"search_term_string\"}}],\"inLanguage\":\"fr-CA\"},{\"@type\":\"Organization\",\"@id\":\"https:\\\/\\\/ca.kln.com\\\/#organization\",\"name\":\"KLN\",\"url\":\"https:\\\/\\\/ca.kln.com\\\/\",\"logo\":{\"@type\":\"ImageObject\",\"inLanguage\":\"fr-CA\",\"@id\":\"https:\\\/\\\/ca.kln.com\\\/#\\\/schema\\\/logo\\\/image\\\/\",\"url\":\"https:\\\/\\\/ca.kln.com\\\/wp-content\\\/uploads\\\/2025\\\/04\\\/kln-logo.jpg\",\"contentUrl\":\"https:\\\/\\\/ca.kln.com\\\/wp-content\\\/uploads\\\/2025\\\/04\\\/kln-logo.jpg\",\"width\":200,\"height\":79,\"caption\":\"KLN\"},\"image\":{\"@id\":\"https:\\\/\\\/ca.kln.com\\\/#\\\/schema\\\/logo\\\/image\\\/\"}}]}<\/script>\n<!-- \/ Yoast SEO Premium plugin. -->","yoast_head_json":{"title":"\u00c0 propos de nous | Partenaire logistique mondial de confiance avec une expertise locale - KLN","description":"D\u00e9couvrez notre mission, nos valeurs et notre engagement \u00e0 fournir des solutions logistiques de classe mondiale. Forts de plusieurs d\u00e9cennies d\u2019exp\u00e9rience et d\u2019un r\u00e9seau mondial, nous aidons les entreprises \u00e0 optimiser leurs flux.","robots":{"index":"index","follow":"follow","max-snippet":"max-snippet:-1","max-image-preview":"max-image-preview:large","max-video-preview":"max-video-preview:-1"},"canonical":"https:\/\/ca.kln.com\/fr\/a-propos-de-nous\/","og_locale":"fr_CA","og_type":"article","og_title":"About Us","og_description":"Discover our mission, values, and commitment to delivering world-class logistics solutions. With decades of experience and a global network, we help businesses move smarter.","og_url":"https:\/\/ca.kln.com\/fr\/a-propos-de-nous\/","og_site_name":"KLN","article_modified_time":"2025-06-26T13:34:23+00:00","twitter_card":"summary_large_image","twitter_misc":{"Estimation du temps de lecture":"1 minute"},"schema":{"@context":"https:\/\/schema.org","@graph":[{"@type":"WebPage","@id":"https:\/\/ca.kln.com\/about-us\/","url":"https:\/\/ca.kln.com\/about-us\/","name":"\u00c0 propos de nous | Partenaire logistique mondial de confiance avec une expertise locale - KLN","isPartOf":{"@id":"https:\/\/ca.kln.com\/#website"},"datePublished":"2016-05-23T17:04:54+00:00","dateModified":"2025-06-26T13:34:23+00:00","description":"D\u00e9couvrez notre mission, nos valeurs et notre engagement \u00e0 fournir des solutions logistiques de classe mondiale. Forts de plusieurs d\u00e9cennies d\u2019exp\u00e9rience et d\u2019un r\u00e9seau mondial, nous aidons les entreprises \u00e0 optimiser leurs flux.","breadcrumb":{"@id":"https:\/\/ca.kln.com\/about-us\/#breadcrumb"},"inLanguage":"fr-CA","potentialAction":[{"@type":"ReadAction","target":["https:\/\/ca.kln.com\/about-us\/"]}]},{"@type":"BreadcrumbList","@id":"https:\/\/ca.kln.com\/about-us\/#breadcrumb","itemListElement":[{"@type":"ListItem","position":1,"name":"Home","item":"https:\/\/ca.kln.com\/"},{"@type":"ListItem","position":2,"name":"About Us"}]},{"@type":"WebSite","@id":"https:\/\/ca.kln.com\/#website","url":"https:\/\/ca.kln.com\/","name":"KLN","description":"","publisher":{"@id":"https:\/\/ca.kln.com\/#organization"},"potentialAction":[{"@type":"SearchAction","target":{"@type":"EntryPoint","urlTemplate":"https:\/\/ca.kln.com\/?s={search_term_string}"},"query-input":{"@type":"PropertyValueSpecification","valueRequired":true,"valueName":"search_term_string"}}],"inLanguage":"fr-CA"},{"@type":"Organization","@id":"https:\/\/ca.kln.com\/#organization","name":"KLN","url":"https:\/\/ca.kln.com\/","logo":{"@type":"ImageObject","inLanguage":"fr-CA","@id":"https:\/\/ca.kln.com\/#\/schema\/logo\/image\/","url":"https:\/\/ca.kln.com\/wp-content\/uploads\/2025\/04\/kln-logo.jpg","contentUrl":"https:\/\/ca.kln.com\/wp-content\/uploads\/2025\/04\/kln-logo.jpg","width":200,"height":79,"caption":"KLN"},"image":{"@id":"https:\/\/ca.kln.com\/#\/schema\/logo\/image\/"}}]}},"_links":{"self":[{"href":"https:\/\/ca.kln.com\/fr\/wp-json\/wp\/v2\/pages\/306","targetHints":{"allow":["GET"]}}],"collection":[{"href":"https:\/\/ca.kln.com\/fr\/wp-json\/wp\/v2\/pages"}],"about":[{"href":"https:\/\/ca.kln.com\/fr\/wp-json\/wp\/v2\/types\/page"}],"author":[{"embeddable":true,"href":"https:\/\/ca.kln.com\/fr\/wp-json\/wp\/v2\/users\/5"}],"replies":[{"embeddable":true,"href":"https:\/\/ca.kln.com\/fr\/wp-json\/wp\/v2\/comments?post=306"}],"version-history":[{"count":96,"href":"https:\/\/ca.kln.com\/fr\/wp-json\/wp\/v2\/pages\/306\/revisions"}],"predecessor-version":[{"id":4679,"href":"https:\/\/ca.kln.com\/fr\/wp-json\/wp\/v2\/pages\/306\/revisions\/4679"}],"wp:attachment":[{"href":"https:\/\/ca.kln.com\/fr\/wp-json\/wp\/v2\/media?parent=306"}],"curies":[{"name":"wp","href":"https:\/\/api.w.org\/{rel}","templated":true}]}}