{"id":3114,"date":"2023-09-20T15:08:45","date_gmt":"2023-09-20T15:08:45","guid":{"rendered":"http:\/\/72.167.36.177\/?page_id=3114"},"modified":"2025-06-23T16:52:53","modified_gmt":"2025-06-23T16:52:53","slug":"fret-terrestre","status":"publish","type":"page","link":"https:\/\/ca.kln.com\/fr\/land-freight\/","title":{"rendered":"Fret terrestre"},"content":{"rendered":"<div class=\"wpb-content-wrapper\"><div data-vc-full-width=\"true\" data-vc-full-width-temp=\"true\" data-vc-full-width-init=\"false\" data-vc-stretch-content=\"true\" class=\"vc_row wpb_row vc_row-fluid swap-on-mobl vc_row-no-padding vc_row-o-full-height vc_row-o-columns-stretch vc_row-o-equal-height vc_row-flex\"><div class=\"wpb_column vc_column_container vc_col-sm-3 vc_col-has-fill\"><div class=\"vc_column-inner vc_custom_1715771354561\"><div class=\"wpb_wrapper\"><div class=\"vc_empty_space\"   style=\"height: 35px\"><span class=\"vc_empty_space_inner\"><\/span><\/div><div  class=\"vc_wp_custommenu wpb_content_element prd-pg-menu\"><div class=\"widget widget_nav_menu\"><h2 class=\"widgettitle\">PRODUITS<\/h2><div class=\"menu-products-menu-container\"><ul id=\"menu-products-menu\" class=\"menu\"><li id=\"menu-item-3494\" class=\"menu-item menu-item-type-post_type menu-item-object-page menu-item-has-children menu-item-3494\"><a href=\"https:\/\/ca.kln.com\/fr\/integrated-logistics\/\">Logistique int\u00e9gr\u00e9e<\/a>\n<ul class=\"sub-menu\">\n\t<li id=\"menu-item-3499\" class=\"menu-item menu-item-type-post_type menu-item-object-page menu-item-3499\"><a href=\"https:\/\/ca.kln.com\/fr\/integrated-logistics\/value-added-services\/\">Services \u00e0 valeur ajout\u00e9e<\/a><\/li>\n\t<li id=\"menu-item-3507\" class=\"menu-item menu-item-type-post_type menu-item-object-page menu-item-3507\"><a href=\"https:\/\/ca.kln.com\/fr\/integrated-logistics\/worldwide-logistics-facilities\/\">Installations logistiques \u00e0 l\u2019\u00e9chelle mondiale<\/a><\/li>\n<\/ul>\n<\/li>\n<li id=\"menu-item-3508\" class=\"menu-item menu-item-type-post_type menu-item-object-page menu-item-has-children menu-item-3508\"><a href=\"https:\/\/ca.kln.com\/fr\/air-freight\/\">Fret a\u00e9rien<\/a>\n<ul class=\"sub-menu\">\n\t<li id=\"menu-item-3655\" class=\"menu-item menu-item-type-post_type menu-item-object-page menu-item-3655\"><a href=\"https:\/\/ca.kln.com\/fr\/air-freight\/air-charter\/\">Affr\u00e8tement a\u00e9rien<\/a><\/li>\n\t<li id=\"menu-item-3654\" class=\"menu-item menu-item-type-post_type menu-item-object-page menu-item-3654\"><a href=\"https:\/\/ca.kln.com\/fr\/air-freight\/sea-air-air-sea\/\">Mer-air &amp; air-mer<\/a><\/li>\n\t<li id=\"menu-item-3653\" class=\"menu-item menu-item-type-post_type menu-item-object-page menu-item-3653\"><a href=\"https:\/\/ca.kln.com\/fr\/air-freight\/consolidation\/\">Consolidation<\/a><\/li>\n<\/ul>\n<\/li>\n<li id=\"menu-item-3546\" class=\"menu-item menu-item-type-post_type menu-item-object-page menu-item-3546\"><a href=\"https:\/\/ca.kln.com\/fr\/brokerage\/\">Services de courtage<\/a><\/li>\n<li id=\"menu-item-3509\" class=\"menu-item menu-item-type-post_type menu-item-object-page menu-item-3509\"><a href=\"https:\/\/ca.kln.com\/fr\/land-freight\/\">Fret terrestre<\/a><\/li>\n<li id=\"menu-item-3510\" class=\"menu-item menu-item-type-post_type menu-item-object-page menu-item-has-children menu-item-3510\"><a href=\"https:\/\/ca.kln.com\/fr\/ocean-freight\/\">Fret maritime<\/a>\n<ul class=\"sub-menu\">\n\t<li id=\"menu-item-3529\" class=\"menu-item menu-item-type-post_type menu-item-object-page menu-item-3529\"><a href=\"https:\/\/ca.kln.com\/fr\/ocean-freight\/nvocc-for-fcl-lcl\/\">NVOCC pour FCL et LCL<\/a><\/li>\n\t<li id=\"menu-item-3533\" class=\"menu-item menu-item-type-post_type menu-item-object-page menu-item-3533\"><a href=\"https:\/\/ca.kln.com\/fr\/ocean-freight\/break-bulk\/\">Fret en lots s\u00e9par\u00e9s<\/a><\/li>\n\t<li id=\"menu-item-3538\" class=\"menu-item menu-item-type-post_type menu-item-object-page menu-item-3538\"><a href=\"https:\/\/ca.kln.com\/fr\/ocean-freight\/consolidation\/\">Consolidation<\/a><\/li>\n\t<li id=\"menu-item-3542\" class=\"menu-item menu-item-type-post_type menu-item-object-page menu-item-3542\"><a href=\"https:\/\/ca.kln.com\/fr\/ocean-freight\/booking-agent\/\">Agent de r\u00e9servation<\/a><\/li>\n<\/ul>\n<\/li>\n<li id=\"menu-item-3548\" class=\"menu-item menu-item-type-post_type menu-item-object-page menu-item-has-children menu-item-3548\"><a href=\"https:\/\/ca.kln.com\/fr\/e-commerce\/\">Commerce \u00e9lectronique<\/a>\n<ul class=\"sub-menu\">\n\t<li id=\"menu-item-3766\" class=\"menu-item menu-item-type-post_type menu-item-object-page menu-item-3766\"><a href=\"https:\/\/ca.kln.com\/fr\/e-commerce\/cross-border-logistics\/\">Logistique transfrontali\u00e8re<\/a><\/li>\n<\/ul>\n<\/li>\n<li id=\"menu-item-3550\" class=\"menu-item menu-item-type-post_type menu-item-object-page menu-item-3550\"><a href=\"https:\/\/ca.kln.com\/fr\/supply-chain-solutions\/\">Cha\u00eene d\u2019approvisionnement<\/a><\/li>\n<li id=\"menu-item-3920\" class=\"menu-item menu-item-type-post_type menu-item-object-page menu-item-3920\"><a href=\"https:\/\/ca.kln.com\/fr\/express\/\">Service express<\/a><\/li>\n<\/ul><\/div><\/div><\/div><\/div><\/div><\/div><div class=\"about_backgtound wpb_column vc_column_container vc_col-sm-9 vc_col-has-fill\"><div class=\"vc_column-inner vc_custom_1750251979016\"><div class=\"wpb_wrapper\"><h1 style=\"color: #ffffff;text-align: left\" class=\"vc_custom_heading vc_do_custom_heading prd-pg-h1 vc_custom_1715775664149\" >Fret terrestre<\/h1>\n\t<div class=\"wpb_text_column wpb_content_element  serv-pg-text\" >\n\t\t<div class=\"wpb_wrapper\">\n\t\t\t<p class=\"ai-optimize-6\">Livrez n\u2019importe quoi \u2013 n\u2019importe o\u00f9 \u2013 gr\u00e2ce \u00e0 notre r\u00e9seau de fret terrestre.<\/p>\n<p class=\"ai-optimize-7\">Nous collaborons avec certains des plus grands et des plus r\u00e9put\u00e9s fournisseurs de transport terrestre en Am\u00e9rique du Nord. Cela permet \u00e0 nos clients de b\u00e9n\u00e9ficier de solutions \u00e9conomiques de transport routier ou intermodal. KLN Canada a conclu des accords contractuels avec les principales compagnies ferroviaires d\u2019Am\u00e9rique du Nord pour r\u00e9pondre \u00e0 la croissance des \u00e9changes commerciaux entre le Canada, le Mexique et les \u00c9tats-Unis.<\/p>\n<p class=\"ai-optimize-8\">Que vous ayez besoin d\u2019un transport porte-\u00e0-porte mer-terre, air-terre ou de services intermodaux, notre \u00e9quipe exp\u00e9riment\u00e9e con\u00e7oit des solutions de livraison simplifi\u00e9es et comp\u00e9titives en termes de co\u00fbts.<\/p>\n<p class=\"ai-optimize-9\">Nos services de fret terrestre incluent :<\/p>\n<ul>\n<li class=\"ai-optimize-10\">FCL \u2013 Conteneur complet, LTL \u2013 Transport partiel, FTL \u2013 Transport complet<\/li>\n<li class=\"ai-optimize-11\">Transport interprovincial \/ inter\u00e9tatique \/ intra-Am\u00e9rique<\/li>\n<li class=\"ai-optimize-12\">Services ferroviaires<\/li>\n<li class=\"ai-optimize-13\">Services multimodaux<\/li>\n<li class=\"ai-optimize-14\">Services sp\u00e9cialis\u00e9s, y compris le FGO (Fret hors gabarit)<\/li>\n<li class=\"ai-optimize-15\">Transport sous douane<\/li>\n<li class=\"ai-optimize-16\">Transport de marchandises lourdes, surdimensionn\u00e9es et de projet<\/li>\n<li class=\"ai-optimize-17\">Services de transport en lots s\u00e9par\u00e9s<\/li>\n<li class=\"ai-optimize-18\">Transport de marchandises s\u00e8ches, en vrac et liquides<\/li>\n<li class=\"ai-optimize-19\">Transport de marchandises dangereuses et p\u00e9rissables<\/li>\n<li class=\"ai-optimize-20\">Op\u00e9rateur de transport \u00e9conomique<\/li>\n<li class=\"ai-optimize-21\">Service de gestion de flotte<\/li>\n<li class=\"ai-optimize-22\">Service de suivi GPS<\/li>\n<\/ul>\n\n\t\t<\/div>\n\t<\/div>\n<div class=\"vc_empty_space\"   style=\"height: 50px\"><span class=\"vc_empty_space_inner\"><\/span><\/div><\/div><\/div><\/div><\/div><div class=\"vc_row-full-width vc_clearfix\"><\/div>\n<\/div>","protected":false},"excerpt":{"rendered":"<p>PRODUITSLogistique int\u00e9gr\u00e9e Services \u00e0 valeur ajout\u00e9e Installations logistiques mondiales Fret a\u00e9rien Affr\u00e8tement a\u00e9rien Consolidation a\u00e9rienne et maritime Courtage Fret terrestre Fret maritime NVOCC pour FCL et LCL Consolidation de marchandises en vrac Agent de r\u00e9servation Commerce \u00e9lectronique Logistique transfrontali\u00e8re Solutions pour la cha\u00eene d'approvisionnement Fret terrestre express Livrer n'importe quoi - n'importe o\u00f9 - gr\u00e2ce \u00e0 notre r\u00e9seau de fret terrestre. Nous travaillons avec...<\/p>","protected":false},"author":5,"featured_media":0,"parent":0,"menu_order":0,"comment_status":"closed","ping_status":"closed","template":"","meta":{"footnotes":"","_wp_rev_ctl_limit":""},"class_list":["post-3114","page","type-page","status-publish","hentry","description-off"],"yoast_head":"<!-- This site is optimized with the Yoast SEO Premium plugin v25.3 (Yoast SEO v27.3) - https:\/\/yoast.com\/product\/yoast-seo-premium-wordpress\/ -->\n<title>Land Freight - KLN<\/title>\n<meta name=\"description\" content=\"Reliable land freight services for domestic and cross-border shipments. We offer FTL, LTL, and intermodal transport with flexible scheduling, real-time tracking, and on-time delivery.\" \/>\n<meta name=\"robots\" content=\"index, follow, max-snippet:-1, max-image-preview:large, max-video-preview:-1\" \/>\n<link rel=\"canonical\" href=\"https:\/\/ca.kln.com\/fr\/fret-terrestre\/\" \/>\n<meta property=\"og:locale\" content=\"fr_CA\" \/>\n<meta property=\"og:type\" content=\"article\" \/>\n<meta property=\"og:title\" content=\"Land Freight\" \/>\n<meta property=\"og:description\" content=\"Reliable land freight services for domestic and cross-border shipments. We offer FTL, LTL, and intermodal transport with flexible scheduling, real-time tracking, and on-time delivery.\" \/>\n<meta property=\"og:url\" content=\"https:\/\/ca.kln.com\/fr\/fret-terrestre\/\" \/>\n<meta property=\"og:site_name\" content=\"KLN\" \/>\n<meta property=\"article:modified_time\" content=\"2025-06-23T16:52:53+00:00\" \/>\n<meta name=\"twitter:card\" content=\"summary_large_image\" \/>\n<meta name=\"twitter:label1\" content=\"Estimation du temps de lecture\" \/>\n\t<meta name=\"twitter:data1\" content=\"1 minute\" \/>\n<script type=\"application\/ld+json\" class=\"yoast-schema-graph\">{\"@context\":\"https:\\\/\\\/schema.org\",\"@graph\":[{\"@type\":\"WebPage\",\"@id\":\"https:\\\/\\\/ca.kln.com\\\/land-freight\\\/\",\"url\":\"https:\\\/\\\/ca.kln.com\\\/land-freight\\\/\",\"name\":\"Land Freight - KLN\",\"isPartOf\":{\"@id\":\"https:\\\/\\\/ca.kln.com\\\/#website\"},\"datePublished\":\"2023-09-20T15:08:45+00:00\",\"dateModified\":\"2025-06-23T16:52:53+00:00\",\"description\":\"Reliable land freight services for domestic and cross-border shipments. We offer FTL, LTL, and intermodal transport with flexible scheduling, real-time tracking, and on-time delivery.\",\"breadcrumb\":{\"@id\":\"https:\\\/\\\/ca.kln.com\\\/land-freight\\\/#breadcrumb\"},\"inLanguage\":\"fr-CA\",\"potentialAction\":[{\"@type\":\"ReadAction\",\"target\":[\"https:\\\/\\\/ca.kln.com\\\/land-freight\\\/\"]}]},{\"@type\":\"BreadcrumbList\",\"@id\":\"https:\\\/\\\/ca.kln.com\\\/land-freight\\\/#breadcrumb\",\"itemListElement\":[{\"@type\":\"ListItem\",\"position\":1,\"name\":\"Home\",\"item\":\"https:\\\/\\\/ca.kln.com\\\/\"},{\"@type\":\"ListItem\",\"position\":2,\"name\":\"Land Freight\"}]},{\"@type\":\"WebSite\",\"@id\":\"https:\\\/\\\/ca.kln.com\\\/#website\",\"url\":\"https:\\\/\\\/ca.kln.com\\\/\",\"name\":\"KLN\",\"description\":\"\",\"publisher\":{\"@id\":\"https:\\\/\\\/ca.kln.com\\\/#organization\"},\"potentialAction\":[{\"@type\":\"SearchAction\",\"target\":{\"@type\":\"EntryPoint\",\"urlTemplate\":\"https:\\\/\\\/ca.kln.com\\\/?s={search_term_string}\"},\"query-input\":{\"@type\":\"PropertyValueSpecification\",\"valueRequired\":true,\"valueName\":\"search_term_string\"}}],\"inLanguage\":\"fr-CA\"},{\"@type\":\"Organization\",\"@id\":\"https:\\\/\\\/ca.kln.com\\\/#organization\",\"name\":\"KLN\",\"url\":\"https:\\\/\\\/ca.kln.com\\\/\",\"logo\":{\"@type\":\"ImageObject\",\"inLanguage\":\"fr-CA\",\"@id\":\"https:\\\/\\\/ca.kln.com\\\/#\\\/schema\\\/logo\\\/image\\\/\",\"url\":\"https:\\\/\\\/ca.kln.com\\\/wp-content\\\/uploads\\\/2025\\\/04\\\/kln-logo.jpg\",\"contentUrl\":\"https:\\\/\\\/ca.kln.com\\\/wp-content\\\/uploads\\\/2025\\\/04\\\/kln-logo.jpg\",\"width\":200,\"height\":79,\"caption\":\"KLN\"},\"image\":{\"@id\":\"https:\\\/\\\/ca.kln.com\\\/#\\\/schema\\\/logo\\\/image\\\/\"}}]}<\/script>\n<!-- \/ Yoast SEO Premium plugin. -->","yoast_head_json":{"title":"Fret terrestre - KLN","description":"Services fiables de fret terrestre pour les envois nationaux et transfrontaliers. Nous proposons du transport FTL, LTL et intermodal avec une planification flexible, un suivi en temps r\u00e9el et des livraisons ponctuelles.","robots":{"index":"index","follow":"follow","max-snippet":"max-snippet:-1","max-image-preview":"max-image-preview:large","max-video-preview":"max-video-preview:-1"},"canonical":"https:\/\/ca.kln.com\/fr\/fret-terrestre\/","og_locale":"fr_CA","og_type":"article","og_title":"Land Freight","og_description":"Reliable land freight services for domestic and cross-border shipments. We offer FTL, LTL, and intermodal transport with flexible scheduling, real-time tracking, and on-time delivery.","og_url":"https:\/\/ca.kln.com\/fr\/fret-terrestre\/","og_site_name":"KLN","article_modified_time":"2025-06-23T16:52:53+00:00","twitter_card":"summary_large_image","twitter_misc":{"Estimation du temps de lecture":"1 minute"},"schema":{"@context":"https:\/\/schema.org","@graph":[{"@type":"WebPage","@id":"https:\/\/ca.kln.com\/land-freight\/","url":"https:\/\/ca.kln.com\/land-freight\/","name":"Fret terrestre - KLN","isPartOf":{"@id":"https:\/\/ca.kln.com\/#website"},"datePublished":"2023-09-20T15:08:45+00:00","dateModified":"2025-06-23T16:52:53+00:00","description":"Services fiables de fret terrestre pour les envois nationaux et transfrontaliers. Nous proposons du transport FTL, LTL et intermodal avec une planification flexible, un suivi en temps r\u00e9el et des livraisons ponctuelles.","breadcrumb":{"@id":"https:\/\/ca.kln.com\/land-freight\/#breadcrumb"},"inLanguage":"fr-CA","potentialAction":[{"@type":"ReadAction","target":["https:\/\/ca.kln.com\/land-freight\/"]}]},{"@type":"BreadcrumbList","@id":"https:\/\/ca.kln.com\/land-freight\/#breadcrumb","itemListElement":[{"@type":"ListItem","position":1,"name":"Home","item":"https:\/\/ca.kln.com\/"},{"@type":"ListItem","position":2,"name":"Land Freight"}]},{"@type":"WebSite","@id":"https:\/\/ca.kln.com\/#website","url":"https:\/\/ca.kln.com\/","name":"KLN","description":"","publisher":{"@id":"https:\/\/ca.kln.com\/#organization"},"potentialAction":[{"@type":"SearchAction","target":{"@type":"EntryPoint","urlTemplate":"https:\/\/ca.kln.com\/?s={search_term_string}"},"query-input":{"@type":"PropertyValueSpecification","valueRequired":true,"valueName":"search_term_string"}}],"inLanguage":"fr-CA"},{"@type":"Organization","@id":"https:\/\/ca.kln.com\/#organization","name":"KLN","url":"https:\/\/ca.kln.com\/","logo":{"@type":"ImageObject","inLanguage":"fr-CA","@id":"https:\/\/ca.kln.com\/#\/schema\/logo\/image\/","url":"https:\/\/ca.kln.com\/wp-content\/uploads\/2025\/04\/kln-logo.jpg","contentUrl":"https:\/\/ca.kln.com\/wp-content\/uploads\/2025\/04\/kln-logo.jpg","width":200,"height":79,"caption":"KLN"},"image":{"@id":"https:\/\/ca.kln.com\/#\/schema\/logo\/image\/"}}]}},"_links":{"self":[{"href":"https:\/\/ca.kln.com\/fr\/wp-json\/wp\/v2\/pages\/3114","targetHints":{"allow":["GET"]}}],"collection":[{"href":"https:\/\/ca.kln.com\/fr\/wp-json\/wp\/v2\/pages"}],"about":[{"href":"https:\/\/ca.kln.com\/fr\/wp-json\/wp\/v2\/types\/page"}],"author":[{"embeddable":true,"href":"https:\/\/ca.kln.com\/fr\/wp-json\/wp\/v2\/users\/5"}],"replies":[{"embeddable":true,"href":"https:\/\/ca.kln.com\/fr\/wp-json\/wp\/v2\/comments?post=3114"}],"version-history":[{"count":39,"href":"https:\/\/ca.kln.com\/fr\/wp-json\/wp\/v2\/pages\/3114\/revisions"}],"predecessor-version":[{"id":4668,"href":"https:\/\/ca.kln.com\/fr\/wp-json\/wp\/v2\/pages\/3114\/revisions\/4668"}],"wp:attachment":[{"href":"https:\/\/ca.kln.com\/fr\/wp-json\/wp\/v2\/media?parent=3114"}],"curies":[{"name":"wp","href":"https:\/\/api.w.org\/{rel}","templated":true}]}}