{"id":3145,"date":"2023-09-22T12:38:13","date_gmt":"2023-09-22T12:38:13","guid":{"rendered":"http:\/\/72.167.36.177\/?page_id=3145"},"modified":"2025-06-23T16:55:19","modified_gmt":"2025-06-23T16:55:19","slug":"commerce-electronique","status":"publish","type":"page","link":"https:\/\/ca.kln.com\/fr\/e-commerce\/","title":{"rendered":"Commerce \u00e9lectronique"},"content":{"rendered":"<div class=\"wpb-content-wrapper\"><div data-vc-full-width=\"true\" data-vc-full-width-temp=\"true\" data-vc-full-width-init=\"false\" data-vc-stretch-content=\"true\" class=\"vc_row wpb_row vc_row-fluid swap-on-mobl vc_row-no-padding vc_row-o-full-height vc_row-o-columns-stretch vc_row-o-equal-height vc_row-flex\"><div class=\"wpb_column vc_column_container vc_col-sm-3 vc_col-has-fill\"><div class=\"vc_column-inner vc_custom_1715774099501\"><div class=\"wpb_wrapper\"><div class=\"vc_empty_space\"   style=\"height: 32px\"><span class=\"vc_empty_space_inner\"><\/span><\/div><div  class=\"vc_wp_custommenu wpb_content_element prd-pg-menu\"><div class=\"widget widget_nav_menu\"><h2 class=\"widgettitle\">PRODUITS<\/h2><div class=\"menu-products-menu-container\"><ul id=\"menu-products-menu\" class=\"menu\"><li id=\"menu-item-3494\" class=\"menu-item menu-item-type-post_type menu-item-object-page menu-item-has-children menu-item-3494\"><a href=\"https:\/\/ca.kln.com\/fr\/integrated-logistics\/\">Logistique int\u00e9gr\u00e9e<\/a>\n<ul class=\"sub-menu\">\n\t<li id=\"menu-item-3499\" class=\"menu-item menu-item-type-post_type menu-item-object-page menu-item-3499\"><a href=\"https:\/\/ca.kln.com\/fr\/integrated-logistics\/value-added-services\/\">Services \u00e0 valeur ajout\u00e9e<\/a><\/li>\n\t<li id=\"menu-item-3507\" class=\"menu-item menu-item-type-post_type menu-item-object-page menu-item-3507\"><a href=\"https:\/\/ca.kln.com\/fr\/integrated-logistics\/worldwide-logistics-facilities\/\">Installations logistiques \u00e0 l\u2019\u00e9chelle mondiale<\/a><\/li>\n<\/ul>\n<\/li>\n<li id=\"menu-item-3508\" class=\"menu-item menu-item-type-post_type menu-item-object-page menu-item-has-children menu-item-3508\"><a href=\"https:\/\/ca.kln.com\/fr\/air-freight\/\">Fret a\u00e9rien<\/a>\n<ul class=\"sub-menu\">\n\t<li id=\"menu-item-3655\" class=\"menu-item menu-item-type-post_type menu-item-object-page menu-item-3655\"><a href=\"https:\/\/ca.kln.com\/fr\/air-freight\/air-charter\/\">Affr\u00e8tement a\u00e9rien<\/a><\/li>\n\t<li id=\"menu-item-3654\" class=\"menu-item menu-item-type-post_type menu-item-object-page menu-item-3654\"><a href=\"https:\/\/ca.kln.com\/fr\/air-freight\/sea-air-air-sea\/\">Mer-air &amp; air-mer<\/a><\/li>\n\t<li id=\"menu-item-3653\" class=\"menu-item menu-item-type-post_type menu-item-object-page menu-item-3653\"><a href=\"https:\/\/ca.kln.com\/fr\/air-freight\/consolidation\/\">Consolidation<\/a><\/li>\n<\/ul>\n<\/li>\n<li id=\"menu-item-3546\" class=\"menu-item menu-item-type-post_type menu-item-object-page menu-item-3546\"><a href=\"https:\/\/ca.kln.com\/fr\/brokerage\/\">Services de courtage<\/a><\/li>\n<li id=\"menu-item-3509\" class=\"menu-item menu-item-type-post_type menu-item-object-page menu-item-3509\"><a href=\"https:\/\/ca.kln.com\/fr\/land-freight\/\">Fret terrestre<\/a><\/li>\n<li id=\"menu-item-3510\" class=\"menu-item menu-item-type-post_type menu-item-object-page menu-item-has-children menu-item-3510\"><a href=\"https:\/\/ca.kln.com\/fr\/ocean-freight\/\">Fret maritime<\/a>\n<ul class=\"sub-menu\">\n\t<li id=\"menu-item-3529\" class=\"menu-item menu-item-type-post_type menu-item-object-page menu-item-3529\"><a href=\"https:\/\/ca.kln.com\/fr\/ocean-freight\/nvocc-for-fcl-lcl\/\">NVOCC pour FCL et LCL<\/a><\/li>\n\t<li id=\"menu-item-3533\" class=\"menu-item menu-item-type-post_type menu-item-object-page menu-item-3533\"><a href=\"https:\/\/ca.kln.com\/fr\/ocean-freight\/break-bulk\/\">Fret en lots s\u00e9par\u00e9s<\/a><\/li>\n\t<li id=\"menu-item-3538\" class=\"menu-item menu-item-type-post_type menu-item-object-page menu-item-3538\"><a href=\"https:\/\/ca.kln.com\/fr\/ocean-freight\/consolidation\/\">Consolidation<\/a><\/li>\n\t<li id=\"menu-item-3542\" class=\"menu-item menu-item-type-post_type menu-item-object-page menu-item-3542\"><a href=\"https:\/\/ca.kln.com\/fr\/ocean-freight\/booking-agent\/\">Agent de r\u00e9servation<\/a><\/li>\n<\/ul>\n<\/li>\n<li id=\"menu-item-3548\" class=\"menu-item menu-item-type-post_type menu-item-object-page menu-item-has-children menu-item-3548\"><a href=\"https:\/\/ca.kln.com\/fr\/e-commerce\/\">Commerce \u00e9lectronique<\/a>\n<ul class=\"sub-menu\">\n\t<li id=\"menu-item-3766\" class=\"menu-item menu-item-type-post_type menu-item-object-page menu-item-3766\"><a href=\"https:\/\/ca.kln.com\/fr\/e-commerce\/cross-border-logistics\/\">Logistique transfrontali\u00e8re<\/a><\/li>\n<\/ul>\n<\/li>\n<li id=\"menu-item-3550\" class=\"menu-item menu-item-type-post_type menu-item-object-page menu-item-3550\"><a href=\"https:\/\/ca.kln.com\/fr\/supply-chain-solutions\/\">Cha\u00eene d\u2019approvisionnement<\/a><\/li>\n<li id=\"menu-item-3920\" class=\"menu-item menu-item-type-post_type menu-item-object-page menu-item-3920\"><a href=\"https:\/\/ca.kln.com\/fr\/express\/\">Service express<\/a><\/li>\n<\/ul><\/div><\/div><\/div><\/div><\/div><\/div><div class=\"about_backgtound_2 wpb_column vc_column_container vc_col-sm-9 vc_col-has-fill\"><div class=\"vc_column-inner vc_custom_1750253754969\"><div class=\"wpb_wrapper\"><h1 style=\"color: #ffffff;text-align: left\" class=\"vc_custom_heading vc_do_custom_heading prd-pg-h1\" >Commerce \u00e9lectronique<\/h1>\n\t<div class=\"wpb_text_column wpb_content_element  serv-pg-text\" >\n\t\t<div class=\"wpb_wrapper\">\n\t\t\t<p>Pour vos projets, nous proposons des solutions e-commerce universelles r\u00e9pondant \u00e0 vos besoins marketing et logistiques, couvrant les op\u00e9rations O2O, B2B, B2C et B2B2C. Nous offrons des solutions e-commerce compl\u00e8tes et consolid\u00e9es ainsi que des services \u00e0 valeur ajout\u00e9e (VAS) \u00e0 l\u2019origine, afin de soutenir vos objectifs commerciaux et accompagner votre croissance future.<\/p>\n<p>Notre service d\u2019ex\u00e9cution omnicanal couvre tout, du traitement des commandes e-commerce \u00e0 la distribution transfrontali\u00e8re et \u00e0 la livraison du dernier kilom\u00e8tre, en garantissant toujours une visibilit\u00e9 totale.<\/p>\n<p>Notre portefeuille client couvre un large \u00e9ventail de secteurs, de la mode et la distribution \u00e0 l\u2019\u00e9lectronique et l\u2019automobile. Nous sommes fiers de jouer un r\u00f4le essentiel dans la gestion, la durabilit\u00e9 et la performance de leur cha\u00eene d\u2019approvisionnement en pleine croissance.<\/p>\n<p>Entreposage, ex\u00e9cution, impression d\u2019\u00e9tiquettes, nous nous adaptons \u00e0 vos besoins. Notre r\u00e9seau mondial d\u2019entrep\u00f4ts et de centres de traitement est strat\u00e9giquement con\u00e7u pour minimiser les co\u00fbts d\u2019exp\u00e9dition vers les clients finaux, quel que soit le march\u00e9. Gr\u00e2ce \u00e0 notre volume important d\u2019exp\u00e9ditions, nous n\u00e9gocions des tarifs optimaux aupr\u00e8s de plusieurs transporteurs, vous offrant des solutions personnalis\u00e9es adapt\u00e9es \u00e0 tous les centres d\u2019ex\u00e9cution.<\/p>\n\n\t\t<\/div>\n\t<\/div>\n<div class=\"vc_empty_space\"   style=\"height: 50px\"><span class=\"vc_empty_space_inner\"><\/span><\/div>\n\t<div class=\"wpb_raw_code wpb_raw_html wpb_content_element\" >\n\t\t<div class=\"wpb_wrapper\">\n\t\t\t<script>$( document ).ready(function() {t_m(\"menu-item-3548\");});<\/script>\n\t\t<\/div>\n\t<\/div>\n<div class=\"vc_tta-container\" data-vc-action=\"collapse\"><div class=\"vc_general vc_tta vc_tta-accordion vc_tta-color-grey vc_tta-style-classic vc_tta-shape-rounded vc_tta-o-shape-group vc_tta-controls-align-default\"><div class=\"vc_tta-panels-container\"><div class=\"vc_tta-panels\"><div class=\"vc_tta-panel vc_active\" id=\"1716528495900-c8663d30-5f1f\" data-vc-content=\".vc_tta-panel-body\"><div class=\"vc_tta-panel-heading\"><h4 class=\"vc_tta-panel-title vc_tta-controls-icon-position-left\"><a href=\"#1716528495900-c8663d30-5f1f\" data-vc-accordion data-vc-container=\".vc_tta-container\"><span class=\"vc_tta-title-text\">Services d\u2019int\u00e9gration<\/span><i class=\"vc_tta-controls-icon vc_tta-controls-icon-plus\"><\/i><\/a><\/h4><\/div><div class=\"vc_tta-panel-body\">\n\t<div class=\"wpb_raw_code wpb_raw_html wpb_content_element\" >\n\t\t<div class=\"wpb_wrapper\">\n\t\t\t<p>Con\u00e7ues pour \u00e9tablir et renforcer votre pr\u00e9sence en ligne sur le march\u00e9 mondial et g\u00e9rer votre boutique au fur et \u00e0 mesure de sa croissance, nos solutions de vente en ligne multicanal offrent une fonctionnalit\u00e9 compl\u00e8te tout en restant intuitives et faciles \u00e0 utiliser.\nNos solutions e-commerce pour les commer\u00e7ants en ligne incluent un service d\u00e9di\u00e9 et personnalis\u00e9 d\u2019int\u00e9gration et de mise en \u0153uvre afin de garantir un d\u00e9marrage sans d\u00e9faut.<\/p>\n\n\t\t<\/div>\n\t<\/div>\n<\/div><\/div><div class=\"vc_tta-panel\" id=\"1716528495900-ff4c29ea-c3d7\" data-vc-content=\".vc_tta-panel-body\"><div class=\"vc_tta-panel-heading\"><h4 class=\"vc_tta-panel-title vc_tta-controls-icon-position-left\"><a href=\"#1716528495900-ff4c29ea-c3d7\" data-vc-accordion data-vc-container=\".vc_tta-container\"><span class=\"vc_tta-title-text\">Gestion des commandes<\/span><i class=\"vc_tta-controls-icon vc_tta-controls-icon-plus\"><\/i><\/a><\/h4><\/div><div class=\"vc_tta-panel-body\">\n\t<div class=\"wpb_raw_code wpb_raw_html wpb_content_element\" >\n\t\t<div class=\"wpb_wrapper\">\n\t\t\t<p>Nous proposons \u00e9galement des services internes de gestion des commandes pour g\u00e9rer les exp\u00e9ditions au niveau de chaque commande. Cela comprend des options de livraison via divers services de messagerie du dernier kilom\u00e8tre ainsi que des capacit\u00e9s de suivi et de tra\u00e7abilit\u00e9.<\/p>\n\t\t<\/div>\n\t<\/div>\n<\/div><\/div><div class=\"vc_tta-panel\" id=\"1716528698384-aa53123f-654c\" data-vc-content=\".vc_tta-panel-body\"><div class=\"vc_tta-panel-heading\"><h4 class=\"vc_tta-panel-title vc_tta-controls-icon-position-left\"><a href=\"#1716528698384-aa53123f-654c\" data-vc-accordion data-vc-container=\".vc_tta-container\"><span class=\"vc_tta-title-text\">Affr\u00e8tement<\/span><i class=\"vc_tta-controls-icon vc_tta-controls-icon-plus\"><\/i><\/a><\/h4><\/div><div class=\"vc_tta-panel-body\">\n\t<div class=\"wpb_raw_code wpb_raw_html wpb_content_element\" >\n\t\t<div class=\"wpb_wrapper\">\n\t\t\t<p>Notre \u00e9quipe et notre r\u00e9seau mondial sont organis\u00e9s pour offrir \u00e0 votre entreprise e-commerce des solutions d\u2019affr\u00e8tement personnalis\u00e9es, vous permettant d\u2019atteindre presque toutes les destinations dans le monde.<\/p>\n<p>Que vos d\u00e9fis actuels soient complexes ou que vos objectifs \u00e0 long terme soient ambitieux, nous nous engageons \u00e0 concevoir des solutions de transit adapt\u00e9es pour vous permettre d\u2019atteindre les personnes et les lieux qui comptent pour vous.<\/p>\n\n\t\t<\/div>\n\t<\/div>\n<\/div><\/div><\/div><\/div><\/div><\/div><\/div><\/div><\/div><\/div><div class=\"vc_row-full-width vc_clearfix\"><\/div>\n<\/div>","protected":false},"excerpt":{"rendered":"<p>PRODUITSLogistique int\u00e9gr\u00e9e Services \u00e0 valeur ajout\u00e9e Installations logistiques mondiales Fret a\u00e9rien Affr\u00e8tement a\u00e9rien Consolidation a\u00e9rienne et maritime Courtage Fret terrestre Fret maritime NVOCC pour FCL et LCL Marchandises en vrac Agent de r\u00e9servation Commerce \u00e9lectronique Logistique transfrontali\u00e8re Solutions pour la cha\u00eene d'approvisionnement Commerce \u00e9lectronique express Pour vos projets, nous fournissons des solutions de commerce \u00e9lectronique universelles pour r\u00e9pondre \u00e0 vos besoins en mati\u00e8re de marketing et de logistique,...<\/p>","protected":false},"author":5,"featured_media":0,"parent":0,"menu_order":0,"comment_status":"closed","ping_status":"closed","template":"","meta":{"footnotes":"","_wp_rev_ctl_limit":""},"class_list":["post-3145","page","type-page","status-publish","hentry","description-off"],"yoast_head":"<!-- This site is optimized with the Yoast SEO Premium plugin v25.3 (Yoast SEO v27.3) - https:\/\/yoast.com\/product\/yoast-seo-premium-wordpress\/ -->\n<title>E-Commerce - KLN<\/title>\n<meta name=\"description\" content=\"Scalable e-commerce logistics services for fast, accurate order fulfillment. From warehousing and inventory management to last-mile delivery, boost your online business performance.\" \/>\n<meta name=\"robots\" content=\"index, follow, max-snippet:-1, max-image-preview:large, max-video-preview:-1\" \/>\n<link rel=\"canonical\" href=\"https:\/\/ca.kln.com\/fr\/commerce-electronique\/\" \/>\n<meta property=\"og:locale\" content=\"fr_CA\" \/>\n<meta property=\"og:type\" content=\"article\" \/>\n<meta property=\"og:title\" content=\"E-Commerce\" \/>\n<meta property=\"og:description\" content=\"Scalable e-commerce logistics services for fast, accurate order fulfillment. From warehousing and inventory management to last-mile delivery, boost your online business performance.\" \/>\n<meta property=\"og:url\" content=\"https:\/\/ca.kln.com\/fr\/commerce-electronique\/\" \/>\n<meta property=\"og:site_name\" content=\"KLN\" \/>\n<meta property=\"article:modified_time\" content=\"2025-06-23T16:55:19+00:00\" \/>\n<meta name=\"twitter:card\" content=\"summary_large_image\" \/>\n<meta name=\"twitter:label1\" content=\"Estimation du temps de lecture\" \/>\n\t<meta name=\"twitter:data1\" content=\"1 minute\" \/>\n<script type=\"application\/ld+json\" class=\"yoast-schema-graph\">{\"@context\":\"https:\\\/\\\/schema.org\",\"@graph\":[{\"@type\":\"WebPage\",\"@id\":\"https:\\\/\\\/ca.kln.com\\\/e-commerce\\\/\",\"url\":\"https:\\\/\\\/ca.kln.com\\\/e-commerce\\\/\",\"name\":\"E-Commerce - KLN\",\"isPartOf\":{\"@id\":\"https:\\\/\\\/ca.kln.com\\\/#website\"},\"datePublished\":\"2023-09-22T12:38:13+00:00\",\"dateModified\":\"2025-06-23T16:55:19+00:00\",\"description\":\"Scalable e-commerce logistics services for fast, accurate order fulfillment. From warehousing and inventory management to last-mile delivery, boost your online business performance.\",\"breadcrumb\":{\"@id\":\"https:\\\/\\\/ca.kln.com\\\/e-commerce\\\/#breadcrumb\"},\"inLanguage\":\"fr-CA\",\"potentialAction\":[{\"@type\":\"ReadAction\",\"target\":[\"https:\\\/\\\/ca.kln.com\\\/e-commerce\\\/\"]}]},{\"@type\":\"BreadcrumbList\",\"@id\":\"https:\\\/\\\/ca.kln.com\\\/e-commerce\\\/#breadcrumb\",\"itemListElement\":[{\"@type\":\"ListItem\",\"position\":1,\"name\":\"Home\",\"item\":\"https:\\\/\\\/ca.kln.com\\\/\"},{\"@type\":\"ListItem\",\"position\":2,\"name\":\"E-Commerce\"}]},{\"@type\":\"WebSite\",\"@id\":\"https:\\\/\\\/ca.kln.com\\\/#website\",\"url\":\"https:\\\/\\\/ca.kln.com\\\/\",\"name\":\"KLN\",\"description\":\"\",\"publisher\":{\"@id\":\"https:\\\/\\\/ca.kln.com\\\/#organization\"},\"potentialAction\":[{\"@type\":\"SearchAction\",\"target\":{\"@type\":\"EntryPoint\",\"urlTemplate\":\"https:\\\/\\\/ca.kln.com\\\/?s={search_term_string}\"},\"query-input\":{\"@type\":\"PropertyValueSpecification\",\"valueRequired\":true,\"valueName\":\"search_term_string\"}}],\"inLanguage\":\"fr-CA\"},{\"@type\":\"Organization\",\"@id\":\"https:\\\/\\\/ca.kln.com\\\/#organization\",\"name\":\"KLN\",\"url\":\"https:\\\/\\\/ca.kln.com\\\/\",\"logo\":{\"@type\":\"ImageObject\",\"inLanguage\":\"fr-CA\",\"@id\":\"https:\\\/\\\/ca.kln.com\\\/#\\\/schema\\\/logo\\\/image\\\/\",\"url\":\"https:\\\/\\\/ca.kln.com\\\/wp-content\\\/uploads\\\/2025\\\/04\\\/kln-logo.jpg\",\"contentUrl\":\"https:\\\/\\\/ca.kln.com\\\/wp-content\\\/uploads\\\/2025\\\/04\\\/kln-logo.jpg\",\"width\":200,\"height\":79,\"caption\":\"KLN\"},\"image\":{\"@id\":\"https:\\\/\\\/ca.kln.com\\\/#\\\/schema\\\/logo\\\/image\\\/\"}}]}<\/script>\n<!-- \/ Yoast SEO Premium plugin. -->","yoast_head_json":{"title":"Commerce \u00e9lectronique - KLN","description":"Services logistiques e-commerce \u00e9volutifs pour une ex\u00e9cution rapide et pr\u00e9cise des commandes. De l\u2019entreposage et la gestion des stocks \u00e0 la livraison du dernier kilom\u00e8tre, am\u00e9liorez la performance de votre commerce en ligne.","robots":{"index":"index","follow":"follow","max-snippet":"max-snippet:-1","max-image-preview":"max-image-preview:large","max-video-preview":"max-video-preview:-1"},"canonical":"https:\/\/ca.kln.com\/fr\/commerce-electronique\/","og_locale":"fr_CA","og_type":"article","og_title":"E-Commerce","og_description":"Scalable e-commerce logistics services for fast, accurate order fulfillment. From warehousing and inventory management to last-mile delivery, boost your online business performance.","og_url":"https:\/\/ca.kln.com\/fr\/commerce-electronique\/","og_site_name":"KLN","article_modified_time":"2025-06-23T16:55:19+00:00","twitter_card":"summary_large_image","twitter_misc":{"Estimation du temps de lecture":"1 minute"},"schema":{"@context":"https:\/\/schema.org","@graph":[{"@type":"WebPage","@id":"https:\/\/ca.kln.com\/e-commerce\/","url":"https:\/\/ca.kln.com\/e-commerce\/","name":"Commerce \u00e9lectronique - KLN","isPartOf":{"@id":"https:\/\/ca.kln.com\/#website"},"datePublished":"2023-09-22T12:38:13+00:00","dateModified":"2025-06-23T16:55:19+00:00","description":"Services logistiques e-commerce \u00e9volutifs pour une ex\u00e9cution rapide et pr\u00e9cise des commandes. De l\u2019entreposage et la gestion des stocks \u00e0 la livraison du dernier kilom\u00e8tre, am\u00e9liorez la performance de votre commerce en ligne.","breadcrumb":{"@id":"https:\/\/ca.kln.com\/e-commerce\/#breadcrumb"},"inLanguage":"fr-CA","potentialAction":[{"@type":"ReadAction","target":["https:\/\/ca.kln.com\/e-commerce\/"]}]},{"@type":"BreadcrumbList","@id":"https:\/\/ca.kln.com\/e-commerce\/#breadcrumb","itemListElement":[{"@type":"ListItem","position":1,"name":"Home","item":"https:\/\/ca.kln.com\/"},{"@type":"ListItem","position":2,"name":"E-Commerce"}]},{"@type":"WebSite","@id":"https:\/\/ca.kln.com\/#website","url":"https:\/\/ca.kln.com\/","name":"KLN","description":"","publisher":{"@id":"https:\/\/ca.kln.com\/#organization"},"potentialAction":[{"@type":"SearchAction","target":{"@type":"EntryPoint","urlTemplate":"https:\/\/ca.kln.com\/?s={search_term_string}"},"query-input":{"@type":"PropertyValueSpecification","valueRequired":true,"valueName":"search_term_string"}}],"inLanguage":"fr-CA"},{"@type":"Organization","@id":"https:\/\/ca.kln.com\/#organization","name":"KLN","url":"https:\/\/ca.kln.com\/","logo":{"@type":"ImageObject","inLanguage":"fr-CA","@id":"https:\/\/ca.kln.com\/#\/schema\/logo\/image\/","url":"https:\/\/ca.kln.com\/wp-content\/uploads\/2025\/04\/kln-logo.jpg","contentUrl":"https:\/\/ca.kln.com\/wp-content\/uploads\/2025\/04\/kln-logo.jpg","width":200,"height":79,"caption":"KLN"},"image":{"@id":"https:\/\/ca.kln.com\/#\/schema\/logo\/image\/"}}]}},"_links":{"self":[{"href":"https:\/\/ca.kln.com\/fr\/wp-json\/wp\/v2\/pages\/3145","targetHints":{"allow":["GET"]}}],"collection":[{"href":"https:\/\/ca.kln.com\/fr\/wp-json\/wp\/v2\/pages"}],"about":[{"href":"https:\/\/ca.kln.com\/fr\/wp-json\/wp\/v2\/types\/page"}],"author":[{"embeddable":true,"href":"https:\/\/ca.kln.com\/fr\/wp-json\/wp\/v2\/users\/5"}],"replies":[{"embeddable":true,"href":"https:\/\/ca.kln.com\/fr\/wp-json\/wp\/v2\/comments?post=3145"}],"version-history":[{"count":36,"href":"https:\/\/ca.kln.com\/fr\/wp-json\/wp\/v2\/pages\/3145\/revisions"}],"predecessor-version":[{"id":4670,"href":"https:\/\/ca.kln.com\/fr\/wp-json\/wp\/v2\/pages\/3145\/revisions\/4670"}],"wp:attachment":[{"href":"https:\/\/ca.kln.com\/fr\/wp-json\/wp\/v2\/media?parent=3145"}],"curies":[{"name":"wp","href":"https:\/\/api.w.org\/{rel}","templated":true}]}}