{"id":3504,"date":"2024-05-13T09:43:36","date_gmt":"2024-05-13T09:43:36","guid":{"rendered":"http:\/\/72.167.36.177\/?page_id=3504"},"modified":"2025-06-23T14:40:45","modified_gmt":"2025-06-23T14:40:45","slug":"installations-logistiques-a-lechelle-mondiale","status":"publish","type":"page","link":"https:\/\/ca.kln.com\/fr\/integrated-logistics\/worldwide-logistics-facilities\/","title":{"rendered":"Installations logistiques \u00e0 l\u2019\u00e9chelle mondiale"},"content":{"rendered":"<div class=\"wpb-content-wrapper\"><div data-vc-full-width=\"true\" data-vc-full-width-temp=\"true\" data-vc-full-width-init=\"false\" data-vc-stretch-content=\"true\" class=\"vc_row wpb_row vc_row-fluid swap-on-mobl vc_row-no-padding vc_row-o-full-height vc_row-o-columns-stretch vc_row-o-equal-height vc_row-flex\"><div class=\"wpb_column vc_column_container vc_col-sm-3 vc_col-has-fill\"><div class=\"vc_column-inner vc_custom_1715773149949\"><div class=\"wpb_wrapper\"><div class=\"vc_empty_space\"   style=\"height: 32px\"><span class=\"vc_empty_space_inner\"><\/span><\/div><div  class=\"vc_wp_custommenu wpb_content_element prd-pg-menu\"><div class=\"widget widget_nav_menu\"><h2 class=\"widgettitle\">PRODUITS<\/h2><div class=\"menu-products-menu-container\"><ul id=\"menu-products-menu\" class=\"menu\"><li id=\"menu-item-3494\" class=\"menu-item menu-item-type-post_type menu-item-object-page menu-item-has-children menu-item-3494\"><a href=\"https:\/\/ca.kln.com\/fr\/integrated-logistics\/\">Logistique int\u00e9gr\u00e9e<\/a>\n<ul class=\"sub-menu\">\n\t<li id=\"menu-item-3499\" class=\"menu-item menu-item-type-post_type menu-item-object-page menu-item-3499\"><a href=\"https:\/\/ca.kln.com\/fr\/integrated-logistics\/value-added-services\/\">Services \u00e0 valeur ajout\u00e9e<\/a><\/li>\n\t<li id=\"menu-item-3507\" class=\"menu-item menu-item-type-post_type menu-item-object-page menu-item-3507\"><a href=\"https:\/\/ca.kln.com\/fr\/integrated-logistics\/worldwide-logistics-facilities\/\">Installations logistiques \u00e0 l\u2019\u00e9chelle mondiale<\/a><\/li>\n<\/ul>\n<\/li>\n<li id=\"menu-item-3508\" class=\"menu-item menu-item-type-post_type menu-item-object-page menu-item-has-children menu-item-3508\"><a href=\"https:\/\/ca.kln.com\/fr\/air-freight\/\">Fret a\u00e9rien<\/a>\n<ul class=\"sub-menu\">\n\t<li id=\"menu-item-3655\" class=\"menu-item menu-item-type-post_type menu-item-object-page menu-item-3655\"><a href=\"https:\/\/ca.kln.com\/fr\/air-freight\/air-charter\/\">Affr\u00e8tement a\u00e9rien<\/a><\/li>\n\t<li id=\"menu-item-3654\" class=\"menu-item menu-item-type-post_type menu-item-object-page menu-item-3654\"><a href=\"https:\/\/ca.kln.com\/fr\/air-freight\/sea-air-air-sea\/\">Mer-air &amp; air-mer<\/a><\/li>\n\t<li id=\"menu-item-3653\" class=\"menu-item menu-item-type-post_type menu-item-object-page menu-item-3653\"><a href=\"https:\/\/ca.kln.com\/fr\/air-freight\/consolidation\/\">Consolidation<\/a><\/li>\n<\/ul>\n<\/li>\n<li id=\"menu-item-3546\" class=\"menu-item menu-item-type-post_type menu-item-object-page menu-item-3546\"><a href=\"https:\/\/ca.kln.com\/fr\/brokerage\/\">Services de courtage<\/a><\/li>\n<li id=\"menu-item-3509\" class=\"menu-item menu-item-type-post_type menu-item-object-page menu-item-3509\"><a href=\"https:\/\/ca.kln.com\/fr\/land-freight\/\">Fret terrestre<\/a><\/li>\n<li id=\"menu-item-3510\" class=\"menu-item menu-item-type-post_type menu-item-object-page menu-item-has-children menu-item-3510\"><a href=\"https:\/\/ca.kln.com\/fr\/ocean-freight\/\">Fret maritime<\/a>\n<ul class=\"sub-menu\">\n\t<li id=\"menu-item-3529\" class=\"menu-item menu-item-type-post_type menu-item-object-page menu-item-3529\"><a href=\"https:\/\/ca.kln.com\/fr\/ocean-freight\/nvocc-for-fcl-lcl\/\">NVOCC pour FCL et LCL<\/a><\/li>\n\t<li id=\"menu-item-3533\" class=\"menu-item menu-item-type-post_type menu-item-object-page menu-item-3533\"><a href=\"https:\/\/ca.kln.com\/fr\/ocean-freight\/break-bulk\/\">Fret en lots s\u00e9par\u00e9s<\/a><\/li>\n\t<li id=\"menu-item-3538\" class=\"menu-item menu-item-type-post_type menu-item-object-page menu-item-3538\"><a href=\"https:\/\/ca.kln.com\/fr\/ocean-freight\/consolidation\/\">Consolidation<\/a><\/li>\n\t<li id=\"menu-item-3542\" class=\"menu-item menu-item-type-post_type menu-item-object-page menu-item-3542\"><a href=\"https:\/\/ca.kln.com\/fr\/ocean-freight\/booking-agent\/\">Agent de r\u00e9servation<\/a><\/li>\n<\/ul>\n<\/li>\n<li id=\"menu-item-3548\" class=\"menu-item menu-item-type-post_type menu-item-object-page menu-item-has-children menu-item-3548\"><a href=\"https:\/\/ca.kln.com\/fr\/e-commerce\/\">Commerce \u00e9lectronique<\/a>\n<ul class=\"sub-menu\">\n\t<li id=\"menu-item-3766\" class=\"menu-item menu-item-type-post_type menu-item-object-page menu-item-3766\"><a href=\"https:\/\/ca.kln.com\/fr\/e-commerce\/cross-border-logistics\/\">Logistique transfrontali\u00e8re<\/a><\/li>\n<\/ul>\n<\/li>\n<li id=\"menu-item-3550\" class=\"menu-item menu-item-type-post_type menu-item-object-page menu-item-3550\"><a href=\"https:\/\/ca.kln.com\/fr\/supply-chain-solutions\/\">Cha\u00eene d\u2019approvisionnement<\/a><\/li>\n<li id=\"menu-item-3920\" class=\"menu-item menu-item-type-post_type menu-item-object-page menu-item-3920\"><a href=\"https:\/\/ca.kln.com\/fr\/express\/\">Service express<\/a><\/li>\n<\/ul><\/div><\/div><\/div><\/div><\/div><\/div><div class=\"about_backgtound_2 wpb_column vc_column_container vc_col-sm-9 vc_col-has-fill\"><div class=\"vc_column-inner vc_custom_1750252954761\"><div class=\"wpb_wrapper\"><h1 style=\"color: #ffffff;text-align: left\" class=\"vc_custom_heading vc_do_custom_heading prd-pg-h1\" >Installations logistiques \u00e0 l\u2019\u00e9chelle mondiale<\/h1>\n\t<div class=\"wpb_text_column wpb_content_element  serv-pg-text\" >\n\t\t<div class=\"wpb_wrapper\">\n\t\t\t<p class=\"ai-optimize-6\">En plus des installations logistiques de KLN Canada \u00e0 Montr\u00e9al, Toronto et Vancouver, KLN nous donne acc\u00e8s \u00e0 plus de 60\u202fmillions de pieds carr\u00e9s d\u2019installations \u00e0 travers le monde. KLN dispose de l\u2019un des plus grands r\u00e9seaux de transport et d\u2019exp\u00e9dition \u00e0 l\u2019\u00e9chelle mondiale.<\/p>\n<p class=\"ai-optimize-7\">En plus des installations logistiques de KLN Canada \u00e0 Montr\u00e9al, Toronto et Vancouver, KLN nous donne acc\u00e8s \u00e0 plus de 60\u202fmillions de pieds carr\u00e9s d\u2019installations \u00e0 travers le monde. KLN dispose de l\u2019un des plus grands r\u00e9seaux de transport et d\u2019exp\u00e9dition \u00e0 l\u2019\u00e9chelle mondiale.<\/p>\n<p>&nbsp;<\/p>\n<ul>\n<li class=\"ai-optimize-8\">Hong Kong<\/li>\n<li class=\"ai-optimize-9\">Chine continentale<\/li>\n<li class=\"ai-optimize-10\">Asie du Sud-Est<\/li>\n<li class=\"ai-optimize-11\">Oc\u00e9anie<\/li>\n<li class=\"ai-optimize-12\">Inde<\/li>\n<li class=\"ai-optimize-13\">EMEA \u2013 Europe, Moyen-Orient et Afrique<\/li>\n<li class=\"ai-optimize-14\">Asie-Pacifique<\/li>\n<li class=\"ai-optimize-15\">Am\u00e9rique du Nord, Am\u00e9rique du Sud et Am\u00e9rique centrale<\/li>\n<\/ul>\n\n\t\t<\/div>\n\t<\/div>\n\n\t<div class=\"wpb_raw_code wpb_raw_html wpb_content_element\" >\n\t\t<div class=\"wpb_wrapper\">\n\t\t\t<script>$( document ).ready(function() {t_m(\"menu-item-3494\");});<\/script>\n\t\t<\/div>\n\t<\/div>\n<\/div><\/div><\/div><\/div><div class=\"vc_row-full-width vc_clearfix\"><\/div>\n<\/div>","protected":false},"excerpt":{"rendered":"<p>PRODUITSLogistique int\u00e9gr\u00e9e Services \u00e0 valeur ajout\u00e9e Installations logistiques mondiales Fret a\u00e9rien Affr\u00e8tement a\u00e9rien Consolidation a\u00e9rienne et maritime Courtage Fret terrestre Fret maritime NVOCC pour FCL et LCL Break Bulk Consolidation Agent de r\u00e9servation Commerce \u00e9lectronique Logistique transfrontali\u00e8re Solutions de la cha\u00eene d'approvisionnement Express Installations logistiques mondiales Outre les installations logistiques de KLN Canada \u00e0 Montr\u00e9al, Toronto et Vancouver, KLN...<\/p>","protected":false},"author":5,"featured_media":0,"parent":3045,"menu_order":0,"comment_status":"closed","ping_status":"closed","template":"","meta":{"footnotes":"","_wp_rev_ctl_limit":""},"class_list":["post-3504","page","type-page","status-publish","hentry","description-off"],"yoast_head":"<!-- This site is optimized with the Yoast SEO Premium plugin v25.3 (Yoast SEO v27.3) - https:\/\/yoast.com\/product\/yoast-seo-premium-wordpress\/ -->\n<title>Worldwide Logistics Facilities - KLN<\/title>\n<meta name=\"description\" content=\"Access a global network of logistics facilities designed for fast, efficient distribution. Strategically located warehouses and fulfillment centers to support your international supply chain.\" \/>\n<meta name=\"robots\" content=\"index, follow, max-snippet:-1, max-image-preview:large, max-video-preview:-1\" \/>\n<link rel=\"canonical\" href=\"https:\/\/ca.kln.com\/fr\/logistique-integree\/installations-logistiques-a-lechelle-mondiale\/\" \/>\n<meta property=\"og:locale\" content=\"fr_CA\" \/>\n<meta property=\"og:type\" content=\"article\" \/>\n<meta property=\"og:title\" content=\"Worldwide Logistics Facilities\" \/>\n<meta property=\"og:description\" content=\"Access a global network of logistics facilities designed for fast, efficient distribution. Strategically located warehouses and fulfillment centers to support your international supply chain.\" \/>\n<meta property=\"og:url\" content=\"https:\/\/ca.kln.com\/fr\/logistique-integree\/installations-logistiques-a-lechelle-mondiale\/\" \/>\n<meta property=\"og:site_name\" content=\"KLN\" \/>\n<meta property=\"article:modified_time\" content=\"2025-06-23T14:40:45+00:00\" \/>\n<meta name=\"twitter:card\" content=\"summary_large_image\" \/>\n<meta name=\"twitter:label1\" content=\"Estimation du temps de lecture\" \/>\n\t<meta name=\"twitter:data1\" content=\"1 minute\" \/>\n<script type=\"application\/ld+json\" class=\"yoast-schema-graph\">{\"@context\":\"https:\\\/\\\/schema.org\",\"@graph\":[{\"@type\":\"WebPage\",\"@id\":\"https:\\\/\\\/ca.kln.com\\\/integrated-logistics\\\/worldwide-logistics-facilities\\\/\",\"url\":\"https:\\\/\\\/ca.kln.com\\\/integrated-logistics\\\/worldwide-logistics-facilities\\\/\",\"name\":\"Worldwide Logistics Facilities - KLN\",\"isPartOf\":{\"@id\":\"https:\\\/\\\/ca.kln.com\\\/#website\"},\"datePublished\":\"2024-05-13T09:43:36+00:00\",\"dateModified\":\"2025-06-23T14:40:45+00:00\",\"description\":\"Access a global network of logistics facilities designed for fast, efficient distribution. Strategically located warehouses and fulfillment centers to support your international supply chain.\",\"breadcrumb\":{\"@id\":\"https:\\\/\\\/ca.kln.com\\\/integrated-logistics\\\/worldwide-logistics-facilities\\\/#breadcrumb\"},\"inLanguage\":\"fr-CA\",\"potentialAction\":[{\"@type\":\"ReadAction\",\"target\":[\"https:\\\/\\\/ca.kln.com\\\/integrated-logistics\\\/worldwide-logistics-facilities\\\/\"]}]},{\"@type\":\"BreadcrumbList\",\"@id\":\"https:\\\/\\\/ca.kln.com\\\/integrated-logistics\\\/worldwide-logistics-facilities\\\/#breadcrumb\",\"itemListElement\":[{\"@type\":\"ListItem\",\"position\":1,\"name\":\"Home\",\"item\":\"https:\\\/\\\/ca.kln.com\\\/\"},{\"@type\":\"ListItem\",\"position\":2,\"name\":\"Integrated Logistics\",\"item\":\"https:\\\/\\\/ca.kln.com\\\/integrated-logistics\\\/\"},{\"@type\":\"ListItem\",\"position\":3,\"name\":\"Worldwide Logistics Facilities\"}]},{\"@type\":\"WebSite\",\"@id\":\"https:\\\/\\\/ca.kln.com\\\/#website\",\"url\":\"https:\\\/\\\/ca.kln.com\\\/\",\"name\":\"KLN\",\"description\":\"\",\"publisher\":{\"@id\":\"https:\\\/\\\/ca.kln.com\\\/#organization\"},\"potentialAction\":[{\"@type\":\"SearchAction\",\"target\":{\"@type\":\"EntryPoint\",\"urlTemplate\":\"https:\\\/\\\/ca.kln.com\\\/?s={search_term_string}\"},\"query-input\":{\"@type\":\"PropertyValueSpecification\",\"valueRequired\":true,\"valueName\":\"search_term_string\"}}],\"inLanguage\":\"fr-CA\"},{\"@type\":\"Organization\",\"@id\":\"https:\\\/\\\/ca.kln.com\\\/#organization\",\"name\":\"KLN\",\"url\":\"https:\\\/\\\/ca.kln.com\\\/\",\"logo\":{\"@type\":\"ImageObject\",\"inLanguage\":\"fr-CA\",\"@id\":\"https:\\\/\\\/ca.kln.com\\\/#\\\/schema\\\/logo\\\/image\\\/\",\"url\":\"https:\\\/\\\/ca.kln.com\\\/wp-content\\\/uploads\\\/2025\\\/04\\\/kln-logo.jpg\",\"contentUrl\":\"https:\\\/\\\/ca.kln.com\\\/wp-content\\\/uploads\\\/2025\\\/04\\\/kln-logo.jpg\",\"width\":200,\"height\":79,\"caption\":\"KLN\"},\"image\":{\"@id\":\"https:\\\/\\\/ca.kln.com\\\/#\\\/schema\\\/logo\\\/image\\\/\"}}]}<\/script>\n<!-- \/ Yoast SEO Premium plugin. -->","yoast_head_json":{"title":"Installations logistiques \u00e0 l\u2019\u00e9chelle mondiale - KLN","description":"Acc\u00e9dez \u00e0 un r\u00e9seau mondial d\u2019installations logistiques con\u00e7ues pour une distribution rapide et efficace. Des entrep\u00f4ts et centres de traitement strat\u00e9giquement situ\u00e9s pour soutenir votre cha\u00eene d\u2019approvisionnement internationale.","robots":{"index":"index","follow":"follow","max-snippet":"max-snippet:-1","max-image-preview":"max-image-preview:large","max-video-preview":"max-video-preview:-1"},"canonical":"https:\/\/ca.kln.com\/fr\/logistique-integree\/installations-logistiques-a-lechelle-mondiale\/","og_locale":"fr_CA","og_type":"article","og_title":"Worldwide Logistics Facilities","og_description":"Access a global network of logistics facilities designed for fast, efficient distribution. Strategically located warehouses and fulfillment centers to support your international supply chain.","og_url":"https:\/\/ca.kln.com\/fr\/logistique-integree\/installations-logistiques-a-lechelle-mondiale\/","og_site_name":"KLN","article_modified_time":"2025-06-23T14:40:45+00:00","twitter_card":"summary_large_image","twitter_misc":{"Estimation du temps de lecture":"1 minute"},"schema":{"@context":"https:\/\/schema.org","@graph":[{"@type":"WebPage","@id":"https:\/\/ca.kln.com\/integrated-logistics\/worldwide-logistics-facilities\/","url":"https:\/\/ca.kln.com\/integrated-logistics\/worldwide-logistics-facilities\/","name":"Installations logistiques \u00e0 l\u2019\u00e9chelle mondiale - KLN","isPartOf":{"@id":"https:\/\/ca.kln.com\/#website"},"datePublished":"2024-05-13T09:43:36+00:00","dateModified":"2025-06-23T14:40:45+00:00","description":"Acc\u00e9dez \u00e0 un r\u00e9seau mondial d\u2019installations logistiques con\u00e7ues pour une distribution rapide et efficace. Des entrep\u00f4ts et centres de traitement strat\u00e9giquement situ\u00e9s pour soutenir votre cha\u00eene d\u2019approvisionnement internationale.","breadcrumb":{"@id":"https:\/\/ca.kln.com\/integrated-logistics\/worldwide-logistics-facilities\/#breadcrumb"},"inLanguage":"fr-CA","potentialAction":[{"@type":"ReadAction","target":["https:\/\/ca.kln.com\/integrated-logistics\/worldwide-logistics-facilities\/"]}]},{"@type":"BreadcrumbList","@id":"https:\/\/ca.kln.com\/integrated-logistics\/worldwide-logistics-facilities\/#breadcrumb","itemListElement":[{"@type":"ListItem","position":1,"name":"Home","item":"https:\/\/ca.kln.com\/"},{"@type":"ListItem","position":2,"name":"Integrated Logistics","item":"https:\/\/ca.kln.com\/integrated-logistics\/"},{"@type":"ListItem","position":3,"name":"Worldwide Logistics Facilities"}]},{"@type":"WebSite","@id":"https:\/\/ca.kln.com\/#website","url":"https:\/\/ca.kln.com\/","name":"KLN","description":"","publisher":{"@id":"https:\/\/ca.kln.com\/#organization"},"potentialAction":[{"@type":"SearchAction","target":{"@type":"EntryPoint","urlTemplate":"https:\/\/ca.kln.com\/?s={search_term_string}"},"query-input":{"@type":"PropertyValueSpecification","valueRequired":true,"valueName":"search_term_string"}}],"inLanguage":"fr-CA"},{"@type":"Organization","@id":"https:\/\/ca.kln.com\/#organization","name":"KLN","url":"https:\/\/ca.kln.com\/","logo":{"@type":"ImageObject","inLanguage":"fr-CA","@id":"https:\/\/ca.kln.com\/#\/schema\/logo\/image\/","url":"https:\/\/ca.kln.com\/wp-content\/uploads\/2025\/04\/kln-logo.jpg","contentUrl":"https:\/\/ca.kln.com\/wp-content\/uploads\/2025\/04\/kln-logo.jpg","width":200,"height":79,"caption":"KLN"},"image":{"@id":"https:\/\/ca.kln.com\/#\/schema\/logo\/image\/"}}]}},"_links":{"self":[{"href":"https:\/\/ca.kln.com\/fr\/wp-json\/wp\/v2\/pages\/3504","targetHints":{"allow":["GET"]}}],"collection":[{"href":"https:\/\/ca.kln.com\/fr\/wp-json\/wp\/v2\/pages"}],"about":[{"href":"https:\/\/ca.kln.com\/fr\/wp-json\/wp\/v2\/types\/page"}],"author":[{"embeddable":true,"href":"https:\/\/ca.kln.com\/fr\/wp-json\/wp\/v2\/users\/5"}],"replies":[{"embeddable":true,"href":"https:\/\/ca.kln.com\/fr\/wp-json\/wp\/v2\/comments?post=3504"}],"version-history":[{"count":19,"href":"https:\/\/ca.kln.com\/fr\/wp-json\/wp\/v2\/pages\/3504\/revisions"}],"predecessor-version":[{"id":4661,"href":"https:\/\/ca.kln.com\/fr\/wp-json\/wp\/v2\/pages\/3504\/revisions\/4661"}],"up":[{"embeddable":true,"href":"https:\/\/ca.kln.com\/fr\/wp-json\/wp\/v2\/pages\/3045"}],"wp:attachment":[{"href":"https:\/\/ca.kln.com\/fr\/wp-json\/wp\/v2\/media?parent=3504"}],"curies":[{"name":"wp","href":"https:\/\/api.w.org\/{rel}","templated":true}]}}