{"id":3535,"date":"2024-05-13T14:13:52","date_gmt":"2024-05-13T14:13:52","guid":{"rendered":"http:\/\/72.167.36.177\/?page_id=3535"},"modified":"2025-06-23T13:34:28","modified_gmt":"2025-06-23T13:34:28","slug":"consolidation","status":"publish","type":"page","link":"https:\/\/ca.kln.com\/fr\/ocean-freight\/consolidation\/","title":{"rendered":"Consolidation"},"content":{"rendered":"<div class=\"wpb-content-wrapper\"><div data-vc-full-width=\"true\" data-vc-full-width-temp=\"true\" data-vc-full-width-init=\"false\" data-vc-stretch-content=\"true\" class=\"vc_row wpb_row vc_row-fluid swap-on-mobl vc_row-no-padding vc_row-o-full-height vc_row-o-columns-stretch vc_row-o-equal-height vc_row-flex\"><div class=\"wpb_column vc_column_container vc_col-sm-3 vc_col-has-fill\"><div class=\"vc_column-inner vc_custom_1715772144607\"><div class=\"wpb_wrapper\"><div class=\"vc_empty_space\"   style=\"height: 32px\"><span class=\"vc_empty_space_inner\"><\/span><\/div><div  class=\"vc_wp_custommenu wpb_content_element prd-pg-menu\"><div class=\"widget widget_nav_menu\"><h2 class=\"widgettitle\">PRODUITS<\/h2><div class=\"menu-products-menu-container\"><ul id=\"menu-products-menu\" class=\"menu\"><li id=\"menu-item-3494\" class=\"menu-item menu-item-type-post_type menu-item-object-page menu-item-has-children menu-item-3494\"><a href=\"https:\/\/ca.kln.com\/fr\/integrated-logistics\/\">Logistique int\u00e9gr\u00e9e<\/a>\n<ul class=\"sub-menu\">\n\t<li id=\"menu-item-3499\" class=\"menu-item menu-item-type-post_type menu-item-object-page menu-item-3499\"><a href=\"https:\/\/ca.kln.com\/fr\/integrated-logistics\/value-added-services\/\">Services \u00e0 valeur ajout\u00e9e<\/a><\/li>\n\t<li id=\"menu-item-3507\" class=\"menu-item menu-item-type-post_type menu-item-object-page menu-item-3507\"><a href=\"https:\/\/ca.kln.com\/fr\/integrated-logistics\/worldwide-logistics-facilities\/\">Installations logistiques \u00e0 l\u2019\u00e9chelle mondiale<\/a><\/li>\n<\/ul>\n<\/li>\n<li id=\"menu-item-3508\" class=\"menu-item menu-item-type-post_type menu-item-object-page menu-item-has-children menu-item-3508\"><a href=\"https:\/\/ca.kln.com\/fr\/air-freight\/\">Fret a\u00e9rien<\/a>\n<ul class=\"sub-menu\">\n\t<li id=\"menu-item-3655\" class=\"menu-item menu-item-type-post_type menu-item-object-page menu-item-3655\"><a href=\"https:\/\/ca.kln.com\/fr\/air-freight\/air-charter\/\">Affr\u00e8tement a\u00e9rien<\/a><\/li>\n\t<li id=\"menu-item-3654\" class=\"menu-item menu-item-type-post_type menu-item-object-page menu-item-3654\"><a href=\"https:\/\/ca.kln.com\/fr\/air-freight\/sea-air-air-sea\/\">Mer-air &amp; air-mer<\/a><\/li>\n\t<li id=\"menu-item-3653\" class=\"menu-item menu-item-type-post_type menu-item-object-page menu-item-3653\"><a href=\"https:\/\/ca.kln.com\/fr\/air-freight\/consolidation\/\">Consolidation<\/a><\/li>\n<\/ul>\n<\/li>\n<li id=\"menu-item-3546\" class=\"menu-item menu-item-type-post_type menu-item-object-page menu-item-3546\"><a href=\"https:\/\/ca.kln.com\/fr\/brokerage\/\">Services de courtage<\/a><\/li>\n<li id=\"menu-item-3509\" class=\"menu-item menu-item-type-post_type menu-item-object-page menu-item-3509\"><a href=\"https:\/\/ca.kln.com\/fr\/land-freight\/\">Fret terrestre<\/a><\/li>\n<li id=\"menu-item-3510\" class=\"menu-item menu-item-type-post_type menu-item-object-page menu-item-has-children menu-item-3510\"><a href=\"https:\/\/ca.kln.com\/fr\/ocean-freight\/\">Fret maritime<\/a>\n<ul class=\"sub-menu\">\n\t<li id=\"menu-item-3529\" class=\"menu-item menu-item-type-post_type menu-item-object-page menu-item-3529\"><a href=\"https:\/\/ca.kln.com\/fr\/ocean-freight\/nvocc-for-fcl-lcl\/\">NVOCC pour FCL et LCL<\/a><\/li>\n\t<li id=\"menu-item-3533\" class=\"menu-item menu-item-type-post_type menu-item-object-page menu-item-3533\"><a href=\"https:\/\/ca.kln.com\/fr\/ocean-freight\/break-bulk\/\">Fret en lots s\u00e9par\u00e9s<\/a><\/li>\n\t<li id=\"menu-item-3538\" class=\"menu-item menu-item-type-post_type menu-item-object-page menu-item-3538\"><a href=\"https:\/\/ca.kln.com\/fr\/ocean-freight\/consolidation\/\">Consolidation<\/a><\/li>\n\t<li id=\"menu-item-3542\" class=\"menu-item menu-item-type-post_type menu-item-object-page menu-item-3542\"><a href=\"https:\/\/ca.kln.com\/fr\/ocean-freight\/booking-agent\/\">Agent de r\u00e9servation<\/a><\/li>\n<\/ul>\n<\/li>\n<li id=\"menu-item-3548\" class=\"menu-item menu-item-type-post_type menu-item-object-page menu-item-has-children menu-item-3548\"><a href=\"https:\/\/ca.kln.com\/fr\/e-commerce\/\">Commerce \u00e9lectronique<\/a>\n<ul class=\"sub-menu\">\n\t<li id=\"menu-item-3766\" class=\"menu-item menu-item-type-post_type menu-item-object-page menu-item-3766\"><a href=\"https:\/\/ca.kln.com\/fr\/e-commerce\/cross-border-logistics\/\">Logistique transfrontali\u00e8re<\/a><\/li>\n<\/ul>\n<\/li>\n<li id=\"menu-item-3550\" class=\"menu-item menu-item-type-post_type menu-item-object-page menu-item-3550\"><a href=\"https:\/\/ca.kln.com\/fr\/supply-chain-solutions\/\">Cha\u00eene d\u2019approvisionnement<\/a><\/li>\n<li id=\"menu-item-3920\" class=\"menu-item menu-item-type-post_type menu-item-object-page menu-item-3920\"><a href=\"https:\/\/ca.kln.com\/fr\/express\/\">Service express<\/a><\/li>\n<\/ul><\/div><\/div><\/div><\/div><\/div><\/div><div class=\"about_backgtound_2 wpb_column vc_column_container vc_col-sm-9 vc_col-has-fill\" id=\"custom_padding\"><div class=\"vc_column-inner vc_custom_1750685663967\"><div class=\"wpb_wrapper\"><h1 style=\"color: #ffffff;text-align: left\" class=\"vc_custom_heading vc_do_custom_heading prd-pg-h1 vc_custom_1715772160894\" >Consolidation<\/h1>\n\t<div class=\"wpb_text_column wpb_content_element  serv-pg-text\" >\n\t\t<div class=\"wpb_wrapper\">\n\t\t\t<p>Nous tirons parti de notre r\u00e9seau mondial pour offrir des opportunit\u00e9s de consolidation de fret maritime qui optimisent vos co\u00fbts. Gr\u00e2ce \u00e0 un r\u00e9seau solide et \u00e0 des partenariats forts avec les principales agences de r\u00e9servation internationales, KLN propose des services complets de consolidation multi-pays offrant des avantages \u00e9conomiques optimaux. Cela est r\u00e9alis\u00e9 en regroupant diverses cargaisons afin d\u2019optimiser l\u2019utilisation des conteneurs, r\u00e9duisant ainsi les co\u00fbts et les d\u00e9lais de transit.<\/p>\n\n\t\t<\/div>\n\t<\/div>\n\n\t<div class=\"wpb_raw_code wpb_raw_html wpb_content_element\" >\n\t\t<div class=\"wpb_wrapper\">\n\t\t\t<script>$( document ).ready(function() {t_m(\"menu-item-3510\");});<\/script>\n\t\t<\/div>\n\t<\/div>\n<\/div><\/div><\/div><\/div><div class=\"vc_row-full-width vc_clearfix\"><\/div>\n<\/div>","protected":false},"excerpt":{"rendered":"<p>PRODUITSLogistique int\u00e9gr\u00e9e Services \u00e0 valeur ajout\u00e9e Installations logistiques mondiales Fret a\u00e9rien Affr\u00e8tement a\u00e9rien Consolidation a\u00e9rienne et maritime Courtage Fret terrestre Fret maritime NVOCC pour FCL et LCL Consolidation de marchandises en vrac Agent de r\u00e9servation Commerce \u00e9lectronique Logistique transfrontali\u00e8re Solutions pour la cha\u00eene d'approvisionnement Consolidation express Nous tirons parti de notre r\u00e9seau mondial pour offrir des possibilit\u00e9s de consolidation du fret maritime qui profitent \u00e0 votre rentabilit\u00e9....<\/p>","protected":false},"author":5,"featured_media":0,"parent":3103,"menu_order":0,"comment_status":"closed","ping_status":"closed","template":"","meta":{"footnotes":"","_wp_rev_ctl_limit":""},"class_list":["post-3535","page","type-page","status-publish","hentry","description-off"],"yoast_head":"<!-- This site is optimized with the Yoast SEO Premium plugin v25.3 (Yoast SEO v27.3) - https:\/\/yoast.com\/product\/yoast-seo-premium-wordpress\/ -->\n<title>Consolidation - KLN<\/title>\n<meta name=\"description\" content=\"Reduce shipping costs with our ocean freight consolidation services. We combine multiple LCL shipments for efficient container use, reliable transit, and global reach.\" \/>\n<meta name=\"robots\" content=\"index, follow, max-snippet:-1, max-image-preview:large, max-video-preview:-1\" \/>\n<link rel=\"canonical\" href=\"https:\/\/ca.kln.com\/fr\/fret-maritime\/consolidation\/\" \/>\n<meta property=\"og:locale\" content=\"fr_CA\" \/>\n<meta property=\"og:type\" content=\"article\" \/>\n<meta property=\"og:title\" content=\"Consolidation\" \/>\n<meta property=\"og:description\" content=\"Reduce shipping costs with our ocean freight consolidation services. We combine multiple LCL shipments for efficient container use, reliable transit, and global reach.\" \/>\n<meta property=\"og:url\" content=\"https:\/\/ca.kln.com\/fr\/fret-maritime\/consolidation\/\" \/>\n<meta property=\"og:site_name\" content=\"KLN\" \/>\n<meta property=\"article:modified_time\" content=\"2025-06-23T13:34:28+00:00\" \/>\n<meta name=\"twitter:card\" content=\"summary_large_image\" \/>\n<meta name=\"twitter:label1\" content=\"Estimation du temps de lecture\" \/>\n\t<meta name=\"twitter:data1\" content=\"1 minute\" \/>\n<script type=\"application\/ld+json\" class=\"yoast-schema-graph\">{\"@context\":\"https:\\\/\\\/schema.org\",\"@graph\":[{\"@type\":\"WebPage\",\"@id\":\"https:\\\/\\\/ca.kln.com\\\/ocean-freight\\\/consolidation\\\/\",\"url\":\"https:\\\/\\\/ca.kln.com\\\/ocean-freight\\\/consolidation\\\/\",\"name\":\"Consolidation - KLN\",\"isPartOf\":{\"@id\":\"https:\\\/\\\/ca.kln.com\\\/#website\"},\"datePublished\":\"2024-05-13T14:13:52+00:00\",\"dateModified\":\"2025-06-23T13:34:28+00:00\",\"description\":\"Reduce shipping costs with our ocean freight consolidation services. We combine multiple LCL shipments for efficient container use, reliable transit, and global reach.\",\"breadcrumb\":{\"@id\":\"https:\\\/\\\/ca.kln.com\\\/ocean-freight\\\/consolidation\\\/#breadcrumb\"},\"inLanguage\":\"fr-CA\",\"potentialAction\":[{\"@type\":\"ReadAction\",\"target\":[\"https:\\\/\\\/ca.kln.com\\\/ocean-freight\\\/consolidation\\\/\"]}]},{\"@type\":\"BreadcrumbList\",\"@id\":\"https:\\\/\\\/ca.kln.com\\\/ocean-freight\\\/consolidation\\\/#breadcrumb\",\"itemListElement\":[{\"@type\":\"ListItem\",\"position\":1,\"name\":\"Home\",\"item\":\"https:\\\/\\\/ca.kln.com\\\/\"},{\"@type\":\"ListItem\",\"position\":2,\"name\":\"Ocean Freight\",\"item\":\"https:\\\/\\\/ca.kln.com\\\/ocean-freight\\\/\"},{\"@type\":\"ListItem\",\"position\":3,\"name\":\"Consolidation\"}]},{\"@type\":\"WebSite\",\"@id\":\"https:\\\/\\\/ca.kln.com\\\/#website\",\"url\":\"https:\\\/\\\/ca.kln.com\\\/\",\"name\":\"KLN\",\"description\":\"\",\"publisher\":{\"@id\":\"https:\\\/\\\/ca.kln.com\\\/#organization\"},\"potentialAction\":[{\"@type\":\"SearchAction\",\"target\":{\"@type\":\"EntryPoint\",\"urlTemplate\":\"https:\\\/\\\/ca.kln.com\\\/?s={search_term_string}\"},\"query-input\":{\"@type\":\"PropertyValueSpecification\",\"valueRequired\":true,\"valueName\":\"search_term_string\"}}],\"inLanguage\":\"fr-CA\"},{\"@type\":\"Organization\",\"@id\":\"https:\\\/\\\/ca.kln.com\\\/#organization\",\"name\":\"KLN\",\"url\":\"https:\\\/\\\/ca.kln.com\\\/\",\"logo\":{\"@type\":\"ImageObject\",\"inLanguage\":\"fr-CA\",\"@id\":\"https:\\\/\\\/ca.kln.com\\\/#\\\/schema\\\/logo\\\/image\\\/\",\"url\":\"https:\\\/\\\/ca.kln.com\\\/wp-content\\\/uploads\\\/2025\\\/04\\\/kln-logo.jpg\",\"contentUrl\":\"https:\\\/\\\/ca.kln.com\\\/wp-content\\\/uploads\\\/2025\\\/04\\\/kln-logo.jpg\",\"width\":200,\"height\":79,\"caption\":\"KLN\"},\"image\":{\"@id\":\"https:\\\/\\\/ca.kln.com\\\/#\\\/schema\\\/logo\\\/image\\\/\"}}]}<\/script>\n<!-- \/ Yoast SEO Premium plugin. -->","yoast_head_json":{"title":"Consolidation - KLN","description":"R\u00e9duisez vos co\u00fbts d\u2019exp\u00e9dition gr\u00e2ce \u00e0 nos services de consolidation de fret maritime. Nous regroupons plusieurs envois LCL pour une utilisation efficace des conteneurs, des d\u00e9lais de transit fiables et une port\u00e9e mondiale.","robots":{"index":"index","follow":"follow","max-snippet":"max-snippet:-1","max-image-preview":"max-image-preview:large","max-video-preview":"max-video-preview:-1"},"canonical":"https:\/\/ca.kln.com\/fr\/fret-maritime\/consolidation\/","og_locale":"fr_CA","og_type":"article","og_title":"Consolidation","og_description":"Reduce shipping costs with our ocean freight consolidation services. We combine multiple LCL shipments for efficient container use, reliable transit, and global reach.","og_url":"https:\/\/ca.kln.com\/fr\/fret-maritime\/consolidation\/","og_site_name":"KLN","article_modified_time":"2025-06-23T13:34:28+00:00","twitter_card":"summary_large_image","twitter_misc":{"Estimation du temps de lecture":"1 minute"},"schema":{"@context":"https:\/\/schema.org","@graph":[{"@type":"WebPage","@id":"https:\/\/ca.kln.com\/ocean-freight\/consolidation\/","url":"https:\/\/ca.kln.com\/ocean-freight\/consolidation\/","name":"Consolidation - KLN","isPartOf":{"@id":"https:\/\/ca.kln.com\/#website"},"datePublished":"2024-05-13T14:13:52+00:00","dateModified":"2025-06-23T13:34:28+00:00","description":"R\u00e9duisez vos co\u00fbts d\u2019exp\u00e9dition gr\u00e2ce \u00e0 nos services de consolidation de fret maritime. Nous regroupons plusieurs envois LCL pour une utilisation efficace des conteneurs, des d\u00e9lais de transit fiables et une port\u00e9e mondiale.","breadcrumb":{"@id":"https:\/\/ca.kln.com\/ocean-freight\/consolidation\/#breadcrumb"},"inLanguage":"fr-CA","potentialAction":[{"@type":"ReadAction","target":["https:\/\/ca.kln.com\/ocean-freight\/consolidation\/"]}]},{"@type":"BreadcrumbList","@id":"https:\/\/ca.kln.com\/ocean-freight\/consolidation\/#breadcrumb","itemListElement":[{"@type":"ListItem","position":1,"name":"Home","item":"https:\/\/ca.kln.com\/"},{"@type":"ListItem","position":2,"name":"Ocean Freight","item":"https:\/\/ca.kln.com\/ocean-freight\/"},{"@type":"ListItem","position":3,"name":"Consolidation"}]},{"@type":"WebSite","@id":"https:\/\/ca.kln.com\/#website","url":"https:\/\/ca.kln.com\/","name":"KLN","description":"","publisher":{"@id":"https:\/\/ca.kln.com\/#organization"},"potentialAction":[{"@type":"SearchAction","target":{"@type":"EntryPoint","urlTemplate":"https:\/\/ca.kln.com\/?s={search_term_string}"},"query-input":{"@type":"PropertyValueSpecification","valueRequired":true,"valueName":"search_term_string"}}],"inLanguage":"fr-CA"},{"@type":"Organization","@id":"https:\/\/ca.kln.com\/#organization","name":"KLN","url":"https:\/\/ca.kln.com\/","logo":{"@type":"ImageObject","inLanguage":"fr-CA","@id":"https:\/\/ca.kln.com\/#\/schema\/logo\/image\/","url":"https:\/\/ca.kln.com\/wp-content\/uploads\/2025\/04\/kln-logo.jpg","contentUrl":"https:\/\/ca.kln.com\/wp-content\/uploads\/2025\/04\/kln-logo.jpg","width":200,"height":79,"caption":"KLN"},"image":{"@id":"https:\/\/ca.kln.com\/#\/schema\/logo\/image\/"}}]}},"_links":{"self":[{"href":"https:\/\/ca.kln.com\/fr\/wp-json\/wp\/v2\/pages\/3535","targetHints":{"allow":["GET"]}}],"collection":[{"href":"https:\/\/ca.kln.com\/fr\/wp-json\/wp\/v2\/pages"}],"about":[{"href":"https:\/\/ca.kln.com\/fr\/wp-json\/wp\/v2\/types\/page"}],"author":[{"embeddable":true,"href":"https:\/\/ca.kln.com\/fr\/wp-json\/wp\/v2\/users\/5"}],"replies":[{"embeddable":true,"href":"https:\/\/ca.kln.com\/fr\/wp-json\/wp\/v2\/comments?post=3535"}],"version-history":[{"count":12,"href":"https:\/\/ca.kln.com\/fr\/wp-json\/wp\/v2\/pages\/3535\/revisions"}],"predecessor-version":[{"id":4638,"href":"https:\/\/ca.kln.com\/fr\/wp-json\/wp\/v2\/pages\/3535\/revisions\/4638"}],"up":[{"embeddable":true,"href":"https:\/\/ca.kln.com\/fr\/wp-json\/wp\/v2\/pages\/3103"}],"wp:attachment":[{"href":"https:\/\/ca.kln.com\/fr\/wp-json\/wp\/v2\/media?parent=3535"}],"curies":[{"name":"wp","href":"https:\/\/api.w.org\/{rel}","templated":true}]}}