{"id":3757,"date":"2024-05-23T14:38:08","date_gmt":"2024-05-23T14:38:08","guid":{"rendered":"http:\/\/72.167.36.177\/?page_id=3757"},"modified":"2025-06-18T14:46:47","modified_gmt":"2025-06-18T14:46:47","slug":"logistique-transfrontaliere","status":"publish","type":"page","link":"https:\/\/ca.kln.com\/fr\/e-commerce\/cross-border-logistics\/","title":{"rendered":"Logistique transfrontali\u00e8re"},"content":{"rendered":"<div class=\"wpb-content-wrapper\"><div data-vc-full-width=\"true\" data-vc-full-width-temp=\"true\" data-vc-full-width-init=\"false\" data-vc-stretch-content=\"true\" class=\"vc_row wpb_row vc_row-fluid swap-on-mobl vc_row-no-padding vc_row-o-full-height vc_row-o-columns-stretch vc_row-o-equal-height vc_row-flex\"><div class=\"wpb_column vc_column_container vc_col-sm-3 vc_col-has-fill\"><div class=\"vc_column-inner vc_custom_1715772930034\"><div class=\"wpb_wrapper\"><div class=\"vc_empty_space\"   style=\"height: 32px\"><span class=\"vc_empty_space_inner\"><\/span><\/div><div  class=\"vc_wp_custommenu wpb_content_element products-menu-cs prd-pg-menu\"><div class=\"widget widget_nav_menu\"><h2 class=\"widgettitle\">Produits<\/h2><div class=\"menu-products-menu-container\"><ul id=\"menu-products-menu\" class=\"menu\"><li id=\"menu-item-3494\" class=\"menu-item menu-item-type-post_type menu-item-object-page menu-item-has-children menu-item-3494\"><a href=\"https:\/\/ca.kln.com\/fr\/integrated-logistics\/\">Logistique int\u00e9gr\u00e9e<\/a>\n<ul class=\"sub-menu\">\n\t<li id=\"menu-item-3499\" class=\"menu-item menu-item-type-post_type menu-item-object-page menu-item-3499\"><a href=\"https:\/\/ca.kln.com\/fr\/integrated-logistics\/value-added-services\/\">Services \u00e0 valeur ajout\u00e9e<\/a><\/li>\n\t<li id=\"menu-item-3507\" class=\"menu-item menu-item-type-post_type menu-item-object-page menu-item-3507\"><a href=\"https:\/\/ca.kln.com\/fr\/integrated-logistics\/worldwide-logistics-facilities\/\">Installations logistiques \u00e0 l\u2019\u00e9chelle mondiale<\/a><\/li>\n<\/ul>\n<\/li>\n<li id=\"menu-item-3508\" class=\"menu-item menu-item-type-post_type menu-item-object-page menu-item-has-children menu-item-3508\"><a href=\"https:\/\/ca.kln.com\/fr\/air-freight\/\">Fret a\u00e9rien<\/a>\n<ul class=\"sub-menu\">\n\t<li id=\"menu-item-3655\" class=\"menu-item menu-item-type-post_type menu-item-object-page menu-item-3655\"><a href=\"https:\/\/ca.kln.com\/fr\/air-freight\/air-charter\/\">Affr\u00e8tement a\u00e9rien<\/a><\/li>\n\t<li id=\"menu-item-3654\" class=\"menu-item menu-item-type-post_type menu-item-object-page menu-item-3654\"><a href=\"https:\/\/ca.kln.com\/fr\/air-freight\/sea-air-air-sea\/\">Mer-air &amp; air-mer<\/a><\/li>\n\t<li id=\"menu-item-3653\" class=\"menu-item menu-item-type-post_type menu-item-object-page menu-item-3653\"><a href=\"https:\/\/ca.kln.com\/fr\/air-freight\/consolidation\/\">Consolidation<\/a><\/li>\n<\/ul>\n<\/li>\n<li id=\"menu-item-3546\" class=\"menu-item menu-item-type-post_type menu-item-object-page menu-item-3546\"><a href=\"https:\/\/ca.kln.com\/fr\/brokerage\/\">Services de courtage<\/a><\/li>\n<li id=\"menu-item-3509\" class=\"menu-item menu-item-type-post_type menu-item-object-page menu-item-3509\"><a href=\"https:\/\/ca.kln.com\/fr\/land-freight\/\">Fret terrestre<\/a><\/li>\n<li id=\"menu-item-3510\" class=\"menu-item menu-item-type-post_type menu-item-object-page menu-item-has-children menu-item-3510\"><a href=\"https:\/\/ca.kln.com\/fr\/ocean-freight\/\">Fret maritime<\/a>\n<ul class=\"sub-menu\">\n\t<li id=\"menu-item-3529\" class=\"menu-item menu-item-type-post_type menu-item-object-page menu-item-3529\"><a href=\"https:\/\/ca.kln.com\/fr\/ocean-freight\/nvocc-for-fcl-lcl\/\">NVOCC pour FCL et LCL<\/a><\/li>\n\t<li id=\"menu-item-3533\" class=\"menu-item menu-item-type-post_type menu-item-object-page menu-item-3533\"><a href=\"https:\/\/ca.kln.com\/fr\/ocean-freight\/break-bulk\/\">Fret en lots s\u00e9par\u00e9s<\/a><\/li>\n\t<li id=\"menu-item-3538\" class=\"menu-item menu-item-type-post_type menu-item-object-page menu-item-3538\"><a href=\"https:\/\/ca.kln.com\/fr\/ocean-freight\/consolidation\/\">Consolidation<\/a><\/li>\n\t<li id=\"menu-item-3542\" class=\"menu-item menu-item-type-post_type menu-item-object-page menu-item-3542\"><a href=\"https:\/\/ca.kln.com\/fr\/ocean-freight\/booking-agent\/\">Agent de r\u00e9servation<\/a><\/li>\n<\/ul>\n<\/li>\n<li id=\"menu-item-3548\" class=\"menu-item menu-item-type-post_type menu-item-object-page menu-item-has-children menu-item-3548\"><a href=\"https:\/\/ca.kln.com\/fr\/e-commerce\/\">Commerce \u00e9lectronique<\/a>\n<ul class=\"sub-menu\">\n\t<li id=\"menu-item-3766\" class=\"menu-item menu-item-type-post_type menu-item-object-page menu-item-3766\"><a href=\"https:\/\/ca.kln.com\/fr\/e-commerce\/cross-border-logistics\/\">Logistique transfrontali\u00e8re<\/a><\/li>\n<\/ul>\n<\/li>\n<li id=\"menu-item-3550\" class=\"menu-item menu-item-type-post_type menu-item-object-page menu-item-3550\"><a href=\"https:\/\/ca.kln.com\/fr\/supply-chain-solutions\/\">Cha\u00eene d\u2019approvisionnement<\/a><\/li>\n<li id=\"menu-item-3920\" class=\"menu-item menu-item-type-post_type menu-item-object-page menu-item-3920\"><a href=\"https:\/\/ca.kln.com\/fr\/express\/\">Service express<\/a><\/li>\n<\/ul><\/div><\/div><\/div><\/div><\/div><\/div><div class=\"about_backgtound_2 wpb_column vc_column_container vc_col-sm-9 vc_col-has-fill\" id=\"custom_padding\"><div class=\"vc_column-inner vc_custom_1750253672508\"><div class=\"wpb_wrapper\"><h1 style=\"color: #ffffff;text-align: left\" class=\"vc_custom_heading vc_do_custom_heading prd-pg-h1\" >Logistique transfrontali\u00e8re<\/h1><div class=\"vc_empty_space\"   style=\"height: 10px\"><span class=\"vc_empty_space_inner\"><\/span><\/div>\n\t<div class=\"wpb_text_column wpb_content_element  serv-pg-text\" >\n\t\t<div class=\"wpb_wrapper\">\n\t\t\t<ol>\n<li>Collecte des envois<\/li>\n<\/ol>\n<p>Un service efficace de ramassage en boucle (\"milk-run\") collecte les envois e-commerce aupr\u00e8s des fournisseurs ou usines pour les transporter vers des entrep\u00f4ts de pr\u00e9paration de commandes ou des centres de tri d\u00e9sign\u00e9s.<\/p>\n<ol start=\"2\">\n<li>Ex\u00e9cution des commandes et entreposage<\/li>\n<\/ol>\n<p>Entreposage \u00e0 l\u2019origine et \u00e0 destination pour assurer la pr\u00e9paration des commandes e-commerce, incluant le picking, l\u2019emballage et le r\u00e9\u00e9tiquetage.<\/p>\n<ol start=\"3\">\n<li>Consolidation<\/li>\n<\/ol>\n<p>La consolidation des colis \u00e0 l\u2019origine et la livraison en vrac vers des destinations mondiales permettent de r\u00e9duire les frais d\u2019exp\u00e9dition pour les acheteurs individuels.<\/p>\n<ol start=\"4\">\n<li>Tri<\/li>\n<\/ol>\n<p>Un centre de tri enti\u00e8rement automatis\u00e9 trie les envois e-commerce selon leur destination.<\/p>\n<ol start=\"5\">\n<li>Transport longue distance international<\/li>\n<\/ol>\n<p>Des solutions de transport international longue distance pour r\u00e9pondre aux besoins de votre e-commerce \u00e0 l\u2019\u00e9chelle mondiale.<\/p>\n<ol start=\"6\">\n<li>Livraison postale<\/li>\n<\/ol>\n<p>Des services de livraison postale sont propos\u00e9s partout o\u00f9 vos marchandises doivent \u00eatre achemin\u00e9es.<\/p>\n<ol start=\"7\">\n<li>D\u00e9douanement<\/li>\n<\/ol>\n<p>Notre \u00e9quipe offre des services de courtage en douane adapt\u00e9s \u00e0 tout type de cargaison. En collaboration avec nos partenaires en courtage, nous fournissons des solutions compl\u00e8tes de d\u00e9douanement \u00e0 l\u2019origine comme \u00e0 la destination.<\/p>\n<ol start=\"8\">\n<li>Livraison du dernier kilom\u00e8tre<\/li>\n<\/ol>\n<p>Des services express domestiques garantissent des livraisons rapides et efficaces aux clients finaux.<\/p>\n<ol start=\"9\">\n<li>Logistique inverse<\/li>\n<\/ol>\n<p>En tirant parti de notre infrastructure logistique mondiale, nous proposons des services incluant la gestion des retours, la revente, l\u2019\u00e9limination, le r\u00e9\u00e9tiquetage, le contr\u00f4le qualit\u00e9, et plus encore.<\/p>\n\n\t\t<\/div>\n\t<\/div>\n\n\t<div class=\"wpb_raw_code wpb_raw_html wpb_content_element\" >\n\t\t<div class=\"wpb_wrapper\">\n\t\t\t<script>$( document ).ready(function() {t_m(\"menu-item-3548\");});<\/script>\n\t\t<\/div>\n\t<\/div>\n<\/div><\/div><\/div><\/div><div class=\"vc_row-full-width vc_clearfix\"><\/div>\n<\/div>","protected":false},"excerpt":{"rendered":"<p>ProduitsLogistique int\u00e9gr\u00e9e Services \u00e0 valeur ajout\u00e9e Installations logistiques mondiales Fret a\u00e9rien Affr\u00e8tement a\u00e9rien Air &amp; air sea Consolidation Courtage Fret terrestre Fret maritime NVOCC pour FCL &amp; LCL Break Bulk Consolidation Agent de r\u00e9servation E-Commerce Logistique transfrontali\u00e8re Solutions pour la cha\u00eene d'approvisionnement Logistique transfrontali\u00e8re Express Enl\u00e8vement des envois Un service efficace de livraison de lait collecte les envois de commerce \u00e9lectronique pour les fournisseurs ou les usines, et les transporte...<\/p>","protected":false},"author":5,"featured_media":0,"parent":3145,"menu_order":0,"comment_status":"closed","ping_status":"closed","template":"","meta":{"footnotes":"","_wp_rev_ctl_limit":""},"class_list":["post-3757","page","type-page","status-publish","hentry","description-off"],"yoast_head":"<!-- This site is optimized with the Yoast SEO Premium plugin v25.3 (Yoast SEO v27.3) - https:\/\/yoast.com\/product\/yoast-seo-premium-wordpress\/ -->\n<title>Cross-border logistics - KLN<\/title>\n<meta name=\"description\" content=\"Expand globally with our cross-border e-commerce logistics solutions. We handle customs, international shipping, and last-mile delivery to ensure smooth, fast, and cost-effective fulfillment.\" \/>\n<meta name=\"robots\" content=\"index, follow, max-snippet:-1, max-image-preview:large, max-video-preview:-1\" \/>\n<link rel=\"canonical\" href=\"https:\/\/ca.kln.com\/fr\/commerce-electronique\/logistique-transfrontaliere\/\" \/>\n<meta property=\"og:locale\" content=\"fr_CA\" \/>\n<meta property=\"og:type\" content=\"article\" \/>\n<meta property=\"og:title\" content=\"Cross-border logistics\" \/>\n<meta property=\"og:description\" content=\"Expand globally with our cross-border e-commerce logistics solutions. We handle customs, international shipping, and last-mile delivery to ensure smooth, fast, and cost-effective fulfillment.\" \/>\n<meta property=\"og:url\" content=\"https:\/\/ca.kln.com\/fr\/commerce-electronique\/logistique-transfrontaliere\/\" \/>\n<meta property=\"og:site_name\" content=\"KLN\" \/>\n<meta property=\"article:modified_time\" content=\"2025-06-18T14:46:47+00:00\" \/>\n<meta name=\"twitter:card\" content=\"summary_large_image\" \/>\n<meta name=\"twitter:label1\" content=\"Estimation du temps de lecture\" \/>\n\t<meta name=\"twitter:data1\" content=\"1 minute\" \/>\n<script type=\"application\/ld+json\" class=\"yoast-schema-graph\">{\"@context\":\"https:\\\/\\\/schema.org\",\"@graph\":[{\"@type\":\"WebPage\",\"@id\":\"https:\\\/\\\/ca.kln.com\\\/e-commerce\\\/cross-border-logistics\\\/\",\"url\":\"https:\\\/\\\/ca.kln.com\\\/e-commerce\\\/cross-border-logistics\\\/\",\"name\":\"Cross-border logistics - KLN\",\"isPartOf\":{\"@id\":\"https:\\\/\\\/ca.kln.com\\\/#website\"},\"datePublished\":\"2024-05-23T14:38:08+00:00\",\"dateModified\":\"2025-06-18T14:46:47+00:00\",\"description\":\"Expand globally with our cross-border e-commerce logistics solutions. We handle customs, international shipping, and last-mile delivery to ensure smooth, fast, and cost-effective fulfillment.\",\"breadcrumb\":{\"@id\":\"https:\\\/\\\/ca.kln.com\\\/e-commerce\\\/cross-border-logistics\\\/#breadcrumb\"},\"inLanguage\":\"fr-CA\",\"potentialAction\":[{\"@type\":\"ReadAction\",\"target\":[\"https:\\\/\\\/ca.kln.com\\\/e-commerce\\\/cross-border-logistics\\\/\"]}]},{\"@type\":\"BreadcrumbList\",\"@id\":\"https:\\\/\\\/ca.kln.com\\\/e-commerce\\\/cross-border-logistics\\\/#breadcrumb\",\"itemListElement\":[{\"@type\":\"ListItem\",\"position\":1,\"name\":\"Home\",\"item\":\"https:\\\/\\\/ca.kln.com\\\/\"},{\"@type\":\"ListItem\",\"position\":2,\"name\":\"E-Commerce\",\"item\":\"https:\\\/\\\/ca.kln.com\\\/e-commerce\\\/\"},{\"@type\":\"ListItem\",\"position\":3,\"name\":\"Cross-border logistics\"}]},{\"@type\":\"WebSite\",\"@id\":\"https:\\\/\\\/ca.kln.com\\\/#website\",\"url\":\"https:\\\/\\\/ca.kln.com\\\/\",\"name\":\"KLN\",\"description\":\"\",\"publisher\":{\"@id\":\"https:\\\/\\\/ca.kln.com\\\/#organization\"},\"potentialAction\":[{\"@type\":\"SearchAction\",\"target\":{\"@type\":\"EntryPoint\",\"urlTemplate\":\"https:\\\/\\\/ca.kln.com\\\/?s={search_term_string}\"},\"query-input\":{\"@type\":\"PropertyValueSpecification\",\"valueRequired\":true,\"valueName\":\"search_term_string\"}}],\"inLanguage\":\"fr-CA\"},{\"@type\":\"Organization\",\"@id\":\"https:\\\/\\\/ca.kln.com\\\/#organization\",\"name\":\"KLN\",\"url\":\"https:\\\/\\\/ca.kln.com\\\/\",\"logo\":{\"@type\":\"ImageObject\",\"inLanguage\":\"fr-CA\",\"@id\":\"https:\\\/\\\/ca.kln.com\\\/#\\\/schema\\\/logo\\\/image\\\/\",\"url\":\"https:\\\/\\\/ca.kln.com\\\/wp-content\\\/uploads\\\/2025\\\/04\\\/kln-logo.jpg\",\"contentUrl\":\"https:\\\/\\\/ca.kln.com\\\/wp-content\\\/uploads\\\/2025\\\/04\\\/kln-logo.jpg\",\"width\":200,\"height\":79,\"caption\":\"KLN\"},\"image\":{\"@id\":\"https:\\\/\\\/ca.kln.com\\\/#\\\/schema\\\/logo\\\/image\\\/\"}}]}<\/script>\n<!-- \/ Yoast SEO Premium plugin. -->","yoast_head_json":{"title":"Logistique transfrontali\u00e8re - KLN","description":"D\u00e9veloppez-vous \u00e0 l\u2019international gr\u00e2ce \u00e0 nos solutions logistiques e-commerce transfrontali\u00e8res. Nous prenons en charge les formalit\u00e9s douani\u00e8res, le transport international et la livraison du dernier kilom\u00e8tre pour garantir une ex\u00e9cution fluide, rapide et \u00e9conomique.","robots":{"index":"index","follow":"follow","max-snippet":"max-snippet:-1","max-image-preview":"max-image-preview:large","max-video-preview":"max-video-preview:-1"},"canonical":"https:\/\/ca.kln.com\/fr\/commerce-electronique\/logistique-transfrontaliere\/","og_locale":"fr_CA","og_type":"article","og_title":"Cross-border logistics","og_description":"Expand globally with our cross-border e-commerce logistics solutions. We handle customs, international shipping, and last-mile delivery to ensure smooth, fast, and cost-effective fulfillment.","og_url":"https:\/\/ca.kln.com\/fr\/commerce-electronique\/logistique-transfrontaliere\/","og_site_name":"KLN","article_modified_time":"2025-06-18T14:46:47+00:00","twitter_card":"summary_large_image","twitter_misc":{"Estimation du temps de lecture":"1 minute"},"schema":{"@context":"https:\/\/schema.org","@graph":[{"@type":"WebPage","@id":"https:\/\/ca.kln.com\/e-commerce\/cross-border-logistics\/","url":"https:\/\/ca.kln.com\/e-commerce\/cross-border-logistics\/","name":"Logistique transfrontali\u00e8re - KLN","isPartOf":{"@id":"https:\/\/ca.kln.com\/#website"},"datePublished":"2024-05-23T14:38:08+00:00","dateModified":"2025-06-18T14:46:47+00:00","description":"D\u00e9veloppez-vous \u00e0 l\u2019international gr\u00e2ce \u00e0 nos solutions logistiques e-commerce transfrontali\u00e8res. Nous prenons en charge les formalit\u00e9s douani\u00e8res, le transport international et la livraison du dernier kilom\u00e8tre pour garantir une ex\u00e9cution fluide, rapide et \u00e9conomique.","breadcrumb":{"@id":"https:\/\/ca.kln.com\/e-commerce\/cross-border-logistics\/#breadcrumb"},"inLanguage":"fr-CA","potentialAction":[{"@type":"ReadAction","target":["https:\/\/ca.kln.com\/e-commerce\/cross-border-logistics\/"]}]},{"@type":"BreadcrumbList","@id":"https:\/\/ca.kln.com\/e-commerce\/cross-border-logistics\/#breadcrumb","itemListElement":[{"@type":"ListItem","position":1,"name":"Home","item":"https:\/\/ca.kln.com\/"},{"@type":"ListItem","position":2,"name":"E-Commerce","item":"https:\/\/ca.kln.com\/e-commerce\/"},{"@type":"ListItem","position":3,"name":"Cross-border logistics"}]},{"@type":"WebSite","@id":"https:\/\/ca.kln.com\/#website","url":"https:\/\/ca.kln.com\/","name":"KLN","description":"","publisher":{"@id":"https:\/\/ca.kln.com\/#organization"},"potentialAction":[{"@type":"SearchAction","target":{"@type":"EntryPoint","urlTemplate":"https:\/\/ca.kln.com\/?s={search_term_string}"},"query-input":{"@type":"PropertyValueSpecification","valueRequired":true,"valueName":"search_term_string"}}],"inLanguage":"fr-CA"},{"@type":"Organization","@id":"https:\/\/ca.kln.com\/#organization","name":"KLN","url":"https:\/\/ca.kln.com\/","logo":{"@type":"ImageObject","inLanguage":"fr-CA","@id":"https:\/\/ca.kln.com\/#\/schema\/logo\/image\/","url":"https:\/\/ca.kln.com\/wp-content\/uploads\/2025\/04\/kln-logo.jpg","contentUrl":"https:\/\/ca.kln.com\/wp-content\/uploads\/2025\/04\/kln-logo.jpg","width":200,"height":79,"caption":"KLN"},"image":{"@id":"https:\/\/ca.kln.com\/#\/schema\/logo\/image\/"}}]}},"_links":{"self":[{"href":"https:\/\/ca.kln.com\/fr\/wp-json\/wp\/v2\/pages\/3757","targetHints":{"allow":["GET"]}}],"collection":[{"href":"https:\/\/ca.kln.com\/fr\/wp-json\/wp\/v2\/pages"}],"about":[{"href":"https:\/\/ca.kln.com\/fr\/wp-json\/wp\/v2\/types\/page"}],"author":[{"embeddable":true,"href":"https:\/\/ca.kln.com\/fr\/wp-json\/wp\/v2\/users\/5"}],"replies":[{"embeddable":true,"href":"https:\/\/ca.kln.com\/fr\/wp-json\/wp\/v2\/comments?post=3757"}],"version-history":[{"count":13,"href":"https:\/\/ca.kln.com\/fr\/wp-json\/wp\/v2\/pages\/3757\/revisions"}],"predecessor-version":[{"id":4594,"href":"https:\/\/ca.kln.com\/fr\/wp-json\/wp\/v2\/pages\/3757\/revisions\/4594"}],"up":[{"embeddable":true,"href":"https:\/\/ca.kln.com\/fr\/wp-json\/wp\/v2\/pages\/3145"}],"wp:attachment":[{"href":"https:\/\/ca.kln.com\/fr\/wp-json\/wp\/v2\/media?parent=3757"}],"curies":[{"name":"wp","href":"https:\/\/api.w.org\/{rel}","templated":true}]}}