{"id":4282,"date":"2024-09-04T17:30:46","date_gmt":"2024-09-04T17:30:46","guid":{"rendered":"http:\/\/72.167.36.177\/?page_id=4282"},"modified":"2025-06-18T18:49:43","modified_gmt":"2025-06-18T18:49:43","slug":"portail-sur-le-camionnage-et-lentreposage","status":"publish","type":"page","link":"https:\/\/ca.kln.com\/fr\/portals\/trucking-warehousing-portal\/","title":{"rendered":"Portail du camionnage et de l'entreposage"},"content":{"rendered":"<div class=\"wpb-content-wrapper\"><div class=\"vc_row wpb_row vc_row-fluid dt-default\" style=\"margin-top: 0px;margin-bottom: 0px\"><div class=\"wpb_column vc_column_container vc_col-sm-12\"><div class=\"vc_column-inner\"><div class=\"wpb_wrapper\">\n\t<div class=\"wpb_text_column wpb_content_element\" >\n\t\t<div class=\"wpb_wrapper\">\n\t\t\t<p class=\"ai-optimize-6\">\n\n\t\t<\/div>\n\t<\/div>\n<\/div><\/div><\/div><\/div><div data-vc-full-width=\"true\" data-vc-full-width-temp=\"true\" data-vc-full-width-init=\"false\" data-vc-stretch-content=\"true\" class=\"vc_row wpb_row vc_row-fluid swap-on-mobl vc_row-no-padding vc_row-o-full-height vc_row-o-columns-stretch vc_row-o-equal-height vc_row-flex\"><div class=\"wpb_column vc_column_container vc_col-sm-3 vc_col-has-fill\"><div class=\"vc_column-inner vc_custom_1716383301463\"><div class=\"wpb_wrapper\"><div class=\"vc_empty_space\"   style=\"height: 32px\"><span class=\"vc_empty_space_inner\"><\/span><\/div><div  class=\"vc_wp_custommenu wpb_content_element prd-pg-menu\"><div class=\"widget widget_nav_menu\"><h2 class=\"widgettitle\">Portails<\/h2><div class=\"menu-portal-container\"><ul id=\"menu-portal\" class=\"menu\"><li id=\"menu-item-4344\" class=\"menu-item menu-item-type-post_type menu-item-object-page menu-item-4344\"><a href=\"https:\/\/ca.kln.com\/fr\/portals\/trucking-warehousing-portal\/\">Portail Transport Routier et Entreposage<\/a><\/li>\n<li id=\"menu-item-4343\" class=\"menu-item menu-item-type-post_type menu-item-object-page menu-item-4343\"><a href=\"https:\/\/ca.kln.com\/fr\/portals\/kln-express-portal\/\">Portail KLN Express<\/a><\/li>\n<li id=\"menu-item-4725\" class=\"menu-item menu-item-type-post_type menu-item-object-page menu-item-4725\"><a href=\"https:\/\/ca.kln.com\/fr\/portals\/ocean-portal\/\">Portail Oc\u00e9an<\/a><\/li>\n<\/ul><\/div><\/div><\/div><\/div><\/div><\/div><div class=\"about_backgtound wpb_column vc_column_container vc_col-sm-9 vc_col-has-fill\"><div class=\"vc_column-inner vc_custom_1750270831770\"><div class=\"wpb_wrapper\"><h1 style=\"color: #ffffff;text-align: left\" class=\"vc_custom_heading vc_do_custom_heading prd-pg-h1\" >Portail Transport Routier et Entreposage<\/h1>\n\t<div class=\"wpb_text_column wpb_content_element\" >\n\t\t<div class=\"wpb_wrapper\">\n\t\t\t<p class=\"ai-optimize-7\" style=\"font-size: 18px; color: #fff;\">Le <strong>Portail Transport Routier et Entrep\u00f4t KLN <\/strong>offre un acc\u00e8s en temps r\u00e9el pour g\u00e9rer les stocks, suivre le d\u00e9douanement et surveiller la livraison du dernier kilom\u00e8tre \u2014 vous donnant une visibilit\u00e9 et un contr\u00f4le complets sur votre cha\u00eene d\u2019approvisionnement. Il permet \u00e9galement de suivre les exp\u00e9ditions en temps r\u00e9el et de passer des commandes de services de transport routier, assurant une gestion fluide du transport.<\/p>\n\n\t\t<\/div>\n\t<\/div>\n<div class=\"vc_empty_space\"   style=\"height: 32px\"><span class=\"vc_empty_space_inner\"><\/span><\/div><style type=\"text\/css\" data-type=\"the7_shortcodes-inline-css\">#default-btn-9ed1a7a48c99b3630403a6bfa68a9e9d.ico-right-side > i {\n  margin-right: 0px;\n  margin-left: 8px;\n}\n#default-btn-9ed1a7a48c99b3630403a6bfa68a9e9d > i {\n  margin-right: 8px;\n}\n<\/style><a href=\"https:\/\/shipx360.io\/auth\/login\/KER001\" class=\"default-btn-shortcode dt-btn dt-btn-s link-hover-off btn-inline-left\" target=\"_blank\" id=\"default-btn-9ed1a7a48c99b3630403a6bfa68a9e9d\" rel=\"noopener\"><span>Connexion ici<\/span><\/a><div class=\"vc_empty_space\"   style=\"height: 150px\"><span class=\"vc_empty_space_inner\"><\/span><\/div><\/div><\/div><\/div><\/div><div class=\"vc_row-full-width vc_clearfix\"><\/div><div class=\"vc_row wpb_row vc_row-fluid dt-default\" style=\"margin-top: 0px;margin-bottom: 0px\"><div class=\"wpb_column vc_column_container vc_col-sm-12\"><div class=\"vc_column-inner\"><div class=\"wpb_wrapper\">\n\t<div class=\"wpb_text_column wpb_content_element\" >\n\t\t<div class=\"wpb_wrapper\">\n\t\t\t\n\t\t<\/div>\n\t<\/div>\n<\/div><\/div><\/div><\/div>\n<\/div>","protected":false},"excerpt":{"rendered":"<p>PortailsPortail du camionnage et de l'entreposage Portail KLN Express Portail Oc\u00e9an Portail du camionnage et de l'entreposage Le portail KLN du camionnage et de l'entreposage offre un acc\u00e8s en temps r\u00e9el \u00e0 la gestion des stocks, au suivi du d\u00e9douanement et \u00e0 la surveillance de la livraison sur le dernier kilom\u00e8tre, ce qui vous donne une visibilit\u00e9 et un contr\u00f4le complets sur votre cha\u00eene d'approvisionnement. Il vous permet \u00e9galement de suivre et de tracer les exp\u00e9ditions en temps r\u00e9el et de placer...<\/p>","protected":false},"author":5,"featured_media":0,"parent":4261,"menu_order":0,"comment_status":"closed","ping_status":"closed","template":"","meta":{"footnotes":"","_wp_rev_ctl_limit":""},"class_list":["post-4282","page","type-page","status-publish","hentry","description-off"],"yoast_head":"<!-- This site is optimized with the Yoast SEO Premium plugin v25.3 (Yoast SEO v27.3) - https:\/\/yoast.com\/product\/yoast-seo-premium-wordpress\/ -->\n<title>Trucking &amp; Warehousing Portal - KLN<\/title>\n<meta name=\"description\" content=\"Explore reliable trucking and warehousing solutions tailored for your supply chain. Real-time access to logistics, inventory, and shipment coordination.\" \/>\n<meta name=\"robots\" content=\"index, follow, max-snippet:-1, max-image-preview:large, max-video-preview:-1\" \/>\n<link rel=\"canonical\" href=\"https:\/\/ca.kln.com\/fr\/portails\/portail-sur-le-camionnage-et-lentreposage\/\" \/>\n<meta property=\"og:locale\" content=\"fr_CA\" \/>\n<meta property=\"og:type\" content=\"article\" \/>\n<meta property=\"og:title\" content=\"Trucking &amp; Warehousing Portal\" \/>\n<meta property=\"og:description\" content=\"Explore reliable trucking and warehousing solutions tailored for your supply chain. Real-time access to logistics, inventory, and shipment coordination.\" \/>\n<meta property=\"og:url\" content=\"https:\/\/ca.kln.com\/fr\/portails\/portail-sur-le-camionnage-et-lentreposage\/\" \/>\n<meta property=\"og:site_name\" content=\"KLN\" \/>\n<meta property=\"article:modified_time\" content=\"2025-06-18T18:49:43+00:00\" \/>\n<meta name=\"twitter:card\" content=\"summary_large_image\" \/>\n<meta name=\"twitter:label1\" content=\"Estimation du temps de lecture\" \/>\n\t<meta name=\"twitter:data1\" content=\"1 minute\" \/>\n<script type=\"application\/ld+json\" class=\"yoast-schema-graph\">{\"@context\":\"https:\\\/\\\/schema.org\",\"@graph\":[{\"@type\":\"WebPage\",\"@id\":\"https:\\\/\\\/ca.kln.com\\\/portals\\\/trucking-warehousing-portal\\\/\",\"url\":\"https:\\\/\\\/ca.kln.com\\\/portals\\\/trucking-warehousing-portal\\\/\",\"name\":\"Trucking & Warehousing Portal - KLN\",\"isPartOf\":{\"@id\":\"https:\\\/\\\/ca.kln.com\\\/#website\"},\"datePublished\":\"2024-09-04T17:30:46+00:00\",\"dateModified\":\"2025-06-18T18:49:43+00:00\",\"description\":\"Explore reliable trucking and warehousing solutions tailored for your supply chain. Real-time access to logistics, inventory, and shipment coordination.\",\"breadcrumb\":{\"@id\":\"https:\\\/\\\/ca.kln.com\\\/portals\\\/trucking-warehousing-portal\\\/#breadcrumb\"},\"inLanguage\":\"fr-CA\",\"potentialAction\":[{\"@type\":\"ReadAction\",\"target\":[\"https:\\\/\\\/ca.kln.com\\\/portals\\\/trucking-warehousing-portal\\\/\"]}]},{\"@type\":\"BreadcrumbList\",\"@id\":\"https:\\\/\\\/ca.kln.com\\\/portals\\\/trucking-warehousing-portal\\\/#breadcrumb\",\"itemListElement\":[{\"@type\":\"ListItem\",\"position\":1,\"name\":\"Home\",\"item\":\"https:\\\/\\\/ca.kln.com\\\/\"},{\"@type\":\"ListItem\",\"position\":2,\"name\":\"Portals\",\"item\":\"https:\\\/\\\/ca.kln.com\\\/portals\\\/\"},{\"@type\":\"ListItem\",\"position\":3,\"name\":\"Trucking &#038; Warehousing Portal\"}]},{\"@type\":\"WebSite\",\"@id\":\"https:\\\/\\\/ca.kln.com\\\/#website\",\"url\":\"https:\\\/\\\/ca.kln.com\\\/\",\"name\":\"KLN\",\"description\":\"\",\"publisher\":{\"@id\":\"https:\\\/\\\/ca.kln.com\\\/#organization\"},\"potentialAction\":[{\"@type\":\"SearchAction\",\"target\":{\"@type\":\"EntryPoint\",\"urlTemplate\":\"https:\\\/\\\/ca.kln.com\\\/?s={search_term_string}\"},\"query-input\":{\"@type\":\"PropertyValueSpecification\",\"valueRequired\":true,\"valueName\":\"search_term_string\"}}],\"inLanguage\":\"fr-CA\"},{\"@type\":\"Organization\",\"@id\":\"https:\\\/\\\/ca.kln.com\\\/#organization\",\"name\":\"KLN\",\"url\":\"https:\\\/\\\/ca.kln.com\\\/\",\"logo\":{\"@type\":\"ImageObject\",\"inLanguage\":\"fr-CA\",\"@id\":\"https:\\\/\\\/ca.kln.com\\\/#\\\/schema\\\/logo\\\/image\\\/\",\"url\":\"https:\\\/\\\/ca.kln.com\\\/wp-content\\\/uploads\\\/2025\\\/04\\\/kln-logo.jpg\",\"contentUrl\":\"https:\\\/\\\/ca.kln.com\\\/wp-content\\\/uploads\\\/2025\\\/04\\\/kln-logo.jpg\",\"width\":200,\"height\":79,\"caption\":\"KLN\"},\"image\":{\"@id\":\"https:\\\/\\\/ca.kln.com\\\/#\\\/schema\\\/logo\\\/image\\\/\"}}]}<\/script>\n<!-- \/ Yoast SEO Premium plugin. -->","yoast_head_json":{"title":"Portail du camionnage et de l'entreposage - KLN","description":"D\u00e9couvrez des solutions fiables de camionnage et d'entreposage adapt\u00e9es \u00e0 votre cha\u00eene d'approvisionnement. Acc\u00e8s en temps r\u00e9el \u00e0 la logistique, \u00e0 l'inventaire et \u00e0 la coordination des exp\u00e9ditions.","robots":{"index":"index","follow":"follow","max-snippet":"max-snippet:-1","max-image-preview":"max-image-preview:large","max-video-preview":"max-video-preview:-1"},"canonical":"https:\/\/ca.kln.com\/fr\/portails\/portail-sur-le-camionnage-et-lentreposage\/","og_locale":"fr_CA","og_type":"article","og_title":"Trucking & Warehousing Portal","og_description":"Explore reliable trucking and warehousing solutions tailored for your supply chain. Real-time access to logistics, inventory, and shipment coordination.","og_url":"https:\/\/ca.kln.com\/fr\/portails\/portail-sur-le-camionnage-et-lentreposage\/","og_site_name":"KLN","article_modified_time":"2025-06-18T18:49:43+00:00","twitter_card":"summary_large_image","twitter_misc":{"Estimation du temps de lecture":"1 minute"},"schema":{"@context":"https:\/\/schema.org","@graph":[{"@type":"WebPage","@id":"https:\/\/ca.kln.com\/portals\/trucking-warehousing-portal\/","url":"https:\/\/ca.kln.com\/portals\/trucking-warehousing-portal\/","name":"Portail du camionnage et de l'entreposage - KLN","isPartOf":{"@id":"https:\/\/ca.kln.com\/#website"},"datePublished":"2024-09-04T17:30:46+00:00","dateModified":"2025-06-18T18:49:43+00:00","description":"D\u00e9couvrez des solutions fiables de camionnage et d'entreposage adapt\u00e9es \u00e0 votre cha\u00eene d'approvisionnement. Acc\u00e8s en temps r\u00e9el \u00e0 la logistique, \u00e0 l'inventaire et \u00e0 la coordination des exp\u00e9ditions.","breadcrumb":{"@id":"https:\/\/ca.kln.com\/portals\/trucking-warehousing-portal\/#breadcrumb"},"inLanguage":"fr-CA","potentialAction":[{"@type":"ReadAction","target":["https:\/\/ca.kln.com\/portals\/trucking-warehousing-portal\/"]}]},{"@type":"BreadcrumbList","@id":"https:\/\/ca.kln.com\/portals\/trucking-warehousing-portal\/#breadcrumb","itemListElement":[{"@type":"ListItem","position":1,"name":"Home","item":"https:\/\/ca.kln.com\/"},{"@type":"ListItem","position":2,"name":"Portals","item":"https:\/\/ca.kln.com\/portals\/"},{"@type":"ListItem","position":3,"name":"Trucking &#038; Warehousing Portal"}]},{"@type":"WebSite","@id":"https:\/\/ca.kln.com\/#website","url":"https:\/\/ca.kln.com\/","name":"KLN","description":"","publisher":{"@id":"https:\/\/ca.kln.com\/#organization"},"potentialAction":[{"@type":"SearchAction","target":{"@type":"EntryPoint","urlTemplate":"https:\/\/ca.kln.com\/?s={search_term_string}"},"query-input":{"@type":"PropertyValueSpecification","valueRequired":true,"valueName":"search_term_string"}}],"inLanguage":"fr-CA"},{"@type":"Organization","@id":"https:\/\/ca.kln.com\/#organization","name":"KLN","url":"https:\/\/ca.kln.com\/","logo":{"@type":"ImageObject","inLanguage":"fr-CA","@id":"https:\/\/ca.kln.com\/#\/schema\/logo\/image\/","url":"https:\/\/ca.kln.com\/wp-content\/uploads\/2025\/04\/kln-logo.jpg","contentUrl":"https:\/\/ca.kln.com\/wp-content\/uploads\/2025\/04\/kln-logo.jpg","width":200,"height":79,"caption":"KLN"},"image":{"@id":"https:\/\/ca.kln.com\/#\/schema\/logo\/image\/"}}]}},"_links":{"self":[{"href":"https:\/\/ca.kln.com\/fr\/wp-json\/wp\/v2\/pages\/4282","targetHints":{"allow":["GET"]}}],"collection":[{"href":"https:\/\/ca.kln.com\/fr\/wp-json\/wp\/v2\/pages"}],"about":[{"href":"https:\/\/ca.kln.com\/fr\/wp-json\/wp\/v2\/types\/page"}],"author":[{"embeddable":true,"href":"https:\/\/ca.kln.com\/fr\/wp-json\/wp\/v2\/users\/5"}],"replies":[{"embeddable":true,"href":"https:\/\/ca.kln.com\/fr\/wp-json\/wp\/v2\/comments?post=4282"}],"version-history":[{"count":22,"href":"https:\/\/ca.kln.com\/fr\/wp-json\/wp\/v2\/pages\/4282\/revisions"}],"predecessor-version":[{"id":4607,"href":"https:\/\/ca.kln.com\/fr\/wp-json\/wp\/v2\/pages\/4282\/revisions\/4607"}],"up":[{"embeddable":true,"href":"https:\/\/ca.kln.com\/fr\/wp-json\/wp\/v2\/pages\/4261"}],"wp:attachment":[{"href":"https:\/\/ca.kln.com\/fr\/wp-json\/wp\/v2\/media?parent=4282"}],"curies":[{"name":"wp","href":"https:\/\/api.w.org\/{rel}","templated":true}]}}