{"id":4723,"date":"2025-09-17T17:00:29","date_gmt":"2025-09-17T17:00:29","guid":{"rendered":"https:\/\/ca.kln.com\/?page_id=4723"},"modified":"2025-09-17T17:42:38","modified_gmt":"2025-09-17T17:42:38","slug":"portail-oceanique","status":"publish","type":"page","link":"https:\/\/ca.kln.com\/fr\/portals\/ocean-portal\/","title":{"rendered":"Portail Oc\u00e9an"},"content":{"rendered":"<div class=\"wpb-content-wrapper\"><div data-vc-full-width=\"true\" data-vc-full-width-temp=\"true\" data-vc-full-width-init=\"false\" data-vc-stretch-content=\"true\" class=\"vc_row wpb_row vc_row-fluid swap-on-mobl vc_row-no-padding vc_row-o-full-height vc_row-o-columns-stretch vc_row-o-equal-height vc_row-flex\"><div class=\"wpb_column vc_column_container vc_col-sm-3 vc_col-has-fill\"><div class=\"vc_column-inner vc_custom_1716383301463\"><div class=\"wpb_wrapper\"><div class=\"vc_empty_space\"   style=\"height: 32px\"><span class=\"vc_empty_space_inner\"><\/span><\/div><div  class=\"vc_wp_custommenu wpb_content_element prd-pg-menu\"><div class=\"widget widget_nav_menu\"><h2 class=\"widgettitle\">Portails<\/h2><div class=\"menu-portal-container\"><ul id=\"menu-portal\" class=\"menu\"><li id=\"menu-item-4344\" class=\"menu-item menu-item-type-post_type menu-item-object-page menu-item-4344\"><a href=\"https:\/\/ca.kln.com\/fr\/portals\/trucking-warehousing-portal\/\">Portail Transport Routier et Entreposage<\/a><\/li>\n<li id=\"menu-item-4343\" class=\"menu-item menu-item-type-post_type menu-item-object-page menu-item-4343\"><a href=\"https:\/\/ca.kln.com\/fr\/portals\/kln-express-portal\/\">Portail KLN Express<\/a><\/li>\n<li id=\"menu-item-4725\" class=\"menu-item menu-item-type-post_type menu-item-object-page menu-item-4725\"><a href=\"https:\/\/ca.kln.com\/fr\/portals\/ocean-portal\/\">Portail Oc\u00e9an<\/a><\/li>\n<\/ul><\/div><\/div><\/div><\/div><\/div><\/div><div class=\"about_backgtound wpb_column vc_column_container vc_col-sm-9 vc_col-has-fill\"><div class=\"vc_column-inner vc_custom_1758129098573\"><div class=\"wpb_wrapper\"><h1 style=\"color: #ffffff;text-align: left\" class=\"vc_custom_heading vc_do_custom_heading prd-pg-h1\" >Portail Oc\u00e9an<\/h1>\n\t<div class=\"wpb_text_column wpb_content_element\" >\n\t\t<div class=\"wpb_wrapper\">\n\t\t\t<p style=\"font-size: 18px; color: #fff;\">Notre <strong>Portail Oc\u00e9an<\/strong> sur kln.online facilite la gestion de vos exp\u00e9ditions maritimes en un seul endroit. Vous pouvez suivre les conteneurs, acc\u00e9der aux documents et rester inform\u00e9 en temps r\u00e9el pour une exp\u00e9rience d'exp\u00e9dition plus fluide et plus transparente.<\/p>\n\n\t\t<\/div>\n\t<\/div>\n<div class=\"vc_empty_space\"   style=\"height: 32px\"><span class=\"vc_empty_space_inner\"><\/span><\/div><style type=\"text\/css\" data-type=\"the7_shortcodes-inline-css\">#default-btn-ff401e72bf42f451470a290fad10c7d7.ico-right-side > i {\n  margin-right: 0px;\n  margin-left: 8px;\n}\n#default-btn-ff401e72bf42f451470a290fad10c7d7 > i {\n  margin-right: 8px;\n}\n<\/style><a href=\"https:\/\/online.kln.com\/public-tracking\" class=\"default-btn-shortcode dt-btn dt-btn-s link-hover-off btn-inline-left\" target=\"_blank\" id=\"default-btn-ff401e72bf42f451470a290fad10c7d7\" rel=\"noopener\"><span>Connexion ici<\/span><\/a><div class=\"vc_empty_space\"   style=\"height: 150px\"><span class=\"vc_empty_space_inner\"><\/span><\/div><\/div><\/div><\/div><\/div><div class=\"vc_row-full-width vc_clearfix\"><\/div>\n<\/div>","protected":false},"excerpt":{"rendered":"<p>PortailsPortail camionnage et entreposage Portail KLN Express Portail Oc\u00e9an Notre Portail Oc\u00e9an sur kln.online facilite la gestion de vos exp\u00e9ditions maritimes en un seul endroit. Vous pouvez suivre les conteneurs, acc\u00e9der aux documents et rester inform\u00e9 en temps r\u00e9el pour une exp\u00e9rience d'exp\u00e9dition plus fluide et plus transparente.<\/p>","protected":false},"author":5,"featured_media":0,"parent":4261,"menu_order":0,"comment_status":"closed","ping_status":"closed","template":"","meta":{"footnotes":"","_wp_rev_ctl_limit":""},"class_list":["post-4723","page","type-page","status-publish","hentry","description-off"],"yoast_head":"<!-- This site is optimized with the Yoast SEO Premium plugin v25.3 (Yoast SEO v27.3) - https:\/\/yoast.com\/product\/yoast-seo-premium-wordpress\/ -->\n<title>Ocean Portal - KLN<\/title>\n<meta name=\"description\" content=\"Access fast and flexible courier and express delivery services with KLN Express. Manage shipments, track deliveries, and streamline your logistics online.\" \/>\n<meta name=\"robots\" content=\"index, follow, max-snippet:-1, max-image-preview:large, max-video-preview:-1\" \/>\n<link rel=\"canonical\" href=\"https:\/\/ca.kln.com\/fr\/portails\/portail-oceanique\/\" \/>\n<meta property=\"og:locale\" content=\"fr_CA\" \/>\n<meta property=\"og:type\" content=\"article\" \/>\n<meta property=\"og:title\" content=\"Ocean Portal\" \/>\n<meta property=\"og:description\" content=\"Access fast and flexible courier and express delivery services with KLN Express. Manage shipments, track deliveries, and streamline your logistics online.\" \/>\n<meta property=\"og:url\" content=\"https:\/\/ca.kln.com\/fr\/portails\/portail-oceanique\/\" \/>\n<meta property=\"og:site_name\" content=\"KLN\" \/>\n<meta property=\"article:modified_time\" content=\"2025-09-17T17:42:38+00:00\" \/>\n<meta name=\"twitter:card\" content=\"summary_large_image\" \/>\n<meta name=\"twitter:label1\" content=\"Estimation du temps de lecture\" \/>\n\t<meta name=\"twitter:data1\" content=\"1 minute\" \/>\n<script type=\"application\/ld+json\" class=\"yoast-schema-graph\">{\"@context\":\"https:\\\/\\\/schema.org\",\"@graph\":[{\"@type\":\"WebPage\",\"@id\":\"https:\\\/\\\/ca.kln.com\\\/portals\\\/ocean-portal\\\/\",\"url\":\"https:\\\/\\\/ca.kln.com\\\/portals\\\/ocean-portal\\\/\",\"name\":\"Ocean Portal - KLN\",\"isPartOf\":{\"@id\":\"https:\\\/\\\/ca.kln.com\\\/#website\"},\"datePublished\":\"2025-09-17T17:00:29+00:00\",\"dateModified\":\"2025-09-17T17:42:38+00:00\",\"description\":\"Access fast and flexible courier and express delivery services with KLN Express. Manage shipments, track deliveries, and streamline your logistics online.\",\"breadcrumb\":{\"@id\":\"https:\\\/\\\/ca.kln.com\\\/portals\\\/ocean-portal\\\/#breadcrumb\"},\"inLanguage\":\"fr-CA\",\"potentialAction\":[{\"@type\":\"ReadAction\",\"target\":[\"https:\\\/\\\/ca.kln.com\\\/portals\\\/ocean-portal\\\/\"]}]},{\"@type\":\"BreadcrumbList\",\"@id\":\"https:\\\/\\\/ca.kln.com\\\/portals\\\/ocean-portal\\\/#breadcrumb\",\"itemListElement\":[{\"@type\":\"ListItem\",\"position\":1,\"name\":\"Home\",\"item\":\"https:\\\/\\\/ca.kln.com\\\/\"},{\"@type\":\"ListItem\",\"position\":2,\"name\":\"Portals\",\"item\":\"https:\\\/\\\/ca.kln.com\\\/portals\\\/\"},{\"@type\":\"ListItem\",\"position\":3,\"name\":\"Ocean Portal\"}]},{\"@type\":\"WebSite\",\"@id\":\"https:\\\/\\\/ca.kln.com\\\/#website\",\"url\":\"https:\\\/\\\/ca.kln.com\\\/\",\"name\":\"KLN\",\"description\":\"\",\"publisher\":{\"@id\":\"https:\\\/\\\/ca.kln.com\\\/#organization\"},\"potentialAction\":[{\"@type\":\"SearchAction\",\"target\":{\"@type\":\"EntryPoint\",\"urlTemplate\":\"https:\\\/\\\/ca.kln.com\\\/?s={search_term_string}\"},\"query-input\":{\"@type\":\"PropertyValueSpecification\",\"valueRequired\":true,\"valueName\":\"search_term_string\"}}],\"inLanguage\":\"fr-CA\"},{\"@type\":\"Organization\",\"@id\":\"https:\\\/\\\/ca.kln.com\\\/#organization\",\"name\":\"KLN\",\"url\":\"https:\\\/\\\/ca.kln.com\\\/\",\"logo\":{\"@type\":\"ImageObject\",\"inLanguage\":\"fr-CA\",\"@id\":\"https:\\\/\\\/ca.kln.com\\\/#\\\/schema\\\/logo\\\/image\\\/\",\"url\":\"https:\\\/\\\/ca.kln.com\\\/wp-content\\\/uploads\\\/2025\\\/04\\\/kln-logo.jpg\",\"contentUrl\":\"https:\\\/\\\/ca.kln.com\\\/wp-content\\\/uploads\\\/2025\\\/04\\\/kln-logo.jpg\",\"width\":200,\"height\":79,\"caption\":\"KLN\"},\"image\":{\"@id\":\"https:\\\/\\\/ca.kln.com\\\/#\\\/schema\\\/logo\\\/image\\\/\"}}]}<\/script>\n<!-- \/ Yoast SEO Premium plugin. -->","yoast_head_json":{"title":"Portail Oc\u00e9an - KLN","description":"Acc\u00e9dez \u00e0 des services de messagerie et de livraison express rapides et flexibles avec KLN Express. G\u00e9rez vos exp\u00e9ditions, suivez vos livraisons et rationalisez votre logistique en ligne.","robots":{"index":"index","follow":"follow","max-snippet":"max-snippet:-1","max-image-preview":"max-image-preview:large","max-video-preview":"max-video-preview:-1"},"canonical":"https:\/\/ca.kln.com\/fr\/portails\/portail-oceanique\/","og_locale":"fr_CA","og_type":"article","og_title":"Ocean Portal","og_description":"Access fast and flexible courier and express delivery services with KLN Express. Manage shipments, track deliveries, and streamline your logistics online.","og_url":"https:\/\/ca.kln.com\/fr\/portails\/portail-oceanique\/","og_site_name":"KLN","article_modified_time":"2025-09-17T17:42:38+00:00","twitter_card":"summary_large_image","twitter_misc":{"Estimation du temps de lecture":"1 minute"},"schema":{"@context":"https:\/\/schema.org","@graph":[{"@type":"WebPage","@id":"https:\/\/ca.kln.com\/portals\/ocean-portal\/","url":"https:\/\/ca.kln.com\/portals\/ocean-portal\/","name":"Portail Oc\u00e9an - KLN","isPartOf":{"@id":"https:\/\/ca.kln.com\/#website"},"datePublished":"2025-09-17T17:00:29+00:00","dateModified":"2025-09-17T17:42:38+00:00","description":"Acc\u00e9dez \u00e0 des services de messagerie et de livraison express rapides et flexibles avec KLN Express. G\u00e9rez vos exp\u00e9ditions, suivez vos livraisons et rationalisez votre logistique en ligne.","breadcrumb":{"@id":"https:\/\/ca.kln.com\/portals\/ocean-portal\/#breadcrumb"},"inLanguage":"fr-CA","potentialAction":[{"@type":"ReadAction","target":["https:\/\/ca.kln.com\/portals\/ocean-portal\/"]}]},{"@type":"BreadcrumbList","@id":"https:\/\/ca.kln.com\/portals\/ocean-portal\/#breadcrumb","itemListElement":[{"@type":"ListItem","position":1,"name":"Home","item":"https:\/\/ca.kln.com\/"},{"@type":"ListItem","position":2,"name":"Portals","item":"https:\/\/ca.kln.com\/portals\/"},{"@type":"ListItem","position":3,"name":"Ocean Portal"}]},{"@type":"WebSite","@id":"https:\/\/ca.kln.com\/#website","url":"https:\/\/ca.kln.com\/","name":"KLN","description":"","publisher":{"@id":"https:\/\/ca.kln.com\/#organization"},"potentialAction":[{"@type":"SearchAction","target":{"@type":"EntryPoint","urlTemplate":"https:\/\/ca.kln.com\/?s={search_term_string}"},"query-input":{"@type":"PropertyValueSpecification","valueRequired":true,"valueName":"search_term_string"}}],"inLanguage":"fr-CA"},{"@type":"Organization","@id":"https:\/\/ca.kln.com\/#organization","name":"KLN","url":"https:\/\/ca.kln.com\/","logo":{"@type":"ImageObject","inLanguage":"fr-CA","@id":"https:\/\/ca.kln.com\/#\/schema\/logo\/image\/","url":"https:\/\/ca.kln.com\/wp-content\/uploads\/2025\/04\/kln-logo.jpg","contentUrl":"https:\/\/ca.kln.com\/wp-content\/uploads\/2025\/04\/kln-logo.jpg","width":200,"height":79,"caption":"KLN"},"image":{"@id":"https:\/\/ca.kln.com\/#\/schema\/logo\/image\/"}}]}},"_links":{"self":[{"href":"https:\/\/ca.kln.com\/fr\/wp-json\/wp\/v2\/pages\/4723","targetHints":{"allow":["GET"]}}],"collection":[{"href":"https:\/\/ca.kln.com\/fr\/wp-json\/wp\/v2\/pages"}],"about":[{"href":"https:\/\/ca.kln.com\/fr\/wp-json\/wp\/v2\/types\/page"}],"author":[{"embeddable":true,"href":"https:\/\/ca.kln.com\/fr\/wp-json\/wp\/v2\/users\/5"}],"replies":[{"embeddable":true,"href":"https:\/\/ca.kln.com\/fr\/wp-json\/wp\/v2\/comments?post=4723"}],"version-history":[{"count":4,"href":"https:\/\/ca.kln.com\/fr\/wp-json\/wp\/v2\/pages\/4723\/revisions"}],"predecessor-version":[{"id":4728,"href":"https:\/\/ca.kln.com\/fr\/wp-json\/wp\/v2\/pages\/4723\/revisions\/4728"}],"up":[{"embeddable":true,"href":"https:\/\/ca.kln.com\/fr\/wp-json\/wp\/v2\/pages\/4261"}],"wp:attachment":[{"href":"https:\/\/ca.kln.com\/fr\/wp-json\/wp\/v2\/media?parent=4723"}],"curies":[{"name":"wp","href":"https:\/\/api.w.org\/{rel}","templated":true}]}}